{"id":87924,"date":"2024-11-24T17:02:31","date_gmt":"2024-11-24T17:02:31","guid":{"rendered":"https:\/\/electromenagerexpress.com\/product\/appareil-photo-reflexnikond3200-18-105vr-reconditionne\/"},"modified":"2024-11-24T17:02:38","modified_gmt":"2024-11-24T17:02:38","slug":"appareil-photo-reflexnikond3200-18-105vr-reconditionne","status":"publish","type":"product","link":"https:\/\/electromenagerexpress.com\/en\/product\/appareil-photo-reflexnikond3200-18-105vr-reconditionne\/","title":{"rendered":"Appareil photo Reflex\t\t\t\t\t\t\tNIKON\t\t\t\tD3200 + 18-105vr Reconditionn\u00e9"},"content":{"rendered":"<div class=\"product-features__content\">\n<ul role=\"list\">\n<li class=\"product-features__item\" role=\"listitem\">\n<h3 class=\"product-features__label\">Qualit\u00e9 photo et vid\u00e9o<\/h3>\n<ul role=\"list\">\n<li class=\"product-features__item-list__item\" role=\"listitem\"><span class=\"is--medium\">Capteur :<\/span> APS-C, permet de donner un rendu de qualit\u00e9 pour un format carte postale ou un agrandissement\t\t\t\t\t<\/li>\n<li class=\"product-features__item-list__item\" role=\"listitem\"><span class=\"is--medium\">Le saviez vous ? :<\/span> plus le capteur est grand, plus l&rsquo;image sera d\u00e9taill\u00e9e\t\t\t\t\t<\/li>\n<li class=\"product-features__item-list__item\" role=\"listitem\"><span class=\"is--medium\">R\u00e9solution (en m\u00e9gapixels) :<\/span> 24,2 Mpx\t\t\t\t\t<\/li>\n<li class=\"product-features__item-list__item\" role=\"listitem\"><span class=\"is--medium\">Comprendre la r\u00e9solution :<\/span> Plus ce chiffre sera \u00e9lev\u00e9, plus il sera possible d&rsquo;imprimer vos images en grand format comme des posters, ou encore effectuer des recadrages de qualit\u00e9 sur des logiciels de retouche photo.\t\t\t\t\t<\/li>\n<\/ul>\n<\/li>\n<li class=\"product-features__item\" role=\"listitem\">\n<h3 class=\"product-features__label\">Objectif<\/h3>\n<ul role=\"list\">\n<li class=\"product-features__item-list__item\" role=\"listitem\"><span class=\"is--medium\">Vitesse d&rsquo;obturation :<\/span> 1\/4000 \u00e0 30 s\t\t\t\t\t<\/li>\n<li class=\"product-features__item-list__item\" role=\"listitem\"><span class=\"is--medium\">Comprendre la vitesse d&rsquo;obturation :<\/span> La vitesse d&rsquo;obturation, est le temps pendant lequel l&rsquo;obturateur s&rsquo;ouvre au d\u00e9clenchement. Si la vitesse est r\u00e9gl\u00e9e sur une valeur rapide, (jusqu&rsquo;\u00e0 1\/8000 sec) l&rsquo;image sera nette, au contraire si la vitesse est r\u00e9gl\u00e9e sur une valeur lente (jusqu&rsquo;\u00e0 30 sec) l&rsquo;image aura un effet artistique.\t\t\t\t\t<\/li>\n<li class=\"product-features__item-list__item\" role=\"listitem\"><span class=\"is--medium\">Mode rafale :<\/span> 4 images\/s\t\t\t\t\t<\/li>\n<\/ul>\n<\/li>\n<li class=\"product-features__item\" role=\"listitem\">\n<h3 class=\"product-features__label\">Dimensions<\/h3>\n<ul role=\"list\">\n<li class=\"product-features__item-list__item\" role=\"listitem\"><span class=\"is--medium\">Dimensions l x h x p :<\/span> 12.5 x 9.6 x 7.7 cm\t\t\t\t\t<\/li>\n<\/ul>\n<\/li>\n<li class=\"product-features__item\" role=\"listitem\">\n<h3 class=\"product-features__label\">Informations compl\u00e9mentaires<\/h3>\n<ul role=\"list\">\n<li class=\"product-features__item-list__item\" role=\"listitem\"><span class=\"is--medium\">R\u00e9f\u00e9rence constructeur :<\/span> D3200 + 18-105vr\t\t\t\t\t<\/li>\n<li class=\"product-features__item-list__item\" role=\"listitem\"><span class=\"is--medium\">Marque :<\/span> NIKON\t\t\t\t\t<\/li>\n<\/ul>\n<\/li>\n<\/ul>\n<\/div>\n<div class=\"product__disclosure-content\">\n<div class=\"js-read-more product-description__content read-more read-more--truncated\" data-read-more-name=\"description\" style=\"max-height: 500px; overflow: hidden;\">\n<h2><center>Appareil photo Reflex Nikon D3200 + 18-105vr<\/center><\/h2>\n<h3><font color=\"212121\">Appareil photo Nikon D3200 : la puissance des reflex Nikon \u00e0 port\u00e9e de main <\/font><\/h3>\n<p><font color=\"414141\">L&rsquo;<b>appareil photo Reflex Nikon D3200<\/b> va s\u00e9duire les photographes de toutes sortes ! Que vous soyez un photographe professionnel \u00e0 la recherche d&rsquo;un <b>Reflex<\/b> d&rsquo;appoint, ou un amateur \u00e9clair\u00e9 souhaitant perfectionner sa technique, cet <b>appareil photo Nikon<\/b> vous \u00e9tonnera&#8230; A commencer par son capteur de pas moins de 24,2 millions de pixels : qui dit mieux ? Les professionnels appr\u00e9cieront que l&rsquo;on puisse tout contr\u00f4ler manuellement, quand les amateurs appr\u00e9cieront le mode Guide de <b>Nikon<\/b>. Celui-ci, au-travers d&rsquo;exemples et d&rsquo;instructions simples, vous permettra de comprendre le fonctionnement du <b>Reflex Nikon D3200<\/b> et d&rsquo;obtenir en quelques \u00e9tapes des r\u00e9sultats impressionnants ! Par ailleurs, et toujours pour faciliter la t\u00e2che des photographes amateurs, ce <b>Reflex Nikon<\/b> dispose d&rsquo;un syst\u00e8me de reconnaissance de sc\u00e8ne qui permet de r\u00e9gler automatiquement l&rsquo;exposition et la balance des blancs, pour d&rsquo;excellents r\u00e9sultats !<\/font><\/p>\n<h3><font color=\"212121\">Reflex Nikon D3200 : plus qu&rsquo;un simple appareil photo<\/font><\/h3>\n<p><font color=\"414141\">Si ce <b>Reflex Nikon D3200<\/b> est un <b>appareil photo Reflex<\/b> d&rsquo;excellente qualit\u00e9, il offre de surcroit des possibilit\u00e9s qui vont au-del\u00e0 de sa fonction premi\u00e8re. En effet, il vous offrira la possibilit\u00e9 de r\u00e9aliser des vid\u00e9os HD enregistr\u00e9es en 1080p. Il s&rsquo;agit bel et bien de Full HD ! Le <b>Reflex Nikon D3200<\/b> d\u00e9passe par ailleurs ses fonctions premi\u00e8res en termes de connectivit\u00e9 puisqu&rsquo;il vous donnera la possibilit\u00e9 d&rsquo;envoyer directement et instantan\u00e9ment vos photographies vers smartphone Android ! Les photographes les plus exigeants seront par ailleurs sensible \u00e0&#8230; sa sensibilit\u00e9 ! De 6400 ISO maximum, celle \u00e7i vous permet de prendre des photos dans des conditions de faible luminosit\u00e9 ! Enfin, pour garantir la nettet\u00e9 de vos photos, dans la zone de l&rsquo;image choisie, Nikon a dot\u00e9 son <b>D3200<\/b> d&rsquo;un syst\u00e8me autofocus 11 points tr\u00e8s pr\u00e9cis : tous ces atouts techniques feront de vous un photographe combl\u00e9 !<\/font><\/p>\n<\/p>\n<\/div>\n<p><bl-button a11yexpanded=\"false\" arialabel=\"Afficher toute la description\" class=\"read-more__btn\" full=\"false\" link=\"true\"><\/bl-button><\/div>","protected":false},"excerpt":{"rendered":"<div class=\"keypoints\">\n<h3 class=\"keypoints__title\">Les points cl\u00e9s<\/h3>\n<ul role=\"list\">\n<li class=\"keypoints__item\" role=\"listitem\">                                        Capteur : APS-C                      <\/li>\n<li class=\"keypoints__item\" role=\"listitem\">                                        Vitesse d&rsquo;obturation : 1\/4000 \u00e0 30 s                      <\/li>\n<li class=\"keypoints__item\" role=\"listitem\">                                        Connectivit\u00e9 : Pictbridge                      <\/li>\n<\/ul>","protected":false},"featured_media":87923,"template":"","meta":{"_glsr_average":0,"_glsr_ranking":0,"_glsr_reviews":0},"product_cat":[477],"product_tag":[475,478,451],"class_list":{"0":"post-87924","1":"product","2":"type-product","3":"status-publish","4":"has-post-thumbnail","6":"product_cat-reflex","7":"product_tag-appareil-photo","8":"product_tag-reflex","9":"product_tag-tv-image-son","11":"first","12":"instock","13":"sale","14":"shipping-taxable","15":"purchasable","16":"product-type-simple"},"_links":{"self":[{"href":"https:\/\/electromenagerexpress.com\/en\/wp-json\/wp\/v2\/product\/87924","targetHints":{"allow":["GET"]}}],"collection":[{"href":"https:\/\/electromenagerexpress.com\/en\/wp-json\/wp\/v2\/product"}],"about":[{"href":"https:\/\/electromenagerexpress.com\/en\/wp-json\/wp\/v2\/types\/product"}],"wp:featuredmedia":[{"embeddable":true,"href":"https:\/\/electromenagerexpress.com\/en\/wp-json\/wp\/v2\/media\/87923"}],"wp:attachment":[{"href":"https:\/\/electromenagerexpress.com\/en\/wp-json\/wp\/v2\/media?parent=87924"}],"wp:term":[{"taxonomy":"product_cat","embeddable":true,"href":"https:\/\/electromenagerexpress.com\/en\/wp-json\/wp\/v2\/product_cat?post=87924"},{"taxonomy":"product_tag","embeddable":true,"href":"https:\/\/electromenagerexpress.com\/en\/wp-json\/wp\/v2\/product_tag?post=87924"}],"curies":[{"name":"wp","href":"https:\/\/api.w.org\/{rel}","templated":true}]}}