{"id":87907,"date":"2024-11-24T17:02:15","date_gmt":"2024-11-24T17:02:15","guid":{"rendered":"https:\/\/electromenagerexpress.com\/product\/appareil-photo-reflexcanoneos-250d-noir-18-55mm-is-stm\/"},"modified":"2024-11-24T17:02:19","modified_gmt":"2024-11-24T17:02:19","slug":"appareil-photo-reflexcanoneos-250d-noir-18-55mm-is-stm","status":"publish","type":"product","link":"https:\/\/electromenagerexpress.com\/en\/product\/appareil-photo-reflexcanoneos-250d-noir-18-55mm-is-stm\/","title":{"rendered":"Appareil photo Reflex\t\t\t\t\t\t\tCANON\t\t\t\tEOS 250D Noir + 18-55mm IS STM"},"content":{"rendered":"<div class=\"product-features__content\">\n<ul role=\"list\">\n<li class=\"product-features__item\" role=\"listitem\">\n<h3 class=\"product-features__label\">Bien choisir<\/h3>\n<ul role=\"list\">\n<li class=\"product-features__item-list__item\" role=\"listitem\"><span class=\"is--medium\">Besoin d&rsquo;aide pour choisir ? :<\/span> <a href=\"https:\/\/www.boulanger.com\/guide\/choisir-appareil-photo\" target=\"_blank\">consulter le guide d&rsquo;achat<\/a><\/li>\n<\/ul>\n<\/li>\n<li class=\"product-features__item\" role=\"listitem\">\n<h3 class=\"product-features__label\">Nos services et accessoires<\/h3>\n<ul role=\"list\">\n<li class=\"product-features__item-list__item\" role=\"listitem\"><span class=\"is--medium\">D\u00e9couvrez l&rsquo;assurance vol\/casse :<\/span> <a href=\"https:\/\/www.boulanger.com\/evenement\/assurance-produits-nomades\" target=\"_blank\">en sa <\/a><\/li>\n<li class=\"product-features__item-list__item\" role=\"listitem\"><span class=\"is--medium\">D\u00e9couvrez nos protections compatibles :<\/span> <a href=\"https:\/\/www.boulanger.com\/c\/bagagerie-photo\" target=\"_blank\">en sa <\/a><\/li>\n<li class=\"product-features__item-list__item\" role=\"listitem\"><span class=\"is--medium\">D\u00e9couvrez nos objectifs compl\u00e9mentaires :<\/span> <a href=\"https:\/\/www.boulanger.com\/c\/objectif\" target=\"_blank\">en sa <\/a><\/li>\n<\/ul>\n<\/li>\n<li class=\"product-features__item\" role=\"listitem\">\n<h3 class=\"product-features__label\">Qualit\u00e9 photo et vid\u00e9o<\/h3>\n<ul role=\"list\">\n<li class=\"product-features__item-list__item\" role=\"listitem\"><span class=\"is--medium\">Capteur :<\/span> APS-C, permet de donner un rendu de qualit\u00e9 pour un format carte postale ou un agrandissement\t\t\t\t\t<\/li>\n<li class=\"product-features__item-list__item\" role=\"listitem\"><span class=\"is--medium\">Le saviez vous ? :<\/span> plus le capteur est grand, plus l&rsquo;image sera d\u00e9taill\u00e9e\t\t\t\t\t<\/li>\n<li class=\"product-features__item-list__item\" role=\"listitem\"><span class=\"is--medium\">R\u00e9solution (en m\u00e9gapixels) :<\/span> 24,1 Mpx\t\t\t\t\t<\/li>\n<li class=\"product-features__item-list__item\" role=\"listitem\"><span class=\"is--medium\">Comprendre la r\u00e9solution :<\/span> Plus ce chiffre sera \u00e9lev\u00e9, plus il sera possible d&rsquo;imprimer vos images en grand format comme des posters, ou encore effectuer des recadrages de qualit\u00e9 sur des logiciels de retouche photo.\t\t\t\t\t<\/li>\n<\/ul>\n<\/li>\n<li class=\"product-features__item\" role=\"listitem\">\n<h3 class=\"product-features__label\">Objectif<\/h3>\n<ul role=\"list\">\n<li class=\"product-features__item-list__item\" role=\"listitem\"><span class=\"is--medium\">Vitesse d&rsquo;obturation :<\/span> Non communiqu\u00e9\t\t\t\t\t<\/li>\n<\/ul>\n<\/li>\n<li class=\"product-features__item\" role=\"listitem\">\n<h3 class=\"product-features__label\">Dimensions<\/h3>\n<ul role=\"list\">\n<li class=\"product-features__item-list__item\" role=\"listitem\"><span class=\"is--medium\">Dimensions l x h x p :<\/span> 16.6 x 14.8 x 22.2 cm\t\t\t\t\t<\/li>\n<\/ul>\n<\/li>\n<li class=\"product-features__item\" role=\"listitem\">\n<h3 class=\"product-features__label\">Informations compl\u00e9mentaires<\/h3>\n<ul role=\"list\">\n<li class=\"product-features__item-list__item\" role=\"listitem\"><span class=\"is--medium\">Garantie :<\/span> 2 ans\t\t\t\t\t<\/li>\n<li class=\"product-features__item-list__item\" role=\"listitem\"><span class=\"is--medium\">Disponibilit\u00e9 des pi\u00e8ces d\u00e9tach\u00e9es (donn\u00e9es fournisseur) :<\/span> Pendant 7 ans, \u00e0 compter de la date de fabrication\t\t\t\t\t<\/li>\n<li class=\"product-features__item-list__item\" role=\"listitem\"><span class=\"is--medium\">R\u00e9f\u00e9rence constructeur :<\/span> EOS 250D Noir 18-55 IS STM\t\t\t\t\t<\/li>\n<li class=\"product-features__item-list__item\" role=\"listitem\"><span class=\"is--medium\">Marque :<\/span> CANON\t\t\t\t\t<\/li>\n<\/ul>\n<\/li>\n<\/ul>\n<\/div>\n<div class=\"product__disclosure-content\">\n<div class=\"js-read-more product-description__content read-more read-more--truncated\" data-read-more-name=\"description\" style=\"max-height: 500px; overflow: hidden;\">\n<p>Con\u00e7u pour les utilisateurs de smartphones d\u00e9sirant passer \u00e0 la vitesse sup\u00e9rieure, la cam\u00e9ra r\u00e9flex CANON EOS 250D avec son objectif 18-55 IS STM assurera un niveau de qualit\u00e9 d&rsquo;image remarquable dans un boitier, compact et l\u00e9ger, pratique en toute situation notamment pour le voyage.<\/p>\n<h3><img fetchpriority=\"high\" decoding=\"async\" ,=\"\" alt=\"Reflex CANON EOS 250D Noir 18-55 IS STM\" class=\"wy_tableau_gauche\" height=\"270\" src=\"https:\/\/boulanger.scene7.com\/is\/image\/Boulanger\/4549292132717_h_f_l_0?wid=400&amp;hei=270\" width=\"400\"\/>Cr\u00e9ez de magnifiques souvenirs en un clic<\/h3>\n<p>Appareil photo reflex polyvalent, la CANON EOS 250D b\u00e9n\u00e9ficie de caract\u00e9ristiques d&rsquo;excellent niveau avec un <b>capteur CMOS APS-C de 24,1 m\u00e9gapixels<\/b> pour capturer tous les d\u00e9tails qui pourront se trouver devant l&rsquo;objectif EF-S 18-55 mm inclus. Son processeur DIGIC 8 puissant s&rsquo;assurera d&rsquo;obtenir la meilleure qualit\u00e9 d&rsquo;image quelle que soit le traitement.<\/p>\n<p>Compact et l\u00e9ger, le CANON EOS 250D est facile d&rsquo;utilisation. Quel que soit votre niveau d&rsquo;exp\u00e9rience en photo comme en vid\u00e9o, <b>l&rsquo;interface utilisateur vous guidera dans votre d\u00e9marche cr\u00e9ative<\/b> aid\u00e9 en cela par son mode cr\u00e9ation assist\u00e9e. Gr\u00e2ce \u00e0 son \u00e9cran tactile amovible, vous pourrez ais\u00e9ment parcourir les menus, faire vos r\u00e9glages tout en visualisation avec pr\u00e9cision ce qui se trouve devant votre objectif.<\/p>\n<h3><img decoding=\"async\" ,=\"\" alt=\"Reflex CANON EOS 250D Noir 18-55 IS STM\" class=\"wy_tableau_right\" height=\"270\" src=\"https:\/\/boulanger.scene7.com\/is\/image\/Boulanger\/4549292132717_h_f_l_1?wid=400&amp;hei=270\" width=\"400\"\/>Un appareil photo reflex connect\u00e9<\/h3>\n<p>Plus que d&rsquo;excellents clich\u00e9s, le CANON EOS 250D vous ouvre la voie \u00e0 la vid\u00e9o tr\u00e8s haute d\u00e9finition. Il poss\u00e8de en effet la <b>capacit\u00e9 de filmer \u00e0 la r\u00e9solution 4K UHD<\/b>. A vous d&rsquo;appr\u00e9cier le r\u00e9sultat d&rsquo;une finesse et d&rsquo;un niveau de d\u00e9tail incroyables sur votre t\u00e9l\u00e9viseur 4K.<\/p>\n<p>Le CANON EOS 250D correspond aux habitudes des utilisateurs modernes. Ultra-connect\u00e9 gr\u00e2ce \u00e0 sa <b>compatibilit\u00e9 Wi-Fi et Bluetooth<\/b>, vous pourrez ais\u00e9ment partager vos images via votre smartphone ou tablette. Le contr\u00f4le sans fil de l&rsquo;appareil est \u00e9galement possible via l&rsquo;application de t\u00e9l\u00e9commande pour appareil photo Canon.<\/p>\n<\/p>\n<\/div>\n<p><bl-button a11yexpanded=\"false\" arialabel=\"Afficher toute la description\" class=\"read-more__btn\" full=\"false\" link=\"true\"><\/bl-button><\/div>","protected":false},"excerpt":{"rendered":"<div class=\"keypoints\">\n<h3 class=\"keypoints__title\">Les points cl\u00e9s<\/h3>\n<ul role=\"list\">\n<li class=\"keypoints__item\" role=\"listitem\">                                        Ideal pour : Professionnel                      <\/li>\n<li class=\"keypoints__item\" role=\"listitem\">                                        Capteur : APS-C                      <\/li>\n<li class=\"keypoints__item\" role=\"listitem\">                                        Vitesse d&rsquo;obturation : Non communiqu\u00e9                      <\/li>\n<li class=\"keypoints__item\" role=\"listitem\">                                        Connectivit\u00e9 : Wi-Fi, Bluetooth                      <\/li>\n<\/ul>","protected":false},"featured_media":87906,"template":"","meta":{"_glsr_average":0,"_glsr_ranking":0,"_glsr_reviews":0},"product_cat":[477],"product_tag":[475,478,451],"class_list":{"0":"post-87907","1":"product","2":"type-product","3":"status-publish","4":"has-post-thumbnail","6":"product_cat-reflex","7":"product_tag-appareil-photo","8":"product_tag-reflex","9":"product_tag-tv-image-son","11":"first","12":"instock","13":"sale","14":"shipping-taxable","15":"purchasable","16":"product-type-simple"},"_links":{"self":[{"href":"https:\/\/electromenagerexpress.com\/en\/wp-json\/wp\/v2\/product\/87907","targetHints":{"allow":["GET"]}}],"collection":[{"href":"https:\/\/electromenagerexpress.com\/en\/wp-json\/wp\/v2\/product"}],"about":[{"href":"https:\/\/electromenagerexpress.com\/en\/wp-json\/wp\/v2\/types\/product"}],"wp:featuredmedia":[{"embeddable":true,"href":"https:\/\/electromenagerexpress.com\/en\/wp-json\/wp\/v2\/media\/87906"}],"wp:attachment":[{"href":"https:\/\/electromenagerexpress.com\/en\/wp-json\/wp\/v2\/media?parent=87907"}],"wp:term":[{"taxonomy":"product_cat","embeddable":true,"href":"https:\/\/electromenagerexpress.com\/en\/wp-json\/wp\/v2\/product_cat?post=87907"},{"taxonomy":"product_tag","embeddable":true,"href":"https:\/\/electromenagerexpress.com\/en\/wp-json\/wp\/v2\/product_tag?post=87907"}],"curies":[{"name":"wp","href":"https:\/\/api.w.org\/{rel}","templated":true}]}}