{"id":87905,"date":"2024-11-24T17:02:13","date_gmt":"2024-11-24T17:02:13","guid":{"rendered":"https:\/\/electromenagerexpress.com\/product\/appareil-photo-hybridesony245093\/"},"modified":"2024-11-24T17:02:13","modified_gmt":"2024-11-24T17:02:13","slug":"appareil-photo-hybridesony245093","status":"publish","type":"product","link":"https:\/\/electromenagerexpress.com\/en\/product\/appareil-photo-hybridesony245093\/","title":{"rendered":"Appareil photo Hybride\t\t\t\t\t\t\tSONY\t\t\t\t245093"},"content":{"rendered":"<div class=\"product-features__content\">\n<ul role=\"list\">\n<li class=\"product-features__item\" role=\"listitem\">\n<h3 class=\"product-features__label\">Qualit\u00e9 photo et vid\u00e9o<\/h3>\n<ul role=\"list\">\n<li class=\"product-features__item-list__item\" role=\"listitem\"><span class=\"is--medium\">Capteur :<\/span> APS-C, permet de donner un rendu de qualit\u00e9 pour un format carte postale ou un agrandissement\t\t\t\t\t<\/li>\n<li class=\"product-features__item-list__item\" role=\"listitem\"><span class=\"is--medium\">Le saviez vous ? :<\/span> plus le capteur est grand, plus l&rsquo;image sera d\u00e9taill\u00e9e\t\t\t\t\t<\/li>\n<li class=\"product-features__item-list__item\" role=\"listitem\"><span class=\"is--medium\">R\u00e9solution (en m\u00e9gapixels) :<\/span> 24,2 Mpx\t\t\t\t\t<\/li>\n<li class=\"product-features__item-list__item\" role=\"listitem\"><span class=\"is--medium\">Comprendre la r\u00e9solution :<\/span> Plus ce chiffre sera \u00e9lev\u00e9, plus il sera possible d&rsquo;imprimer vos images en grand format comme des posters, ou encore effectuer des recadrages de qualit\u00e9 sur des logiciels de retouche photo.\t\t\t\t\t<\/li>\n<li class=\"product-features__item-list__item\" role=\"listitem\"><span class=\"is--medium\">Plage de sensibilit\u00e9 ISO :<\/span> de 100 \u00e0 51200\t\t\t\t\t<\/li>\n<li class=\"product-features__item-list__item\" role=\"listitem\"><span class=\"is--medium\">Comprendre la sensibilit\u00e9 ISO :<\/span> L&rsquo;ISO permet de contr\u00f4ler la lumi\u00e8re atteignant le capteur, de mani\u00e8re \u00e0 rendre la photo plus claire ou plus sombre. Elle fonctionne en automatique ou peut \u00eatre r\u00e9gl\u00e9e manuellement\t\t\t\t\t<\/li>\n<\/ul>\n<\/li>\n<li class=\"product-features__item\" role=\"listitem\">\n<h3 class=\"product-features__label\">Objectif<\/h3>\n<ul role=\"list\">\n<li class=\"product-features__item-list__item\" role=\"listitem\"><span class=\"is--medium\">Vitesse d&rsquo;obturation :<\/span> Non concern\u00e9\t\t\t\t\t<\/li>\n<\/ul>\n<\/li>\n<li class=\"product-features__item\" role=\"listitem\">\n<h3 class=\"product-features__label\">Boitier<\/h3>\n<ul role=\"list\">\n<li class=\"product-features__item-list__item\" role=\"listitem\"><span class=\"is--medium\">Ecran :<\/span> fixe\t\t\t\t\t<\/li>\n<\/ul>\n<\/li>\n<li class=\"product-features__item\" role=\"listitem\">\n<h3 class=\"product-features__label\">Dimensions<\/h3>\n<ul role=\"list\">\n<li class=\"product-features__item-list__item\" role=\"listitem\"><span class=\"is--medium\">Dimensions l x h x p :<\/span> 15 x 10 x 3 cm\t\t\t\t\t<\/li>\n<\/ul>\n<\/li>\n<li class=\"product-features__item\" role=\"listitem\">\n<h3 class=\"product-features__label\">Informations compl\u00e9mentaires<\/h3>\n<ul role=\"list\">\n<li class=\"product-features__item-list__item\" role=\"listitem\"><span class=\"is--medium\">Fabriqu\u00e9 en :<\/span> Chine\t\t\t\t\t<\/li>\n<li class=\"product-features__item-list__item\" role=\"listitem\"><span class=\"is--medium\">Disponibilit\u00e9 des pi\u00e8ces d\u00e9tach\u00e9es (donn\u00e9es fournisseur) :<\/span> Non communiqu\u00e9e\t\t\t\t\t<\/li>\n<li class=\"product-features__item-list__item\" role=\"listitem\"><span class=\"is--medium\">R\u00e9f\u00e9rence constructeur :<\/span> 245093\t\t\t\t\t<\/li>\n<li class=\"product-features__item-list__item\" role=\"listitem\"><span class=\"is--medium\">Marque :<\/span> SONY\t\t\t\t\t<\/li>\n<\/ul>\n<\/li>\n<\/ul>\n<\/div>\n<div class=\"product__disclosure-content\">\n<div class=\"js-read-more product-description__content read-more read-more--truncated\" data-read-more-name=\"description\" style=\"max-height: 500px; overflow: hidden;\">\n<p>Avec le Sony Alpha 7C &#8211; Exprimez-vous librement et sans limites. L&rsquo;Alpha 7C se pr\u00e9sente sous la forme d&rsquo;un bo\u00eetier compact. Petit et l\u00e9ger, ce bo\u00eetier plein format vous offre une qualit\u00e9 d&rsquo;image extraordinaire que ce soit en photos ou en vid\u00e9os. Gr\u00e2ce \u00e0 ces diff\u00e9rentes technologies dont il dispose, plus rien ne vous \u00e9chappera. Les performances de ce bo\u00eetier : -Boitier plein format : un maximum de lumi\u00e8re pour des images de qualit\u00e9 Avec le capteur plein format, vous captez un maximum de lumi\u00e8re qui permet d&rsquo;obtenir de belles images d&rsquo;une qualit\u00e9 professionnelle et \u00e0 faible bruit. Ainsi, vos cr\u00e9ations seront remplies de d\u00e9tails dans les zones d&rsquo;ombre et les zones de lumi\u00e8re. De plus, ayant un capteur plein format, vous aurez des images impressionnantes avec une profondeur \u00e0 couper le souffle. -Son format compact : Sony a voulu r\u00e9aliser l&rsquo;appareil photo performant que vous pouvez emmener partout avec vous. Le Sony Alpa 7C est petit, l\u00e9ger et portable sans aucuns soucis de performances. Cela a \u00e9t\u00e9 r\u00e9alisable gr\u00e2ce \u00e0 de nouveaux composants compacts (obturateur et stabilisateur) et des am\u00e9liorations de la structure et de l&rsquo;agencement du bo\u00eetier. Des images uniques : -Une beaut\u00e9 r\u00e9aliste : Dot\u00e9 d&rsquo;un capteur CMOS Exmor R avec 24.2 Millions de pixels, ainsi que d&rsquo;un processeur d&rsquo;image BIONZ X, l&rsquo;Alpha 7C vous offre une parfaite reproduction des couleurs et une large plage dynamique. Avec cela, vous obtiendrez des images aux d\u00e9tails accrus et des transitions fluides, et ce, peu importe la luminosit\u00e9. -Des images dans toutes les conditions de luminosit\u00e9 : Avec des pixels plus grand et une am\u00e9lioration du rapport signal\/bruit, vos images seront plus belles, avec des textures d\u00e9taill\u00e9es. Le syst\u00e8me de r\u00e9duction de bruit est efficace lorsque vous photographiez des sujets en mouvement ou en situation de faible luminosit\u00e9. L&rsquo;Alpha 7C poss\u00e8de une plage de sensibilit\u00e9 de 100 \u00e0 51 200 ISO (extensible de 50-204 800 ISO) -De nombreux objectifs : Votre Sony Alpha 7C est compatible avec les objectifs de type E. Ainsi, vous avez la libert\u00e9 de choisir ceux qui vous conviennent parmi plus de 50 objectifs de Type E. Vous avez l\u00e0 de quoi booster votre cr\u00e9ativit\u00e9. Les objectifs Sony vous garantissent des images sans distorsions, avec une superbe profondeur et un bokeh incroyable. -La vid\u00e9o 4K : Avec votre bo\u00eetier Sony, vous disposez de l&rsquo;enregistrement vid\u00e9o 4K avec une lecture totale des pixels sans perte. Avec cela, vous pourrez r\u00e9aliser des vid\u00e9os nettes et stables avec un joli bokeh gr\u00e2ce \u00e0 la faible profondeur de champ. Vous pouvez effectuer des prises de vues en acc\u00e9l\u00e9r\u00e9 (60x plus rapide.) ou au ralenti. (5x plus lente) Les technologies de l&rsquo;imagerie : -L&rsquo;autofocus : L&rsquo;alpha 7C est \u00e9quip\u00e9 d&rsquo;un syst\u00e8me autofocus ultra pr\u00e9cis \u00e0 693 points d&rsquo;AF avec la technologie 4D FOCUS qui assure une mise au point rapide et un suivi fiable et pr\u00e9cis du sujet. Vous pouvez \u00e9galement activer le Real-Time Tracking ou Real-Time Eye AF pour r\u00e9aliser votre mise au point sur l&rsquo;oeil ou le visage de votre sujet et avoir le suivi en temps r\u00e9el. -La prise de vue continue : Votre bo\u00eetier dispose de la prise de vue en rafale allant jusqu&rsquo;\u00e0 10 images\/s permettant de capturer le mouvement instantan\u00e9ment. De plus, vous avez la possibilit\u00e9 de r\u00e9gler votre prise de vue continue en silencieuse. -La stabilisation : Le bo\u00eetier Sony Alpha 7C poss\u00e8de un stabilisateur d&rsquo;image \u00e0 5 axes pour compenser 5 types de mouvements (mouvements angulaires &#8211; 1-2, axiaux &#8211; 3-4, de rotations &#8211; 5). Vous pourrez prendre des clich\u00e9s sans tr\u00e9pieds et obtenir des images sans flou de boug\u00e9. -L&rsquo;\u00e9cran LCD : Pourvu d&rsquo;un \u00e9cran LCD tactile, \u00e0 ouverture lat\u00e9rale et pivotable, vous pouvez r\u00e9aliser des autoportraits ou des vlogs facilement sans soucis de cadrage. -Prise de vue \u00e0 distance : Avec la fonctionnalit\u00e9 Wifi dont dispose le bo\u00eetier Sony Alpha 7C, vous pouvez r\u00e9aliser votre prise de vue \u00e0 distance \u00e0 l&rsquo;aide de votre ordinateur, tablette ou smartphone. Vous pouvez \u00e9galement t\u00e9l\u00e9charger et transf\u00e9rer vos cr\u00e9ations sur votre smartphone ou autre via la connexion Wifi.<\/p>\n<\/div>\n<p><bl-button a11yexpanded=\"false\" arialabel=\"Afficher toute la description\" class=\"read-more__btn\" full=\"false\" link=\"true\"><\/bl-button><\/div>","protected":false},"excerpt":{"rendered":"<div class=\"keypoints\">\n<h3 class=\"keypoints__title\">Les points cl\u00e9s<\/h3>\n<ul role=\"list\">\n<li class=\"keypoints__item\" role=\"listitem\">                                        Ideal pour : Confirm\u00e9                      <\/li>\n<li class=\"keypoints__item\" role=\"listitem\">                          Capteur : APS-C &#8211;                                                      R\u00e9solution 24,2 m\u00e9gapixels                      <\/li>\n<li class=\"keypoints__item\" role=\"listitem\">                          Sensibilit\u00e9 ISO maximale : 1 600 000 &#8211;                                                      Vitesse d&rsquo;obturation : Non concern\u00e9                      <\/li>\n<li class=\"keypoints__item\" role=\"listitem\">                          Connectivit\u00e9 : Wi-Fi, Wi-Fi Direct &#8211;                                                      Ecran : fixe                      <\/li>\n<\/ul>","protected":false},"featured_media":87904,"template":"","meta":{"_glsr_average":0,"_glsr_ranking":0,"_glsr_reviews":0},"product_cat":[474],"product_tag":[475,476,451],"class_list":{"0":"post-87905","1":"product","2":"type-product","3":"status-publish","4":"has-post-thumbnail","6":"product_cat-appareil-photo-hybride","7":"product_tag-appareil-photo","8":"product_tag-appareil-photo-hybride","9":"product_tag-tv-image-son","11":"first","12":"instock","13":"sale","14":"shipping-taxable","15":"purchasable","16":"product-type-simple"},"_links":{"self":[{"href":"https:\/\/electromenagerexpress.com\/en\/wp-json\/wp\/v2\/product\/87905","targetHints":{"allow":["GET"]}}],"collection":[{"href":"https:\/\/electromenagerexpress.com\/en\/wp-json\/wp\/v2\/product"}],"about":[{"href":"https:\/\/electromenagerexpress.com\/en\/wp-json\/wp\/v2\/types\/product"}],"wp:featuredmedia":[{"embeddable":true,"href":"https:\/\/electromenagerexpress.com\/en\/wp-json\/wp\/v2\/media\/87904"}],"wp:attachment":[{"href":"https:\/\/electromenagerexpress.com\/en\/wp-json\/wp\/v2\/media?parent=87905"}],"wp:term":[{"taxonomy":"product_cat","embeddable":true,"href":"https:\/\/electromenagerexpress.com\/en\/wp-json\/wp\/v2\/product_cat?post=87905"},{"taxonomy":"product_tag","embeddable":true,"href":"https:\/\/electromenagerexpress.com\/en\/wp-json\/wp\/v2\/product_tag?post=87905"}],"curies":[{"name":"wp","href":"https:\/\/api.w.org\/{rel}","templated":true}]}}