{"id":87899,"date":"2024-11-24T17:02:07","date_gmt":"2024-11-24T17:02:07","guid":{"rendered":"https:\/\/electromenagerexpress.com\/product\/appareil-photo-hybridesonyalpha-a7c-noir\/"},"modified":"2024-11-24T17:02:11","modified_gmt":"2024-11-24T17:02:11","slug":"appareil-photo-hybridesonyalpha-a7c-noir","status":"publish","type":"product","link":"https:\/\/electromenagerexpress.com\/en\/product\/appareil-photo-hybridesonyalpha-a7c-noir\/","title":{"rendered":"Appareil photo Hybride\t\t\t\t\t\t\tSONY\t\t\t\tAlpha A7C Noir"},"content":{"rendered":"<div class=\"product-features__content\">\n<ul role=\"list\">\n<li class=\"product-features__item\" role=\"listitem\">\n<h3 class=\"product-features__label\">Bien choisir<\/h3>\n<ul role=\"list\">\n<li class=\"product-features__item-list__item\" role=\"listitem\"><span class=\"is--medium\">Besoin d&rsquo;aide pour choisir ? :<\/span> <a href=\"https:\/\/www.boulanger.com\/guide\/choisir-appareil-photo\" target=\"_blank\">consulter le guide d&rsquo;achat<\/a><\/li>\n<\/ul>\n<\/li>\n<li class=\"product-features__item\" role=\"listitem\">\n<h3 class=\"product-features__label\">Nos services et accessoires<\/h3>\n<ul role=\"list\">\n<li class=\"product-features__item-list__item\" role=\"listitem\"><span class=\"is--medium\">D\u00e9couvrez l&rsquo;assurance vol\/casse :<\/span> <a href=\"https:\/\/www.boulanger.com\/evenement\/assurance-produits-nomades\" target=\"_blank\">en sa <\/a><\/li>\n<li class=\"product-features__item-list__item\" role=\"listitem\"><span class=\"is--medium\">D\u00e9couvrez nos protections compatibles :<\/span> <a href=\"https:\/\/www.boulanger.com\/c\/bagagerie-photo\" target=\"_blank\">en sa <\/a><\/li>\n<li class=\"product-features__item-list__item\" role=\"listitem\"><span class=\"is--medium\">D\u00e9couvrez nos objectifs compl\u00e9mentaires :<\/span> <a href=\"https:\/\/www.boulanger.com\/c\/objectif\" target=\"_blank\">en sa <\/a><\/li>\n<\/ul>\n<\/li>\n<li class=\"product-features__item\" role=\"listitem\">\n<h3 class=\"product-features__label\">Qualit\u00e9 photo et vid\u00e9o<\/h3>\n<ul role=\"list\">\n<li class=\"product-features__item-list__item\" role=\"listitem\"><span class=\"is--medium\">Capteur :<\/span> Plein Format (24&#215;36), permet de donner un excellent rendu pour un format carte postale ou un agrandissement\t\t\t\t\t<\/li>\n<li class=\"product-features__item-list__item\" role=\"listitem\"><span class=\"is--medium\">Le saviez vous ? :<\/span> plus le capteur est grand, plus l&rsquo;image sera d\u00e9taill\u00e9e\t\t\t\t\t<\/li>\n<li class=\"product-features__item-list__item\" role=\"listitem\"><span class=\"is--medium\">R\u00e9solution (en m\u00e9gapixels) :<\/span> 24,2 Mpx\t\t\t\t\t<\/li>\n<li class=\"product-features__item-list__item\" role=\"listitem\"><span class=\"is--medium\">Comprendre la r\u00e9solution :<\/span> Plus ce chiffre sera \u00e9lev\u00e9, plus il sera possible d&rsquo;imprimer vos images en grand format comme des posters, ou encore effectuer des recadrages de qualit\u00e9 sur des logiciels de retouche photo.\t\t\t\t\t<\/li>\n<\/ul>\n<\/li>\n<li class=\"product-features__item\" role=\"listitem\">\n<h3 class=\"product-features__label\">Objectif<\/h3>\n<ul role=\"list\">\n<li class=\"product-features__item-list__item\" role=\"listitem\"><span class=\"is--medium\">Vitesse d&rsquo;obturation :<\/span> 1\/4000 \u00e0 30 s\t\t\t\t\t<\/li>\n<li class=\"product-features__item-list__item\" role=\"listitem\"><span class=\"is--medium\">Comprendre la vitesse d&rsquo;obturation :<\/span> La vitesse d&rsquo;obturation, est le temps pendant lequel l&rsquo;obturateur s&rsquo;ouvre au d\u00e9clenchement. Si la vitesse est r\u00e9gl\u00e9e sur une valeur rapide, (jusqu&rsquo;\u00e0 1\/8000 sec) l&rsquo;image sera nette, au contraire si la vitesse est r\u00e9gl\u00e9e sur une valeur lente (jusqu&rsquo;\u00e0 30 sec) l&rsquo;image aura un effet artistique.\t\t\t\t\t<\/li>\n<li class=\"product-features__item-list__item\" role=\"listitem\"><span class=\"is--medium\">Mode rafale :<\/span> 10 images\/s\t\t\t\t\t<\/li>\n<\/ul>\n<\/li>\n<li class=\"product-features__item\" role=\"listitem\">\n<h3 class=\"product-features__label\">Dimensions<\/h3>\n<ul role=\"list\">\n<li class=\"product-features__item-list__item\" role=\"listitem\"><span class=\"is--medium\">Dimensions l x h x p :<\/span> 12.5 x 7.1 x 5.9 cm\t\t\t\t\t<\/li>\n<\/ul>\n<\/li>\n<li class=\"product-features__item\" role=\"listitem\">\n<h3 class=\"product-features__label\">Informations compl\u00e9mentaires<\/h3>\n<ul role=\"list\">\n<li class=\"product-features__item-list__item\" role=\"listitem\"><span class=\"is--medium\">Fabriqu\u00e9 en :<\/span> Tha\u00eflande\t\t\t\t\t<\/li>\n<li class=\"product-features__item-list__item\" role=\"listitem\"><span class=\"is--medium\">Garantie :<\/span> 2 ans\t\t\t\t\t<\/li>\n<li class=\"product-features__item-list__item\" role=\"listitem\"><span class=\"is--medium\">Disponibilit\u00e9 des pi\u00e8ces d\u00e9tach\u00e9es (donn\u00e9es fournisseur) :<\/span> Pendant 2 ans, \u00e0 compter de la date fin de commercialisation\t\t\t\t\t<\/li>\n<li class=\"product-features__item-list__item\" role=\"listitem\"><span class=\"is--medium\">R\u00e9f\u00e9rence constructeur :<\/span> Alpha A7C Noir\t\t\t\t\t<\/li>\n<li class=\"product-features__item-list__item\" role=\"listitem\"><span class=\"is--medium\">Marque :<\/span> SONY\t\t\t\t\t<\/li>\n<\/ul>\n<\/li>\n<\/ul>\n<\/div>\n<div class=\"product__disclosure-content\">\n<div class=\"js-read-more product-description__content read-more read-more--truncated\" data-read-more-name=\"description\" style=\"max-height: 500px; overflow: hidden;\">\n<p>Une qualit\u00e9 d&rsquo;image incroyable dans un boitier compact et l\u00e9ger, c&rsquo;est la promesse de l&rsquo;appareil photo SONY Alpha A7C. Il est dot\u00e9 de multiples fonctionnalit\u00e9s comme le mode rafale, une mise au point automatique et un \u00e9cran LCD \u00e0 angle variable, pour r\u00e9pondre \u00e0 toutes vos envies. <\/p>\n<h3><img fetchpriority=\"high\" decoding=\"async\" ,=\"\" alt=\"APN SONY Alpha A7C Noir\" class=\"wy_tableau_gauche\" height=\"270\" src=\"https:\/\/boulanger.scene7.com\/is\/image\/Boulanger\/4548736121652_h_f_l_0?wid=400&amp;hei=270\" width=\"400\"\/>La qualit\u00e9 d&rsquo;image d&rsquo;un appareil plein format dans un boitier ultra compact<\/h3>\n<p>Sous le <b>boitier compact et l\u00e9ger en alliage de magn\u00e9sium<\/b> du SONY Alpha A7C se cache un <b>capteur plein cadre de 24,2 MP<\/b>, qui offre une profondeur et des d\u00e9tails \u00e0 coupe le souffle. Il permet \u00e9galement une qualit\u00e9 vid\u00e9o en 4K HDR et poss\u00e8de une <b>plage de sensibilit\u00e9 ISO de 50 \u00e0 204800.<\/p>\n<p><b>L&rsquo;auto-focus en temps r\u00e9el<\/b> de l&rsquo;appareil photo SONY Alpha A7C suit les yeux de votre sujet, pour des images toujours nettes. Et pour ne jamais rater une action, actionnez <b>le mode rafale \u00e0 10 images par seconde<\/b> ! Vos photos et vid\u00e9os seront stables en toutes circonstances gr\u00e2ce \u00e0 la <b>stabilisation d&rsquo;images<\/b> par le capteur 5 stops et 5 axes.<\/p>\n<p><\/b><\/p>\n<h3><b><img decoding=\"async\" ,=\"\" alt=\"APN SONY Alpha A7C Noir\" class=\"wy_tableau_right\" height=\"270\" src=\"https:\/\/boulanger.scene7.com\/is\/image\/Boulanger\/4548736121652_h_f_l_1?wid=400&amp;hei=270\" width=\"400\"\/>Une utilisation fiable et intuitive <\/b><\/h3>\n<p><b>Le boitier de l&rsquo;appareil photo SONY Alpha A7C est enti\u00e8rement <b>\u00e9tanche<\/b>, ce qui minimise la p\u00e9n\u00e9tration de l&rsquo;humidit\u00e9 et de la poussi\u00e8re. Tr\u00e8s r\u00e9sistant, il vous suivra dans toutes vos aventures pour capturer chaque moment important. Il comprend une <b>batterie Z haute capacit\u00e9<\/b>, qui peut stocker jusqu&rsquo;\u00e0 750 images et 215 minutes de vid\u00e9os en continue, et se recharge \u00e0 l&rsquo;aide d&rsquo;un c\u00e2ble USB-C.<\/p>\n<p>L&rsquo;appareil photo SONY Alpha A7C poss\u00e8de un <b>\u00e9cran tactile LCD orientable \u00e0 ouverture lat\u00e9rale<\/b>, ainsi qu&rsquo;un <b>viseur \u00e9lectronique<\/b> discret et confortable. Il s&rsquo;agit d&rsquo;un appareil connect\u00e9 que vous pouvez contr\u00f4ler \u00e0 distance via un smartphone ou une tablette : prenez des selfies, faites des retouches photos et ajustez les r\u00e9glages \u00e0 votre guise.<\/b><\/p>\n<\/p>\n<p><b><\/b><\/div>\n<p><b><\/b><bl-button a11yexpanded=\"false\" arialabel=\"Afficher toute la description\" class=\"read-more__btn\" full=\"false\" link=\"true\"><\/bl-button><\/div>","protected":false},"excerpt":{"rendered":"<div class=\"keypoints\">\n<h3 class=\"keypoints__title\">Les points cl\u00e9s<\/h3>\n<ul role=\"list\">\n<li class=\"keypoints__item\" role=\"listitem\">                                        Ideal pour : Amateur                      <\/li>\n<li class=\"keypoints__item\" role=\"listitem\">                                        Capteur : Full Frame (24&#215;36)                      <\/li>\n<li class=\"keypoints__item\" role=\"listitem\">                                        Vitesse d&rsquo;obturation : 1\/4000 \u00e0 30 s                      <\/li>\n<li class=\"keypoints__item\" role=\"listitem\">                                        Connectivit\u00e9 : Wi-Fi, Wi-Fi Direct, NFC, Bluetooth                      <\/li>\n<li class=\"keypoints__item keypoints__item--advantage\" role=\"listitem\"><strong>Le + :<\/strong> La puissance du capteur Sony BSI-CMOS plein format de 24,2MP dans un bo\u00eetier design, l\u00e9ger et ultra compact qui vous suivra partout o\u00f9 vous irez.      <\/li>\n<\/ul>","protected":false},"featured_media":87898,"template":"","meta":{"_glsr_average":0,"_glsr_ranking":0,"_glsr_reviews":0},"product_cat":[474],"product_tag":[475,476,451],"class_list":{"0":"post-87899","1":"product","2":"type-product","3":"status-publish","4":"has-post-thumbnail","6":"product_cat-appareil-photo-hybride","7":"product_tag-appareil-photo","8":"product_tag-appareil-photo-hybride","9":"product_tag-tv-image-son","11":"first","12":"instock","13":"sale","14":"shipping-taxable","15":"purchasable","16":"product-type-simple"},"_links":{"self":[{"href":"https:\/\/electromenagerexpress.com\/en\/wp-json\/wp\/v2\/product\/87899","targetHints":{"allow":["GET"]}}],"collection":[{"href":"https:\/\/electromenagerexpress.com\/en\/wp-json\/wp\/v2\/product"}],"about":[{"href":"https:\/\/electromenagerexpress.com\/en\/wp-json\/wp\/v2\/types\/product"}],"wp:featuredmedia":[{"embeddable":true,"href":"https:\/\/electromenagerexpress.com\/en\/wp-json\/wp\/v2\/media\/87898"}],"wp:attachment":[{"href":"https:\/\/electromenagerexpress.com\/en\/wp-json\/wp\/v2\/media?parent=87899"}],"wp:term":[{"taxonomy":"product_cat","embeddable":true,"href":"https:\/\/electromenagerexpress.com\/en\/wp-json\/wp\/v2\/product_cat?post=87899"},{"taxonomy":"product_tag","embeddable":true,"href":"https:\/\/electromenagerexpress.com\/en\/wp-json\/wp\/v2\/product_tag?post=87899"}],"curies":[{"name":"wp","href":"https:\/\/api.w.org\/{rel}","templated":true}]}}