{"id":87757,"date":"2024-11-24T16:59:47","date_gmt":"2024-11-24T16:59:47","guid":{"rendered":"https:\/\/electromenagerexpress.com\/product\/compactsonydsc-rx100-mark-v-a\/"},"modified":"2024-11-24T16:59:58","modified_gmt":"2024-11-24T16:59:58","slug":"compactsonydsc-rx100-mark-v-a","status":"publish","type":"product","link":"https:\/\/electromenagerexpress.com\/en\/product\/compactsonydsc-rx100-mark-v-a\/","title":{"rendered":"Compact\t\t\t\t\t\t\tSONY\t\t\t\tDSC-RX100 Mark V A"},"content":{"rendered":"<div class=\"product-features__content\">\n<ul role=\"list\">\n<li class=\"product-features__item\" role=\"listitem\">\n<h3 class=\"product-features__label\">Qualit\u00e9 photo et vid\u00e9o<\/h3>\n<ul role=\"list\">\n<li class=\"product-features__item-list__item\" role=\"listitem\"><span class=\"is--medium\">Type de capteur :<\/span> CMOS, offre des images d\u00e9taill\u00e9es et riches en couleurs, affiche une vitesse de lecture rapide.\t\t\t\t\t<\/li>\n<li class=\"product-features__item-list__item\" role=\"listitem\"><span class=\"is--medium\">Qualit\u00e9 photo (r\u00e9solution) :<\/span> 20,1 m\u00e9gapixels\t\t\t\t\t<\/li>\n<li class=\"product-features__item-list__item\" role=\"listitem\"><span class=\"is--medium\">Comprendre la r\u00e9solution :<\/span> Plus ce chiffre sera \u00e9lev\u00e9 plus cela sera utile si vous souhaitez imprimer vos images en grand format comme des posters, ou encore effectuer des recadrages de qualit\u00e9 sur des logiciels de retouche photo.\t\t\t\t\t<\/li>\n<li class=\"product-features__item-list__item\" role=\"listitem\"><span class=\"is--medium\">Qualit\u00e9 de la vid\u00e9o :<\/span> Full HD\t\t\t\t\t<\/li>\n<li class=\"product-features__item-list__item\" role=\"listitem\"><span class=\"is--medium\">Fichier vid\u00e9o :<\/span> MPEG4\t\t\t\t\t<\/li>\n<li class=\"product-features__item-list__item\" role=\"listitem\"><span class=\"is--medium\">Zoom optique :<\/span> Aucun\t\t\t\t\t<\/li>\n<li class=\"product-features__item-list__item\" role=\"listitem\"><span class=\"is--medium\">Zoom num\u00e9rique :<\/span> Aucun\t\t\t\t\t<\/li>\n<li class=\"product-features__item-list__item\" role=\"listitem\"><span class=\"is--medium\">Sensibilit\u00e9 ISO max :<\/span> 1600 ISO\t\t\t\t\t<\/li>\n<li class=\"product-features__item-list__item\" role=\"listitem\"><span class=\"is--medium\">Comprendre la sensibilit\u00e9 ISO :<\/span> L&rsquo;ISO permet de contr\u00f4ler la lumi\u00e8re atteignant le capteur, de mani\u00e8re \u00e0 rendre la photo plus claire ou plus sombre. Elle fonctionne en automatique ou peut \u00eatre r\u00e9gl\u00e9e manuellement\t\t\t\t\t<\/li>\n<li class=\"product-features__item-list__item\" role=\"listitem\"><span class=\"is--medium\">Stabilisateur :<\/span> Non\t\t\t\t\t<\/li>\n<li class=\"product-features__item-list__item\" role=\"listitem\"><span class=\"is--medium\">Fichier de l&rsquo;image :<\/span> JPEG\t\t\t\t\t<\/li>\n<\/ul>\n<\/li>\n<li class=\"product-features__item\" role=\"listitem\">\n<h3 class=\"product-features__label\">Performances<\/h3>\n<ul role=\"list\">\n<li class=\"product-features__item-list__item\" role=\"listitem\"><span class=\"is--medium\">Vis\u00e9e \u00e0 l&rsquo;\u00e9cran :<\/span> Non\t\t\t\t\t<\/li>\n<li class=\"product-features__item-list__item\" role=\"listitem\"><span class=\"is--medium\">Connectivit\u00e9 :<\/span> Non concern\u00e9\t\t\t\t\t<\/li>\n<li class=\"product-features__item-list__item\" role=\"listitem\"><span class=\"is--medium\">Etanche :<\/span> Non\t\t\t\t\t<\/li>\n<li class=\"product-features__item-list__item\" role=\"listitem\"><span class=\"is--medium\">Tropicalis\u00e9 :<\/span> Non\t\t\t\t\t<\/li>\n<li class=\"product-features__item-list__item\" role=\"listitem\"><span class=\"is--medium\">Flash int\u00e9gr\u00e9 :<\/span> Oui\t\t\t\t\t<\/li>\n<li class=\"product-features__item-list__item\" role=\"listitem\"><span class=\"is--medium\">Type de viseur :<\/span> optique, permet d&rsquo;obtenir une vue directe et naturelle de la sc\u00e8ne et ne n\u00e9cessite pas d&rsquo;alimentation.\t\t\t\t\t<\/li>\n<li class=\"product-features__item-list__item\" role=\"listitem\"><span class=\"is--medium\">Connectiques :<\/span> Sortie USB\t\t\t\t\t<\/li>\n<li class=\"product-features__item-list__item\" role=\"listitem\"><span class=\"is--medium\">Carte(s) m\u00e9moire(s) compatible(s) :<\/span> SD\t\t\t\t\t<\/li>\n<\/ul>\n<\/li>\n<li class=\"product-features__item\" role=\"listitem\">\n<h3 class=\"product-features__label\">Objectif<\/h3>\n<ul role=\"list\">\n<li class=\"product-features__item-list__item\" role=\"listitem\"><span class=\"is--medium\">vitesse d&rsquo;opturation :<\/span> 1\/2000 \u00e0 1\/4 s\t\t\t\t\t<\/li>\n<li class=\"product-features__item-list__item\" role=\"listitem\"><span class=\"is--medium\">Le saviez vous ? :<\/span> La vitesse s&rsquo;exprime en fraction de secondes. Si la vitesse est r\u00e9gl\u00e9e sur une valeur rapide, (jusqu&rsquo;\u00e0 1\/8000 sec) l&rsquo;image sera nette, au contraire si la vitesse est r\u00e9gl\u00e9e sur une valeur lente (jusqu&rsquo;\u00e0 30 sec) l&rsquo;image aura un effet artistique.\t\t\t\t\t<\/li>\n<\/ul>\n<\/li>\n<li class=\"product-features__item\" role=\"listitem\">\n<h3 class=\"product-features__label\">Informations compl\u00e9mentaires<\/h3>\n<ul role=\"list\">\n<li class=\"product-features__item-list__item\" role=\"listitem\"><span class=\"is--medium\">Garantie :<\/span> 2 ans\t\t\t\t\t<\/li>\n<li class=\"product-features__item-list__item\" role=\"listitem\"><span class=\"is--medium\">Disponibilit\u00e9 des pi\u00e8ces d\u00e9tach\u00e9es (donn\u00e9es fournisseur) :<\/span> Pendant 2 ans, \u00e0 compter de la date d&rsquo;achat\t\t\t\t\t<\/li>\n<li class=\"product-features__item-list__item\" role=\"listitem\"><span class=\"is--medium\">R\u00e9f\u00e9rence constructeur :<\/span> DSC-RX100 Mark V A\t\t\t\t\t<\/li>\n<li class=\"product-features__item-list__item\" role=\"listitem\"><span class=\"is--medium\">Marque :<\/span> SONY\t\t\t\t\t<\/li>\n<\/ul>\n<\/li>\n<\/ul>\n<\/div>\n<div class=\"product__disclosure-content\">\n<div class=\"js-read-more product-description__content read-more read-more--truncated\" data-read-more-name=\"description\" style=\"max-height: 500px; overflow: hidden;\">\n<p>Pour l&rsquo;image comme pour la vid\u00e9o, le DSC-RX100 Mark V A s&rsquo;impose comme un appareil de choix. Avec sa vitesse de mise au point remarquable, il est pr\u00eat \u00e0 capturer tous vos clich\u00e9s. Ces derniers sont nets, pr\u00e9cis et lumineux. \u00c9galement capable d&rsquo;enregistrer des vid\u00e9os en qualit\u00e9 4K et dot\u00e9 de l&rsquo;option super ralenti, ce mod\u00e8le va vite devenir un v\u00e9ritable alli\u00e9 \u00e0 emporter en voyage ou lors de vos d\u00e9placements, pour immortaliser chacun de vos souvenirs. <\/p>\n<h3>Un mod\u00e8le rapide pour des images de qualit\u00e9 <img fetchpriority=\"high\" decoding=\"async\" alt=\"DSC-RX100 Mark V A\" class=\"wy_tableau_gauche\" height=\"270\" src=\"https:\/\/boulanger.scene7.com\/is\/image\/Boulanger\/4548736086494_h_f_l_0?wid=400&amp;hei=270\" width=\"400\"\/><\/h3>\n<p>Le DSC-RX100 Mark V A se d\u00e9marque par <b>sa vitesse de mise au point automatique ultra rapide de 0,05 seconde<\/b>. Associ\u00e9 \u00e0 une couverture large et dense \u00e0 315 points de mise au point \u00e0 d\u00e9tection de phase, ce syst\u00e8me r\u00e9volutionnaire vous permet de capturer chaque moment important de votre vie.<\/p>\n<p>Ce mod\u00e8le est capable de prendre des <b>images d&rsquo;une r\u00e9solution de 20,1 m\u00e9gapixels<\/b>, en continu pendant 233 images. Avec sa mise au point auto permanente et l&rsquo;att\u00e9nuation du voile noir, vous suivez ais\u00e9ment les sujets en mouvement depuis l&rsquo;\u00e9cran LCD de l&rsquo;appareil ou bien depuis le viseur.<\/p>\n<h3>Capturer des vid\u00e9os remarquables<img decoding=\"async\" alt=\"DSC-RX100 Mark V A\" class=\"wy_tableau_right\" height=\"270\" src=\"https:\/\/boulanger.scene7.com\/is\/image\/Boulanger\/4548736086494_h_f_l_1?wid=400&amp;hei=270\" width=\"400\"\/><\/h3>\n<p>Vous profiterez de <b>vid\u00e9os en qualit\u00e9 4K<\/b> avec le DSC-RX100 Mark V A, qui proc\u00e8de \u00e0 une lecture compl\u00e8te du capteur sans perte de pixels et condense 1,7 fois les donn\u00e9es d&rsquo;image dans chaque image 4K. Ainsi, la finesse des d\u00e9tails est pr\u00e9serv\u00e9e et les effets moir\u00e9s \u00e9vit\u00e9s.<\/p>\n<p>Gr\u00e2ce \u00e0 cet appareil, vous pourrez faire durer les moments d&rsquo;action \u00e9piques que vous capturez. En effet, il vous propose une <b>option Super ralenti \u00e9tendu jusqu&rsquo;\u00e0 960 images\/seconde<\/b>, ce qui repr\u00e9sente 40 fois le taux de rafra\u00eechissement normal.<\/p>\n<\/p>\n<\/div>\n<p><bl-button a11yexpanded=\"false\" arialabel=\"Afficher toute la description\" class=\"read-more__btn\" full=\"false\" link=\"true\"><\/bl-button><\/div>","protected":false},"excerpt":{"rendered":"<div class=\"keypoints\">\n<h3 class=\"keypoints__title\">Les points cl\u00e9s<\/h3>\n<ul role=\"list\">\n<li class=\"keypoints__item\" role=\"listitem\">                                        Ideal pour : Amateur                      <\/li>\n<li class=\"keypoints__item\" role=\"listitem\">                                        Qualit\u00e9 photo : 20,1 m\u00e9gapixels                      <\/li>\n<li class=\"keypoints__item keypoints__item--advantage\" role=\"listitem\"><strong>Le + :<\/strong> Rapide (0,05s et rafale de 24 images\/seconde)      <\/li>\n<\/ul>","protected":false},"featured_media":87756,"template":"","meta":{"_glsr_average":0,"_glsr_ranking":0,"_glsr_reviews":0},"product_cat":[485],"product_tag":[475,486,451],"class_list":{"0":"post-87757","1":"product","2":"type-product","3":"status-publish","4":"has-post-thumbnail","6":"product_cat-appareil-photo-compact-expert","7":"product_tag-appareil-photo","8":"product_tag-appareil-photo-compact-expert","9":"product_tag-tv-image-son","11":"first","12":"instock","13":"sale","14":"shipping-taxable","15":"purchasable","16":"product-type-simple"},"_links":{"self":[{"href":"https:\/\/electromenagerexpress.com\/en\/wp-json\/wp\/v2\/product\/87757","targetHints":{"allow":["GET"]}}],"collection":[{"href":"https:\/\/electromenagerexpress.com\/en\/wp-json\/wp\/v2\/product"}],"about":[{"href":"https:\/\/electromenagerexpress.com\/en\/wp-json\/wp\/v2\/types\/product"}],"wp:featuredmedia":[{"embeddable":true,"href":"https:\/\/electromenagerexpress.com\/en\/wp-json\/wp\/v2\/media\/87756"}],"wp:attachment":[{"href":"https:\/\/electromenagerexpress.com\/en\/wp-json\/wp\/v2\/media?parent=87757"}],"wp:term":[{"taxonomy":"product_cat","embeddable":true,"href":"https:\/\/electromenagerexpress.com\/en\/wp-json\/wp\/v2\/product_cat?post=87757"},{"taxonomy":"product_tag","embeddable":true,"href":"https:\/\/electromenagerexpress.com\/en\/wp-json\/wp\/v2\/product_tag?post=87757"}],"curies":[{"name":"wp","href":"https:\/\/api.w.org\/{rel}","templated":true}]}}