{"id":87461,"date":"2024-11-24T16:55:02","date_gmt":"2024-11-24T16:55:02","guid":{"rendered":"https:\/\/electromenagerexpress.com\/product\/appareil-photo-instantanepolaroidi-2\/"},"modified":"2024-11-24T16:55:09","modified_gmt":"2024-11-24T16:55:09","slug":"appareil-photo-instantanepolaroidi-2","status":"publish","type":"product","link":"https:\/\/electromenagerexpress.com\/en\/product\/appareil-photo-instantanepolaroidi-2\/","title":{"rendered":"Appareil photo Instantan\u00e9\t\t\t\t\t\t\tPOLAROID\t\t\t\tI-2"},"content":{"rendered":"<div class=\"product-features__content\">\n<ul role=\"list\">\n<li class=\"product-features__item\" role=\"listitem\">\n<h3 class=\"product-features__label\">Papier<\/h3>\n<ul role=\"list\">\n<li class=\"product-features__item-list__item\" role=\"listitem\"><span class=\"is--medium\">Dimensions du papier :<\/span> 88 x 100 mm\t\t\t\t\t<\/li>\n<li class=\"product-features__item-list__item\" role=\"listitem\"><span class=\"is--medium\">Compatibilit\u00e9 du papier :<\/span> i-Type &amp; 600\t\t\t\t\t<\/li>\n<\/ul>\n<\/li>\n<li class=\"product-features__item\" role=\"listitem\">\n<h3 class=\"product-features__label\">Caract\u00e9ristiques g\u00e9n\u00e9rales<\/h3>\n<ul role=\"list\">\n<li class=\"product-features__item-list__item\" role=\"listitem\"><span class=\"is--medium\">Typologie :<\/span> Appareil photo instantan\u00e9\t\t\t\t\t<\/li>\n<li class=\"product-features__item-list__item\" role=\"listitem\"><span class=\"is--medium\">Couleur :<\/span> Noir\t\t\t\t\t<\/li>\n<li class=\"product-features__item-list__item\" role=\"listitem\"><span class=\"is--medium\">Ecran :<\/span> Non\t\t\t\t\t<\/li>\n<\/ul>\n<\/li>\n<li class=\"product-features__item\" role=\"listitem\">\n<h3 class=\"product-features__label\">Flash<\/h3>\n<ul role=\"list\">\n<li class=\"product-features__item-list__item\" role=\"listitem\"><span class=\"is--medium\">Flash int\u00e9gr\u00e9 :<\/span> Oui\t\t\t\t\t<\/li>\n<li class=\"product-features__item-list__item\" role=\"listitem\"><span class=\"is--medium\">D\u00e9tail des modes flash :<\/span> Port\u00e9e du stroboscope \u00e0 tube \u00e0 d\u00e9charge sous vide 2.5m @f8 \/ 8.2&prime; @f8\t\t\t\t\t<\/li>\n<\/ul>\n<\/li>\n<li class=\"product-features__item\" role=\"listitem\">\n<h3 class=\"product-features__label\">Contenu<\/h3>\n<ul role=\"list\">\n<li class=\"product-features__item-list__item\" role=\"listitem\"><span class=\"is--medium\">Contenu du carton :<\/span> Notice, Guide de d\u00e9marrage rapide, C\u00e2ble USB, Dragonne\t\t\t\t\t<\/li>\n<\/ul>\n<\/li>\n<li class=\"product-features__item\" role=\"listitem\">\n<h3 class=\"product-features__label\">Alimentation de l&rsquo;appareil<\/h3>\n<ul role=\"list\">\n<li class=\"product-features__item-list__item\" role=\"listitem\"><span class=\"is--medium\">Type d&rsquo;alimentation :<\/span> Fonctionne sur batterie\t\t\t\t\t<\/li>\n<\/ul>\n<\/li>\n<li class=\"product-features__item\" role=\"listitem\">\n<h3 class=\"product-features__label\">Dimensions<\/h3>\n<ul role=\"list\">\n<li class=\"product-features__item-list__item\" role=\"listitem\"><span class=\"is--medium\">Dimensions l x h x p :<\/span> 14.99 x 11.93 x 9.12 cm\t\t\t\t\t<\/li>\n<li class=\"product-features__item-list__item\" role=\"listitem\"><span class=\"is--medium\">Poids Net (kg) :<\/span> 563 g\t\t\t\t\t<\/li>\n<\/ul>\n<\/li>\n<li class=\"product-features__item\" role=\"listitem\">\n<h3 class=\"product-features__label\">Papier compatible<\/h3>\n<ul role=\"list\">\n<li class=\"product-features__item-list__item\" role=\"listitem\"><span class=\"is--medium\">Retrouvez tous les papiers compatibles :<\/span> <a href=\"https:\/\/www.boulanger.com\/c\/papier\/_usage~papier20photo20instantane9\" target=\"_blank\">en sa<\/a><\/li>\n<\/ul>\n<\/li>\n<li class=\"product-features__item\" role=\"listitem\">\n<h3 class=\"product-features__label\">Informations compl\u00e9mentaires<\/h3>\n<ul role=\"list\">\n<li class=\"product-features__item-list__item\" role=\"listitem\"><span class=\"is--medium\">Fabriqu\u00e9 en :<\/span> Chine\t\t\t\t\t<\/li>\n<li class=\"product-features__item-list__item\" role=\"listitem\"><span class=\"is--medium\">Disponibilit\u00e9 des pi\u00e8ces d\u00e9tach\u00e9es (donn\u00e9es fournisseur) :<\/span> Pas de pi\u00e8ce disponible\t\t\t\t\t<\/li>\n<\/ul>\n<\/li>\n<\/ul>\n<\/div>\n<div class=\"product__disclosure-content\">\n<div class=\"js-read-more product-description__content read-more read-more--truncated\" data-read-more-name=\"description\" style=\"max-height: 500px; overflow: hidden;\">\n<p>Avec un esprit r\u00e9tro pouss\u00e9 \u00e0 l&rsquo;extr\u00eame, l&rsquo;appareil photo POLAROID I-2 fera vibrer votre cr\u00e9ativit\u00e9.<\/p>\n<h3><img fetchpriority=\"high\" decoding=\"async\" ,=\"\" alt=\"App. Photo POLAROID I-2\" class=\"wy_tableau_gauche\" height=\"270\" src=\"https:\/\/boulanger.scene7.com\/is\/image\/Boulanger\/9120096774034_h_f_l_0?wid=400&amp;hei=270\" width=\"400\"\/>La modernit\u00e9 des capteurs qui subliment la photographie en mode manuel<\/h3>\n<p>Les nostalgiques des ann\u00e9es 80-90 seront conquis par cet appareil photo POLAROID I-2 qui allie le charme des photos argentiques au format carr\u00e9 et <b>la modernit\u00e9 des capteurs et des touches tactiles<\/b>. Avec un syst\u00e8me autofocus continu \u00e0 3 lentilles, un capteur LiDAR et l&rsquo;ouverture qui va de f8 \u00e0 f64, les sujets b\u00e9n\u00e9ficieront d&rsquo;une excellente nettet\u00e9. <\/p>\n<p>La marque phare de la photo instantan\u00e9e propose des <b>commandes manuelles<\/b> pour plus de contr\u00f4le dans votre cr\u00e9ativit\u00e9. Ainsi, avec l&rsquo;appareil photo POLAROID I-2, vous pourrez sortir du mode AUTO et exp\u00e9rimenter diff\u00e9rentes variables. Le petit plus : en t\u00e9l\u00e9chargeant l&rsquo;application Polaroid, vous pourrez garder vos r\u00e9glages en m\u00e9moire et les enregistrer comme favoris. <\/p>\n<h3><img decoding=\"async\" ,=\"\" alt=\"App. Photo POLAROID I-2\" class=\"wy_tableau_right\" height=\"270\" src=\"https:\/\/boulanger.scene7.com\/is\/image\/Boulanger\/9120096774034_h_f_l_1?wid=400&amp;hei=270\" width=\"400\"\/>Un design iconique pour des photos uniques<\/h3>\n<p>Pour coller encore plus au style r\u00e9tro, l&rsquo;appareil photo POLAROID I-2 fait de chaque prise une oeuvre unique. <b>La photo est imprim\u00e9e sur le champ<\/b> avec des films i-Type, 600 ou SX-70 vendus s\u00e9par\u00e9ment. Laissez-les reposer quelques minutes et vous verrez vos cr\u00e9ations se mat\u00e9rialiser juste apr\u00e8s l&rsquo;impression. <\/p>\n<p>L&rsquo;appareil photo POLAROID I-2 embarque <b>un flash int\u00e9gr\u00e9<\/b> qui peut \u00eatre enclench\u00e9 lorsque la lumi\u00e8re environnante ou naturelle n&rsquo;\u00e9claire pas assez votre sujet. Avec ce flash aliment\u00e9 par la batterie rechargeable par USB-C, vous retrouverez ce rendu tr\u00e8s particulier sur vos clich\u00e9s, accentuant au passage les <b>effets vintage et r\u00e9tro<\/b>.<\/p>\n<\/p>\n<\/div>\n<p><bl-button a11yexpanded=\"false\" arialabel=\"Afficher toute la description\" class=\"read-more__btn\" full=\"false\" link=\"true\"><\/bl-button><\/div>","protected":false},"excerpt":{"rendered":"<div class=\"keypoints\">\n<h3 class=\"keypoints__title\">Les points cl\u00e9s<\/h3>\n<ul role=\"list\">\n<li class=\"keypoints__item\" role=\"listitem\">                                        Alimentation : Fonctionne sur batterie                      <\/li>\n<li class=\"keypoints__item\" role=\"listitem\">                                        retardateur : int\u00e9gr\u00e9                      <\/li>\n<\/ul>","protected":false},"featured_media":87460,"template":"","meta":{"_glsr_average":0,"_glsr_ranking":0,"_glsr_reviews":0},"product_cat":[483],"product_tag":[475,484,451],"class_list":{"0":"post-87461","1":"product","2":"type-product","3":"status-publish","4":"has-post-thumbnail","6":"product_cat-appareil-photo-instantane","7":"product_tag-appareil-photo","8":"product_tag-appareil-photo-instantane","9":"product_tag-tv-image-son","11":"first","12":"instock","13":"sale","14":"shipping-taxable","15":"purchasable","16":"product-type-simple"},"_links":{"self":[{"href":"https:\/\/electromenagerexpress.com\/en\/wp-json\/wp\/v2\/product\/87461","targetHints":{"allow":["GET"]}}],"collection":[{"href":"https:\/\/electromenagerexpress.com\/en\/wp-json\/wp\/v2\/product"}],"about":[{"href":"https:\/\/electromenagerexpress.com\/en\/wp-json\/wp\/v2\/types\/product"}],"wp:featuredmedia":[{"embeddable":true,"href":"https:\/\/electromenagerexpress.com\/en\/wp-json\/wp\/v2\/media\/87460"}],"wp:attachment":[{"href":"https:\/\/electromenagerexpress.com\/en\/wp-json\/wp\/v2\/media?parent=87461"}],"wp:term":[{"taxonomy":"product_cat","embeddable":true,"href":"https:\/\/electromenagerexpress.com\/en\/wp-json\/wp\/v2\/product_cat?post=87461"},{"taxonomy":"product_tag","embeddable":true,"href":"https:\/\/electromenagerexpress.com\/en\/wp-json\/wp\/v2\/product_tag?post=87461"}],"curies":[{"name":"wp","href":"https:\/\/api.w.org\/{rel}","templated":true}]}}