{"id":87296,"date":"2024-11-24T16:52:26","date_gmt":"2024-11-24T16:52:26","guid":{"rendered":"https:\/\/electromenagerexpress.com\/product\/appareil-photo-hybridepanasonicdc-g9m2me-optique-lumix-12-60-f3-5-5-6\/"},"modified":"2024-11-24T16:52:32","modified_gmt":"2024-11-24T16:52:32","slug":"appareil-photo-hybridepanasonicdc-g9m2me-optique-lumix-12-60-f3-5-5-6","status":"publish","type":"product","link":"https:\/\/electromenagerexpress.com\/en\/product\/appareil-photo-hybridepanasonicdc-g9m2me-optique-lumix-12-60-f3-5-5-6\/","title":{"rendered":"Appareil photo Hybride\t\t\t\t\t\t\tPANASONIC\t\t\t\tDC-G9M2ME+ Optique lumix 12-60 f3.5-5.6"},"content":{"rendered":"<div class=\"product-features__content\">\n<ul role=\"list\">\n<li class=\"product-features__item\" role=\"listitem\">\n<h3 class=\"product-features__label\">Bien choisir<\/h3>\n<ul role=\"list\">\n<li class=\"product-features__item-list__item\" role=\"listitem\"><span class=\"is--medium\">Besoin d&rsquo;aide pour choisir ? :<\/span> <a href=\"https:\/\/www.boulanger.com\/guide\/choisir-appareil-photo\" target=\"_blank\">consulter le guide d&rsquo;achat<\/a><\/li>\n<\/ul>\n<\/li>\n<li class=\"product-features__item\" role=\"listitem\">\n<h3 class=\"product-features__label\">Nos services et accessoires<\/h3>\n<ul role=\"list\">\n<li class=\"product-features__item-list__item\" role=\"listitem\"><span class=\"is--medium\">D\u00e9couvrez l&rsquo;assurance vol\/casse :<\/span> <a href=\"https:\/\/www.boulanger.com\/evenement\/assurance-produits-nomades\" target=\"_blank\">en sa <\/a><\/li>\n<li class=\"product-features__item-list__item\" role=\"listitem\"><span class=\"is--medium\">D\u00e9couvrez nos protections compatibles :<\/span> <a href=\"https:\/\/www.boulanger.com\/c\/bagagerie-photo\" target=\"_blank\">en sa <\/a><\/li>\n<li class=\"product-features__item-list__item\" role=\"listitem\"><span class=\"is--medium\">D\u00e9couvrez nos objectifs compl\u00e9mentaires :<\/span> <a href=\"https:\/\/www.boulanger.com\/c\/objectif\" target=\"_blank\">en sa <\/a><\/li>\n<\/ul>\n<\/li>\n<li class=\"product-features__item\" role=\"listitem\">\n<h3 class=\"product-features__label\">Qualit\u00e9 photo et vid\u00e9o<\/h3>\n<ul role=\"list\">\n<li class=\"product-features__item-list__item\" role=\"listitem\"><span class=\"is--medium\">Capteur :<\/span> Micro 4\/3, permet de capturer des sujets tr\u00e8s distants avec un t\u00e9l\u00e9objectif compact. Propose un champ plus \u00e9troit que le plein format, Id\u00e9al pour la photographie animali\u00e8re et sportive\t\t\t\t\t<\/li>\n<li class=\"product-features__item-list__item\" role=\"listitem\"><span class=\"is--medium\">Le saviez vous ? :<\/span> plus le capteur est grand, plus l&rsquo;image sera d\u00e9taill\u00e9e\t\t\t\t\t<\/li>\n<li class=\"product-features__item-list__item\" role=\"listitem\"><span class=\"is--medium\">R\u00e9solution (en m\u00e9gapixels) :<\/span> 25,2 Mpx\t\t\t\t\t<\/li>\n<li class=\"product-features__item-list__item\" role=\"listitem\"><span class=\"is--medium\">Comprendre la r\u00e9solution :<\/span> Plus ce chiffre sera \u00e9lev\u00e9, plus il sera possible d&rsquo;imprimer vos images en grand format comme des posters, ou encore effectuer des recadrages de qualit\u00e9 sur des logiciels de retouche photo.\t\t\t\t\t<\/li>\n<li class=\"product-features__item-list__item\" role=\"listitem\"><span class=\"is--medium\">Plage de sensibilit\u00e9 ISO :<\/span> de 50 \u00e0 25600\t\t\t\t\t<\/li>\n<li class=\"product-features__item-list__item\" role=\"listitem\"><span class=\"is--medium\">Comprendre la sensibilit\u00e9 ISO :<\/span> L&rsquo;ISO permet de contr\u00f4ler la lumi\u00e8re atteignant le capteur, de mani\u00e8re \u00e0 rendre la photo plus claire ou plus sombre. Elle fonctionne en automatique ou peut \u00eatre r\u00e9gl\u00e9e manuellement\t\t\t\t\t<\/li>\n<li class=\"product-features__item-list__item\" role=\"listitem\"><span class=\"is--medium\">Mise au point (AF) :<\/span> Autofocus 759 collimateurs\t\t\t\t\t<\/li>\n<li class=\"product-features__item-list__item\" role=\"listitem\"><span class=\"is--medium\">Qualit\u00e9 de la vid\u00e9o :<\/span> 4K, la d\u00e9finition est 4X sup\u00e9rieure \u00e0 la norme HD, et permet un niveau de d\u00e9tail \u00e9lev\u00e9\t\t\t\t\t<\/li>\n<li class=\"product-features__item-list__item\" role=\"listitem\"><span class=\"is--medium\">Fichier vid\u00e9o :<\/span> AVCHD\t\t\t\t\t<\/li>\n<li class=\"product-features__item-list__item\" role=\"listitem\"><span class=\"is--medium\">Fichier de l&rsquo;image :<\/span> JPEG, RAW\t\t\t\t\t<\/li>\n<\/ul>\n<\/li>\n<li class=\"product-features__item\" role=\"listitem\">\n<h3 class=\"product-features__label\">Objectif<\/h3>\n<ul role=\"list\">\n<li class=\"product-features__item-list__item\" role=\"listitem\"><span class=\"is--medium\">Vitesse d&rsquo;obturation :<\/span> Non concern\u00e9\t\t\t\t\t<\/li>\n<li class=\"product-features__item-list__item\" role=\"listitem\"><span class=\"is--medium\">Objectif tropicalis\u00e9 :<\/span> Non\t\t\t\t\t<\/li>\n<li class=\"product-features__item-list__item\" role=\"listitem\"><span class=\"is--medium\">Objectif stabilis\u00e9 :<\/span> Non\t\t\t\t\t<\/li>\n<li class=\"product-features__item-list__item\" role=\"listitem\"><span class=\"is--medium\">Objectif tropicalis\u00e9 :<\/span> Non\t\t\t\t\t<\/li>\n<\/ul>\n<\/li>\n<li class=\"product-features__item\" role=\"listitem\">\n<h3 class=\"product-features__label\">Boitier<\/h3>\n<ul role=\"list\">\n<li class=\"product-features__item-list__item\" role=\"listitem\"><span class=\"is--medium\">Mode rafale :<\/span> Oui\t\t\t\t\t<\/li>\n<li class=\"product-features__item-list__item\" role=\"listitem\"><span class=\"is--medium\">Tropicalis\u00e9 :<\/span> Oui\t\t\t\t\t<\/li>\n<li class=\"product-features__item-list__item\" role=\"listitem\"><span class=\"is--medium\">Ecran :<\/span> orientable\t\t\t\t\t<\/li>\n<li class=\"product-features__item-list__item\" role=\"listitem\"><span class=\"is--medium\">Flash int\u00e9gr\u00e9 :<\/span> Oui\t\t\t\t\t<\/li>\n<li class=\"product-features__item-list__item\" role=\"listitem\"><span class=\"is--medium\">Connectivit\u00e9 :<\/span> Oui\t\t\t\t\t<\/li>\n<li class=\"product-features__item-list__item\" role=\"listitem\"><span class=\"is--medium\">Type de viseur :<\/span> OLED, permet une qualit\u00e9 d&rsquo;image avec des noirs profonds et des couleurs vives.\t\t\t\t\t<\/li>\n<li class=\"product-features__item-list__item\" role=\"listitem\"><span class=\"is--medium\">Vis\u00e9e \u00e0 l&rsquo;\u00e9cran (Live View) :<\/span> Oui\t\t\t\t\t<\/li>\n<li class=\"product-features__item-list__item\" role=\"listitem\"><span class=\"is--medium\">Stabilisation :<\/span> Oui\t\t\t\t\t<\/li>\n<li class=\"product-features__item-list__item\" role=\"listitem\"><span class=\"is--medium\">Poids (en grammes) :<\/span> 975\t\t\t\t\t<\/li>\n<\/ul>\n<\/li>\n<li class=\"product-features__item\" role=\"listitem\">\n<h3 class=\"product-features__label\">Dimensions<\/h3>\n<ul role=\"list\">\n<li class=\"product-features__item-list__item\" role=\"listitem\"><span class=\"is--medium\">Dimensions l x h x p :<\/span> 13.5 x 10 x 10 cm\t\t\t\t\t<\/li>\n<\/ul>\n<\/li>\n<li class=\"product-features__item\" role=\"listitem\">\n<h3 class=\"product-features__label\">Informations compl\u00e9mentaires<\/h3>\n<ul role=\"list\">\n<li class=\"product-features__item-list__item\" role=\"listitem\"><span class=\"is--medium\">Fabriqu\u00e9 en :<\/span> Japon\t\t\t\t\t<\/li>\n<li class=\"product-features__item-list__item\" role=\"listitem\"><span class=\"is--medium\">Garantie :<\/span> 2 ans\t\t\t\t\t<\/li>\n<li class=\"product-features__item-list__item\" role=\"listitem\"><span class=\"is--medium\">Disponibilit\u00e9 des pi\u00e8ces d\u00e9tach\u00e9es (donn\u00e9es fournisseur) :<\/span> Pendant 5 ans, \u00e0 compter de la date d&rsquo;achat\t\t\t\t\t<\/li>\n<li class=\"product-features__item-list__item\" role=\"listitem\"><span class=\"is--medium\">R\u00e9f\u00e9rence constructeur :<\/span> DC-G9M2ME+ Optique lumix 12-60 f3.5-5.6\t\t\t\t\t<\/li>\n<li class=\"product-features__item-list__item\" role=\"listitem\"><span class=\"is--medium\">Marque :<\/span> PANASONIC\t\t\t\t\t<\/li>\n<\/ul>\n<\/li>\n<\/ul>\n<\/div>\n<div class=\"product__disclosure-content\">\n<div class=\"js-read-more product-description__content read-more read-more--truncated\" data-read-more-name=\"description\" style=\"max-height: 500px; overflow: hidden;\">\n<p>L&rsquo;appareil photo PANASONIC DC-G9M2ME avec l&rsquo;optique Lumix 1 conviendra tout particuli\u00e8rement aux professionnels en leur offrant un capteur Micro 4\/3 de haute r\u00e9solution de 24,2 Mpx et en combinant des capacit\u00e9s de vid\u00e9o sup\u00e9rieures \u00e0 la moyenne ProRes 5.7K et All-Intra 800Mbps.<\/p>\n<h3><img fetchpriority=\"high\" decoding=\"async\" ,=\"\" alt=\"APN PANASONIC DC-G9M2ME+ Optique lumix 1\" class=\"wy_tableau_gauche\" height=\"270\" src=\"https:\/\/boulanger.scene7.com\/is\/image\/Boulanger\/5025232948260_h_f_l_0?wid=400&amp;hei=270\" width=\"400\"\/>Rapidit\u00e9 et dext\u00e9rit\u00e9 conjugu\u00e9es<\/h3>\n<p><b>Le capteur Micro 4\/3<\/b> de votre futur appareil photo PANASONIC DC-G9M2ME+ vous offrira une qualit\u00e9 d&rsquo;image sans \u00e9gal qui vous permettra de saisir chaque d\u00e9tail avec une pr\u00e9cision remarquable. Cr\u00e9\u00e9 pour les cr\u00e9ateurs exigeants, il transformera chaque clich\u00e9 en tour de force cr\u00e9atif : la certitude de d\u00e9passer vos limites.<\/p>\n<p>Capturez des moments \u00e9ph\u00e9m\u00e8res gr\u00e2ce \u00e0 <b>la rafale ultra-rapide de 60 ips en AFC et 75 ips en AFS et au buffer de 200 images<\/b> de votre appareil photo PANASONIC DC-G9M2ME. <b>L&rsquo;autofocus Hybride Phase &amp; Contraste DFD de 779 points<\/b>, quant \u00e0 lui, assurera une mise au point pr\u00e9cise et rapide, essentielle pour la photographie d&rsquo;action.<\/p>\n<h3><img decoding=\"async\" ,=\"\" alt=\"APN PANASONIC DC-G9M2ME+ Optique lumix 1\" class=\"wy_tableau_right\" height=\"270\" src=\"https:\/\/boulanger.scene7.com\/is\/image\/Boulanger\/5025232948260_h_f_l_1?wid=400&amp;hei=270\" width=\"400\"\/>L&rsquo;alli\u00e9 des photographes professionnels<\/h3>\n<p>Votre futur appareil photo PANASONIC DC-G9M2ME se tiendra pr\u00eat \u00e0 relever les d\u00e9fis de la photographie professionnelle ! <b>Sa fonction vid\u00e9o ProRes 5.7K et All-Intra 800Mbps via USB-SSD<\/b> sera id\u00e9ale pour vos projets vid\u00e9o professionnels, en vous offrant des enregistrements de haute qualit\u00e9 et une flexibilit\u00e9 cr\u00e9ative in\u00e9gal\u00e9e.<\/p>\n<p>Dot\u00e9 <b>d&rsquo;une r\u00e9solution de 24,2 Mpx<\/b>, votre appareil photo PANASONIC DC-G9M2ME capturera des images d&rsquo;une clart\u00e9 et d&rsquo;une pr\u00e9cision hors pair. Vous pourrez compter sur sa qualit\u00e9 d&rsquo;image remarquable qui vous permettra de capturer les moindres d\u00e9tails de chaque sc\u00e8ne qui se trouvera devant vos yeux : optimal pour une utilisation professionnelle.<\/p>\n<\/p>\n<\/div>\n<p><bl-button a11yexpanded=\"false\" arialabel=\"Afficher toute la description\" class=\"read-more__btn\" full=\"false\" link=\"true\"><\/bl-button><\/div>","protected":false},"excerpt":{"rendered":"<div class=\"keypoints\">\n<h3 class=\"keypoints__title\">Les points cl\u00e9s<\/h3>\n<ul role=\"list\">\n<li class=\"keypoints__item\" role=\"listitem\">                                        Ideal pour : Professionnel                      <\/li>\n<li class=\"keypoints__item\" role=\"listitem\">                          Capteur : Micro 4\/3 &#8211;                                                      R\u00e9solution 24,2 m\u00e9gapixels                      <\/li>\n<li class=\"keypoints__item\" role=\"listitem\">                          Sensibilit\u00e9 ISO maximale : 128000 &#8211;                                                      Vitesse d&rsquo;obturation : Non concern\u00e9                      <\/li>\n<li class=\"keypoints__item\" role=\"listitem\">                          Connectivit\u00e9 : Wi-Fi, Wi-Fi Direct, Bluetooth &#8211;                                                      Ecran : orientable                      <\/li>\n<li class=\"keypoints__item keypoints__item--advantage\" role=\"listitem\"><strong>Le + :<\/strong> Polyvalence et qualit\u00e9 d&rsquo;image avec un objectif Lumix et un bo\u00eetier performant.      <\/li>\n<\/ul>","protected":false},"featured_media":87295,"template":"","meta":{"_glsr_average":0,"_glsr_ranking":0,"_glsr_reviews":0},"product_cat":[474],"product_tag":[475,476,451],"class_list":{"0":"post-87296","1":"product","2":"type-product","3":"status-publish","4":"has-post-thumbnail","6":"product_cat-appareil-photo-hybride","7":"product_tag-appareil-photo","8":"product_tag-appareil-photo-hybride","9":"product_tag-tv-image-son","11":"first","12":"instock","13":"sale","14":"shipping-taxable","15":"purchasable","16":"product-type-simple"},"_links":{"self":[{"href":"https:\/\/electromenagerexpress.com\/en\/wp-json\/wp\/v2\/product\/87296","targetHints":{"allow":["GET"]}}],"collection":[{"href":"https:\/\/electromenagerexpress.com\/en\/wp-json\/wp\/v2\/product"}],"about":[{"href":"https:\/\/electromenagerexpress.com\/en\/wp-json\/wp\/v2\/types\/product"}],"wp:featuredmedia":[{"embeddable":true,"href":"https:\/\/electromenagerexpress.com\/en\/wp-json\/wp\/v2\/media\/87295"}],"wp:attachment":[{"href":"https:\/\/electromenagerexpress.com\/en\/wp-json\/wp\/v2\/media?parent=87296"}],"wp:term":[{"taxonomy":"product_cat","embeddable":true,"href":"https:\/\/electromenagerexpress.com\/en\/wp-json\/wp\/v2\/product_cat?post=87296"},{"taxonomy":"product_tag","embeddable":true,"href":"https:\/\/electromenagerexpress.com\/en\/wp-json\/wp\/v2\/product_tag?post=87296"}],"curies":[{"name":"wp","href":"https:\/\/api.w.org\/{rel}","templated":true}]}}