{"id":87144,"date":"2024-11-24T16:49:58","date_gmt":"2024-11-24T16:49:58","guid":{"rendered":"https:\/\/electromenagerexpress.com\/product\/appareil-photo-hybridepanasonicdc-gh6-noir-12-60mm\/"},"modified":"2024-11-24T16:50:15","modified_gmt":"2024-11-24T16:50:15","slug":"appareil-photo-hybridepanasonicdc-gh6-noir-12-60mm","status":"publish","type":"product","link":"https:\/\/electromenagerexpress.com\/en\/product\/appareil-photo-hybridepanasonicdc-gh6-noir-12-60mm\/","title":{"rendered":"Appareil photo Hybride\t\t\t\t\t\t\tPANASONIC\t\t\t\tDC-GH6 noir + 12-60mm"},"content":{"rendered":"<div class=\"product-features__content\">\n<ul role=\"list\">\n<li class=\"product-features__item\" role=\"listitem\">\n<h3 class=\"product-features__label\">Bien choisir<\/h3>\n<ul role=\"list\">\n<li class=\"product-features__item-list__item\" role=\"listitem\"><span class=\"is--medium\">Besoin d&rsquo;aide pour choisir ? :<\/span> <a href=\"https:\/\/www.boulanger.com\/guide\/choisir-appareil-photo\" target=\"_blank\">consulter le guide d&rsquo;achat<\/a><\/li>\n<\/ul>\n<\/li>\n<li class=\"product-features__item\" role=\"listitem\">\n<h3 class=\"product-features__label\">Nos services et accessoires<\/h3>\n<ul role=\"list\">\n<li class=\"product-features__item-list__item\" role=\"listitem\"><span class=\"is--medium\">D\u00e9couvrez l&rsquo;assurance vol\/casse :<\/span> <a href=\"https:\/\/www.boulanger.com\/evenement\/assurance-produits-nomades\" target=\"_blank\">en sa <\/a><\/li>\n<li class=\"product-features__item-list__item\" role=\"listitem\"><span class=\"is--medium\">D\u00e9couvrez nos protections compatibles :<\/span> <a href=\"https:\/\/www.boulanger.com\/c\/bagagerie-photo\" target=\"_blank\">en sa <\/a><\/li>\n<li class=\"product-features__item-list__item\" role=\"listitem\"><span class=\"is--medium\">D\u00e9couvrez nos objectifs compl\u00e9mentaires :<\/span> <a href=\"https:\/\/www.boulanger.com\/c\/objectif\" target=\"_blank\">en sa <\/a><\/li>\n<\/ul>\n<\/li>\n<li class=\"product-features__item\" role=\"listitem\">\n<h3 class=\"product-features__label\">Qualit\u00e9 photo et vid\u00e9o<\/h3>\n<ul role=\"list\">\n<li class=\"product-features__item-list__item\" role=\"listitem\"><span class=\"is--medium\">Capteur :<\/span> Micro 4\/3, permet de capturer des sujets tr\u00e8s distants avec un t\u00e9l\u00e9objectif compact. Propose un champ plus \u00e9troit que le plein format, Id\u00e9al pour la photographie animali\u00e8re et sportive\t\t\t\t\t<\/li>\n<li class=\"product-features__item-list__item\" role=\"listitem\"><span class=\"is--medium\">Le saviez vous ? :<\/span> plus le capteur est grand, plus l&rsquo;image sera d\u00e9taill\u00e9e\t\t\t\t\t<\/li>\n<li class=\"product-features__item-list__item\" role=\"listitem\"><span class=\"is--medium\">R\u00e9solution (en m\u00e9gapixels) :<\/span> 25,0 Mpx\t\t\t\t\t<\/li>\n<li class=\"product-features__item-list__item\" role=\"listitem\"><span class=\"is--medium\">Comprendre la r\u00e9solution :<\/span> Plus ce chiffre sera \u00e9lev\u00e9, plus il sera possible d&rsquo;imprimer vos images en grand format comme des posters, ou encore effectuer des recadrages de qualit\u00e9 sur des logiciels de retouche photo.\t\t\t\t\t<\/li>\n<li class=\"product-features__item-list__item\" role=\"listitem\"><span class=\"is--medium\">Plage de sensibilit\u00e9 ISO :<\/span> de 100 \u00e0 25600\t\t\t\t\t<\/li>\n<li class=\"product-features__item-list__item\" role=\"listitem\"><span class=\"is--medium\">Comprendre la sensibilit\u00e9 ISO :<\/span> L&rsquo;ISO permet de contr\u00f4ler la lumi\u00e8re atteignant le capteur, de mani\u00e8re \u00e0 rendre la photo plus claire ou plus sombre. Elle fonctionne en automatique ou peut \u00eatre r\u00e9gl\u00e9e manuellement\t\t\t\t\t<\/li>\n<li class=\"product-features__item-list__item\" role=\"listitem\"><span class=\"is--medium\">Comprendre la mise au point :<\/span> La mise au point (ou autofocus), automatique ou manuelle, optimise la photo sur un nombre de points appel\u00e9s collimateurs.Plus ils sont nombreux, plus l&rsquo;image est qualitative.\t\t\t\t\t<\/li>\n<li class=\"product-features__item-list__item\" role=\"listitem\"><span class=\"is--medium\">Fichier vid\u00e9o :<\/span> MP4\t\t\t\t\t<\/li>\n<li class=\"product-features__item-list__item\" role=\"listitem\"><span class=\"is--medium\">Fichier de l&rsquo;image :<\/span> JPEG, RAW\t\t\t\t\t<\/li>\n<\/ul>\n<\/li>\n<li class=\"product-features__item\" role=\"listitem\">\n<h3 class=\"product-features__label\">Objectif<\/h3>\n<ul role=\"list\">\n<li class=\"product-features__item-list__item\" role=\"listitem\"><span class=\"is--medium\">Focale :<\/span> 12-60mm\t\t\t\t\t<\/li>\n<li class=\"product-features__item-list__item\" role=\"listitem\"><span class=\"is--medium\">La saviez vous ? :<\/span> Suivant le choix de la focale,l&rsquo;angle de champ peut para\u00eetre plus grand ou plus \u00e9troit. Focale &lt;24 mm grand angle + paysage , focale entre 18 et 85 mm paysage + portrait, focale &gt; 90 mm photo faune et flore, sportive\t\t\t\t\t<\/li>\n<li class=\"product-features__item-list__item\" role=\"listitem\"><span class=\"is--medium\">Vitesse d&rsquo;obturation :<\/span> 1\/8000 \u00e0 60 s\t\t\t\t\t<\/li>\n<li class=\"product-features__item-list__item\" role=\"listitem\"><span class=\"is--medium\">Comprendre la vitesse d&rsquo;obturation :<\/span> La vitesse d&rsquo;obturation, est le temps pendant lequel l&rsquo;obturateur s&rsquo;ouvre au d\u00e9clenchement. Si la vitesse est r\u00e9gl\u00e9e sur une valeur rapide, (jusqu&rsquo;\u00e0 1\/8000 sec) l&rsquo;image sera nette, au contraire si la vitesse est r\u00e9gl\u00e9e sur une valeur lente (jusqu&rsquo;\u00e0 30 sec) l&rsquo;image aura un effet artistique.\t\t\t\t\t<\/li>\n<li class=\"product-features__item-list__item\" role=\"listitem\"><span class=\"is--medium\">Objectif tropicalis\u00e9 :<\/span> Non\t\t\t\t\t<\/li>\n<li class=\"product-features__item-list__item\" role=\"listitem\"><span class=\"is--medium\">Diam\u00e8tre du filtre :<\/span> 62 mm\t\t\t\t\t<\/li>\n<li class=\"product-features__item-list__item\" role=\"listitem\"><span class=\"is--medium\">Objectif stabilis\u00e9 :<\/span> Non\t\t\t\t\t<\/li>\n<li class=\"product-features__item-list__item\" role=\"listitem\"><span class=\"is--medium\">Objectif tropicalis\u00e9 :<\/span> Non\t\t\t\t\t<\/li>\n<li class=\"product-features__item-list__item\" role=\"listitem\"><span class=\"is--medium\">Diam\u00e8tre du filtre :<\/span> 62 mm\t\t\t\t\t<\/li>\n<\/ul>\n<\/li>\n<li class=\"product-features__item\" role=\"listitem\">\n<h3 class=\"product-features__label\">Boitier<\/h3>\n<ul role=\"list\">\n<li class=\"product-features__item-list__item\" role=\"listitem\"><span class=\"is--medium\">Mode rafale :<\/span> Oui\t\t\t\t\t<\/li>\n<li class=\"product-features__item-list__item\" role=\"listitem\"><span class=\"is--medium\">Tropicalis\u00e9 :<\/span> Non\t\t\t\t\t<\/li>\n<li class=\"product-features__item-list__item\" role=\"listitem\"><span class=\"is--medium\">Ecran :<\/span> fixe\t\t\t\t\t<\/li>\n<li class=\"product-features__item-list__item\" role=\"listitem\"><span class=\"is--medium\">Flash int\u00e9gr\u00e9 :<\/span> Non\t\t\t\t\t<\/li>\n<li class=\"product-features__item-list__item\" role=\"listitem\"><span class=\"is--medium\">Connectivit\u00e9 :<\/span> Oui\t\t\t\t\t<\/li>\n<li class=\"product-features__item-list__item\" role=\"listitem\"><span class=\"is--medium\">Connectiques :<\/span> Sortie HDMI, Entr\u00e9e micro, Sortie casque\t\t\t\t\t<\/li>\n<li class=\"product-features__item-list__item\" role=\"listitem\"><span class=\"is--medium\">Carte(s) m\u00e9moire(s) compatible(s) : :<\/span> SD, SDHC, SDXC\t\t\t\t\t<\/li>\n<li class=\"product-features__item-list__item\" role=\"listitem\"><span class=\"is--medium\">Type de viseur :<\/span> OLED, permet une qualit\u00e9 d&rsquo;image avec des noirs profonds et des couleurs vives.\t\t\t\t\t<\/li>\n<li class=\"product-features__item-list__item\" role=\"listitem\"><span class=\"is--medium\">Vis\u00e9e \u00e0 l&rsquo;\u00e9cran (Live View) :<\/span> Oui\t\t\t\t\t<\/li>\n<li class=\"product-features__item-list__item\" role=\"listitem\"><span class=\"is--medium\">Stabilisation :<\/span> Oui\t\t\t\t\t<\/li>\n<li class=\"product-features__item-list__item\" role=\"listitem\"><span class=\"is--medium\">Poids (en grammes) :<\/span> 800\t\t\t\t\t<\/li>\n<\/ul>\n<\/li>\n<li class=\"product-features__item\" role=\"listitem\">\n<h3 class=\"product-features__label\">Dimensions<\/h3>\n<ul role=\"list\">\n<li class=\"product-features__item-list__item\" role=\"listitem\"><span class=\"is--medium\">Dimensions l x h x p :<\/span> 13.26 x 9.71 x 9.71 cm\t\t\t\t\t<\/li>\n<\/ul>\n<\/li>\n<li class=\"product-features__item\" role=\"listitem\">\n<h3 class=\"product-features__label\">Informations compl\u00e9mentaires<\/h3>\n<ul role=\"list\">\n<li class=\"product-features__item-list__item\" role=\"listitem\"><span class=\"is--medium\">Fabriqu\u00e9 en :<\/span> Chine\t\t\t\t\t<\/li>\n<li class=\"product-features__item-list__item\" role=\"listitem\"><span class=\"is--medium\">Garantie :<\/span> 2 ans\t\t\t\t\t<\/li>\n<li class=\"product-features__item-list__item\" role=\"listitem\"><span class=\"is--medium\">Disponibilit\u00e9 des pi\u00e8ces d\u00e9tach\u00e9es (donn\u00e9es fournisseur) :<\/span> Pendant 5 ans, \u00e0 compter de la date d&rsquo;achat\t\t\t\t\t<\/li>\n<li class=\"product-features__item-list__item\" role=\"listitem\"><span class=\"is--medium\">R\u00e9f\u00e9rence constructeur :<\/span> DC-GH6 noir + 12-60mm\t\t\t\t\t<\/li>\n<li class=\"product-features__item-list__item\" role=\"listitem\"><span class=\"is--medium\">Marque :<\/span> PANASONIC\t\t\t\t\t<\/li>\n<\/ul>\n<\/li>\n<\/ul>\n<\/div>\n<div class=\"product__disclosure-content\">\n<div class=\"js-read-more product-description__content read-more read-more--truncated\" data-read-more-name=\"description\" style=\"max-height: 500px; overflow: hidden;\">\n<p>Dernier n\u00e9 de la gamme GH, le PANASONIC DC-GH6 regroupe tout le savoir-faire du constructeur pour proposer un appareil photo d&rsquo;une grande polyvalence. Que vous soyez photographe, vid\u00e9aste ou cr\u00e9ateur de contenu, cet appareil dispose de toutes les fonctionnalit\u00e9s pour vous faciliter la t\u00e2che tout en offrant une qualit\u00e9 d&rsquo;image incomparable.<\/p>\n<h3><img fetchpriority=\"high\" decoding=\"async\" ,=\"\" alt=\"APN PANASONIC DC-GH6 noir + 12-60mm\" class=\"wy_tableau_gauche\" height=\"270\" src=\"https:\/\/boulanger.scene7.com\/is\/image\/Boulanger\/5025232920945_h_f_l_0?wid=400&amp;hei=270\" width=\"400\"\/>Une qualit\u00e9 d&rsquo;images parfaite \u00e0 tout instant<\/h3>\n<p>Gr\u00e2ce \u00e0 son <b>capteur Live MOS type 4\/3 de 25 Mpx<\/b> et sa <b>plage dynamique boost\u00e9e de 13+ stops<\/b>, le PANASONIC DC-GH6 produit une image d&rsquo;une pr\u00e9cision et d&rsquo;une finesse exceptionnelle en photo comme en vid\u00e9o. Pour traiter toutes les images, Panasonic a \u00e9quipe l&rsquo;appareil du nouveau <b>processeur Venus Engine<\/b>, 2 fois plus puissant que son pr\u00e9d\u00e9cesseur.<\/p>\n<p>Pour \u00e9viter le flou de mouvement sur les photos ou pour obtenir des vid\u00e9os stables, Panasonic a \u00e9galement dot\u00e9 le DC-GH6 d&rsquo;un <b>m\u00e9canisme de stabilisation 5 axes<\/b>. Ce m\u00eame syst\u00e8me permet d&rsquo;obtenir des prises de vue en <b>mode haute r\u00e9solution 100 Mpx<\/b> en rassemblant automatiquement 8 images cons\u00e9cutives.<\/p>\n<h3><img decoding=\"async\" ,=\"\" alt=\"APN PANASONIC DC-GH6 noir + 12-60mm\" class=\"wy_tableau_right\" height=\"270\" src=\"https:\/\/boulanger.scene7.com\/is\/image\/Boulanger\/5025232920945_h_f_l_1?wid=400&amp;hei=270\" width=\"400\"\/>Des fonctionnalit\u00e9s vid\u00e9o impressionnantes<\/h3>\n<p>Les vid\u00e9astes appr\u00e9cieront la possibilit\u00e9 de filmer au <b>format cin\u00e9ma 4K ou 4K UHD jusqu&rsquo;\u00e0 60 i\/s<\/b>. Avec le PANASONIC DC-GH6, il est m\u00eame possible d&rsquo;enregistrer en <b>5.7K jusqu&rsquo;\u00e0 60 i\/s en interne en 4.2.2 10 bit<\/b> pour une qualit\u00e9 d&rsquo;image parfaite. Les f\u00e9rus de ralentis spectaculaires auront acc\u00e8s \u00e0 divers formats pouvant aller du <b>4K 120 i\/s au Full HD 300 i\/s<\/b>.<\/p>\n<p><b>L&rsquo;\u00e9cran LCD tactile 3 po<\/b> est orientable pour faciliter les prises de vue sous divers angles, y compris en mode vlog. Le <b>port HDMI 2.1<\/b> permet de relier le PANASONIC DC-GH6 \u00e0 des \u00e9crans ou des enregistreurs externes. Le <b>port USB 3.2 Gen 2<\/b>, quant \u00e0 lui, permet la charge et l&rsquo;alimentation de l&rsquo;appareil ainsi que l&rsquo;utilisation de SSD externes comme stockage en lieu et place des cartes SD ou CFexpress utilisables en interne.<\/p>\n<\/p>\n<p><video class=\"s7Video\" controls=\"\" controlslist=\"nodownload\" poster=\"https:\/\/boulanger.scene7.com\/is\/image\/Boulanger\/5025232920945_v_0?scl=1\" preload=\"metadata\" src=\"https:\/\/boulanger.scene7.com\/is\/content\/Boulanger\/5025232920945_v_0\" width=\"100%\"><\/video><\/p>\n<\/div>\n<p><bl-button a11yexpanded=\"false\" arialabel=\"Afficher toute la description\" class=\"read-more__btn\" full=\"false\" link=\"true\"><\/bl-button><\/div>","protected":false},"excerpt":{"rendered":"<div class=\"keypoints\">\n<h3 class=\"keypoints__title\">Les points cl\u00e9s<\/h3>\n<ul role=\"list\">\n<li class=\"keypoints__item\" role=\"listitem\">                                        Ideal pour : Amateur                      <\/li>\n<li class=\"keypoints__item\" role=\"listitem\">                          Capteur : Micro 4\/3 &#8211;                                                      R\u00e9solution 25 m\u00e9gapixels                      <\/li>\n<li class=\"keypoints__item\" role=\"listitem\">                          Sensibilit\u00e9 ISO maximale : 25600 &#8211;                                                      Vitesse d&rsquo;obturation : 1\/8000 \u00e0 60 s                      <\/li>\n<li class=\"keypoints__item\" role=\"listitem\">                          Connectivit\u00e9 : Wi-Fi, Wi-Fi Direct &#8211;                                                      Ecran : fixe                      <\/li>\n<li class=\"keypoints__item keypoints__item--advantage\" role=\"listitem\"><strong>Le + :<\/strong> Temps d&rsquo;enregistrement vid\u00e9o illimit\u00e9 en C4K\/4K \u00e0 60p\/50p      <\/li>\n<\/ul>","protected":false},"featured_media":87143,"template":"","meta":{"_glsr_average":0,"_glsr_ranking":0,"_glsr_reviews":0},"product_cat":[474],"product_tag":[475,476,451],"class_list":{"0":"post-87144","1":"product","2":"type-product","3":"status-publish","4":"has-post-thumbnail","6":"product_cat-appareil-photo-hybride","7":"product_tag-appareil-photo","8":"product_tag-appareil-photo-hybride","9":"product_tag-tv-image-son","11":"first","12":"instock","13":"sale","14":"shipping-taxable","15":"purchasable","16":"product-type-simple"},"_links":{"self":[{"href":"https:\/\/electromenagerexpress.com\/en\/wp-json\/wp\/v2\/product\/87144","targetHints":{"allow":["GET"]}}],"collection":[{"href":"https:\/\/electromenagerexpress.com\/en\/wp-json\/wp\/v2\/product"}],"about":[{"href":"https:\/\/electromenagerexpress.com\/en\/wp-json\/wp\/v2\/types\/product"}],"wp:featuredmedia":[{"embeddable":true,"href":"https:\/\/electromenagerexpress.com\/en\/wp-json\/wp\/v2\/media\/87143"}],"wp:attachment":[{"href":"https:\/\/electromenagerexpress.com\/en\/wp-json\/wp\/v2\/media?parent=87144"}],"wp:term":[{"taxonomy":"product_cat","embeddable":true,"href":"https:\/\/electromenagerexpress.com\/en\/wp-json\/wp\/v2\/product_cat?post=87144"},{"taxonomy":"product_tag","embeddable":true,"href":"https:\/\/electromenagerexpress.com\/en\/wp-json\/wp\/v2\/product_tag?post=87144"}],"curies":[{"name":"wp","href":"https:\/\/api.w.org\/{rel}","templated":true}]}}