{"id":86965,"date":"2024-11-24T16:47:05","date_gmt":"2024-11-24T16:47:05","guid":{"rendered":"https:\/\/electromenagerexpress.com\/product\/appareil-photo-hybridesonyboitier-zv-e1-kit-fe-28-60mm\/"},"modified":"2024-11-24T16:47:11","modified_gmt":"2024-11-24T16:47:11","slug":"appareil-photo-hybridesonyboitier-zv-e1-kit-fe-28-60mm","status":"publish","type":"product","link":"https:\/\/electromenagerexpress.com\/en\/product\/appareil-photo-hybridesonyboitier-zv-e1-kit-fe-28-60mm\/","title":{"rendered":"Appareil photo Hybride\t\t\t\t\t\t\tSONY\t\t\t\tBoitier ZV-E1 kit FE 28-60mm"},"content":{"rendered":"<div class=\"product-features__content\">\n<ul role=\"list\">\n<li class=\"product-features__item\" role=\"listitem\">\n<h3 class=\"product-features__label\">Bien choisir<\/h3>\n<ul role=\"list\">\n<li class=\"product-features__item-list__item\" role=\"listitem\"><span class=\"is--medium\">Besoin d&rsquo;aide pour choisir ? :<\/span> <a href=\"https:\/\/www.boulanger.com\/guide\/choisir-appareil-photo\" target=\"_blank\">consulter le guide d&rsquo;achat<\/a><\/li>\n<\/ul>\n<\/li>\n<li class=\"product-features__item\" role=\"listitem\">\n<h3 class=\"product-features__label\">Nos services et accessoires<\/h3>\n<ul role=\"list\">\n<li class=\"product-features__item-list__item\" role=\"listitem\"><span class=\"is--medium\">D\u00e9couvrez l&rsquo;assurance vol\/casse :<\/span> <a href=\"https:\/\/www.boulanger.com\/evenement\/assurance-produits-nomades\" target=\"_blank\">en sa <\/a><\/li>\n<li class=\"product-features__item-list__item\" role=\"listitem\"><span class=\"is--medium\">D\u00e9couvrez nos protections compatibles :<\/span> <a href=\"https:\/\/www.boulanger.com\/c\/bagagerie-photo\" target=\"_blank\">en sa <\/a><\/li>\n<li class=\"product-features__item-list__item\" role=\"listitem\"><span class=\"is--medium\">D\u00e9couvrez nos objectifs compl\u00e9mentaires :<\/span> <a href=\"https:\/\/www.boulanger.com\/c\/objectif\" target=\"_blank\">en sa <\/a><\/li>\n<\/ul>\n<\/li>\n<li class=\"product-features__item\" role=\"listitem\">\n<h3 class=\"product-features__label\">Qualit\u00e9 photo et vid\u00e9o<\/h3>\n<ul role=\"list\">\n<li class=\"product-features__item-list__item\" role=\"listitem\"><span class=\"is--medium\">Capteur :<\/span> Plein Format (24&#215;36), permet de donner un excellent rendu pour un format carte postale ou un agrandissement\t\t\t\t\t<\/li>\n<li class=\"product-features__item-list__item\" role=\"listitem\"><span class=\"is--medium\">Le saviez vous ? :<\/span> plus le capteur est grand, plus l&rsquo;image sera d\u00e9taill\u00e9e\t\t\t\t\t<\/li>\n<li class=\"product-features__item-list__item\" role=\"listitem\"><span class=\"is--medium\">R\u00e9solution (en m\u00e9gapixels) :<\/span> 12,9 Mpx\t\t\t\t\t<\/li>\n<li class=\"product-features__item-list__item\" role=\"listitem\"><span class=\"is--medium\">Comprendre la r\u00e9solution :<\/span> Plus ce chiffre sera \u00e9lev\u00e9, plus il sera possible d&rsquo;imprimer vos images en grand format comme des posters, ou encore effectuer des recadrages de qualit\u00e9 sur des logiciels de retouche photo.\t\t\t\t\t<\/li>\n<li class=\"product-features__item-list__item\" role=\"listitem\"><span class=\"is--medium\">Plage de sensibilit\u00e9 ISO :<\/span> de 40 \u00e0 409600\t\t\t\t\t<\/li>\n<li class=\"product-features__item-list__item\" role=\"listitem\"><span class=\"is--medium\">Comprendre la sensibilit\u00e9 ISO :<\/span> L&rsquo;ISO permet de contr\u00f4ler la lumi\u00e8re atteignant le capteur, de mani\u00e8re \u00e0 rendre la photo plus claire ou plus sombre. Elle fonctionne en automatique ou peut \u00eatre r\u00e9gl\u00e9e manuellement\t\t\t\t\t<\/li>\n<li class=\"product-features__item-list__item\" role=\"listitem\"><span class=\"is--medium\">Mise au point (AF) :<\/span> Autofocus 759 collimateurs\t\t\t\t\t<\/li>\n<li class=\"product-features__item-list__item\" role=\"listitem\"><span class=\"is--medium\">Comprendre la mise au point :<\/span> La mise au point (ou autofocus), automatique ou manuelle, optimise la photo sur un nombre de points appel\u00e9s collimateurs.Plus ils sont nombreux, plus l&rsquo;image est qualitative.\t\t\t\t\t<\/li>\n<li class=\"product-features__item-list__item\" role=\"listitem\"><span class=\"is--medium\">Qualit\u00e9 de la vid\u00e9o :<\/span> 4K, la d\u00e9finition est 4X sup\u00e9rieure \u00e0 la norme HD, et permet un niveau de d\u00e9tail \u00e9lev\u00e9\t\t\t\t\t<\/li>\n<li class=\"product-features__item-list__item\" role=\"listitem\"><span class=\"is--medium\">Fichier vid\u00e9o :<\/span> AVCHD \/ MP4 \/ XAVC S\t\t\t\t\t<\/li>\n<li class=\"product-features__item-list__item\" role=\"listitem\"><span class=\"is--medium\">Fichier de l&rsquo;image :<\/span> JPEG, RAW\t\t\t\t\t<\/li>\n<\/ul>\n<\/li>\n<li class=\"product-features__item\" role=\"listitem\">\n<h3 class=\"product-features__label\">Objectif<\/h3>\n<ul role=\"list\">\n<li class=\"product-features__item-list__item\" role=\"listitem\"><span class=\"is--medium\">Focale :<\/span> 28-60mm\t\t\t\t\t<\/li>\n<li class=\"product-features__item-list__item\" role=\"listitem\"><span class=\"is--medium\">La saviez vous ? :<\/span> Suivant le choix de la focale,l&rsquo;angle de champ peut para\u00eetre plus grand ou plus \u00e9troit. Focale &lt;24 mm grand angle + paysage , focale entre 18 et 85 mm paysage + portrait, focale &gt; 90 mm photo faune et flore, sportive\t\t\t\t\t<\/li>\n<li class=\"product-features__item-list__item\" role=\"listitem\"><span class=\"is--medium\">Vitesse d&rsquo;obturation :<\/span> 1\/8000 \u00e0 30 s\t\t\t\t\t<\/li>\n<li class=\"product-features__item-list__item\" role=\"listitem\"><span class=\"is--medium\">Comprendre la vitesse d&rsquo;obturation :<\/span> La vitesse d&rsquo;obturation, est le temps pendant lequel l&rsquo;obturateur s&rsquo;ouvre au d\u00e9clenchement. Si la vitesse est r\u00e9gl\u00e9e sur une valeur rapide, (jusqu&rsquo;\u00e0 1\/8000 sec) l&rsquo;image sera nette, au contraire si la vitesse est r\u00e9gl\u00e9e sur une valeur lente (jusqu&rsquo;\u00e0 30 sec) l&rsquo;image aura un effet artistique.\t\t\t\t\t<\/li>\n<li class=\"product-features__item-list__item\" role=\"listitem\"><span class=\"is--medium\">Objectif tropicalis\u00e9 :<\/span> Non\t\t\t\t\t<\/li>\n<li class=\"product-features__item-list__item\" role=\"listitem\"><span class=\"is--medium\">Diam\u00e8tre du filtre :<\/span> 55 mm\t\t\t\t\t<\/li>\n<li class=\"product-features__item-list__item\" role=\"listitem\"><span class=\"is--medium\">Objectif stabilis\u00e9 :<\/span> Non\t\t\t\t\t<\/li>\n<li class=\"product-features__item-list__item\" role=\"listitem\"><span class=\"is--medium\">Objectif tropicalis\u00e9 :<\/span> Non\t\t\t\t\t<\/li>\n<li class=\"product-features__item-list__item\" role=\"listitem\"><span class=\"is--medium\">Diam\u00e8tre du filtre :<\/span> 55 mm\t\t\t\t\t<\/li>\n<\/ul>\n<\/li>\n<li class=\"product-features__item\" role=\"listitem\">\n<h3 class=\"product-features__label\">Boitier<\/h3>\n<ul role=\"list\">\n<li class=\"product-features__item-list__item\" role=\"listitem\"><span class=\"is--medium\">Mode rafale :<\/span> Oui\t\t\t\t\t<\/li>\n<li class=\"product-features__item-list__item\" role=\"listitem\"><span class=\"is--medium\">Tropicalis\u00e9 :<\/span> Non\t\t\t\t\t<\/li>\n<li class=\"product-features__item-list__item\" role=\"listitem\"><span class=\"is--medium\">Ecran :<\/span> fixe\t\t\t\t\t<\/li>\n<li class=\"product-features__item-list__item\" role=\"listitem\"><span class=\"is--medium\">Flash int\u00e9gr\u00e9 :<\/span> Non\t\t\t\t\t<\/li>\n<li class=\"product-features__item-list__item\" role=\"listitem\"><span class=\"is--medium\">Connectivit\u00e9 :<\/span> Oui\t\t\t\t\t<\/li>\n<li class=\"product-features__item-list__item\" role=\"listitem\"><span class=\"is--medium\">Connectiques :<\/span> Sortie vid\u00e9o, Sortie audio, Sortie Audio\/Vid\u00e9o, Sortie HDMI, Entr\u00e9e micro, Sortie casque\t\t\t\t\t<\/li>\n<li class=\"product-features__item-list__item\" role=\"listitem\"><span class=\"is--medium\">Carte(s) m\u00e9moire(s) compatible(s) : :<\/span> SD, SDHC\t\t\t\t\t<\/li>\n<li class=\"product-features__item-list__item\" role=\"listitem\"><span class=\"is--medium\">Type de viseur :<\/span> OLED, permet une qualit\u00e9 d&rsquo;image avec des noirs profonds et des couleurs vives.\t\t\t\t\t<\/li>\n<li class=\"product-features__item-list__item\" role=\"listitem\"><span class=\"is--medium\">Vis\u00e9e \u00e0 l&rsquo;\u00e9cran (Live View) :<\/span> Oui\t\t\t\t\t<\/li>\n<li class=\"product-features__item-list__item\" role=\"listitem\"><span class=\"is--medium\">Stabilisation :<\/span> Non\t\t\t\t\t<\/li>\n<li class=\"product-features__item-list__item\" role=\"listitem\"><span class=\"is--medium\">Poids (en grammes) :<\/span> 578\t\t\t\t\t<\/li>\n<\/ul>\n<\/li>\n<li class=\"product-features__item\" role=\"listitem\">\n<h3 class=\"product-features__label\">Dimensions<\/h3>\n<ul role=\"list\">\n<li class=\"product-features__item-list__item\" role=\"listitem\"><span class=\"is--medium\">Dimensions l x h x p :<\/span> 12.1 x 7.2 x 9.4 cm\t\t\t\t\t<\/li>\n<\/ul>\n<\/li>\n<li class=\"product-features__item\" role=\"listitem\">\n<h3 class=\"product-features__label\">Informations compl\u00e9mentaires<\/h3>\n<ul role=\"list\">\n<li class=\"product-features__item-list__item\" role=\"listitem\"><span class=\"is--medium\">Fabriqu\u00e9 en :<\/span> Tha\u00eflande\t\t\t\t\t<\/li>\n<li class=\"product-features__item-list__item\" role=\"listitem\"><span class=\"is--medium\">Garantie :<\/span> 2 ans\t\t\t\t\t<\/li>\n<li class=\"product-features__item-list__item\" role=\"listitem\"><span class=\"is--medium\">Disponibilit\u00e9 des pi\u00e8ces d\u00e9tach\u00e9es (donn\u00e9es fournisseur) :<\/span> Pendant 2 ans, \u00e0 compter de la date fin de commercialisation\t\t\t\t\t<\/li>\n<li class=\"product-features__item-list__item\" role=\"listitem\"><span class=\"is--medium\">R\u00e9f\u00e9rence constructeur :<\/span> Boitier ZV-E1 kit FE 28-60mm\t\t\t\t\t<\/li>\n<li class=\"product-features__item-list__item\" role=\"listitem\"><span class=\"is--medium\">Marque :<\/span> SONY\t\t\t\t\t<\/li>\n<\/ul>\n<\/li>\n<\/ul>\n<\/div>\n<div class=\"product__disclosure-content\">\n<div class=\"js-read-more product-description__content read-more read-more--truncated\" data-read-more-name=\"description\" style=\"max-height: 500px; overflow: hidden;\">\n<p>Passez au niveau sup\u00e9rieur avec la cam\u00e9ra ZV-E1 Kit FE 28-60 mm de Sony. Avec son capteur plein format de 12 MP, cet appareil reprend toutes les fonctionnalit\u00e9s de ses a\u00een\u00e9s, l&rsquo;Alpha7SIII et la FX3, dans un bo\u00eetier compact et l\u00e9ger. Des fonctions in\u00e9dites et incontournables faciliteront le travail des cr\u00e9ateurs de contenu.<\/p>\n<h3><img fetchpriority=\"high\" decoding=\"async\" ,=\"\" alt=\"APN SONY Boitier ZV-E1 kit FE 28-60mm\" class=\"wy_tableau_gauche\" height=\"270\" src=\"https:\/\/boulanger.scene7.com\/is\/image\/Boulanger\/5013493459700_h_f_l_0?wid=400&amp;hei=270\" width=\"400\"\/>Des fonctions professionnelles accessibles \u00e0 tous<\/h3>\n<p>La cam\u00e9ra Sony ZV-E1 Kit 28-60 mm reprend de nombreuses caract\u00e9ristiques des Alpha7SIII et FX3, comme le <b>capteur plein format de 12 Mpx<\/b> avec une <b>sensibilit\u00e9 allant de 40 \u00e0 409 600 ISO<\/b>. Pour une image de qualit\u00e9 exceptionnelle, cette cam\u00e9ra permet de <b>filmer en 4K 4:2:2 10 bit \u00e0 60 i\/s<\/b> avec son autofocus intelligent ultra-performant (120 i\/s via une mise \u00e0 jour firmware).<\/p>\n<p>\u00c0 l&rsquo;instar des mod\u00e8les APS-C que sont les ZV-1 ou ZV-E10, la cam\u00e9ra Sony ZV-E1 Kit FE 28-60 mm b\u00e9n\u00e9ficie de fonctions d\u00e9di\u00e9es aux vloggeurs, comme le <b>mode pr\u00e9sentation de produit ou l&rsquo;activation de l&rsquo;effet bokeh<\/b>. Pour une image toujours stable, Sony a int\u00e9gr\u00e9 une <b>triple stabilisation d&rsquo;image<\/b> avec un stabilisateur m\u00e9canique 5 axes et 2 modes actifs \u00e9lectroniques.<\/p>\n<h3><img decoding=\"async\" ,=\"\" alt=\"APN SONY Boitier ZV-E1 kit FE 28-60mm\" class=\"wy_tableau_right\" height=\"270\" src=\"https:\/\/boulanger.scene7.com\/is\/image\/Boulanger\/5013493459700_h_f_l_1?wid=400&amp;hei=270\" width=\"400\"\/>L&rsquo;intelligence artificielle au service de la cr\u00e9ation de contenu<\/h3>\n<p>Gr\u00e2ce \u00e0 la <b>puce IA int\u00e9gr\u00e9e<\/b>, la cam\u00e9ra Sony ZV-E1 Kit FE 28-60 mm dispose de fonctions in\u00e9dites comme le <b>recadrage automatique<\/b>. Il est ainsi capable de simuler des mouvements de cam\u00e9ra pour suivre le sujet. Son <b>syst\u00e8me d&rsquo;auto-focus b\u00e9n\u00e9ficie \u00e9galement de l&rsquo;IA<\/b> pour un suivi encore plus pr\u00e9cis. Pour les d\u00e9butants, Sony a dot\u00e9 sa cam\u00e9ra d&rsquo;un <b>mode sp\u00e9cial pour un rendu cin\u00e9ma imm\u00e9diat<\/b> ou une gestion automatique de la profondeur de champ.<\/p>\n<p>Compatible Wi-Fi, la cam\u00e9ra Sony ZV-E1 Kit FE 28-60 mm permet un transfert haut d\u00e9bit de vos photos et vid\u00e9os via son <b>Wi-Fi rapide 5 GHz<\/b> ou son port USB-C. Cette cam\u00e9ra peut servir de webcam pour <b>streamer en 4K 30p ou Full HD 60p<\/b>. Les cr\u00e9ateurs de contenu visant les r\u00e9seaux sociaux appr\u00e9cieront la possibilit\u00e9 de <b>tourner en mode vertical<\/b>.<\/p>\n<\/p>\n<\/div>\n<p><bl-button a11yexpanded=\"false\" arialabel=\"Afficher toute la description\" class=\"read-more__btn\" full=\"false\" link=\"true\"><\/bl-button><\/div>","protected":false},"excerpt":{"rendered":"<div class=\"keypoints\">\n<h3 class=\"keypoints__title\">Les points cl\u00e9s<\/h3>\n<ul role=\"list\">\n<li class=\"keypoints__item\" role=\"listitem\">                                        Ideal pour : Professionnel                      <\/li>\n<li class=\"keypoints__item\" role=\"listitem\">                          Capteur : Full Frame (24&#215;36) &#8211;                                                      R\u00e9solution 12,9 m\u00e9gapixels                      <\/li>\n<li class=\"keypoints__item\" role=\"listitem\">                          Sensibilit\u00e9 ISO maximale : 409600 &#8211;                                                      Vitesse d&rsquo;obturation : 1\/8000 \u00e0 30 s                      <\/li>\n<li class=\"keypoints__item\" role=\"listitem\">                          Connectivit\u00e9 : Wi-Fi, Wi-Fi Direct, Bluetooth &#8211;                                                      Ecran : fixe                      <\/li>\n<li class=\"keypoints__item keypoints__item--advantage\" role=\"listitem\"><strong>Le + :<\/strong> Puce IA int\u00e9gr\u00e9e pour am\u00e9liorer la mise au point AF et permettre de nouvelles fonctions vlog      <\/li>\n<\/ul>","protected":false},"featured_media":86964,"template":"","meta":{"_glsr_average":0,"_glsr_ranking":0,"_glsr_reviews":0},"product_cat":[474],"product_tag":[475,476,451],"class_list":{"0":"post-86965","1":"product","2":"type-product","3":"status-publish","4":"has-post-thumbnail","6":"product_cat-appareil-photo-hybride","7":"product_tag-appareil-photo","8":"product_tag-appareil-photo-hybride","9":"product_tag-tv-image-son","11":"first","12":"instock","13":"sale","14":"shipping-taxable","15":"purchasable","16":"product-type-simple"},"_links":{"self":[{"href":"https:\/\/electromenagerexpress.com\/en\/wp-json\/wp\/v2\/product\/86965","targetHints":{"allow":["GET"]}}],"collection":[{"href":"https:\/\/electromenagerexpress.com\/en\/wp-json\/wp\/v2\/product"}],"about":[{"href":"https:\/\/electromenagerexpress.com\/en\/wp-json\/wp\/v2\/types\/product"}],"wp:featuredmedia":[{"embeddable":true,"href":"https:\/\/electromenagerexpress.com\/en\/wp-json\/wp\/v2\/media\/86964"}],"wp:attachment":[{"href":"https:\/\/electromenagerexpress.com\/en\/wp-json\/wp\/v2\/media?parent=86965"}],"wp:term":[{"taxonomy":"product_cat","embeddable":true,"href":"https:\/\/electromenagerexpress.com\/en\/wp-json\/wp\/v2\/product_cat?post=86965"},{"taxonomy":"product_tag","embeddable":true,"href":"https:\/\/electromenagerexpress.com\/en\/wp-json\/wp\/v2\/product_tag?post=86965"}],"curies":[{"name":"wp","href":"https:\/\/api.w.org\/{rel}","templated":true}]}}