{"id":86935,"date":"2024-11-24T16:46:33","date_gmt":"2024-11-24T16:46:33","guid":{"rendered":"https:\/\/electromenagerexpress.com\/product\/appareil-photo-bridgekodakaz528-bleu-2eme-batt-etui\/"},"modified":"2024-11-24T16:46:43","modified_gmt":"2024-11-24T16:46:43","slug":"appareil-photo-bridgekodakaz528-bleu-2eme-batt-etui","status":"publish","type":"product","link":"https:\/\/electromenagerexpress.com\/en\/product\/appareil-photo-bridgekodakaz528-bleu-2eme-batt-etui\/","title":{"rendered":"Appareil photo Bridge\t\t\t\t\t\t\tKODAK\t\t\t\tAZ528 Bleu + 2eme Batt + etui"},"content":{"rendered":"<div class=\"product-features__content\">\n<ul role=\"list\">\n<li class=\"product-features__item\" role=\"listitem\">\n<h3 class=\"product-features__label\">Qualit\u00e9 photo et vid\u00e9o<\/h3>\n<ul role=\"list\">\n<li class=\"product-features__item-list__item\" role=\"listitem\"><span class=\"is--medium\">Type de capteur :<\/span> CMOS, offre des images d\u00e9taill\u00e9es et riches en couleurs, affiche une vitesse de lecture rapide.\t\t\t\t\t<\/li>\n<li class=\"product-features__item-list__item\" role=\"listitem\"><span class=\"is--medium\">Qualit\u00e9 photo (r\u00e9solution) :<\/span> 16,7 m\u00e9gapixels\t\t\t\t\t<\/li>\n<li class=\"product-features__item-list__item\" role=\"listitem\"><span class=\"is--medium\">Comprendre la r\u00e9solution :<\/span> Plus ce chiffre sera \u00e9lev\u00e9 plus cela sera utile si vous souhaitez imprimer vos images en grand format comme des posters, ou encore effectuer des recadrages de qualit\u00e9 sur des logiciels de retouche photo.\t\t\t\t\t<\/li>\n<li class=\"product-features__item-list__item\" role=\"listitem\"><span class=\"is--medium\">Qualit\u00e9 de la vid\u00e9o :<\/span> Full HD\t\t\t\t\t<\/li>\n<li class=\"product-features__item-list__item\" role=\"listitem\"><span class=\"is--medium\">Fichier vid\u00e9o :<\/span> MPEG4\t\t\t\t\t<\/li>\n<li class=\"product-features__item-list__item\" role=\"listitem\"><span class=\"is--medium\">Zoom optique :<\/span> x52\t\t\t\t\t<\/li>\n<li class=\"product-features__item-list__item\" role=\"listitem\"><span class=\"is--medium\">Zoom num\u00e9rique :<\/span> x4\t\t\t\t\t<\/li>\n<li class=\"product-features__item-list__item\" role=\"listitem\"><span class=\"is--medium\">Le saviez-vous ? :<\/span> permet d&rsquo;agrandir une image au-del\u00e0 des capacit\u00e9s du zoom optique, mais cela peut entra\u00eener une perte de qualit\u00e9 d&rsquo;image\t\t\t\t\t<\/li>\n<li class=\"product-features__item-list__item\" role=\"listitem\"><span class=\"is--medium\">Sensibilit\u00e9 ISO max :<\/span> 3200 ISO\t\t\t\t\t<\/li>\n<li class=\"product-features__item-list__item\" role=\"listitem\"><span class=\"is--medium\">Comprendre la sensibilit\u00e9 ISO :<\/span> L&rsquo;ISO permet de contr\u00f4ler la lumi\u00e8re atteignant le capteur, de mani\u00e8re \u00e0 rendre la photo plus claire ou plus sombre. Elle fonctionne en automatique ou peut \u00eatre r\u00e9gl\u00e9e manuellement\t\t\t\t\t<\/li>\n<li class=\"product-features__item-list__item\" role=\"listitem\"><span class=\"is--medium\">Stabilisateur :<\/span> Oui\t\t\t\t\t<\/li>\n<li class=\"product-features__item-list__item\" role=\"listitem\"><span class=\"is--medium\">Fichier de l&rsquo;image :<\/span> JPEG\t\t\t\t\t<\/li>\n<\/ul>\n<\/li>\n<li class=\"product-features__item\" role=\"listitem\">\n<h3 class=\"product-features__label\">Performances<\/h3>\n<ul role=\"list\">\n<li class=\"product-features__item-list__item\" role=\"listitem\"><span class=\"is--medium\">Vis\u00e9e \u00e0 l&rsquo;\u00e9cran :<\/span> Non\t\t\t\t\t<\/li>\n<li class=\"product-features__item-list__item\" role=\"listitem\"><span class=\"is--medium\">Connectivit\u00e9 :<\/span> Wi-Fi\t\t\t\t\t<\/li>\n<li class=\"product-features__item-list__item\" role=\"listitem\"><span class=\"is--medium\">Etanche :<\/span> Non\t\t\t\t\t<\/li>\n<li class=\"product-features__item-list__item\" role=\"listitem\"><span class=\"is--medium\">Tropicalis\u00e9 :<\/span> Non\t\t\t\t\t<\/li>\n<li class=\"product-features__item-list__item\" role=\"listitem\"><span class=\"is--medium\">Flash int\u00e9gr\u00e9 :<\/span> Oui\t\t\t\t\t<\/li>\n<li class=\"product-features__item-list__item\" role=\"listitem\"><span class=\"is--medium\">Type de viseur :<\/span> optique, permet d&rsquo;obtenir une vue directe et naturelle de la sc\u00e8ne et ne n\u00e9cessite pas d&rsquo;alimentation.\t\t\t\t\t<\/li>\n<li class=\"product-features__item-list__item\" role=\"listitem\"><span class=\"is--medium\">Connectiques :<\/span> Sortie USB\t\t\t\t\t<\/li>\n<li class=\"product-features__item-list__item\" role=\"listitem\"><span class=\"is--medium\">Carte(s) m\u00e9moire(s) compatible(s) :<\/span> SD, SDHC\t\t\t\t\t<\/li>\n<\/ul>\n<\/li>\n<li class=\"product-features__item\" role=\"listitem\">\n<h3 class=\"product-features__label\">Objectif<\/h3>\n<ul role=\"list\">\n<li class=\"product-features__item-list__item\" role=\"listitem\"><span class=\"is--medium\">Ouverture :<\/span> f\/2,8-5,6\t\t\t\t\t<\/li>\n<li class=\"product-features__item-list__item\" role=\"listitem\"><span class=\"is--medium\">Le saviez vous ? :<\/span> le f\/ ou F indique l&rsquo;ouverture lumineuse. Plus le nombre est grand, plus l&rsquo;ouverture est petite et adapt\u00e9e \u00e0 des environnements sombres. Plus le nombre est petit plus l&rsquo;ouverture est adapt\u00e9e \u00e0 des environnement lumineux\t\t\t\t\t<\/li>\n<li class=\"product-features__item-list__item\" role=\"listitem\"><span class=\"is--medium\">vitesse d&rsquo;opturation :<\/span> 1\/2000 \u00e0 30 s\t\t\t\t\t<\/li>\n<li class=\"product-features__item-list__item\" role=\"listitem\"><span class=\"is--medium\">Le saviez vous ? :<\/span> La vitesse s&rsquo;exprime en fraction de secondes. Si la vitesse est r\u00e9gl\u00e9e sur une valeur rapide, (jusqu&rsquo;\u00e0 1\/8000 sec) l&rsquo;image sera nette, au contraire si la vitesse est r\u00e9gl\u00e9e sur une valeur lente (jusqu&rsquo;\u00e0 30 sec) l&rsquo;image aura un effet artistique.\t\t\t\t\t<\/li>\n<li class=\"product-features__item-list__item\" role=\"listitem\"><span class=\"is--medium\">Objectif stabilis\u00e9 :<\/span> permet d&rsquo;obtenir des photos plus nettes en r\u00e9duisant les effets de mouvements de l&rsquo;appareil photo lors de la prise de vue.\t\t\t\t\t<\/li>\n<\/ul>\n<\/li>\n<li class=\"product-features__item\" role=\"listitem\">\n<h3 class=\"product-features__label\">Dimensions<\/h3>\n<ul role=\"list\">\n<li class=\"product-features__item-list__item\" role=\"listitem\"><span class=\"is--medium\">Dimensions l x h x p :<\/span> 12.1 x 9.8 x 8.6 cm\t\t\t\t\t<\/li>\n<li class=\"product-features__item-list__item\" role=\"listitem\"><span class=\"is--medium\">Poids sans accessoires :<\/span> 508 g\t\t\t\t\t<\/li>\n<\/ul>\n<\/li>\n<li class=\"product-features__item\" role=\"listitem\">\n<h3 class=\"product-features__label\">Informations compl\u00e9mentaires<\/h3>\n<ul role=\"list\">\n<li class=\"product-features__item-list__item\" role=\"listitem\"><span class=\"is--medium\">Fabriqu\u00e9 en :<\/span> Birmanie\t\t\t\t\t<\/li>\n<li class=\"product-features__item-list__item\" role=\"listitem\"><span class=\"is--medium\">Garantie :<\/span> 2 ans\t\t\t\t\t<\/li>\n<li class=\"product-features__item-list__item\" role=\"listitem\"><span class=\"is--medium\">Disponibilit\u00e9 des pi\u00e8ces d\u00e9tach\u00e9es (donn\u00e9es fournisseur) :<\/span> Pendant 2 ans, \u00e0 compter de la date d&rsquo;achat\t\t\t\t\t<\/li>\n<li class=\"product-features__item-list__item\" role=\"listitem\"><span class=\"is--medium\">R\u00e9f\u00e9rence constructeur :<\/span> AZ528 Bleu + 2eme Batt + etui\t\t\t\t\t<\/li>\n<li class=\"product-features__item-list__item\" role=\"listitem\"><span class=\"is--medium\">Marque :<\/span> KODAK\t\t\t\t\t<\/li>\n<\/ul>\n<\/li>\n<\/ul>\n<\/div>\n<div class=\"product__disclosure-content\">\n<div class=\"js-read-more product-description__content read-more read-more--truncated\" data-read-more-name=\"description\" style=\"max-height: 500px; overflow: hidden;\">\n<p>Besoin d&rsquo;un appareil photo compact qui se glissera facilement dans vos affaires ? Optez pour le Bridge KODAK AZ528, un symbole de praticit\u00e9.<\/p>\n<h3><img fetchpriority=\"high\" decoding=\"async\" ,=\"\" alt=\"Bridge KODAK AZ528 Bleu + 2eme Batt + et\" class=\"wy_tableau_gauche\" height=\"270\" src=\"https:\/\/boulanger.scene7.com\/is\/image\/Boulanger\/0819900013986_h_f_l_0?wid=400&amp;hei=270\" width=\"400\"\/>Une r\u00e9solution optimale<\/h3>\n<p>Parfait <b>compromis entre appareil photo compact et appareil photo reflex<\/b>, le Bridge KODAK AZ528 vous suivra partout, peu importe le contenu que vous souhaitez r\u00e9aliser. Pens\u00e9 pour que vous puissiez voyager l\u00e9ger, cet appareil photo n&rsquo;aura pas besoin d&rsquo;objectif suppl\u00e9mentaire et pourra <b>prendre une photo courte focale et longue focale simultan\u00e9ment<\/b>.<\/p>\n<p>La compacit\u00e9 n&rsquo;a pas d&rsquo;impact sur la qualit\u00e9 d&rsquo;image, et le Bridge KODAK AZ528 le prouve. Sa <b>r\u00e9solution de 16,7 Mpx<\/b> vous permettra de capturer tous les d\u00e9tails. Le <b>zoom optique x52<\/b> est id\u00e9al pour les photographes qui aiment prendre des photos en pleine nature. \u00c0 une <b>longue distance<\/b>, vous pourrez photographier les animaux sans les effrayer.<\/p>\n<h3><img decoding=\"async\" ,=\"\" alt=\"Bridge KODAK AZ528 Bleu + 2eme Batt + et\" class=\"wy_tableau_right\" height=\"270\" src=\"https:\/\/boulanger.scene7.com\/is\/image\/Boulanger\/0819900013986_h_f_l_1?wid=400&amp;hei=270\" width=\"400\"\/>De superbes vid\u00e9os<\/h3>\n<p>Mais le Bridge KODAK AZ528 n&rsquo;a pas \u00e9t\u00e9 con\u00e7u uniquement pour les photographes. En effet, il ravira \u00e9galement les vid\u00e9astes gr\u00e2ce \u00e0 ses <b>vid\u00e9os Full HD<\/b>. Il r\u00e9pondra ainsi aux attentes des cr\u00e9ateurs et cr\u00e9atrices de contenu qui veulent faire des vlogs en ext\u00e9rieur. Le <b>stabilisateur optique<\/b> \u00e9vitera les potentiels flous et tremblements li\u00e9s aux mouvements.<\/p>\n<p>Le <b>flash int\u00e9gr\u00e9<\/b> au Bridge KODAK AZ528 sera parfait pour les images tourn\u00e9es en nocturne. Si vous voyagez beaucoup, vous appr\u00e9cierez ce kit puisque l&rsquo;appareil est vendu avec <b>2 batteries<\/b>. Pour faciliter et optimiser le transport ainsi que la protection de votre bridge, ce dernier est \u00e9galement vendu avec un <b>\u00e9tui inclus<\/b>.<\/p>\n<\/p>\n<\/div>\n<p><bl-button a11yexpanded=\"false\" arialabel=\"Afficher toute la description\" class=\"read-more__btn\" full=\"false\" link=\"true\">Voir plus<\/bl-button><\/div>","protected":false},"excerpt":{"rendered":"<div class=\"keypoints\">\n<h3 class=\"keypoints__title\">Les points cl\u00e9s<\/h3>\n<ul role=\"list\">\n<li class=\"keypoints__item\" role=\"listitem\">                                        Ideal pour : Amateur                      <\/li>\n<li class=\"keypoints__item\" role=\"listitem\">                          Qualit\u00e9 photo : 16,7 m\u00e9gapixels &#8211;                                                      R\u00e9solution vid\u00e9o : Full HD                      <\/li>\n<li class=\"keypoints__item\" role=\"listitem\">                                        Zoom optique : x52                      <\/li>\n<li class=\"keypoints__item\" role=\"listitem\">                                        Connectivit\u00e9 : Wi-Fi                      <\/li>\n<li class=\"keypoints__item keypoints__item--advantage\" role=\"listitem\"><strong>Le + :<\/strong> Un zoom optique 52x qui vous rapproche du plus pr\u00e8s de l&rsquo;instant !      <\/li>\n<\/ul>","protected":false},"featured_media":86934,"template":"","meta":{"_glsr_average":0,"_glsr_ranking":0,"_glsr_reviews":0},"product_cat":[481],"product_tag":[475,482,451],"class_list":{"0":"post-86935","1":"product","2":"type-product","3":"status-publish","4":"has-post-thumbnail","6":"product_cat-appareil-photo-bridge","7":"product_tag-appareil-photo","8":"product_tag-appareil-photo-bridge","9":"product_tag-tv-image-son","11":"first","12":"instock","13":"sale","14":"shipping-taxable","15":"purchasable","16":"product-type-simple"},"_links":{"self":[{"href":"https:\/\/electromenagerexpress.com\/en\/wp-json\/wp\/v2\/product\/86935","targetHints":{"allow":["GET"]}}],"collection":[{"href":"https:\/\/electromenagerexpress.com\/en\/wp-json\/wp\/v2\/product"}],"about":[{"href":"https:\/\/electromenagerexpress.com\/en\/wp-json\/wp\/v2\/types\/product"}],"wp:featuredmedia":[{"embeddable":true,"href":"https:\/\/electromenagerexpress.com\/en\/wp-json\/wp\/v2\/media\/86934"}],"wp:attachment":[{"href":"https:\/\/electromenagerexpress.com\/en\/wp-json\/wp\/v2\/media?parent=86935"}],"wp:term":[{"taxonomy":"product_cat","embeddable":true,"href":"https:\/\/electromenagerexpress.com\/en\/wp-json\/wp\/v2\/product_cat?post=86935"},{"taxonomy":"product_tag","embeddable":true,"href":"https:\/\/electromenagerexpress.com\/en\/wp-json\/wp\/v2\/product_tag?post=86935"}],"curies":[{"name":"wp","href":"https:\/\/api.w.org\/{rel}","templated":true}]}}