{"id":86868,"date":"2024-11-24T16:45:20","date_gmt":"2024-11-24T16:45:20","guid":{"rendered":"https:\/\/electromenagerexpress.com\/product\/meuble-tvhelloshop26meuble-tele-buffet-tv-television-design-70\/"},"modified":"2024-11-24T16:45:25","modified_gmt":"2024-11-24T16:45:25","slug":"meuble-tvhelloshop26meuble-tele-buffet-tv-television-design-70","status":"publish","type":"product","link":"https:\/\/electromenagerexpress.com\/en\/product\/meuble-tvhelloshop26meuble-tele-buffet-tv-television-design-70\/","title":{"rendered":"Meuble TV\t\t\t\t\t\t\tHELLOSHOP26\t\t\t\tMeuble t\u00e9l\u00e9 buffet tv t\u00e9l\u00e9vision design"},"content":{"rendered":"<div class=\"product-features__content\">\n<ul role=\"list\">\n<li class=\"product-features__item\" role=\"listitem\">\n<h3 class=\"product-features__label\">Les + de ce mod\u00e8le<\/h3>\n<ul role=\"list\">\n<li class=\"product-features__item-list__item\" role=\"listitem\"><span class=\"is--medium\">Avantages :<\/span> .\t\t\t\t\t<\/li>\n<\/ul>\n<\/li>\n<li class=\"product-features__item\" role=\"listitem\">\n<h3 class=\"product-features__label\">Caract\u00e9ristiques g\u00e9n\u00e9rales<\/h3>\n<ul role=\"list\">\n<li class=\"product-features__item-list__item\" role=\"listitem\"><span class=\"is--medium\">Installation :<\/span> A monter soi-m\u00eame\t\t\t\t\t<\/li>\n<li class=\"product-features__item-list__item\" role=\"listitem\"><span class=\"is--medium\">Forme du meuble :<\/span> Droit\t\t\t\t\t<\/li>\n<li class=\"product-features__item-list__item\" role=\"listitem\"><span class=\"is--medium\">Recommand\u00e9 pour un t\u00e9l\u00e9viseur de :<\/span> jusqu&rsquo;\u00e0 23 pouces\t\t\t\t\t<\/li>\n<li class=\"product-features__item-list__item\" role=\"listitem\"><span class=\"is--medium\">Cache c\u00e2ble :<\/span> Non\t\t\t\t\t<\/li>\n<li class=\"product-features__item-list__item\" role=\"listitem\"><span class=\"is--medium\">Roulettes int\u00e9gr\u00e9es :<\/span> Non\t\t\t\t\t<\/li>\n<li class=\"product-features__item-list__item\" role=\"listitem\"><span class=\"is--medium\">Patins de protection int\u00e9gr\u00e9s :<\/span> Non\t\t\t\t\t<\/li>\n<li class=\"product-features__item-list__item\" role=\"listitem\"><span class=\"is--medium\">Support TV int\u00e9gr\u00e9 :<\/span> Non\t\t\t\t\t<\/li>\n<\/ul>\n<\/li>\n<li class=\"product-features__item\" role=\"listitem\">\n<h3 class=\"product-features__label\">Structure<\/h3>\n<ul role=\"list\">\n<li class=\"product-features__item-list__item\" role=\"listitem\"><span class=\"is--medium\">Mat\u00e9riau :<\/span> Non communiqu\u00e9\t\t\t\t\t<\/li>\n<li class=\"product-features__item-list__item\" role=\"listitem\"><span class=\"is--medium\">Coloris :<\/span> Noir\t\t\t\t\t<\/li>\n<\/ul>\n<\/li>\n<li class=\"product-features__item\" role=\"listitem\">\n<h3 class=\"product-features__label\">Etag\u00e8re principale<\/h3>\n<ul role=\"list\">\n<li class=\"product-features__item-list__item\" role=\"listitem\"><span class=\"is--medium\">Mat\u00e9riau :<\/span> Panneaux de particules\t\t\t\t\t<\/li>\n<li class=\"product-features__item-list__item\" role=\"listitem\"><span class=\"is--medium\">Poids support\u00e9 :<\/span> Non communiqu\u00e9\t\t\t\t\t<\/li>\n<\/ul>\n<\/li>\n<li class=\"product-features__item\" role=\"listitem\">\n<h3 class=\"product-features__label\">Dimensions<\/h3>\n<ul role=\"list\">\n<li class=\"product-features__item-list__item\" role=\"listitem\"><span class=\"is--medium\">LxHxP :<\/span> 30 x 40 x 30 cm\t\t\t\t\t<\/li>\n<li class=\"product-features__item-list__item\" role=\"listitem\"><span class=\"is--medium\">Poids :<\/span> 21,9 kg\t\t\t\t\t<\/li>\n<\/ul>\n<\/li>\n<li class=\"product-features__item\" role=\"listitem\">\n<h3 class=\"product-features__label\">Informations compl\u00e9mentaires<\/h3>\n<ul role=\"list\">\n<li class=\"product-features__item-list__item\" role=\"listitem\"><span class=\"is--medium\">Fabriqu\u00e9 en :<\/span> Chine\t\t\t\t\t<\/li>\n<li class=\"product-features__item-list__item\" role=\"listitem\"><span class=\"is--medium\">Disponibilit\u00e9 des pi\u00e8ces d\u00e9tach\u00e9es (donn\u00e9es fournisseur) :<\/span> Non communiqu\u00e9e\t\t\t\t\t<\/li>\n<li class=\"product-features__item-list__item\" role=\"listitem\"><span class=\"is--medium\">R\u00e9f\u00e9rence constructeur :<\/span> Meuble t\u00e9l\u00e9 buffet tv t\u00e9l\u00e9vision design\t\t\t\t\t<\/li>\n<li class=\"product-features__item-list__item\" role=\"listitem\"><span class=\"is--medium\">Marque :<\/span> HELLOSHOP26\t\t\t\t\t<\/li>\n<\/ul>\n<\/li>\n<\/ul>\n<\/div>\n<div class=\"product__disclosure-content\">\n<div class=\"js-read-more product-description__content read-more read-more--truncated\" data-read-more-name=\"description\" style=\"max-height: 500px; overflow: hidden;\">\n<p>Ce meuble TV unique ajoutera une touche de couleur \u00e0 votre salon ou chambre \u00e0 coucher. <\/p>\n<p>Avec son design saisissant, ce meuble TV peint \u00e0 la main sera un v\u00e9ritable sujet de conversation lorsque vous inviterez des amis. <\/p>\n<p>Le meuble TV est fait de bois de manguier qui est solide, stable, durable et beau et l&rsquo;artisanat s&rsquo;ajoute \u00e0 son spectaculaire style r\u00e9tro. <\/p>\n<p>L&rsquo;armoire HiFi pr\u00e9sente de riches d\u00e9tails d\u00e9coratifs peints \u00e0 la main qui d\u00e9gagent une touche d&rsquo;\u00e9l\u00e9gance et mettent en valeur l&rsquo;aspect raffin\u00e9. <\/p>\n<p>Les tirettes pratiques facilitent l&rsquo;ouverture des tiroirs et ajoutent au style distinctif de l&rsquo;armoire. <\/p>\n<p>Le meuble TV dispose d&rsquo;un compartiment et de deux tiroirs et offre suffisamment d&rsquo;espace pour ranger votre lecteur DVD, console de jeux, appareil de streaming et supports multim\u00e9dia. <\/p>\n<p>Gr\u00e2ce aux fentes \u00e0 l&rsquo;arri\u00e8re, vous pouvez cacher les cordons d&rsquo;alimentation derri\u00e8re l&rsquo;armoire pour les garder hors de vue. <\/p>\n<p>Le dessus color\u00e9 est id\u00e9al pour ranger votre t\u00e9l\u00e9viseur ou pour exposer des objets d\u00e9coratifs. <\/p>\n<p>Le meuble TV peut \u00e9galement \u00eatre utilis\u00e9 comme meuble lat\u00e9ral, meuble bas, buffet, etc. Remarque : L&rsquo;article est livr\u00e9 enti\u00e8rement assembl\u00e9.<\/p>\n<p>Couleur : multicolore<\/p>\n<p>Mat\u00e9riau : bois de manguier massif<\/p>\n<p>Dimensions : 120 x 30 x 40 cm (L x l x H)<\/p>\n<p>Avec de riches d\u00e9tails d\u00e9coratifs peints \u00e0 la main<\/p>\n<p>Poli, laqu\u00e9<\/p>\n<p>Fabrication \u00e0 la main<\/p>\n<p>Avec 2 tiroirs et 1 compartiment<\/p>\n<p>Aucun assemblage requis<\/p>\n<\/div>\n<p><bl-button a11yexpanded=\"false\" arialabel=\"Afficher toute la description\" class=\"read-more__btn\" full=\"false\" link=\"true\"><\/bl-button><\/div>","protected":false},"excerpt":{"rendered":"<div class=\"keypoints\">\n<h3 class=\"keypoints__title\">Les points cl\u00e9s<\/h3>\n<ul role=\"list\">\n<li class=\"keypoints__item\" role=\"listitem\">                                        A monter soi-m\u00eame                      <\/li>\n<li class=\"keypoints__item\" role=\"listitem\">                                        LxHxP : 30 x 40 x 30 cm                      <\/li>\n<\/ul>","protected":false},"featured_media":86867,"template":"","meta":{"_glsr_average":0,"_glsr_ranking":0,"_glsr_reviews":0},"product_cat":[460],"product_tag":[462,461,451],"class_list":{"0":"post-86868","1":"product","2":"type-product","3":"status-publish","4":"has-post-thumbnail","6":"product_cat-meuble-tv","7":"product_tag-meuble-tv","8":"product_tag-support-meuble","9":"product_tag-tv-image-son","11":"first","12":"instock","13":"sale","14":"shipping-taxable","15":"purchasable","16":"product-type-simple"},"_links":{"self":[{"href":"https:\/\/electromenagerexpress.com\/en\/wp-json\/wp\/v2\/product\/86868","targetHints":{"allow":["GET"]}}],"collection":[{"href":"https:\/\/electromenagerexpress.com\/en\/wp-json\/wp\/v2\/product"}],"about":[{"href":"https:\/\/electromenagerexpress.com\/en\/wp-json\/wp\/v2\/types\/product"}],"wp:featuredmedia":[{"embeddable":true,"href":"https:\/\/electromenagerexpress.com\/en\/wp-json\/wp\/v2\/media\/86867"}],"wp:attachment":[{"href":"https:\/\/electromenagerexpress.com\/en\/wp-json\/wp\/v2\/media?parent=86868"}],"wp:term":[{"taxonomy":"product_cat","embeddable":true,"href":"https:\/\/electromenagerexpress.com\/en\/wp-json\/wp\/v2\/product_cat?post=86868"},{"taxonomy":"product_tag","embeddable":true,"href":"https:\/\/electromenagerexpress.com\/en\/wp-json\/wp\/v2\/product_tag?post=86868"}],"curies":[{"name":"wp","href":"https:\/\/api.w.org\/{rel}","templated":true}]}}