{"id":86687,"date":"2024-11-24T16:42:19","date_gmt":"2024-11-24T16:42:19","guid":{"rendered":"https:\/\/electromenagerexpress.com\/product\/support-mural-tvkimexsupport-plafond-4-ecrans-32-65\/"},"modified":"2024-11-24T16:42:25","modified_gmt":"2024-11-24T16:42:25","slug":"support-mural-tvkimexsupport-plafond-4-ecrans-32-65","status":"publish","type":"product","link":"https:\/\/electromenagerexpress.com\/en\/product\/support-mural-tvkimexsupport-plafond-4-ecrans-32-65\/","title":{"rendered":"Support mural TV\t\t\t\t\t\t\tKIMEX\t\t\t\tSupport plafond 4 \u00e9crans 32&Prime;-65&Prime;"},"content":{"rendered":"<div class=\"product-features__content\">\n<ul role=\"list\">\n<li class=\"product-features__item\" role=\"listitem\">\n<h3 class=\"product-features__label\">Caract\u00e9ristiques g\u00e9n\u00e9rales<\/h3>\n<ul role=\"list\">\n<li class=\"product-features__item-list__item\" role=\"listitem\"><span class=\"is--medium\">Type :<\/span> Support mural TV\t\t\t\t\t<\/li>\n<li class=\"product-features__item-list__item\" role=\"listitem\"><span class=\"is--medium\">Installation :<\/span> Plafond\t\t\t\t\t<\/li>\n<li class=\"product-features__item-list__item\" role=\"listitem\"><span class=\"is--medium\">Orientation maximale :<\/span> 360 \u00b0\t\t\t\t\t<\/li>\n<li class=\"product-features__item-list__item\" role=\"listitem\"><span class=\"is--medium\">Inclinaison maximale :<\/span> 15 \u00b0\t\t\t\t\t<\/li>\n<li class=\"product-features__item-list__item\" role=\"listitem\"><span class=\"is--medium\">Mati\u00e8re :<\/span> M\u00e9tal\t\t\t\t\t<\/li>\n<li class=\"product-features__item-list__item\" role=\"listitem\"><span class=\"is--medium\">Coloris :<\/span> Noir\t\t\t\t\t<\/li>\n<li class=\"product-features__item-list__item\" role=\"listitem\"><span class=\"is--medium\">Orientation :<\/span> Fixe\t\t\t\t\t<\/li>\n<\/ul>\n<\/li>\n<li class=\"product-features__item\" role=\"listitem\">\n<h3 class=\"product-features__label\">TV Compatible<\/h3>\n<ul role=\"list\">\n<li class=\"product-features__item-list__item\" role=\"listitem\"><span class=\"is--medium\">Poids support\u00e9 :<\/span> 0,0 g\t\t\t\t\t<\/li>\n<li class=\"product-features__item-list__item\" role=\"listitem\"><span class=\"is--medium\">Diagonale (en cm) :<\/span> Non significatif\t\t\t\t\t<\/li>\n<li class=\"product-features__item-list__item\" role=\"listitem\"><span class=\"is--medium\">Diagonale TV :<\/span> de 32 \u00e0 65&Prime;\t\t\t\t\t<\/li>\n<\/ul>\n<\/li>\n<li class=\"product-features__item\" role=\"listitem\">\n<h3 class=\"product-features__label\">Compatibilit\u00e9(s) VESA<\/h3>\n<ul role=\"list\">\n<li class=\"product-features__item-list__item\" role=\"listitem\"><span class=\"is--medium\">Compatibilit\u00e9(s) VESA :<\/span> Non concern\u00e9\t\t\t\t\t<\/li>\n<\/ul>\n<\/li>\n<li class=\"product-features__item\" role=\"listitem\">\n<h3 class=\"product-features__label\">Option(s)<\/h3>\n<ul role=\"list\">\n<li class=\"product-features__item-list__item\" role=\"listitem\"><span class=\"is--medium\">Cache-c\u00e2ble int\u00e9gr\u00e9 :<\/span> Non\t\t\t\t\t<\/li>\n<li class=\"product-features__item-list__item\" role=\"listitem\"><span class=\"is--medium\">Support motoris\u00e9 :<\/span> Non\t\t\t\t\t<\/li>\n<li class=\"product-features__item-list__item\" role=\"listitem\"><span class=\"is--medium\">Niveau \u00e0 bulle int\u00e9gr\u00e9 :<\/span> Non\t\t\t\t\t<\/li>\n<li class=\"product-features__item-list__item\" role=\"listitem\"><span class=\"is--medium\">Syst\u00e8me anti-vol :<\/span> Non\t\t\t\t\t<\/li>\n<li class=\"product-features__item-list__item\" role=\"listitem\"><span class=\"is--medium\">Support barre de son :<\/span> Non\t\t\t\t\t<\/li>\n<li class=\"product-features__item-list__item\" role=\"listitem\"><span class=\"is--medium\">Tablette(s) :<\/span> Non\t\t\t\t\t<\/li>\n<li class=\"product-features__item-list__item\" role=\"listitem\"><span class=\"is--medium\">Roulettes :<\/span> Non\t\t\t\t\t<\/li>\n<li class=\"product-features__item-list__item\" role=\"listitem\"><span class=\"is--medium\">Plateau tournant :<\/span> Non\t\t\t\t\t<\/li>\n<li class=\"product-features__item-list__item\" role=\"listitem\"><span class=\"is--medium\">Ultra-mince :<\/span> Non\t\t\t\t\t<\/li>\n<li class=\"product-features__item-list__item\" role=\"listitem\"><span class=\"is--medium\">Id\u00e9al pour TV OLED :<\/span> Non\t\t\t\t\t<\/li>\n<\/ul>\n<\/li>\n<li class=\"product-features__item\" role=\"listitem\">\n<h3 class=\"product-features__label\">Informations compl\u00e9mentaires<\/h3>\n<ul role=\"list\">\n<li class=\"product-features__item-list__item\" role=\"listitem\"><span class=\"is--medium\">Disponibilit\u00e9 des pi\u00e8ces d\u00e9tach\u00e9es (donn\u00e9es fournisseur) :<\/span> Non communiqu\u00e9e\t\t\t\t\t<\/li>\n<li class=\"product-features__item-list__item\" role=\"listitem\"><span class=\"is--medium\">R\u00e9f\u00e9rence constructeur :<\/span> Support plafond 4 \u00e9crans 32&Prime;-65&Prime;\t\t\t\t\t<\/li>\n<li class=\"product-features__item-list__item\" role=\"listitem\"><span class=\"is--medium\">Marque :<\/span> KIMEX\t\t\t\t\t<\/li>\n<\/ul>\n<\/li>\n<\/ul>\n<\/div>\n<div class=\"product__disclosure-content\">\n<div class=\"js-read-more product-description__content read-more read-more--truncated\" data-read-more-name=\"description\" style=\"max-height: 500px; overflow: hidden;\">\n<p>Support plafond pour 4 \u00e9crans TV 32&Prime;-65&Prime;.<\/p>\n<p>Le support de plafond KIMEX 014-6004 est con\u00e7u pour installer quatre \u00e9crans ou moniteurs de 32 \u00e0 65 pouces r\u00e9pondant au standard VESA (100x100mm min, 600x400mm max) jusqu&rsquo;\u00e0 30 kg. Ce support professionnel multi-\u00e9crans int\u00e8gre un m\u00e2t r\u00e9glable en hauteur (860 mm min &#8211; 3255 mm max) qui peut \u00eatre install\u00e9 sur un plafond plat ou inclin\u00e9, et des bras t\u00e9lescopiques sur lesquels sont mont\u00e9s en carr\u00e9 quatre \u00e9crans pour fournir une solution d&rsquo;affichage plafond multi-\u00e9crans. Tr\u00e8s fonctionnels, les bras horizontaux sont r\u00e9glables en profondeur pour une installation facile et un r\u00e9glage pr\u00e9cis des \u00e9crans. Avec une rotation \u00e0 360\u00b0 et une inclinaison ajustable vers le haut et vers le bas (+6\u00b0\/ -15\u00b0), ce support vous apporte le meilleur angle de vision en fonction de votre besoin. Con\u00e7u dans une optique d&rsquo;esth\u00e9tisme pour \u00eatre install\u00e9 en magasin et dans tout lieu recevant du public, ce support int\u00e8gre enfin un syst\u00e8me efficace pour la gestion des c\u00e2bles qui garantit un rendu parfait.<\/p>\n<p>Caract\u00e9ristiques techniques :<br \/>Compatible pour \u00e9cran TV : 32-65&Prime;.<br \/>Compatibilit\u00e9 VESA : 100x100mm min, 600x400mm max.<br \/>Poids maximum autoris\u00e9 : 30 Kg\/\u00e9cran.<br \/>Inclinaison vers le haut et vers le bas : +6\/-15\u00b0.<br \/>Orientation du support \u00e0 360\u00b0 pour s&rsquo;adapter \u00e0 toutes vos configurations.<br \/>R\u00e9glage du niveau parall\u00e8le des \u00e9crans pour un mur d&rsquo;image parfaitement droit.<br \/>Bras horizontaux r\u00e9glables en profondeur.<br \/>Hauteur du m\u00e2t r\u00e9glable de 86 \u00e0 325 cm.<br \/>Plaque de fixation plafond orientable \u00e0 90\u00b0.<br \/>Passage de la connectique pour un rendu esth\u00e9tique.<\/p>\n<p>Poids du support : 36 Kg.<br \/>Livr\u00e9 avec visserie compl\u00e8te.<br \/>Garantie : 3 ans.<\/p>\n<\/div>\n<p><bl-button a11yexpanded=\"false\" arialabel=\"Afficher toute la description\" class=\"read-more__btn\" full=\"false\" link=\"true\"><\/bl-button><\/div>","protected":false},"excerpt":{"rendered":"<div class=\"keypoints\">\n<h3 class=\"keypoints__title\">Les points cl\u00e9s<\/h3>\n<ul role=\"list\">\n<li class=\"keypoints__item\" role=\"listitem\">                                        Diagonale TV : de 32 \u00e0 65&Prime;                      <\/li>\n<li class=\"keypoints__item\" role=\"listitem\">                          Poids support\u00e9 : Moins de 50 kg &#8211;                                                      Fixe                      <\/li>\n<\/ul>","protected":false},"featured_media":86686,"template":"","meta":{"_glsr_average":0,"_glsr_ranking":0,"_glsr_reviews":0},"product_cat":[463],"product_tag":[461,464,451],"class_list":{"0":"post-86687","1":"product","2":"type-product","3":"status-publish","4":"has-post-thumbnail","6":"product_cat-support-tv","7":"product_tag-support-meuble","8":"product_tag-support-tv","9":"product_tag-tv-image-son","11":"first","12":"instock","13":"sale","14":"shipping-taxable","15":"purchasable","16":"product-type-simple"},"_links":{"self":[{"href":"https:\/\/electromenagerexpress.com\/en\/wp-json\/wp\/v2\/product\/86687","targetHints":{"allow":["GET"]}}],"collection":[{"href":"https:\/\/electromenagerexpress.com\/en\/wp-json\/wp\/v2\/product"}],"about":[{"href":"https:\/\/electromenagerexpress.com\/en\/wp-json\/wp\/v2\/types\/product"}],"wp:featuredmedia":[{"embeddable":true,"href":"https:\/\/electromenagerexpress.com\/en\/wp-json\/wp\/v2\/media\/86686"}],"wp:attachment":[{"href":"https:\/\/electromenagerexpress.com\/en\/wp-json\/wp\/v2\/media?parent=86687"}],"wp:term":[{"taxonomy":"product_cat","embeddable":true,"href":"https:\/\/electromenagerexpress.com\/en\/wp-json\/wp\/v2\/product_cat?post=86687"},{"taxonomy":"product_tag","embeddable":true,"href":"https:\/\/electromenagerexpress.com\/en\/wp-json\/wp\/v2\/product_tag?post=86687"}],"curies":[{"name":"wp","href":"https:\/\/api.w.org\/{rel}","templated":true}]}}