{"id":86592,"date":"2024-11-24T16:40:48","date_gmt":"2024-11-24T16:40:48","guid":{"rendered":"https:\/\/electromenagerexpress.com\/product\/pied-denceintenorstonestylum-max-gris-satin\/"},"modified":"2024-11-24T16:40:50","modified_gmt":"2024-11-24T16:40:50","slug":"pied-denceintenorstonestylum-max-gris-satin","status":"publish","type":"product","link":"https:\/\/electromenagerexpress.com\/en\/product\/pied-denceintenorstonestylum-max-gris-satin\/","title":{"rendered":"Pied d&rsquo;enceinte\t\t\t\t\t\t\tNORSTONE\t\t\t\tStylum Max Gris satin"},"content":{"rendered":"<div class=\"product-features__content\">\n<ul role=\"list\">\n<li class=\"product-features__item\" role=\"listitem\">\n<h3 class=\"product-features__label\">Caract\u00e9ristiques g\u00e9n\u00e9rales<\/h3>\n<ul role=\"list\">\n<li class=\"product-features__item-list__item\" role=\"listitem\"><span class=\"is--medium\">Type :<\/span> Pied pour enceinte\t\t\t\t\t<\/li>\n<li class=\"product-features__item-list__item\" role=\"listitem\"><span class=\"is--medium\">Compatibilit\u00e9 :<\/span> : universelle\t\t\t\t\t<\/li>\n<li class=\"product-features__item-list__item\" role=\"listitem\"><span class=\"is--medium\">Poids maximum support\u00e9 :<\/span> 70 Kg\t\t\t\t\t<\/li>\n<li class=\"product-features__item-list__item\" role=\"listitem\"><span class=\"is--medium\">Coloris :<\/span> Gris\t\t\t\t\t<\/li>\n<\/ul>\n<\/li>\n<li class=\"product-features__item\" role=\"listitem\">\n<h3 class=\"product-features__label\">Informations compl\u00e9mentaires<\/h3>\n<ul role=\"list\">\n<li class=\"product-features__item-list__item\" role=\"listitem\"><span class=\"is--medium\">R\u00e9f\u00e9rence constructeur :<\/span> Stylum Max Gris satin\t\t\t\t\t<\/li>\n<li class=\"product-features__item-list__item\" role=\"listitem\"><span class=\"is--medium\">Marque :<\/span> NORSTONE\t\t\t\t\t<\/li>\n<li class=\"product-features__item-list__item\" role=\"listitem\"><span class=\"is--medium\">Disponibilit\u00e9 des pi\u00e8ces d\u00e9tach\u00e9es (donn\u00e9es fournisseur) :<\/span> Non communiqu\u00e9e\t\t\t\t\t<\/li>\n<li class=\"product-features__item-list__item\" role=\"listitem\"><span class=\"is--medium\">Fabriqu\u00e9 en :<\/span> Chine\t\t\t\t\t<\/li>\n<\/ul>\n<\/li>\n<\/ul>\n<\/div>\n<div class=\"product__disclosure-content\">\n<div class=\"js-read-more product-description__content\" data-read-more-name=\"description\" style=\"max-height: 500px; overflow: hidden;\">\n<p>Pied d&rsquo;enceinte NorStone Stylum Max : esth\u00e9tique, polyvalence et fonctionnalit\u00e9<\/p>\n<p>Esth\u00e9tique et fonctionnalit\u00e9 sont autant de qualit\u00e9s dont le pied d&rsquo;enceinte NorStone Stylum Max vous gratifie. Polyvalent, il embarque une plateau tr\u00e8s robuste de 25 x 23 cm qui permet d&rsquo;accueillir la plupart des enceintes biblioth\u00e8ques d&rsquo;un poids pouvant aller jusqu&rsquo;\u00e0 70 kg.<\/p>\n<p>Les concepteurs ont mis\u00e9 sur une structure en acier laqu\u00e9 \u00e9poxy pour \u00e9laborer ce pied. Pour une bonne assise au sol, des contre-pointes ajustables supportent une large base. L&rsquo;ensemble favorise une bonne dispersion des vibrations, ce qui optimise la restitution des basses. Les conditions d&rsquo;\u00e9coute sont d&rsquo;autant plus optimis\u00e9es que ce dispositif permet de placer les enceintes \u00e0 hauteur d&rsquo;oreille, 60 cm plus pr\u00e9cis\u00e9ment. Vous pouvez alors mieux percevoir les hautes fr\u00e9quences.<\/p>\n<p>Pour une int\u00e9gration des plus pratiques et esth\u00e9tiques, un syst\u00e8me de passe-c\u00e2bles est pr\u00e9vu. L&rsquo;installation des enceintes sur le NorStone Stylum Max est par ailleurs facilit\u00e9e par des pointes r\u00e9glables qui permettent de fixer les enceintes au plateau. De l&rsquo;adh\u00e9sif double face peut \u00e9galement \u00eatre employ\u00e9e pour bien solidariser le pied \u00e0 l&rsquo;enceinte.<\/p>\n<\/div>\n<\/div>","protected":false},"excerpt":{"rendered":"<div class=\"keypoints\">\n<h3 class=\"keypoints__title\">Les points cl\u00e9s<\/h3>\n<ul role=\"list\">\n<li class=\"keypoints__item\" role=\"listitem\">                                        Compatibilit\u00e9 : : universelle                      <\/li>\n<\/ul>","protected":false},"featured_media":86591,"template":"","meta":{"_glsr_average":0,"_glsr_ranking":0,"_glsr_reviews":0},"product_cat":[466,465],"product_tag":[468,467,451],"class_list":{"0":"post-86592","1":"product","2":"type-product","3":"status-publish","4":"has-post-thumbnail","6":"product_cat-support-pied-denceinte","7":"product_cat-support-meuble-tv-image-son","8":"product_tag-support-pied-denceinte","9":"product_tag-support-meuble-2","10":"product_tag-tv-image-son","12":"first","13":"instock","14":"sale","15":"shipping-taxable","16":"purchasable","17":"product-type-simple"},"_links":{"self":[{"href":"https:\/\/electromenagerexpress.com\/en\/wp-json\/wp\/v2\/product\/86592","targetHints":{"allow":["GET"]}}],"collection":[{"href":"https:\/\/electromenagerexpress.com\/en\/wp-json\/wp\/v2\/product"}],"about":[{"href":"https:\/\/electromenagerexpress.com\/en\/wp-json\/wp\/v2\/types\/product"}],"wp:featuredmedia":[{"embeddable":true,"href":"https:\/\/electromenagerexpress.com\/en\/wp-json\/wp\/v2\/media\/86591"}],"wp:attachment":[{"href":"https:\/\/electromenagerexpress.com\/en\/wp-json\/wp\/v2\/media?parent=86592"}],"wp:term":[{"taxonomy":"product_cat","embeddable":true,"href":"https:\/\/electromenagerexpress.com\/en\/wp-json\/wp\/v2\/product_cat?post=86592"},{"taxonomy":"product_tag","embeddable":true,"href":"https:\/\/electromenagerexpress.com\/en\/wp-json\/wp\/v2\/product_tag?post=86592"}],"curies":[{"name":"wp","href":"https:\/\/api.w.org\/{rel}","templated":true}]}}