{"id":86571,"date":"2024-11-24T16:40:26","date_gmt":"2024-11-24T16:40:26","guid":{"rendered":"https:\/\/electromenagerexpress.com\/product\/pied-denceinteisoacousticsaperta-silver-la-paire\/"},"modified":"2024-11-24T16:40:28","modified_gmt":"2024-11-24T16:40:28","slug":"pied-denceinteisoacousticsaperta-silver-la-paire","status":"publish","type":"product","link":"https:\/\/electromenagerexpress.com\/en\/product\/pied-denceinteisoacousticsaperta-silver-la-paire\/","title":{"rendered":"Pied d&rsquo;enceinte\t\t\t\t\t\t\tISOACOUSTICS\t\t\t\tAperta Silver (la paire)"},"content":{"rendered":"<div class=\"product-features__content\">\n<ul role=\"list\">\n<li class=\"product-features__item\" role=\"listitem\">\n<h3 class=\"product-features__label\">Caract\u00e9ristiques g\u00e9n\u00e9rales<\/h3>\n<ul role=\"list\">\n<li class=\"product-features__item-list__item\" role=\"listitem\"><span class=\"is--medium\">Type :<\/span> Pied pour enceinte\t\t\t\t\t<\/li>\n<li class=\"product-features__item-list__item\" role=\"listitem\"><span class=\"is--medium\">Compatibilit\u00e9 :<\/span> : universelle\t\t\t\t\t<\/li>\n<li class=\"product-features__item-list__item\" role=\"listitem\"><span class=\"is--medium\">Poids maximum support\u00e9 :<\/span> 15,8 Kg\t\t\t\t\t<\/li>\n<li class=\"product-features__item-list__item\" role=\"listitem\"><span class=\"is--medium\">Coloris :<\/span> Noir\t\t\t\t\t<\/li>\n<\/ul>\n<\/li>\n<li class=\"product-features__item\" role=\"listitem\">\n<h3 class=\"product-features__label\">Informations compl\u00e9mentaires<\/h3>\n<ul role=\"list\">\n<li class=\"product-features__item-list__item\" role=\"listitem\"><span class=\"is--medium\">R\u00e9f\u00e9rence constructeur :<\/span> Aperta Silver (la paire)\t\t\t\t\t<\/li>\n<li class=\"product-features__item-list__item\" role=\"listitem\"><span class=\"is--medium\">Marque :<\/span> ISOACOUSTICS\t\t\t\t\t<\/li>\n<li class=\"product-features__item-list__item\" role=\"listitem\"><span class=\"is--medium\">Disponibilit\u00e9 des pi\u00e8ces d\u00e9tach\u00e9es (donn\u00e9es fournisseur) :<\/span> Non communiqu\u00e9e\t\t\t\t\t<\/li>\n<li class=\"product-features__item-list__item\" role=\"listitem\"><span class=\"is--medium\">Fabriqu\u00e9 en :<\/span> Chine\t\t\t\t\t<\/li>\n<\/ul>\n<\/li>\n<\/ul>\n<\/div>\n<div class=\"product__disclosure-content\">\n<div class=\"js-read-more product-description__content\" data-read-more-name=\"description\" style=\"max-height: 500px; overflow: hidden;\">\n<p>IsoAcoustics Aperta, un support pour enceinte dot\u00e9 de 4 pieds isolants<\/p>\n<p>Sp\u00e9cialement destin\u00e9 aux enceintes biblioth\u00e8ques, l&rsquo;IsoAcoustics Aperta est un mod\u00e8le de support isolant capable de recevoir les haut-parleurs de moins de 15,9 kg. Ayant pour r\u00f4le d&rsquo;am\u00e9liorer les performances d&rsquo;un home-cin\u00e9ma ou d&rsquo;une installation hi-fi, ce dispositif comporte une fonctionnalit\u00e9 de r\u00e9glage d&rsquo;inclinaison.<\/p>\n<p>L&rsquo;IsoAcoustics Aperta, un support sur pied inclinable<\/p>\n<p>Il faut savoir que cet accessoire est \u00e9quip\u00e9 d&rsquo;un syst\u00e8me d&rsquo;inclinaison pr\u00e9-int\u00e9gr\u00e9. Ce dernier peut \u00eatre ajust\u00e9 \u00e0 6,5 degr\u00e9s, ce qui permet de param\u00e9trer la direction des tweeters en fonction des exigences de l&rsquo;utilisateur. Afin de garantir un angle tr\u00e8s pr\u00e9cis, des indications de gradation sont pr\u00e9sentes sur cet \u00e9quipement.<\/p>\n<p>La certification de l&rsquo;IsoAcoustics Aperta<\/p>\n<p>Test\u00e9s et approuv\u00e9s par le Conseil National de Recherches du Canada, ces pieds isolants en aluminium ont la capacit\u00e9 d&rsquo;\u00e9liminer les vibrations produites par l&rsquo;enceinte sonore. En ce qui concerne sa dimension lxhxp, elle est de 155 x 76 x 190 mm.<\/p>\n<\/div>\n<\/div>","protected":false},"excerpt":{"rendered":"<div class=\"keypoints\">\n<h3 class=\"keypoints__title\">Les points cl\u00e9s<\/h3>\n<ul role=\"list\">\n<li class=\"keypoints__item\" role=\"listitem\">                                        Compatibilit\u00e9 : : universelle                      <\/li>\n<\/ul>","protected":false},"featured_media":86570,"template":"","meta":{"_glsr_average":0,"_glsr_ranking":0,"_glsr_reviews":0},"product_cat":[466,465],"product_tag":[468,467,451],"class_list":{"0":"post-86571","1":"product","2":"type-product","3":"status-publish","4":"has-post-thumbnail","6":"product_cat-support-pied-denceinte","7":"product_cat-support-meuble-tv-image-son","8":"product_tag-support-pied-denceinte","9":"product_tag-support-meuble-2","10":"product_tag-tv-image-son","12":"first","13":"instock","14":"sale","15":"shipping-taxable","16":"purchasable","17":"product-type-simple"},"_links":{"self":[{"href":"https:\/\/electromenagerexpress.com\/en\/wp-json\/wp\/v2\/product\/86571","targetHints":{"allow":["GET"]}}],"collection":[{"href":"https:\/\/electromenagerexpress.com\/en\/wp-json\/wp\/v2\/product"}],"about":[{"href":"https:\/\/electromenagerexpress.com\/en\/wp-json\/wp\/v2\/types\/product"}],"wp:featuredmedia":[{"embeddable":true,"href":"https:\/\/electromenagerexpress.com\/en\/wp-json\/wp\/v2\/media\/86570"}],"wp:attachment":[{"href":"https:\/\/electromenagerexpress.com\/en\/wp-json\/wp\/v2\/media?parent=86571"}],"wp:term":[{"taxonomy":"product_cat","embeddable":true,"href":"https:\/\/electromenagerexpress.com\/en\/wp-json\/wp\/v2\/product_cat?post=86571"},{"taxonomy":"product_tag","embeddable":true,"href":"https:\/\/electromenagerexpress.com\/en\/wp-json\/wp\/v2\/product_tag?post=86571"}],"curies":[{"name":"wp","href":"https:\/\/api.w.org\/{rel}","templated":true}]}}