{"id":86465,"date":"2024-11-24T16:38:43","date_gmt":"2024-11-24T16:38:43","guid":{"rendered":"https:\/\/electromenagerexpress.com\/product\/pied-tvkimexsupport-sur-pied-9-ecrans-tv-45-50-55-3\/"},"modified":"2024-11-24T16:38:48","modified_gmt":"2024-11-24T16:38:48","slug":"pied-tvkimexsupport-sur-pied-9-ecrans-tv-45-50-55-3","status":"publish","type":"product","link":"https:\/\/electromenagerexpress.com\/en\/product\/pied-tvkimexsupport-sur-pied-9-ecrans-tv-45-50-55-3\/","title":{"rendered":"Pied TV\t\t\t\t\t\t\tKIMEX\t\t\t\tSupport sur Pied 9 \u00e9crans TV 45&Prime;-50&Prime;\/55&Prime;"},"content":{"rendered":"<div class=\"product-features__content\">\n<ul role=\"list\">\n<li class=\"product-features__item\" role=\"listitem\">\n<h3 class=\"product-features__label\">Caract\u00e9ristiques g\u00e9n\u00e9rales<\/h3>\n<ul role=\"list\">\n<li class=\"product-features__item-list__item\" role=\"listitem\"><span class=\"is--medium\">Type :<\/span> Pied\t\t\t\t\t<\/li>\n<li class=\"product-features__item-list__item\" role=\"listitem\"><span class=\"is--medium\">Installation :<\/span> Sur pied\t\t\t\t\t<\/li>\n<li class=\"product-features__item-list__item\" role=\"listitem\"><span class=\"is--medium\">Orientation maximale :<\/span> 0 \u00b0\t\t\t\t\t<\/li>\n<li class=\"product-features__item-list__item\" role=\"listitem\"><span class=\"is--medium\">Inclinaison maximale :<\/span> 2 \u00b0\t\t\t\t\t<\/li>\n<li class=\"product-features__item-list__item\" role=\"listitem\"><span class=\"is--medium\">Mati\u00e8re :<\/span> M\u00e9tal\t\t\t\t\t<\/li>\n<li class=\"product-features__item-list__item\" role=\"listitem\"><span class=\"is--medium\">Coloris :<\/span> Noir \/ Gris\t\t\t\t\t<\/li>\n<li class=\"product-features__item-list__item\" role=\"listitem\"><span class=\"is--medium\">Orientation :<\/span> Fixe\t\t\t\t\t<\/li>\n<\/ul>\n<\/li>\n<li class=\"product-features__item\" role=\"listitem\">\n<h3 class=\"product-features__label\">TV Compatible<\/h3>\n<ul role=\"list\">\n<li class=\"product-features__item-list__item\" role=\"listitem\"><span class=\"is--medium\">Poids support\u00e9 :<\/span> 0,0 g\t\t\t\t\t<\/li>\n<li class=\"product-features__item-list__item\" role=\"listitem\"><span class=\"is--medium\">Diagonale (en cm) :<\/span> Non significatif\t\t\t\t\t<\/li>\n<li class=\"product-features__item-list__item\" role=\"listitem\"><span class=\"is--medium\">Diagonale TV :<\/span> de 45 \u00e0 55&Prime;\t\t\t\t\t<\/li>\n<\/ul>\n<\/li>\n<li class=\"product-features__item\" role=\"listitem\">\n<h3 class=\"product-features__label\">Compatibilit\u00e9(s) VESA<\/h3>\n<ul role=\"list\">\n<li class=\"product-features__item-list__item\" role=\"listitem\"><span class=\"is--medium\">Compatibilit\u00e9(s) VESA :<\/span> Non concern\u00e9\t\t\t\t\t<\/li>\n<\/ul>\n<\/li>\n<li class=\"product-features__item\" role=\"listitem\">\n<h3 class=\"product-features__label\">Option(s)<\/h3>\n<ul role=\"list\">\n<li class=\"product-features__item-list__item\" role=\"listitem\"><span class=\"is--medium\">Cache-c\u00e2ble int\u00e9gr\u00e9 :<\/span> Non\t\t\t\t\t<\/li>\n<li class=\"product-features__item-list__item\" role=\"listitem\"><span class=\"is--medium\">Support motoris\u00e9 :<\/span> Non\t\t\t\t\t<\/li>\n<li class=\"product-features__item-list__item\" role=\"listitem\"><span class=\"is--medium\">Niveau \u00e0 bulle int\u00e9gr\u00e9 :<\/span> Non\t\t\t\t\t<\/li>\n<li class=\"product-features__item-list__item\" role=\"listitem\"><span class=\"is--medium\">Syst\u00e8me anti-vol :<\/span> Non\t\t\t\t\t<\/li>\n<li class=\"product-features__item-list__item\" role=\"listitem\"><span class=\"is--medium\">Support barre de son :<\/span> Non\t\t\t\t\t<\/li>\n<li class=\"product-features__item-list__item\" role=\"listitem\"><span class=\"is--medium\">Tablette(s) :<\/span> Non\t\t\t\t\t<\/li>\n<li class=\"product-features__item-list__item\" role=\"listitem\"><span class=\"is--medium\">Roulettes :<\/span> Non\t\t\t\t\t<\/li>\n<li class=\"product-features__item-list__item\" role=\"listitem\"><span class=\"is--medium\">Plateau tournant :<\/span> Non\t\t\t\t\t<\/li>\n<li class=\"product-features__item-list__item\" role=\"listitem\"><span class=\"is--medium\">Ultra-mince :<\/span> Non\t\t\t\t\t<\/li>\n<li class=\"product-features__item-list__item\" role=\"listitem\"><span class=\"is--medium\">Id\u00e9al pour TV OLED :<\/span> Non\t\t\t\t\t<\/li>\n<\/ul>\n<\/li>\n<li class=\"product-features__item\" role=\"listitem\">\n<h3 class=\"product-features__label\">Dimensions<\/h3>\n<ul role=\"list\">\n<li class=\"product-features__item-list__item\" role=\"listitem\"><span class=\"is--medium\">Hauteur produit (cm) :<\/span> 257\t\t\t\t\t<\/li>\n<\/ul>\n<\/li>\n<li class=\"product-features__item\" role=\"listitem\">\n<h3 class=\"product-features__label\">Informations compl\u00e9mentaires<\/h3>\n<ul role=\"list\">\n<li class=\"product-features__item-list__item\" role=\"listitem\"><span class=\"is--medium\">Disponibilit\u00e9 des pi\u00e8ces d\u00e9tach\u00e9es (donn\u00e9es fournisseur) :<\/span> Non communiqu\u00e9e\t\t\t\t\t<\/li>\n<li class=\"product-features__item-list__item\" role=\"listitem\"><span class=\"is--medium\">R\u00e9f\u00e9rence constructeur :<\/span> Support sur Pied 9 \u00e9crans TV 45&Prime;-50&Prime;\/55&Prime;\t\t\t\t\t<\/li>\n<li class=\"product-features__item-list__item\" role=\"listitem\"><span class=\"is--medium\">Marque :<\/span> KIMEX\t\t\t\t\t<\/li>\n<\/ul>\n<\/li>\n<\/ul>\n<\/div>\n<div class=\"product__disclosure-content\">\n<div class=\"js-read-more product-description__content read-more read-more--truncated\" data-read-more-name=\"description\" style=\"max-height: 500px; overflow: hidden;\">\n<p>Support sur pied pour mur d\u00b4images 9 \u00e9crans TV 45&Prime;-50&Prime;\/55&Prime;, \u00e0 visser au sol.<br \/>Le support KIMEX 031-2901K est une solution professionnelle con\u00e7ue pour accueillir 9 \u00e9crans TV ou moniteurs en format mur d&rsquo;images 3 x 3, il est id\u00e9al pour l&rsquo;affichage et la diffusion d&rsquo;information en lieu public, en magasin mais aussi en salle de contr\u00f4le. Robuste et fonctionnel, il est \u00e9quip\u00e9 de molettes de r\u00e9glage pour ajuster parfaitement vos \u00e9crans et dispose d&rsquo;un double syst\u00e8me de fixation, au sol et au mur, pour garantir le meilleur rendu et la s\u00e9curit\u00e9 maximale \u00e0 votre installation.<\/p>\n<p>Compatibilit\u00e9 VESA: 200&#215;200 min, 400&#215;400 max (45&Prime;-55&Prime;) \/ 200&#215;200 min, 600&#215;400 max (45&Prime;-50&Prime;).<br \/>Ecrans r\u00e9glables en hauteur et en largeur le long des trois m\u00e2ts horizontaux de fixation.<br \/>Chaque barre de fixation VESA est \u00e9quip\u00e9e de molettes de r\u00e9glage pour ajuster avec pr\u00e9cision le niveau de vos \u00e9crans en hauteur (20 mm), en profondeur (10 mm) ainsi que leur inclinaison (+2\/-2\u00b0) pour un alignement parfait.<br \/>Double syst\u00e8me de fixation: sol et mur.<br \/>Poids maximum autoris\u00e9: 50 Kg \/ \u00e9cran.<\/p>\n<p>Syst\u00e8me d&rsquo;installation:<br \/>Le support KIMEX 031-2901K est livr\u00e9 avec tous les accessoires de montage pour s&rsquo;adapter parfaitement \u00e0 votre besoin: 3 lots d&#8217;embases de sol et murales \u00e0 visser, 3 colonnes de sol (hauteur 240 cm), 6 rails de montage (longueur 150cm), 9 connecteurs pour colonnes de sol-rails de montage, 9 lots de 2 barres de fixation VESA.<\/p>\n<p>Dimensions:<br \/> Possibilit\u00e9 de r\u00e9gler la largeur entre chaque m\u00e2t de sol entre 1250 et 1400 mm. Largeur totale de l&rsquo;installation r\u00e9glable entre 2500 et 2800 mm.<br \/>Dimensions des embases de sol: 190 x 240 mm.<br \/>Hauteur des colonnes de sol: 2430 mm.<br \/>Hauteur maximale de la ligne d&rsquo;\u00e9crans sup\u00e9rieure: 2310 mm (centre \u00e9crans).<\/p>\n<p> Poids du support: 100 kg.<br \/>Mat\u00e9riaux de fabrication: Aluminium, acier et plastique.<br \/>Couleur: Gris et noir.<\/p>\n<p>Livr\u00e9 avec visserie compl\u00e8te.<br \/>Garantie: 2 ans.<\/p>\n<\/div>\n<p><bl-button a11yexpanded=\"false\" arialabel=\"Afficher toute la description\" class=\"read-more__btn\" full=\"false\" link=\"true\"><\/bl-button><\/div>","protected":false},"excerpt":{"rendered":"<div class=\"keypoints\">\n<h3 class=\"keypoints__title\">Les points cl\u00e9s<\/h3>\n<ul role=\"list\">\n<li class=\"keypoints__item\" role=\"listitem\">                                        Diagonale TV : de 45 \u00e0 55&Prime;                      <\/li>\n<li class=\"keypoints__item\" role=\"listitem\">                          Poids support\u00e9 : Moins de 50 kg &#8211;                                                      Fixe                      <\/li>\n<\/ul>","protected":false},"featured_media":86464,"template":"","meta":{"_glsr_average":0,"_glsr_ranking":0,"_glsr_reviews":0},"product_cat":[463],"product_tag":[461,464,451],"class_list":{"0":"post-86465","1":"product","2":"type-product","3":"status-publish","4":"has-post-thumbnail","6":"product_cat-support-tv","7":"product_tag-support-meuble","8":"product_tag-support-tv","9":"product_tag-tv-image-son","11":"first","12":"instock","13":"sale","14":"shipping-taxable","15":"purchasable","16":"product-type-simple"},"_links":{"self":[{"href":"https:\/\/electromenagerexpress.com\/en\/wp-json\/wp\/v2\/product\/86465","targetHints":{"allow":["GET"]}}],"collection":[{"href":"https:\/\/electromenagerexpress.com\/en\/wp-json\/wp\/v2\/product"}],"about":[{"href":"https:\/\/electromenagerexpress.com\/en\/wp-json\/wp\/v2\/types\/product"}],"wp:featuredmedia":[{"embeddable":true,"href":"https:\/\/electromenagerexpress.com\/en\/wp-json\/wp\/v2\/media\/86464"}],"wp:attachment":[{"href":"https:\/\/electromenagerexpress.com\/en\/wp-json\/wp\/v2\/media?parent=86465"}],"wp:term":[{"taxonomy":"product_cat","embeddable":true,"href":"https:\/\/electromenagerexpress.com\/en\/wp-json\/wp\/v2\/product_cat?post=86465"},{"taxonomy":"product_tag","embeddable":true,"href":"https:\/\/electromenagerexpress.com\/en\/wp-json\/wp\/v2\/product_tag?post=86465"}],"curies":[{"name":"wp","href":"https:\/\/api.w.org\/{rel}","templated":true}]}}