{"id":86455,"date":"2024-11-24T16:38:33","date_gmt":"2024-11-24T16:38:33","guid":{"rendered":"https:\/\/electromenagerexpress.com\/product\/pied-tvkimexmobile-pour-ecran-37-a-70-2\/"},"modified":"2024-11-24T16:38:41","modified_gmt":"2024-11-24T16:38:41","slug":"pied-tvkimexmobile-pour-ecran-37-a-70-2","status":"publish","type":"product","link":"https:\/\/electromenagerexpress.com\/en\/product\/pied-tvkimexmobile-pour-ecran-37-a-70-2\/","title":{"rendered":"Pied TV\t\t\t\t\t\t\tKIMEX\t\t\t\tmobile pour \u00e9cran 37 \u00e0 70\u00a0\u00bb"},"content":{"rendered":"<div class=\"product-features__content\">\n<ul role=\"list\">\n<li class=\"product-features__item\" role=\"listitem\">\n<h3 class=\"product-features__label\">Caract\u00e9ristiques g\u00e9n\u00e9rales<\/h3>\n<ul role=\"list\">\n<li class=\"product-features__item-list__item\" role=\"listitem\"><span class=\"is--medium\">Type :<\/span> Pied\t\t\t\t\t<\/li>\n<li class=\"product-features__item-list__item\" role=\"listitem\"><span class=\"is--medium\">Installation :<\/span> Sur pied\t\t\t\t\t<\/li>\n<li class=\"product-features__item-list__item\" role=\"listitem\"><span class=\"is--medium\">Orientation maximale :<\/span> 90 \u00b0\t\t\t\t\t<\/li>\n<li class=\"product-features__item-list__item\" role=\"listitem\"><span class=\"is--medium\">Inclinaison maximale :<\/span> 5 \u00b0\t\t\t\t\t<\/li>\n<li class=\"product-features__item-list__item\" role=\"listitem\"><span class=\"is--medium\">Mati\u00e8re :<\/span> M\u00e9tal\t\t\t\t\t<\/li>\n<li class=\"product-features__item-list__item\" role=\"listitem\"><span class=\"is--medium\">Coloris :<\/span> Blanc\t\t\t\t\t<\/li>\n<li class=\"product-features__item-list__item\" role=\"listitem\"><span class=\"is--medium\">Orientation :<\/span> Fixe\t\t\t\t\t<\/li>\n<\/ul>\n<\/li>\n<li class=\"product-features__item\" role=\"listitem\">\n<h3 class=\"product-features__label\">TV Compatible<\/h3>\n<ul role=\"list\">\n<li class=\"product-features__item-list__item\" role=\"listitem\"><span class=\"is--medium\">Poids support\u00e9 :<\/span> 0,0 g\t\t\t\t\t<\/li>\n<li class=\"product-features__item-list__item\" role=\"listitem\"><span class=\"is--medium\">Diagonale (en cm) :<\/span> Non significatif\t\t\t\t\t<\/li>\n<li class=\"product-features__item-list__item\" role=\"listitem\"><span class=\"is--medium\">Diagonale TV :<\/span> non concern\u00e9\t\t\t\t\t<\/li>\n<\/ul>\n<\/li>\n<li class=\"product-features__item\" role=\"listitem\">\n<h3 class=\"product-features__label\">Compatibilit\u00e9(s) VESA<\/h3>\n<ul role=\"list\">\n<li class=\"product-features__item-list__item\" role=\"listitem\"><span class=\"is--medium\">Compatibilit\u00e9(s) VESA :<\/span> Non concern\u00e9\t\t\t\t\t<\/li>\n<\/ul>\n<\/li>\n<li class=\"product-features__item\" role=\"listitem\">\n<h3 class=\"product-features__label\">Option(s)<\/h3>\n<ul role=\"list\">\n<li class=\"product-features__item-list__item\" role=\"listitem\"><span class=\"is--medium\">Cache-c\u00e2ble int\u00e9gr\u00e9 :<\/span> Non\t\t\t\t\t<\/li>\n<li class=\"product-features__item-list__item\" role=\"listitem\"><span class=\"is--medium\">Support motoris\u00e9 :<\/span> Non\t\t\t\t\t<\/li>\n<li class=\"product-features__item-list__item\" role=\"listitem\"><span class=\"is--medium\">Niveau \u00e0 bulle int\u00e9gr\u00e9 :<\/span> Non\t\t\t\t\t<\/li>\n<li class=\"product-features__item-list__item\" role=\"listitem\"><span class=\"is--medium\">Syst\u00e8me anti-vol :<\/span> Non\t\t\t\t\t<\/li>\n<li class=\"product-features__item-list__item\" role=\"listitem\"><span class=\"is--medium\">Support barre de son :<\/span> Non\t\t\t\t\t<\/li>\n<li class=\"product-features__item-list__item\" role=\"listitem\"><span class=\"is--medium\">Tablette(s) :<\/span> Non\t\t\t\t\t<\/li>\n<li class=\"product-features__item-list__item\" role=\"listitem\"><span class=\"is--medium\">Roulettes :<\/span> Non\t\t\t\t\t<\/li>\n<li class=\"product-features__item-list__item\" role=\"listitem\"><span class=\"is--medium\">Plateau tournant :<\/span> Non\t\t\t\t\t<\/li>\n<li class=\"product-features__item-list__item\" role=\"listitem\"><span class=\"is--medium\">Ultra-mince :<\/span> Non\t\t\t\t\t<\/li>\n<li class=\"product-features__item-list__item\" role=\"listitem\"><span class=\"is--medium\">Id\u00e9al pour TV OLED :<\/span> Non\t\t\t\t\t<\/li>\n<\/ul>\n<\/li>\n<li class=\"product-features__item\" role=\"listitem\">\n<h3 class=\"product-features__label\">Dimensions<\/h3>\n<ul role=\"list\">\n<li class=\"product-features__item-list__item\" role=\"listitem\"><span class=\"is--medium\">Hauteur produit (cm) :<\/span> 160\t\t\t\t\t<\/li>\n<\/ul>\n<\/li>\n<li class=\"product-features__item\" role=\"listitem\">\n<h3 class=\"product-features__label\">Informations compl\u00e9mentaires<\/h3>\n<ul role=\"list\">\n<li class=\"product-features__item-list__item\" role=\"listitem\"><span class=\"is--medium\">Disponibilit\u00e9 des pi\u00e8ces d\u00e9tach\u00e9es (donn\u00e9es fournisseur) :<\/span> Non communiqu\u00e9e\t\t\t\t\t<\/li>\n<li class=\"product-features__item-list__item\" role=\"listitem\"><span class=\"is--medium\">R\u00e9f\u00e9rence constructeur :<\/span> mobile pour \u00e9cran 37 \u00e0 70\u00a0\u00bb\t\t\t\t\t<\/li>\n<li class=\"product-features__item-list__item\" role=\"listitem\"><span class=\"is--medium\">Marque :<\/span> KIMEX\t\t\t\t\t<\/li>\n<\/ul>\n<\/li>\n<\/ul>\n<\/div>\n<div class=\"product__disclosure-content\">\n<div class=\"js-read-more product-description__content read-more read-more--truncated\" data-read-more-name=\"description\" style=\"max-height: 500px; overflow: hidden;\">\n<p>Support mobile rotatif pour \u00e9cran TV 37&Prime;-70&Prime;, compatible samsung flip \/ microsoft hub2s, Blanc.<\/p>\n<p>Le support KIMEX 030-3001 est id\u00e9al pour toute application professionnelle. Design et fonctionnel, il permet d&rsquo;orienter votre \u00e9cran comme vous le souhaitez, il est aussi \u00e9quip\u00e9 d&rsquo;une \u00e9tag\u00e8re et d&rsquo;un espace de rangement pour r\u00e9pondre \u00e0 toutes vos n\u00e9cessit\u00e9s.<\/p>\n<p>Hauteur de l&rsquo;\u00e9cran: 137 cm (fixe).<\/p>\n<p>Compatibilit\u00e9 VESA: 200&#215;200 min, 600&#215;400 max.<\/p>\n<p>Orientation de l&rsquo;\u00e9cran en mode paysage ou en mode portrait: rotation \u00e0 90\u00b0.<\/p>\n<p>Inclinaison: 5\u00b0 vers le haut.<\/p>\n<p>Rangement:<\/p>\n<p>1 \u00e9tag\u00e8re: 42 x 29 cm. Charge maxi: 5 Kg.<\/p>\n<p>Coffret de rangement \u00e0 l&rsquo;arri\u00e8re de l&rsquo;\u00e9cran: 34 x 24 x 6 cm, id\u00e9al pour loger une multiprise.<\/p>\n<p>Passage des c\u00e2bles \u00e0 l&rsquo;int\u00e9rieur des 2 pieds pour la meilleure finition esth\u00e9tique.<\/p>\n<p>4 solides roulettes avec frein pour assurer une mobilit\u00e9 parfaite et vous accompagner dans toutes vos pr\u00e9sentations.<\/p>\n<p>Dimensions totales du support: 92 x 70 x 160 cm.<\/p>\n<p>Poids: 24 Kg.<\/p>\n<p>Coloris: blanc.<\/p>\n<p>Mat\u00e9riau de fabrication: Acier.<\/p>\n<\/div>\n<p><bl-button a11yexpanded=\"false\" arialabel=\"Afficher toute la description\" class=\"read-more__btn\" full=\"false\" link=\"true\"><\/bl-button><\/div>","protected":false},"excerpt":{"rendered":"<div class=\"keypoints\">\n<h3 class=\"keypoints__title\">Les points cl\u00e9s<\/h3>\n<ul role=\"list\">\n<li class=\"keypoints__item\" role=\"listitem\">                                        Diagonale TV : non concern\u00e9                      <\/li>\n<li class=\"keypoints__item\" role=\"listitem\">                          Poids support\u00e9 : Moins de 50 kg &#8211;                                                      Fixe                      <\/li>\n<\/ul>","protected":false},"featured_media":86454,"template":"","meta":{"_glsr_average":0,"_glsr_ranking":0,"_glsr_reviews":0},"product_cat":[463],"product_tag":[461,464,451],"class_list":{"0":"post-86455","1":"product","2":"type-product","3":"status-publish","4":"has-post-thumbnail","6":"product_cat-support-tv","7":"product_tag-support-meuble","8":"product_tag-support-tv","9":"product_tag-tv-image-son","11":"first","12":"instock","13":"sale","14":"shipping-taxable","15":"purchasable","16":"product-type-simple"},"_links":{"self":[{"href":"https:\/\/electromenagerexpress.com\/en\/wp-json\/wp\/v2\/product\/86455","targetHints":{"allow":["GET"]}}],"collection":[{"href":"https:\/\/electromenagerexpress.com\/en\/wp-json\/wp\/v2\/product"}],"about":[{"href":"https:\/\/electromenagerexpress.com\/en\/wp-json\/wp\/v2\/types\/product"}],"wp:featuredmedia":[{"embeddable":true,"href":"https:\/\/electromenagerexpress.com\/en\/wp-json\/wp\/v2\/media\/86454"}],"wp:attachment":[{"href":"https:\/\/electromenagerexpress.com\/en\/wp-json\/wp\/v2\/media?parent=86455"}],"wp:term":[{"taxonomy":"product_cat","embeddable":true,"href":"https:\/\/electromenagerexpress.com\/en\/wp-json\/wp\/v2\/product_cat?post=86455"},{"taxonomy":"product_tag","embeddable":true,"href":"https:\/\/electromenagerexpress.com\/en\/wp-json\/wp\/v2\/product_tag?post=86455"}],"curies":[{"name":"wp","href":"https:\/\/api.w.org\/{rel}","templated":true}]}}