{"id":86435,"date":"2024-11-24T16:38:13","date_gmt":"2024-11-24T16:38:13","guid":{"rendered":"https:\/\/electromenagerexpress.com\/product\/support-mural-tvvogelswall3345b-40-65p\/"},"modified":"2024-11-24T16:38:20","modified_gmt":"2024-11-24T16:38:20","slug":"support-mural-tvvogelswall3345b-40-65p","status":"publish","type":"product","link":"https:\/\/electromenagerexpress.com\/en\/product\/support-mural-tvvogelswall3345b-40-65p\/","title":{"rendered":"Support mural TV\t\t\t\t\t\t\tVOGEL&rsquo;S\t\t\t\tWALL3345B  40-65P"},"content":{"rendered":"<div class=\"product-features__content\">\n<ul role=\"list\">\n<li class=\"product-features__item\" role=\"listitem\">\n<h3 class=\"product-features__label\">Caract\u00e9ristiques g\u00e9n\u00e9rales<\/h3>\n<ul role=\"list\">\n<li class=\"product-features__item-list__item\" role=\"listitem\"><span class=\"is--medium\">Type :<\/span> Support mural TV\t\t\t\t\t<\/li>\n<li class=\"product-features__item-list__item\" role=\"listitem\"><span class=\"is--medium\">Installation :<\/span> Murale\t\t\t\t\t<\/li>\n<li class=\"product-features__item-list__item\" role=\"listitem\"><span class=\"is--medium\">Orientation maximale :<\/span> 180 \u00b0\t\t\t\t\t<\/li>\n<li class=\"product-features__item-list__item\" role=\"listitem\"><span class=\"is--medium\">Inclinaison maximale :<\/span> 20 \u00b0\t\t\t\t\t<\/li>\n<li class=\"product-features__item-list__item\" role=\"listitem\"><span class=\"is--medium\">Mati\u00e8re :<\/span> Aluminium l\u00e9ger\t\t\t\t\t<\/li>\n<li class=\"product-features__item-list__item\" role=\"listitem\"><span class=\"is--medium\">Format du support :<\/span> Bras articul\u00e9\t\t\t\t\t<\/li>\n<li class=\"product-features__item-list__item\" role=\"listitem\"><span class=\"is--medium\">Coloris :<\/span> Noir\t\t\t\t\t<\/li>\n<li class=\"product-features__item-list__item\" role=\"listitem\"><span class=\"is--medium\">Orientation :<\/span> Inclinable et orientable\t\t\t\t\t<\/li>\n<\/ul>\n<\/li>\n<li class=\"product-features__item\" role=\"listitem\">\n<h3 class=\"product-features__label\">TV Compatible<\/h3>\n<ul role=\"list\">\n<li class=\"product-features__item-list__item\" role=\"listitem\"><span class=\"is--medium\">Poids support\u00e9 :<\/span> 30,0 kg\t\t\t\t\t<\/li>\n<li class=\"product-features__item-list__item\" role=\"listitem\"><span class=\"is--medium\">Diagonale (en cm) :<\/span> de 101 \u00e0 165 cm\t\t\t\t\t<\/li>\n<li class=\"product-features__item-list__item\" role=\"listitem\"><span class=\"is--medium\">Diagonale TV :<\/span> de 40 \u00e0 65&Prime;\t\t\t\t\t<\/li>\n<\/ul>\n<\/li>\n<li class=\"product-features__item\" role=\"listitem\">\n<h3 class=\"product-features__label\">Compatibilit\u00e9(s) VESA<\/h3>\n<ul role=\"list\">\n<li class=\"product-features__item-list__item\" role=\"listitem\"><span class=\"is--medium\">Compatibilit\u00e9(s) VESA :<\/span> 600&#215;400\t\t\t\t\t<\/li>\n<\/ul>\n<\/li>\n<li class=\"product-features__item\" role=\"listitem\">\n<h3 class=\"product-features__label\">Option(s)<\/h3>\n<ul role=\"list\">\n<li class=\"product-features__item-list__item\" role=\"listitem\"><span class=\"is--medium\">Cache-c\u00e2ble int\u00e9gr\u00e9 :<\/span> Non\t\t\t\t\t<\/li>\n<li class=\"product-features__item-list__item\" role=\"listitem\"><span class=\"is--medium\">Support motoris\u00e9 :<\/span> Non\t\t\t\t\t<\/li>\n<li class=\"product-features__item-list__item\" role=\"listitem\"><span class=\"is--medium\">Niveau \u00e0 bulle int\u00e9gr\u00e9 :<\/span> Oui\t\t\t\t\t<\/li>\n<li class=\"product-features__item-list__item\" role=\"listitem\"><span class=\"is--medium\">Syst\u00e8me anti-vol :<\/span> Non\t\t\t\t\t<\/li>\n<\/ul>\n<\/li>\n<li class=\"product-features__item\" role=\"listitem\">\n<h3 class=\"product-features__label\">Informations compl\u00e9mentaires<\/h3>\n<ul role=\"list\">\n<li class=\"product-features__item-list__item\" role=\"listitem\"><span class=\"is--medium\">Fabriqu\u00e9 en :<\/span> Chine\t\t\t\t\t<\/li>\n<li class=\"product-features__item-list__item\" role=\"listitem\"><span class=\"is--medium\">Dur\u00e9e de la garantie (Pi\u00e8ces et main d&rsquo;oeuvre pour un produit neuf vendu par Boulanger) :<\/span> 2 ans\t\t\t\t\t<\/li>\n<li class=\"product-features__item-list__item\" role=\"listitem\"><span class=\"is--medium\">Disponibilit\u00e9 des pi\u00e8ces d\u00e9tach\u00e9es (donn\u00e9es fournisseur) :<\/span> Pas de pi\u00e8ce disponible\t\t\t\t\t<\/li>\n<li class=\"product-features__item-list__item\" role=\"listitem\"><span class=\"is--medium\">R\u00e9f\u00e9rence constructeur :<\/span> WALL3345B  40-65P\t\t\t\t\t<\/li>\n<li class=\"product-features__item-list__item\" role=\"listitem\"><span class=\"is--medium\">Marque :<\/span> VOGEL&rsquo;S\t\t\t\t\t<\/li>\n<\/ul>\n<\/li>\n<\/ul>\n<\/div>\n<div class=\"product__disclosure-content\">\n<div class=\"js-read-more product-description__content\" data-read-more-name=\"description\" style=\"max-height: 500px; overflow: hidden;\">\n<p><video class=\"s7Video\" controls=\"\" controlslist=\"nodownload\" poster=\"https:\/\/boulanger.scene7.com\/is\/image\/Boulanger\/8712285335525_v_0?scl=1\" preload=\"metadata\" src=\"https:\/\/boulanger.scene7.com\/is\/content\/Boulanger\/8712285335525_v_0\" width=\"100%\"><\/video><\/p>\n<\/div>\n<\/div>","protected":false},"excerpt":{"rendered":"<div class=\"keypoints\">\n<h3 class=\"keypoints__title\">Les points cl\u00e9s<\/h3>\n<ul role=\"list\">\n<li class=\"keypoints__item\" role=\"listitem\">                                        Diagonale TV : de 40 \u00e0 65&Prime;                      <\/li>\n<li class=\"keypoints__item\" role=\"listitem\">                          Poids support\u00e9 : 30 kg &#8211;                                                      Inclinable et orientable                      <\/li>\n<li class=\"keypoints__item\" role=\"listitem\">                                        Niveau \u00e0 bulle                      <\/li>\n<li class=\"keypoints__item keypoints__item--advantage\" role=\"listitem\"><strong>Le + :<\/strong> Inclinaison (jusqu&rsquo;\u00e0 20\u00b0) afin d&rsquo;\u00e9viter les reflets      <\/li>\n<\/ul>","protected":false},"featured_media":86434,"template":"","meta":{"_glsr_average":0,"_glsr_ranking":0,"_glsr_reviews":0},"product_cat":[463],"product_tag":[461,464,451],"class_list":{"0":"post-86435","1":"product","2":"type-product","3":"status-publish","4":"has-post-thumbnail","6":"product_cat-support-tv","7":"product_tag-support-meuble","8":"product_tag-support-tv","9":"product_tag-tv-image-son","11":"first","12":"instock","13":"sale","14":"shipping-taxable","15":"purchasable","16":"product-type-simple"},"_links":{"self":[{"href":"https:\/\/electromenagerexpress.com\/en\/wp-json\/wp\/v2\/product\/86435","targetHints":{"allow":["GET"]}}],"collection":[{"href":"https:\/\/electromenagerexpress.com\/en\/wp-json\/wp\/v2\/product"}],"about":[{"href":"https:\/\/electromenagerexpress.com\/en\/wp-json\/wp\/v2\/types\/product"}],"wp:featuredmedia":[{"embeddable":true,"href":"https:\/\/electromenagerexpress.com\/en\/wp-json\/wp\/v2\/media\/86434"}],"wp:attachment":[{"href":"https:\/\/electromenagerexpress.com\/en\/wp-json\/wp\/v2\/media?parent=86435"}],"wp:term":[{"taxonomy":"product_cat","embeddable":true,"href":"https:\/\/electromenagerexpress.com\/en\/wp-json\/wp\/v2\/product_cat?post=86435"},{"taxonomy":"product_tag","embeddable":true,"href":"https:\/\/electromenagerexpress.com\/en\/wp-json\/wp\/v2\/product_tag?post=86435"}],"curies":[{"name":"wp","href":"https:\/\/api.w.org\/{rel}","templated":true}]}}