{"id":86338,"date":"2024-11-24T16:36:36","date_gmt":"2024-11-24T16:36:36","guid":{"rendered":"https:\/\/electromenagerexpress.com\/product\/support-mural-tvhamafullmotion-ultraslim-229-cm-90-n\/"},"modified":"2024-11-24T16:36:43","modified_gmt":"2024-11-24T16:36:43","slug":"support-mural-tvhamafullmotion-ultraslim-229-cm-90-n","status":"publish","type":"product","link":"https:\/\/electromenagerexpress.com\/en\/product\/support-mural-tvhamafullmotion-ultraslim-229-cm-90-n\/","title":{"rendered":"Support mural TV\t\t\t\t\t\t\tHAMA\t\t\t\tFULLMOTION \u00ab\u00a0Ultraslim\u00a0\u00bb, 229 cm (90&Prime;), n"},"content":{"rendered":"<div class=\"product-features__content\">\n<ul role=\"list\">\n<li class=\"product-features__item\" role=\"listitem\">\n<h3 class=\"product-features__label\">Caract\u00e9ristiques g\u00e9n\u00e9rales<\/h3>\n<ul role=\"list\">\n<li class=\"product-features__item-list__item\" role=\"listitem\"><span class=\"is--medium\">Type :<\/span> Support mural TV\t\t\t\t\t<\/li>\n<li class=\"product-features__item-list__item\" role=\"listitem\"><span class=\"is--medium\">Installation :<\/span> Murale\t\t\t\t\t<\/li>\n<li class=\"product-features__item-list__item\" role=\"listitem\"><span class=\"is--medium\">Orientation maximale :<\/span> 120 \u00b0\t\t\t\t\t<\/li>\n<li class=\"product-features__item-list__item\" role=\"listitem\"><span class=\"is--medium\">Inclinaison maximale :<\/span> 12 \u00b0\t\t\t\t\t<\/li>\n<li class=\"product-features__item-list__item\" role=\"listitem\"><span class=\"is--medium\">Mati\u00e8re :<\/span> M\u00e9tal\t\t\t\t\t<\/li>\n<li class=\"product-features__item-list__item\" role=\"listitem\"><span class=\"is--medium\">Format du support :<\/span> Bras articul\u00e9\t\t\t\t\t<\/li>\n<li class=\"product-features__item-list__item\" role=\"listitem\"><span class=\"is--medium\">Sp\u00e9cificit\u00e9s :<\/span> Si le support mural TV est mont\u00e9 de fa\u00e7on l\u00e9g\u00e8rement oblique, la position du t\u00e9l\u00e9viseur peut \u00eatre ult\u00e9rieurement corrig\u00e9e de quelques degr\u00e9s pour qu&rsquo;il soit parfaitement horizontal.\t\t\t\t\t<\/li>\n<li class=\"product-features__item-list__item\" role=\"listitem\"><span class=\"is--medium\">Coloris :<\/span> Noir\t\t\t\t\t<\/li>\n<li class=\"product-features__item-list__item\" role=\"listitem\"><span class=\"is--medium\">Orientation :<\/span> Inclinable et orientable\t\t\t\t\t<\/li>\n<\/ul>\n<\/li>\n<li class=\"product-features__item\" role=\"listitem\">\n<h3 class=\"product-features__label\">TV Compatible<\/h3>\n<ul role=\"list\">\n<li class=\"product-features__item-list__item\" role=\"listitem\"><span class=\"is--medium\">Distance min. avec le mur :<\/span> 3,2 cm\t\t\t\t\t<\/li>\n<li class=\"product-features__item-list__item\" role=\"listitem\"><span class=\"is--medium\">Distance max. avec le mur :<\/span> 41,6 cm\t\t\t\t\t<\/li>\n<li class=\"product-features__item-list__item\" role=\"listitem\"><span class=\"is--medium\">Poids support\u00e9 :<\/span> 40,0 kg\t\t\t\t\t<\/li>\n<li class=\"product-features__item-list__item\" role=\"listitem\"><span class=\"is--medium\">Diagonale (en cm) :<\/span> de 94 \u00e0 229 cm\t\t\t\t\t<\/li>\n<li class=\"product-features__item-list__item\" role=\"listitem\"><span class=\"is--medium\">Diagonale TV :<\/span> de 37 \u00e0 90&Prime;\t\t\t\t\t<\/li>\n<\/ul>\n<\/li>\n<li class=\"product-features__item\" role=\"listitem\">\n<h3 class=\"product-features__label\">Compatibilit\u00e9(s) VESA<\/h3>\n<ul role=\"list\">\n<li class=\"product-features__item-list__item\" role=\"listitem\"><span class=\"is--medium\">Compatibilit\u00e9(s) VESA :<\/span> 100&#215;100, 200&#215;200, 300&#215;200, 300&#215;300, 400&#215;200, 400&#215;300, 400&#215;400, 600&#215;300, 600&#215;400\t\t\t\t\t<\/li>\n<\/ul>\n<\/li>\n<li class=\"product-features__item\" role=\"listitem\">\n<h3 class=\"product-features__label\">Option(s)<\/h3>\n<ul role=\"list\">\n<li class=\"product-features__item-list__item\" role=\"listitem\"><span class=\"is--medium\">Cache-c\u00e2ble int\u00e9gr\u00e9 :<\/span> Oui\t\t\t\t\t<\/li>\n<li class=\"product-features__item-list__item\" role=\"listitem\"><span class=\"is--medium\">Support motoris\u00e9 :<\/span> Non\t\t\t\t\t<\/li>\n<li class=\"product-features__item-list__item\" role=\"listitem\"><span class=\"is--medium\">Niveau \u00e0 bulle int\u00e9gr\u00e9 :<\/span> Non\t\t\t\t\t<\/li>\n<li class=\"product-features__item-list__item\" role=\"listitem\"><span class=\"is--medium\">Syst\u00e8me anti-vol :<\/span> Non\t\t\t\t\t<\/li>\n<li class=\"product-features__item-list__item\" role=\"listitem\"><span class=\"is--medium\">Support barre de son :<\/span> Non\t\t\t\t\t<\/li>\n<li class=\"product-features__item-list__item\" role=\"listitem\"><span class=\"is--medium\">Tablette(s) :<\/span> Non\t\t\t\t\t<\/li>\n<li class=\"product-features__item-list__item\" role=\"listitem\"><span class=\"is--medium\">Roulettes :<\/span> Non\t\t\t\t\t<\/li>\n<li class=\"product-features__item-list__item\" role=\"listitem\"><span class=\"is--medium\">Plateau tournant :<\/span> Non\t\t\t\t\t<\/li>\n<li class=\"product-features__item-list__item\" role=\"listitem\"><span class=\"is--medium\">Ultra-mince :<\/span> Oui\t\t\t\t\t<\/li>\n<li class=\"product-features__item-list__item\" role=\"listitem\"><span class=\"is--medium\">Id\u00e9al pour TV OLED :<\/span> Oui\t\t\t\t\t<\/li>\n<\/ul>\n<\/li>\n<li class=\"product-features__item\" role=\"listitem\">\n<h3 class=\"product-features__label\">Dimensions<\/h3>\n<ul role=\"list\">\n<li class=\"product-features__item-list__item\" role=\"listitem\"><span class=\"is--medium\">Poids :<\/span> 5 kg\t\t\t\t\t<\/li>\n<\/ul>\n<\/li>\n<li class=\"product-features__item\" role=\"listitem\">\n<h3 class=\"product-features__label\">Informations compl\u00e9mentaires<\/h3>\n<ul role=\"list\">\n<li class=\"product-features__item-list__item\" role=\"listitem\"><span class=\"is--medium\">Fabriqu\u00e9 en :<\/span> Chine\t\t\t\t\t<\/li>\n<li class=\"product-features__item-list__item\" role=\"listitem\"><span class=\"is--medium\">Disponibilit\u00e9 des pi\u00e8ces d\u00e9tach\u00e9es (donn\u00e9es fournisseur) :<\/span> Pas de pi\u00e8ce disponible\t\t\t\t\t<\/li>\n<li class=\"product-features__item-list__item\" role=\"listitem\"><span class=\"is--medium\">R\u00e9f\u00e9rence constructeur :<\/span> FULLMOTION \u00ab\u00a0Ultraslim\u00a0\u00bb, 229 cm (90&Prime;), n\t\t\t\t\t<\/li>\n<li class=\"product-features__item-list__item\" role=\"listitem\"><span class=\"is--medium\">Marque :<\/span> HAMA\t\t\t\t\t<\/li>\n<\/ul>\n<\/li>\n<\/ul>\n<\/div>\n<div class=\"product__disclosure-content\">\n<div class=\"js-read-more product-description__content read-more read-more--truncated\" data-read-more-name=\"description\" style=\"max-height: 500px; overflow: hidden;\">\n<h3> <img fetchpriority=\"high\" decoding=\"async\" (90\"),=\"\" ,=\"\" 229=\"\" 600x400,=\"\" alt=\"Support mural FULLMOTION \" class=\"wy_tableau_gauche\" cm=\"\" height=\"270\" noir\"=\"\" src=\"https:\/\/fr.hama.com\/bilder\/00118\/abx\/00118064abx.jpg\" ultraslim\",=\"\" width=\"400\"\/> <\/h3>\n<p> <\/p>\n<p> <\/p>\n<li>   Support mural avec profil extr\u00eamement plat offrant \u00e9galement une mobilit\u00e9 compl\u00e8te dans toutes les directions <\/li>\n<p> <\/p>\n<li>    Les cache-c\u00e2bles permettent de mettre de l&rsquo;ordre dans vos c\u00e2bles et \u00e9vitent de les endommager <\/li>\n<p> <\/p>\n<li>    Syst\u00e8me \u00ab\u00a0Easy Fix\u00a0\u00bb permettant de positionner facilement votre t\u00e9l\u00e9viseur <\/li>\n<li>      Si le support mural TV est mont\u00e9 de fa\u00e7on l\u00e9g\u00e8rement oblique, la position du t\u00e9l\u00e9viseur peut \u00eatre ult\u00e9rieurement corrig\u00e9e de quelques degr\u00e9s pour qu&rsquo;il soit parfaitement horizontal <\/li>\n<p> <\/p>\n<li>   Gr\u00e2ce au gabarit de per\u00e7age, marquage ais\u00e9 de l&#8217;emplacement des trous de per\u00e7age sans n\u00e9cessiter d&rsquo;appliquer le support contre le mur <\/li>\n<p> <\/p>\n<li>    Pour l&rsquo;installation d&rsquo;\u00e9crans plats d&rsquo;une diagonale d&rsquo;\u00e9cran de 94 \u00e0 229 cm (37&Prime; \u00e0 90&Prime;) <\/li>\n<li>    Support ultraplat permettant un \u00e9cart de seulement 32 mm par rapport au mur <\/li>\n<p> <\/p>\n<li>    Gr\u00e2ce \u00e0 son design innovant, ce support mural est presque invisible lorsqu&rsquo;il est repli\u00e9 <\/li>\n<p> <\/p>\n<li>    Convient particuli\u00e8rement pour les t\u00e9l\u00e9viseurs OLED ultraplats <\/li>\n<p> <\/p>\n<li>    Inclinable en continu jusqu&rsquo;\u00e0 -12\/+3\u00b0 <\/li>\n<p><\/p>\n<li>2 bras pivotables mobiles pour plus de stabilit\u00e9 et une r\u00e9partition \u00e9gale du poids, pivotable jusqu&rsquo;\u00e0 120\u00b0<\/li>\n<p> <\/p>\n<li>Supporte toutes les normes VESA jusqu&rsquo;\u00e0 600 x 400<\/li>\n<li>Hauteur de la plaque de fixation murale\t: 27.5 cm<\/li>\n<p><\/p>\n<li>Largeur de la plaque de fixation murale\t: 30.8 cm<\/li>\n<p> <\/p>\n<p> <\/p>\n<h3> <img decoding=\"async\" (90\"),=\"\" ,=\"\" 229=\"\" 600x400,=\"\" alt=\"Support mural FULLMOTION \" class=\"wy_tableau_gauche\" cm=\"\" height=\"270\" noir\"=\"\" src=\"https:\/\/fr.hama.com\/bilder\/00118\/dex\/00118064dex.jpg\" ultraslim\",=\"\" width=\"400\"\/><\/p>\n<p>    Contenu du carton :<br \/> <\/h3>\n<p> <\/p>\n<p> <\/p>\n<li>    1 support mural TV FULLMOTION <\/li>\n<p> <\/p>\n<li>Mat\u00e9riel de montage avec chevilles Fischer comprises<\/li>\n<p><\/p>\n<li>1 niveau \u00e0 bulle d&rsquo;air<\/li>\n<p><\/p>\n<li>1 notice de montage<\/li>\n<p><\/p>\n<\/p>\n<\/div>\n<p><bl-button a11yexpanded=\"false\" arialabel=\"Afficher toute la description\" class=\"read-more__btn\" full=\"false\" link=\"true\"><\/bl-button><\/div>","protected":false},"excerpt":{"rendered":"<div class=\"keypoints\">\n<h3 class=\"keypoints__title\">Les points cl\u00e9s<\/h3>\n<ul role=\"list\">\n<li class=\"keypoints__item\" role=\"listitem\">                                        Diagonale TV : de 37 \u00e0 90&Prime;                      <\/li>\n<li class=\"keypoints__item\" role=\"listitem\">                          Poids support\u00e9 : 40 kg &#8211;                                                      Inclinable et orientable                      <\/li>\n<li class=\"keypoints__item\" role=\"listitem\">                                        Guide c\u00e2bles, Ultra-mince, Id\u00e9al pour TV OLED                      <\/li>\n<\/ul>","protected":false},"featured_media":86337,"template":"","meta":{"_glsr_average":0,"_glsr_ranking":0,"_glsr_reviews":0},"product_cat":[463],"product_tag":[461,464,451],"class_list":{"0":"post-86338","1":"product","2":"type-product","3":"status-publish","4":"has-post-thumbnail","6":"product_cat-support-tv","7":"product_tag-support-meuble","8":"product_tag-support-tv","9":"product_tag-tv-image-son","11":"first","12":"instock","13":"sale","14":"shipping-taxable","15":"purchasable","16":"product-type-simple"},"_links":{"self":[{"href":"https:\/\/electromenagerexpress.com\/en\/wp-json\/wp\/v2\/product\/86338","targetHints":{"allow":["GET"]}}],"collection":[{"href":"https:\/\/electromenagerexpress.com\/en\/wp-json\/wp\/v2\/product"}],"about":[{"href":"https:\/\/electromenagerexpress.com\/en\/wp-json\/wp\/v2\/types\/product"}],"wp:featuredmedia":[{"embeddable":true,"href":"https:\/\/electromenagerexpress.com\/en\/wp-json\/wp\/v2\/media\/86337"}],"wp:attachment":[{"href":"https:\/\/electromenagerexpress.com\/en\/wp-json\/wp\/v2\/media?parent=86338"}],"wp:term":[{"taxonomy":"product_cat","embeddable":true,"href":"https:\/\/electromenagerexpress.com\/en\/wp-json\/wp\/v2\/product_cat?post=86338"},{"taxonomy":"product_tag","embeddable":true,"href":"https:\/\/electromenagerexpress.com\/en\/wp-json\/wp\/v2\/product_tag?post=86338"}],"curies":[{"name":"wp","href":"https:\/\/api.w.org\/{rel}","templated":true}]}}