{"id":86320,"date":"2024-11-24T16:36:20","date_gmt":"2024-11-24T16:36:20","guid":{"rendered":"https:\/\/electromenagerexpress.com\/product\/support-plafond-tvkimexplafond-motorise-ecran-tv-32-70-wi-fi\/"},"modified":"2024-11-24T16:36:24","modified_gmt":"2024-11-24T16:36:24","slug":"support-plafond-tvkimexplafond-motorise-ecran-tv-32-70-wi-fi","status":"publish","type":"product","link":"https:\/\/electromenagerexpress.com\/en\/product\/support-plafond-tvkimexplafond-motorise-ecran-tv-32-70-wi-fi\/","title":{"rendered":"Support plafond TV\t\t\t\t\t\t\tKIMEX\t\t\t\tplafond motoris\u00e9 \u00e9cran TV 32&Prime;-70&Prime;- Wi-fi"},"content":{"rendered":"<div class=\"product-features__content\">\n<ul role=\"list\">\n<li class=\"product-features__item\" role=\"listitem\">\n<h3 class=\"product-features__label\">Caract\u00e9ristiques g\u00e9n\u00e9rales<\/h3>\n<ul role=\"list\">\n<li class=\"product-features__item-list__item\" role=\"listitem\"><span class=\"is--medium\">Type :<\/span> Support plafond TV\t\t\t\t\t<\/li>\n<li class=\"product-features__item-list__item\" role=\"listitem\"><span class=\"is--medium\">Installation :<\/span> Plafond\t\t\t\t\t<\/li>\n<li class=\"product-features__item-list__item\" role=\"listitem\"><span class=\"is--medium\">Orientation maximale :<\/span> 0 \u00b0\t\t\t\t\t<\/li>\n<li class=\"product-features__item-list__item\" role=\"listitem\"><span class=\"is--medium\">Inclinaison maximale :<\/span> 75 \u00b0\t\t\t\t\t<\/li>\n<li class=\"product-features__item-list__item\" role=\"listitem\"><span class=\"is--medium\">Mati\u00e8re :<\/span> M\u00e9tal\t\t\t\t\t<\/li>\n<li class=\"product-features__item-list__item\" role=\"listitem\"><span class=\"is--medium\">Coloris :<\/span> Noir\t\t\t\t\t<\/li>\n<li class=\"product-features__item-list__item\" role=\"listitem\"><span class=\"is--medium\">Orientation :<\/span> Inclinable\t\t\t\t\t<\/li>\n<\/ul>\n<\/li>\n<li class=\"product-features__item\" role=\"listitem\">\n<h3 class=\"product-features__label\">TV Compatible<\/h3>\n<ul role=\"list\">\n<li class=\"product-features__item-list__item\" role=\"listitem\"><span class=\"is--medium\">Distance min. avec le mur :<\/span> 11,0 cm\t\t\t\t\t<\/li>\n<li class=\"product-features__item-list__item\" role=\"listitem\"><span class=\"is--medium\">Distance max. avec le mur :<\/span> 73,0 cm\t\t\t\t\t<\/li>\n<li class=\"product-features__item-list__item\" role=\"listitem\"><span class=\"is--medium\">Poids support\u00e9 :<\/span> 35,0 kg\t\t\t\t\t<\/li>\n<li class=\"product-features__item-list__item\" role=\"listitem\"><span class=\"is--medium\">Diagonale (en cm) :<\/span> de 81 \u00e0 178 cm\t\t\t\t\t<\/li>\n<li class=\"product-features__item-list__item\" role=\"listitem\"><span class=\"is--medium\">Diagonale TV :<\/span> non concern\u00e9\t\t\t\t\t<\/li>\n<\/ul>\n<\/li>\n<li class=\"product-features__item\" role=\"listitem\">\n<h3 class=\"product-features__label\">Compatibilit\u00e9(s) VESA<\/h3>\n<ul role=\"list\">\n<li class=\"product-features__item-list__item\" role=\"listitem\"><span class=\"is--medium\">Compatibilit\u00e9(s) VESA :<\/span> 200&#215;100, 200&#215;200, 300&#215;200, 300&#215;300, 400&#215;200, 400&#215;300, 400&#215;400, 600&#215;400\t\t\t\t\t<\/li>\n<\/ul>\n<\/li>\n<li class=\"product-features__item\" role=\"listitem\">\n<h3 class=\"product-features__label\">Option(s)<\/h3>\n<ul role=\"list\">\n<li class=\"product-features__item-list__item\" role=\"listitem\"><span class=\"is--medium\">Cache-c\u00e2ble int\u00e9gr\u00e9 :<\/span> Oui\t\t\t\t\t<\/li>\n<li class=\"product-features__item-list__item\" role=\"listitem\"><span class=\"is--medium\">Support motoris\u00e9 :<\/span> Non\t\t\t\t\t<\/li>\n<li class=\"product-features__item-list__item\" role=\"listitem\"><span class=\"is--medium\">Niveau \u00e0 bulle int\u00e9gr\u00e9 :<\/span> Non\t\t\t\t\t<\/li>\n<li class=\"product-features__item-list__item\" role=\"listitem\"><span class=\"is--medium\">Syst\u00e8me anti-vol :<\/span> Non\t\t\t\t\t<\/li>\n<li class=\"product-features__item-list__item\" role=\"listitem\"><span class=\"is--medium\">Support barre de son :<\/span> Non\t\t\t\t\t<\/li>\n<li class=\"product-features__item-list__item\" role=\"listitem\"><span class=\"is--medium\">Tablette(s) :<\/span> Non\t\t\t\t\t<\/li>\n<li class=\"product-features__item-list__item\" role=\"listitem\"><span class=\"is--medium\">Roulettes :<\/span> Non\t\t\t\t\t<\/li>\n<li class=\"product-features__item-list__item\" role=\"listitem\"><span class=\"is--medium\">Plateau tournant :<\/span> Non\t\t\t\t\t<\/li>\n<li class=\"product-features__item-list__item\" role=\"listitem\"><span class=\"is--medium\">Ultra-mince :<\/span> Non\t\t\t\t\t<\/li>\n<li class=\"product-features__item-list__item\" role=\"listitem\"><span class=\"is--medium\">Id\u00e9al pour TV OLED :<\/span> Non\t\t\t\t\t<\/li>\n<\/ul>\n<\/li>\n<li class=\"product-features__item\" role=\"listitem\">\n<h3 class=\"product-features__label\">Informations compl\u00e9mentaires<\/h3>\n<ul role=\"list\">\n<li class=\"product-features__item-list__item\" role=\"listitem\"><span class=\"is--medium\">Fabriqu\u00e9 en :<\/span> Chine\t\t\t\t\t<\/li>\n<li class=\"product-features__item-list__item\" role=\"listitem\"><span class=\"is--medium\">Disponibilit\u00e9 des pi\u00e8ces d\u00e9tach\u00e9es (donn\u00e9es fournisseur) :<\/span> Non communiqu\u00e9e\t\t\t\t\t<\/li>\n<li class=\"product-features__item-list__item\" role=\"listitem\"><span class=\"is--medium\">R\u00e9f\u00e9rence constructeur :<\/span> plafond motoris\u00e9 \u00e9cran TV 32&Prime;-70&Prime;- Wi-fi\t\t\t\t\t<\/li>\n<li class=\"product-features__item-list__item\" role=\"listitem\"><span class=\"is--medium\">Marque :<\/span> KIMEX\t\t\t\t\t<\/li>\n<\/ul>\n<\/li>\n<\/ul>\n<\/div>\n<div class=\"product__disclosure-content\">\n<div class=\"js-read-more product-description__content read-more read-more--truncated\" data-read-more-name=\"description\" style=\"max-height: 500px; overflow: hidden;\">\n<p>Le support plafond escamotable motoris\u00e9 pour \u00e9cran TV 018-7064W est le choix parfait pour \u00e9conomiser de l&rsquo;espace dans une pi\u00e8ce \u00e0 plafond bas (plat ou inclin\u00e9). Ce support est recommand\u00e9 pour \u00e9cran de 32 \u00e0 70 pouces r\u00e9pondant au standard VESA (200x100mm min, 600x400mm max), jusqu&rsquo;\u00e0 35 Kg. Ing\u00e9nieux et fonctionnel, ce support a \u00e9t\u00e9 con\u00e7u pour faire sortir votre t\u00e9l\u00e9viseur et le ranger apr\u00e8s utilisation gr\u00e2ce \u00e0 sa t\u00e9l\u00e9commande. Montage facile en quatre temps : fixez le support au plafond gr\u00e2ce au gabarit fourni, fixez la plaque VESA au dos de votre \u00e9cran de t\u00e9l\u00e9vision, installez l&rsquo;ensemble sur le support \u00e0 la hauteur d\u00e9sir\u00e9e puis vissez la plaque VESA au support. Une fois install\u00e9, actionnez votre \u00e9cran jusqu&rsquo;au niveau souhait\u00e9 gr\u00e2ce \u00e0 la t\u00e9l\u00e9commande puis refermez-le apr\u00e8s utilisation. Votre support peut \u00e9galement \u00eatre contr\u00f4l\u00e9 par Wi-Fi soit avec une application (TUYA, AMAZON ALEXA, GOOGLE NEST), ou par commande vocale via un syst\u00e8me domotique, ou encore par RS-485. Pour un confort optimal, ce support vous permet de r\u00e9gler et de m\u00e9moriser le niveau d&rsquo;arr\u00eat du moteur, l&rsquo;\u00e9cran s&rsquo;arr\u00eate ainsi \u00e0 la position pr\u00e9d\u00e9termin\u00e9e. Avec ces caract\u00e9ristiques, le support plafond escamotable motoris\u00e9 KIMEX 018-7064W se r\u00e9v\u00e8le comme une solution novatrice et fonctionnelle recommand\u00e9e pour les particuliers ainsi que pour les professionnels de l&rsquo;int\u00e9gration audiovisuelle.<\/p>\n<p>Avantages :<\/p>\n<p>Conception novatrice rabattable : permet de ranger facilement votre \u00e9cran et un espace d\u00e9gag\u00e9,<\/p>\n<p>Solution modulable pour accueillir diff\u00e9rentes tailles d&rsquo;\u00e9crans,<\/p>\n<p>Moteur puissant pour une parfaite stabilit\u00e9.<\/p>\n<p>Garantie : 3 ans.<br \/>T\u00e9l\u00e9commande radiofr\u00e9quence pour une utilisation facile et qui permet de m\u00e9moriser deux positions<br \/>Contr\u00f4le domotique connect\u00e9 par Wi-Fi<br \/>Passage de la connectique pour un rendu esth\u00e9tique.<\/p>\n<\/div>\n<p><bl-button a11yexpanded=\"false\" arialabel=\"Afficher toute la description\" class=\"read-more__btn\" full=\"false\" link=\"true\"><\/bl-button><\/div>","protected":false},"excerpt":{"rendered":"<div class=\"keypoints\">\n<h3 class=\"keypoints__title\">Les points cl\u00e9s<\/h3>\n<ul role=\"list\">\n<li class=\"keypoints__item\" role=\"listitem\">                                        Diagonale TV : non concern\u00e9                      <\/li>\n<li class=\"keypoints__item\" role=\"listitem\">                          Poids support\u00e9 : 35 kg &#8211;                                                      Inclinable                      <\/li>\n<li class=\"keypoints__item\" role=\"listitem\">                                        Guide c\u00e2bles                      <\/li>\n<\/ul>","protected":false},"featured_media":86319,"template":"","meta":{"_glsr_average":0,"_glsr_ranking":0,"_glsr_reviews":0},"product_cat":[463],"product_tag":[461,464,451],"class_list":{"0":"post-86320","1":"product","2":"type-product","3":"status-publish","4":"has-post-thumbnail","6":"product_cat-support-tv","7":"product_tag-support-meuble","8":"product_tag-support-tv","9":"product_tag-tv-image-son","11":"first","12":"instock","13":"sale","14":"shipping-taxable","15":"purchasable","16":"product-type-simple"},"_links":{"self":[{"href":"https:\/\/electromenagerexpress.com\/en\/wp-json\/wp\/v2\/product\/86320","targetHints":{"allow":["GET"]}}],"collection":[{"href":"https:\/\/electromenagerexpress.com\/en\/wp-json\/wp\/v2\/product"}],"about":[{"href":"https:\/\/electromenagerexpress.com\/en\/wp-json\/wp\/v2\/types\/product"}],"wp:featuredmedia":[{"embeddable":true,"href":"https:\/\/electromenagerexpress.com\/en\/wp-json\/wp\/v2\/media\/86319"}],"wp:attachment":[{"href":"https:\/\/electromenagerexpress.com\/en\/wp-json\/wp\/v2\/media?parent=86320"}],"wp:term":[{"taxonomy":"product_cat","embeddable":true,"href":"https:\/\/electromenagerexpress.com\/en\/wp-json\/wp\/v2\/product_cat?post=86320"},{"taxonomy":"product_tag","embeddable":true,"href":"https:\/\/electromenagerexpress.com\/en\/wp-json\/wp\/v2\/product_tag?post=86320"}],"curies":[{"name":"wp","href":"https:\/\/api.w.org\/{rel}","templated":true}]}}