{"id":86239,"date":"2024-11-24T16:34:50","date_gmt":"2024-11-24T16:34:50","guid":{"rendered":"https:\/\/electromenagerexpress.com\/product\/pied-denceinteisoacousticsaperta-200-noir-la-paire\/"},"modified":"2024-11-24T16:34:58","modified_gmt":"2024-11-24T16:34:58","slug":"pied-denceinteisoacousticsaperta-200-noir-la-paire","status":"publish","type":"product","link":"https:\/\/electromenagerexpress.com\/en\/product\/pied-denceinteisoacousticsaperta-200-noir-la-paire\/","title":{"rendered":"Pied d&rsquo;enceinte\t\t\t\t\t\t\tISOACOUSTICS\t\t\t\tAperta 200 Noir (la paire)"},"content":{"rendered":"<div class=\"product-features__content\">\n<ul role=\"list\">\n<li class=\"product-features__item\" role=\"listitem\">\n<h3 class=\"product-features__label\">Les + de ce mod\u00e8le<\/h3>\n<ul role=\"list\">\n<li class=\"product-features__item-list__item\" role=\"listitem\"><span class=\"is--medium\">Avantages :<\/span> Pied isolant pour enceinte colonne<br \/>Suppression des vibrations et r\u00e9sonances<br \/>Inclinaison jusqu&rsquo;\u00e0 6,5 degr\u00e9s<br \/>Pieds isolants brevet\u00e9s\t\t\t\t\t<\/li>\n<\/ul>\n<\/li>\n<li class=\"product-features__item\" role=\"listitem\">\n<h3 class=\"product-features__label\">Caract\u00e9ristiques g\u00e9n\u00e9rales<\/h3>\n<ul role=\"list\">\n<li class=\"product-features__item-list__item\" role=\"listitem\"><span class=\"is--medium\">Type :<\/span> Pied pour enceinte\t\t\t\t\t<\/li>\n<li class=\"product-features__item-list__item\" role=\"listitem\"><span class=\"is--medium\">Compatibilit\u00e9 :<\/span> : universelle\t\t\t\t\t<\/li>\n<li class=\"product-features__item-list__item\" role=\"listitem\"><span class=\"is--medium\">Pied \u00e0 fixation universelle :<\/span> Non\t\t\t\t\t<\/li>\n<li class=\"product-features__item-list__item\" role=\"listitem\"><span class=\"is--medium\">Poids maximum support\u00e9 :<\/span> 34\t\t\t\t\t<\/li>\n<li class=\"product-features__item-list__item\" role=\"listitem\"><span class=\"is--medium\">Coloris :<\/span> Noir\t\t\t\t\t<\/li>\n<\/ul>\n<\/li>\n<li class=\"product-features__item\" role=\"listitem\">\n<h3 class=\"product-features__label\">Dimensions<\/h3>\n<ul role=\"list\">\n<li class=\"product-features__item-list__item\" role=\"listitem\"><span class=\"is--medium\">Dimensions l x h x p :<\/span> NC x 9 x NC cm\t\t\t\t\t<\/li>\n<\/ul>\n<\/li>\n<li class=\"product-features__item\" role=\"listitem\">\n<h3 class=\"product-features__label\">Informations compl\u00e9mentaires<\/h3>\n<ul role=\"list\">\n<li class=\"product-features__item-list__item\" role=\"listitem\"><span class=\"is--medium\">R\u00e9f\u00e9rence constructeur :<\/span> Aperta 200 Noir (la paire)\t\t\t\t\t<\/li>\n<li class=\"product-features__item-list__item\" role=\"listitem\"><span class=\"is--medium\">Marque :<\/span> ISOACOUSTICS\t\t\t\t\t<\/li>\n<li class=\"product-features__item-list__item\" role=\"listitem\"><span class=\"is--medium\">Disponibilit\u00e9 des pi\u00e8ces d\u00e9tach\u00e9es (donn\u00e9es fournisseur) :<\/span> Non communiqu\u00e9e\t\t\t\t\t<\/li>\n<li class=\"product-features__item-list__item\" role=\"listitem\"><span class=\"is--medium\">Fabriqu\u00e9 en :<\/span> Chine\t\t\t\t\t<\/li>\n<\/ul>\n<\/li>\n<\/ul>\n<\/div>\n<div class=\"product__disclosure-content\">\n<div class=\"js-read-more product-description__content\" data-read-more-name=\"description\" style=\"max-height: 500px; overflow: hidden;\">\n<p>Le support en aluminium IsoAcoustics Aperta 200, mesurant 200 x 254 mm, est un produit sp\u00e9cialement con\u00e7u pour supporter des enceintes sur pied pesant jusqu&rsquo;\u00e0 34 kg ! Gr\u00e2ce \u00e0 ses performances sonores innovantes, ce rack optimisera grandement votre syst\u00e8me audiophile. Gr\u00e2ce \u00e0 son syst\u00e8me de d\u00e9couplage tridimensionnel \u00ab\u00a0flottant\u00a0\u00bb, le support est capable d&rsquo;am\u00e9liorer la clart\u00e9 et la transparence de vos enceintes en absorbant toutes les vibrations. De plus, vous pouvez r\u00e9gler sa hauteur ainsi que son angle d&rsquo;inclinaison jusqu&rsquo;\u00e0 6\u00b0 (haut\/bas) pour profiter d&rsquo;une plus grande fid\u00e9lit\u00e9. L&rsquo;Aperta 200 d&rsquo;IsoAcoustics est un moyen esth\u00e9tique et \u00e9conomique de r\u00e9duire les vibrations de vos enceintes et d&rsquo;am\u00e9liorer consid\u00e9rablement leurs performances musicales. La musique devient plus articul\u00e9e et les basses plus fermes. Avec ce support moderne, \u00e9l\u00e9gant et performant, vous b\u00e9n\u00e9ficiez d&rsquo;une isolation acoustique tout \u00e0 fait unique ! Pour accentuer votre installation haute-fid\u00e9lit\u00e9, les supports de la marque canadienne IsoAcoustics sont disponibles en finition noire ou aluminium ! L&rsquo;IsoAcoustics Aperta, sp\u00e9cialement con\u00e7u pour les enceintes de biblioth\u00e8que et les moniteurs de studio, est \u00e9galement disponible.<\/p>\n<\/div>\n<\/div>","protected":false},"excerpt":{"rendered":"<div class=\"keypoints\">\n<h3 class=\"keypoints__title\">Les points cl\u00e9s<\/h3>\n<ul role=\"list\">\n<li class=\"keypoints__item\" role=\"listitem\">                                        Compatibilit\u00e9 : : universelle                      <\/li>\n<li class=\"keypoints__item\" role=\"listitem\">                                        Hauteur produit (cm) : 9                      <\/li>\n<\/ul>","protected":false},"featured_media":86238,"template":"","meta":{"_glsr_average":0,"_glsr_ranking":0,"_glsr_reviews":0},"product_cat":[466,465],"product_tag":[468,467,451],"class_list":{"0":"post-86239","1":"product","2":"type-product","3":"status-publish","4":"has-post-thumbnail","6":"product_cat-support-pied-denceinte","7":"product_cat-support-meuble-tv-image-son","8":"product_tag-support-pied-denceinte","9":"product_tag-support-meuble-2","10":"product_tag-tv-image-son","12":"first","13":"instock","14":"sale","15":"shipping-taxable","16":"purchasable","17":"product-type-simple"},"_links":{"self":[{"href":"https:\/\/electromenagerexpress.com\/en\/wp-json\/wp\/v2\/product\/86239","targetHints":{"allow":["GET"]}}],"collection":[{"href":"https:\/\/electromenagerexpress.com\/en\/wp-json\/wp\/v2\/product"}],"about":[{"href":"https:\/\/electromenagerexpress.com\/en\/wp-json\/wp\/v2\/types\/product"}],"wp:featuredmedia":[{"embeddable":true,"href":"https:\/\/electromenagerexpress.com\/en\/wp-json\/wp\/v2\/media\/86238"}],"wp:attachment":[{"href":"https:\/\/electromenagerexpress.com\/en\/wp-json\/wp\/v2\/media?parent=86239"}],"wp:term":[{"taxonomy":"product_cat","embeddable":true,"href":"https:\/\/electromenagerexpress.com\/en\/wp-json\/wp\/v2\/product_cat?post=86239"},{"taxonomy":"product_tag","embeddable":true,"href":"https:\/\/electromenagerexpress.com\/en\/wp-json\/wp\/v2\/product_tag?post=86239"}],"curies":[{"name":"wp","href":"https:\/\/api.w.org\/{rel}","templated":true}]}}