{"id":86165,"date":"2024-11-24T16:33:39","date_gmt":"2024-11-24T16:33:39","guid":{"rendered":"https:\/\/electromenagerexpress.com\/product\/pied-tvkimexmobile-ecran-37-a-70\/"},"modified":"2024-11-24T16:33:42","modified_gmt":"2024-11-24T16:33:42","slug":"pied-tvkimexmobile-ecran-37-a-70","status":"publish","type":"product","link":"https:\/\/electromenagerexpress.com\/en\/product\/pied-tvkimexmobile-ecran-37-a-70\/","title":{"rendered":"Pied TV\t\t\t\t\t\t\tKIMEX\t\t\t\tmobile \u00e9cran 37 \u00e0 70\u00a0\u00bb"},"content":{"rendered":"<div class=\"product-features__content\">\n<ul role=\"list\">\n<li class=\"product-features__item\" role=\"listitem\">\n<h3 class=\"product-features__label\">Caract\u00e9ristiques g\u00e9n\u00e9rales<\/h3>\n<ul role=\"list\">\n<li class=\"product-features__item-list__item\" role=\"listitem\"><span class=\"is--medium\">Type :<\/span> Pied\t\t\t\t\t<\/li>\n<li class=\"product-features__item-list__item\" role=\"listitem\"><span class=\"is--medium\">Installation :<\/span> A poser\t\t\t\t\t<\/li>\n<li class=\"product-features__item-list__item\" role=\"listitem\"><span class=\"is--medium\">Orientation maximale :<\/span> 90 \u00b0\t\t\t\t\t<\/li>\n<li class=\"product-features__item-list__item\" role=\"listitem\"><span class=\"is--medium\">Mati\u00e8re :<\/span> Aluminium\t\t\t\t\t<\/li>\n<li class=\"product-features__item-list__item\" role=\"listitem\"><span class=\"is--medium\">Coloris :<\/span> Noir \/ Gris\t\t\t\t\t<\/li>\n<\/ul>\n<\/li>\n<li class=\"product-features__item\" role=\"listitem\">\n<h3 class=\"product-features__label\">TV Compatible<\/h3>\n<ul role=\"list\">\n<li class=\"product-features__item-list__item\" role=\"listitem\"><span class=\"is--medium\">Distance min. avec le mur :<\/span> 0,0 mm\t\t\t\t\t<\/li>\n<li class=\"product-features__item-list__item\" role=\"listitem\"><span class=\"is--medium\">Poids support\u00e9 :<\/span> 40,0 kg\t\t\t\t\t<\/li>\n<li class=\"product-features__item-list__item\" role=\"listitem\"><span class=\"is--medium\">Diagonale (en cm) :<\/span> de 94 \u00e0 178 cm\t\t\t\t\t<\/li>\n<li class=\"product-features__item-list__item\" role=\"listitem\"><span class=\"is--medium\">Diagonale TV :<\/span> de 37 \u00e0 70&Prime;\t\t\t\t\t<\/li>\n<\/ul>\n<\/li>\n<li class=\"product-features__item\" role=\"listitem\">\n<h3 class=\"product-features__label\">Compatibilit\u00e9(s) VESA<\/h3>\n<ul role=\"list\">\n<li class=\"product-features__item-list__item\" role=\"listitem\"><span class=\"is--medium\">Compatibilit\u00e9(s) VESA :<\/span> 200&#215;200, 600&#215;400\t\t\t\t\t<\/li>\n<\/ul>\n<\/li>\n<li class=\"product-features__item\" role=\"listitem\">\n<h3 class=\"product-features__label\">Option(s)<\/h3>\n<ul role=\"list\">\n<li class=\"product-features__item-list__item\" role=\"listitem\"><span class=\"is--medium\">Cache-c\u00e2ble int\u00e9gr\u00e9 :<\/span> Oui\t\t\t\t\t<\/li>\n<\/ul>\n<\/li>\n<li class=\"product-features__item\" role=\"listitem\">\n<h3 class=\"product-features__label\">Dimensions<\/h3>\n<ul role=\"list\">\n<li class=\"product-features__item-list__item\" role=\"listitem\"><span class=\"is--medium\">Poids :<\/span> 23 kg\t\t\t\t\t<\/li>\n<\/ul>\n<\/li>\n<li class=\"product-features__item\" role=\"listitem\">\n<h3 class=\"product-features__label\">Informations compl\u00e9mentaires<\/h3>\n<ul role=\"list\">\n<li class=\"product-features__item-list__item\" role=\"listitem\"><span class=\"is--medium\">Disponibilit\u00e9 des pi\u00e8ces d\u00e9tach\u00e9es (donn\u00e9es fournisseur) :<\/span> Pas de pi\u00e8ce disponible\t\t\t\t\t<\/li>\n<li class=\"product-features__item-list__item\" role=\"listitem\"><span class=\"is--medium\">R\u00e9f\u00e9rence constructeur :<\/span> mobile \u00e9cran 37 \u00e0 70\u00a0\u00bb\t\t\t\t\t<\/li>\n<li class=\"product-features__item-list__item\" role=\"listitem\"><span class=\"is--medium\">Marque :<\/span> KIMEX\t\t\t\t\t<\/li>\n<\/ul>\n<\/li>\n<\/ul>\n<\/div>\n<div class=\"product__disclosure-content\">\n<div class=\"js-read-more product-description__content\" data-read-more-name=\"description\" style=\"max-height: 500px; overflow: hidden;\">\n<p>Le support de sol KIMEX 030-2020 est con\u00e7u pour accueillir des \u00e9crans LCD LED de 37 \u00e0 70&Prime; r\u00e9pondant aux standards VESA (200&#215;200 min, 600&#215;400 max), jusqu&rsquo;\u00e0 40 kg.<\/p>\n<p><\/p>\n<p>Compos\u00e9 d&rsquo;une solide base en verre sur roulettes et d&rsquo;une colonne t\u00e9lescopique, il vous permettra de r\u00e9gler facilement la hauteur de votre \u00e9cran jusqu&rsquo;\u00e0 180 cm (centre \u00e9cran) et de le passer du mode paysage en mode portrait pour s&rsquo;adapter \u00e0 toutes vos configurations.<\/p>\n<p><\/p>\n<p>El\u00e9gant, il dispose d&rsquo;une \u00e9tag\u00e8re pour accueillir vos appareils et d&rsquo;un syst\u00e8me de passage de c\u00e2bles efficace pour lui garantir une finition soign\u00e9e, le support KIMEX 030-2020 est donc id\u00e9al pour les professionnels qui recherchent uen solution polyvalente, facile \u00e0 installer et \u00e0 utiliser.<\/p>\n<p>Avantages:<\/p>\n<li>Hauteur de l&rsquo;\u00e9cran facilement ajustable (120-180 cm, centre de l&rsquo;\u00e9cran).<\/li>\n<p><\/p>\n<li>Possibilit\u00e9 de passer l&rsquo;\u00e9cran de mode paysage en mode portrait.<\/li>\n<p><\/p>\n<li>Etag\u00e8re montable\/ d\u00e9montable et r\u00e9glable en hauteur.<\/li>\n<p><\/p>\n<li>El\u00e9gant, il peut \u00eatre install\u00e9 en bureau, en salle d&rsquo;accueil ou sur un salon d&rsquo;exposition pour une finition professionnelle.\n<\/p>\n<\/li>\n<\/div>\n<\/div>","protected":false},"excerpt":{"rendered":"<div class=\"keypoints\">\n<h3 class=\"keypoints__title\">Les points cl\u00e9s<\/h3>\n<ul role=\"list\">\n<li class=\"keypoints__item\" role=\"listitem\">                                        Diagonale TV : de 37 \u00e0 70&Prime;                      <\/li>\n<li class=\"keypoints__item\" role=\"listitem\">                                        Poids support\u00e9 : 40 kg                      <\/li>\n<li class=\"keypoints__item\" role=\"listitem\">                                        Guide c\u00e2bles                      <\/li>\n<\/ul>","protected":false},"featured_media":86164,"template":"","meta":{"_glsr_average":0,"_glsr_ranking":0,"_glsr_reviews":0},"product_cat":[463],"product_tag":[461,464,451],"class_list":{"0":"post-86165","1":"product","2":"type-product","3":"status-publish","4":"has-post-thumbnail","6":"product_cat-support-tv","7":"product_tag-support-meuble","8":"product_tag-support-tv","9":"product_tag-tv-image-son","11":"first","12":"instock","13":"sale","14":"shipping-taxable","15":"purchasable","16":"product-type-simple"},"_links":{"self":[{"href":"https:\/\/electromenagerexpress.com\/en\/wp-json\/wp\/v2\/product\/86165","targetHints":{"allow":["GET"]}}],"collection":[{"href":"https:\/\/electromenagerexpress.com\/en\/wp-json\/wp\/v2\/product"}],"about":[{"href":"https:\/\/electromenagerexpress.com\/en\/wp-json\/wp\/v2\/types\/product"}],"wp:featuredmedia":[{"embeddable":true,"href":"https:\/\/electromenagerexpress.com\/en\/wp-json\/wp\/v2\/media\/86164"}],"wp:attachment":[{"href":"https:\/\/electromenagerexpress.com\/en\/wp-json\/wp\/v2\/media?parent=86165"}],"wp:term":[{"taxonomy":"product_cat","embeddable":true,"href":"https:\/\/electromenagerexpress.com\/en\/wp-json\/wp\/v2\/product_cat?post=86165"},{"taxonomy":"product_tag","embeddable":true,"href":"https:\/\/electromenagerexpress.com\/en\/wp-json\/wp\/v2\/product_tag?post=86165"}],"curies":[{"name":"wp","href":"https:\/\/api.w.org\/{rel}","templated":true}]}}