{"id":86145,"date":"2024-11-24T16:33:22","date_gmt":"2024-11-24T16:33:22","guid":{"rendered":"https:\/\/electromenagerexpress.com\/product\/meuble-tvhelloshop26meuble-tele-buffet-tv-television-design-38\/"},"modified":"2024-11-24T16:33:26","modified_gmt":"2024-11-24T16:33:26","slug":"meuble-tvhelloshop26meuble-tele-buffet-tv-television-design-38","status":"publish","type":"product","link":"https:\/\/electromenagerexpress.com\/en\/product\/meuble-tvhelloshop26meuble-tele-buffet-tv-television-design-38\/","title":{"rendered":"Meuble TV\t\t\t\t\t\t\tHELLOSHOP26\t\t\t\tMeuble t\u00e9l\u00e9 buffet tv t\u00e9l\u00e9vision design"},"content":{"rendered":"<div class=\"product-features__content\">\n<ul role=\"list\">\n<li class=\"product-features__item\" role=\"listitem\">\n<h3 class=\"product-features__label\">Les + de ce mod\u00e8le<\/h3>\n<ul role=\"list\">\n<li class=\"product-features__item-list__item\" role=\"listitem\"><span class=\"is--medium\">Avantages :<\/span> .\t\t\t\t\t<\/li>\n<\/ul>\n<\/li>\n<li class=\"product-features__item\" role=\"listitem\">\n<h3 class=\"product-features__label\">Caract\u00e9ristiques g\u00e9n\u00e9rales<\/h3>\n<ul role=\"list\">\n<li class=\"product-features__item-list__item\" role=\"listitem\"><span class=\"is--medium\">Installation :<\/span> A monter soi-m\u00eame\t\t\t\t\t<\/li>\n<li class=\"product-features__item-list__item\" role=\"listitem\"><span class=\"is--medium\">Forme du meuble :<\/span> Droit\t\t\t\t\t<\/li>\n<li class=\"product-features__item-list__item\" role=\"listitem\"><span class=\"is--medium\">Recommand\u00e9 pour un t\u00e9l\u00e9viseur de :<\/span> jusqu&rsquo;\u00e0 23 pouces\t\t\t\t\t<\/li>\n<li class=\"product-features__item-list__item\" role=\"listitem\"><span class=\"is--medium\">Cache c\u00e2ble :<\/span> Non\t\t\t\t\t<\/li>\n<li class=\"product-features__item-list__item\" role=\"listitem\"><span class=\"is--medium\">Roulettes int\u00e9gr\u00e9es :<\/span> Non\t\t\t\t\t<\/li>\n<li class=\"product-features__item-list__item\" role=\"listitem\"><span class=\"is--medium\">Patins de protection int\u00e9gr\u00e9s :<\/span> Non\t\t\t\t\t<\/li>\n<li class=\"product-features__item-list__item\" role=\"listitem\"><span class=\"is--medium\">Support TV int\u00e9gr\u00e9 :<\/span> Non\t\t\t\t\t<\/li>\n<\/ul>\n<\/li>\n<li class=\"product-features__item\" role=\"listitem\">\n<h3 class=\"product-features__label\">Structure<\/h3>\n<ul role=\"list\">\n<li class=\"product-features__item-list__item\" role=\"listitem\"><span class=\"is--medium\">Mat\u00e9riau :<\/span> Non communiqu\u00e9\t\t\t\t\t<\/li>\n<li class=\"product-features__item-list__item\" role=\"listitem\"><span class=\"is--medium\">Coloris :<\/span> Noir\t\t\t\t\t<\/li>\n<\/ul>\n<\/li>\n<li class=\"product-features__item\" role=\"listitem\">\n<h3 class=\"product-features__label\">Etag\u00e8re principale<\/h3>\n<ul role=\"list\">\n<li class=\"product-features__item-list__item\" role=\"listitem\"><span class=\"is--medium\">Mat\u00e9riau :<\/span> Panneaux de particules\t\t\t\t\t<\/li>\n<li class=\"product-features__item-list__item\" role=\"listitem\"><span class=\"is--medium\">Poids support\u00e9 :<\/span> Non communiqu\u00e9\t\t\t\t\t<\/li>\n<\/ul>\n<\/li>\n<li class=\"product-features__item\" role=\"listitem\">\n<h3 class=\"product-features__label\">Dimensions<\/h3>\n<ul role=\"list\">\n<li class=\"product-features__item-list__item\" role=\"listitem\"><span class=\"is--medium\">LxHxP :<\/span> 40 x 195 x 40 cm\t\t\t\t\t<\/li>\n<li class=\"product-features__item-list__item\" role=\"listitem\"><span class=\"is--medium\">Poids :<\/span> 95,5 kg\t\t\t\t\t<\/li>\n<\/ul>\n<\/li>\n<li class=\"product-features__item\" role=\"listitem\">\n<h3 class=\"product-features__label\">Informations compl\u00e9mentaires<\/h3>\n<ul role=\"list\">\n<li class=\"product-features__item-list__item\" role=\"listitem\"><span class=\"is--medium\">Fabriqu\u00e9 en :<\/span> Chine\t\t\t\t\t<\/li>\n<li class=\"product-features__item-list__item\" role=\"listitem\"><span class=\"is--medium\">Disponibilit\u00e9 des pi\u00e8ces d\u00e9tach\u00e9es (donn\u00e9es fournisseur) :<\/span> Non communiqu\u00e9e\t\t\t\t\t<\/li>\n<li class=\"product-features__item-list__item\" role=\"listitem\"><span class=\"is--medium\">R\u00e9f\u00e9rence constructeur :<\/span> Meuble t\u00e9l\u00e9 buffet tv t\u00e9l\u00e9vision design\t\t\t\t\t<\/li>\n<li class=\"product-features__item-list__item\" role=\"listitem\"><span class=\"is--medium\">Marque :<\/span> HELLOSHOP26\t\t\t\t\t<\/li>\n<\/ul>\n<\/li>\n<\/ul>\n<\/div>\n<div class=\"product__disclosure-content\">\n<div class=\"js-read-more product-description__content read-more read-more--truncated\" data-read-more-name=\"description\" style=\"max-height: 500px; overflow: hidden;\">\n<p>Cet ensemble complet de vitrine murale sera un excellent ajout \u00e0 votre salon en optimisant votre espace sans compromettre le style. <\/p>\n<p>L&rsquo;ensemble, compos\u00e9 d&rsquo;une armoire murale, d&rsquo;une armoire debout, de deux armoires de t\u00e9l\u00e9vision et d&rsquo;une \u00e9tag\u00e8re murale, offre un espace suffisant pour ranger vos appareils multim\u00e9dias, vos livres et toutes sortes d&rsquo;articles plus petits. <\/p>\n<p>Il sera \u00e9galement id\u00e9al pour afficher des objets d\u00e9coratifs, des cadres photo ou m\u00eame des plantes en pot. <\/p>\n<p>Les armoires de t\u00e9l\u00e9vision avec portes offrent beaucoup d&rsquo;espace pour garder vos livres, \u00e9l\u00e9ments essentiels, lecteur DVD, supports m\u00e9dias, etc. <\/p>\n<p>bien organis\u00e9s. <\/p>\n<p>L&rsquo;armoire murale et l&rsquo;armoire debout sont \u00e9quip\u00e9es d&rsquo;une porte partiellement vitr\u00e9e et de trois \u00e9tag\u00e8res, dont une \u00e9tag\u00e8re en verre avec un \u00e9clairage LED blanc \u00e9conome en \u00e9nergie. <\/p>\n<p>Notre vitrine murale est compos\u00e9e d&rsquo;agglom\u00e9r\u00e9 de haute qualit\u00e9 en finition blanche mate, tandis que la finition haute brillance sur les panneaux avant s&rsquo;ajoute \u00e0 l&rsquo;apparence contemporaine de cet ensemble, qui s&rsquo;accordera \u00e0 tout d\u00e9cor. <\/p>\n<p>L&rsquo;assemblage est facile. <\/p>\n<p>La livraison comprend \u00e9galement des accessoires de montage. <\/p>\n<p>Veuillez noter que l&rsquo;unit\u00e9 de t\u00e9l\u00e9vision se compose de 2 armoires.<\/p>\n<p>Couleur : noir et blanc<\/p>\n<p>Mat\u00e9riau : agglom\u00e9r\u00e9<\/p>\n<p>Y compris l&rsquo;\u00e9clairage LED blanc avec une fiche<\/p>\n<p>Sp\u00e9cifications de l&rsquo;armoire :<\/p>\n<p>Dimensions totales : 240 x 40 x 195 cm (l x P x H)<\/p>\n<p>1 x armoire murale : 60 x 33 x 103,5 cm (l x P x H)<\/p>\n<p>1 x armoire debout : 60 x 33 x 105,5 cm (l x P x H)<\/p>\n<p>1 x grande armoire TV : 120 x 39,5 x 34 cm (l x P x H)<\/p>\n<p>1 x petite armoire TV : 60 x 39,5 x 34 cm (l x P x H)<\/p>\n<p>1 x \u00e9tag\u00e8re murale : 90 x 20 cm (l x P)<\/p>\n<p>\u00c9paisseur du panneau : 16 mm<\/p>\n<p>\u00c9paisseur de porte en verre : 4 mm<\/p>\n<p>\u00c9paisseur de l&rsquo;\u00e9tag\u00e8re en verre : 5 mm<\/p>\n<p>Facile \u00e0 assembler<\/p>\n<p>Remarque: L&rsquo;unit\u00e9 de t\u00e9l\u00e9vision se compose de 2 armoires<\/p>\n<\/div>\n<p><bl-button a11yexpanded=\"false\" arialabel=\"Afficher toute la description\" class=\"read-more__btn\" full=\"false\" link=\"true\"><\/bl-button><\/div>","protected":false},"excerpt":{"rendered":"<div class=\"keypoints\">\n<h3 class=\"keypoints__title\">Les points cl\u00e9s<\/h3>\n<ul role=\"list\">\n<li class=\"keypoints__item\" role=\"listitem\">                                        A monter soi-m\u00eame                      <\/li>\n<li class=\"keypoints__item\" role=\"listitem\">                                        LxHxP : 40 x 195 x 40 cm                      <\/li>\n<\/ul>","protected":false},"featured_media":86144,"template":"","meta":{"_glsr_average":0,"_glsr_ranking":0,"_glsr_reviews":0},"product_cat":[460],"product_tag":[462,461,451],"class_list":{"0":"post-86145","1":"product","2":"type-product","3":"status-publish","4":"has-post-thumbnail","6":"product_cat-meuble-tv","7":"product_tag-meuble-tv","8":"product_tag-support-meuble","9":"product_tag-tv-image-son","11":"first","12":"instock","13":"sale","14":"shipping-taxable","15":"purchasable","16":"product-type-simple"},"_links":{"self":[{"href":"https:\/\/electromenagerexpress.com\/en\/wp-json\/wp\/v2\/product\/86145","targetHints":{"allow":["GET"]}}],"collection":[{"href":"https:\/\/electromenagerexpress.com\/en\/wp-json\/wp\/v2\/product"}],"about":[{"href":"https:\/\/electromenagerexpress.com\/en\/wp-json\/wp\/v2\/types\/product"}],"wp:featuredmedia":[{"embeddable":true,"href":"https:\/\/electromenagerexpress.com\/en\/wp-json\/wp\/v2\/media\/86144"}],"wp:attachment":[{"href":"https:\/\/electromenagerexpress.com\/en\/wp-json\/wp\/v2\/media?parent=86145"}],"wp:term":[{"taxonomy":"product_cat","embeddable":true,"href":"https:\/\/electromenagerexpress.com\/en\/wp-json\/wp\/v2\/product_cat?post=86145"},{"taxonomy":"product_tag","embeddable":true,"href":"https:\/\/electromenagerexpress.com\/en\/wp-json\/wp\/v2\/product_tag?post=86145"}],"curies":[{"name":"wp","href":"https:\/\/api.w.org\/{rel}","templated":true}]}}