{"id":85723,"date":"2024-11-24T16:26:36","date_gmt":"2024-11-24T16:26:36","guid":{"rendered":"https:\/\/electromenagerexpress.com\/product\/pied-tvkimexmobile-pour-ecran-37-a-70\/"},"modified":"2024-11-24T16:26:39","modified_gmt":"2024-11-24T16:26:39","slug":"pied-tvkimexmobile-pour-ecran-37-a-70","status":"publish","type":"product","link":"https:\/\/electromenagerexpress.com\/en\/product\/pied-tvkimexmobile-pour-ecran-37-a-70\/","title":{"rendered":"Pied TV\t\t\t\t\t\t\tKIMEX\t\t\t\tmobile pour \u00e9cran 37 \u00e0 70\u00a0\u00bb"},"content":{"rendered":"<div class=\"product-features__content\">\n<ul role=\"list\">\n<li class=\"product-features__item\" role=\"listitem\">\n<h3 class=\"product-features__label\">Caract\u00e9ristiques g\u00e9n\u00e9rales<\/h3>\n<ul role=\"list\">\n<li class=\"product-features__item-list__item\" role=\"listitem\"><span class=\"is--medium\">Type :<\/span> Pied\t\t\t\t\t<\/li>\n<li class=\"product-features__item-list__item\" role=\"listitem\"><span class=\"is--medium\">Installation :<\/span> A poser\t\t\t\t\t<\/li>\n<li class=\"product-features__item-list__item\" role=\"listitem\"><span class=\"is--medium\">Orientation maximale :<\/span> 90 \u00b0\t\t\t\t\t<\/li>\n<li class=\"product-features__item-list__item\" role=\"listitem\"><span class=\"is--medium\">Inclinaison maximale :<\/span> 10 \u00b0\t\t\t\t\t<\/li>\n<li class=\"product-features__item-list__item\" role=\"listitem\"><span class=\"is--medium\">Mati\u00e8re :<\/span> Acier\t\t\t\t\t<\/li>\n<li class=\"product-features__item-list__item\" role=\"listitem\"><span class=\"is--medium\">Coloris :<\/span> Noir\t\t\t\t\t<\/li>\n<\/ul>\n<\/li>\n<li class=\"product-features__item\" role=\"listitem\">\n<h3 class=\"product-features__label\">TV Compatible<\/h3>\n<ul role=\"list\">\n<li class=\"product-features__item-list__item\" role=\"listitem\"><span class=\"is--medium\">Distance min. avec le mur :<\/span> 0,0 mm\t\t\t\t\t<\/li>\n<li class=\"product-features__item-list__item\" role=\"listitem\"><span class=\"is--medium\">Poids support\u00e9 :<\/span> 50,0 kg\t\t\t\t\t<\/li>\n<li class=\"product-features__item-list__item\" role=\"listitem\"><span class=\"is--medium\">Diagonale (en cm) :<\/span> de 94 \u00e0 178 cm\t\t\t\t\t<\/li>\n<li class=\"product-features__item-list__item\" role=\"listitem\"><span class=\"is--medium\">Diagonale TV :<\/span> de 37 \u00e0 70&Prime;\t\t\t\t\t<\/li>\n<\/ul>\n<\/li>\n<li class=\"product-features__item\" role=\"listitem\">\n<h3 class=\"product-features__label\">Compatibilit\u00e9(s) VESA<\/h3>\n<ul role=\"list\">\n<li class=\"product-features__item-list__item\" role=\"listitem\"><span class=\"is--medium\">Compatibilit\u00e9(s) VESA :<\/span> 200&#215;200, 600&#215;400\t\t\t\t\t<\/li>\n<\/ul>\n<\/li>\n<li class=\"product-features__item\" role=\"listitem\">\n<h3 class=\"product-features__label\">Option(s)<\/h3>\n<ul role=\"list\">\n<li class=\"product-features__item-list__item\" role=\"listitem\"><span class=\"is--medium\">Cache-c\u00e2ble int\u00e9gr\u00e9 :<\/span> Oui\t\t\t\t\t<\/li>\n<\/ul>\n<\/li>\n<li class=\"product-features__item\" role=\"listitem\">\n<h3 class=\"product-features__label\">Dimensions<\/h3>\n<ul role=\"list\">\n<li class=\"product-features__item-list__item\" role=\"listitem\"><span class=\"is--medium\">Poids :<\/span> 20 kg\t\t\t\t\t<\/li>\n<\/ul>\n<\/li>\n<li class=\"product-features__item\" role=\"listitem\">\n<h3 class=\"product-features__label\">Informations compl\u00e9mentaires<\/h3>\n<ul role=\"list\">\n<li class=\"product-features__item-list__item\" role=\"listitem\"><span class=\"is--medium\">Disponibilit\u00e9 des pi\u00e8ces d\u00e9tach\u00e9es (donn\u00e9es fournisseur) :<\/span> Pas de pi\u00e8ce disponible\t\t\t\t\t<\/li>\n<li class=\"product-features__item-list__item\" role=\"listitem\"><span class=\"is--medium\">R\u00e9f\u00e9rence constructeur :<\/span> mobile pour \u00e9cran 37 \u00e0 70\u00a0\u00bb\t\t\t\t\t<\/li>\n<li class=\"product-features__item-list__item\" role=\"listitem\"><span class=\"is--medium\">Marque :<\/span> KIMEX\t\t\t\t\t<\/li>\n<\/ul>\n<\/li>\n<\/ul>\n<\/div>\n<div class=\"product__disclosure-content\">\n<div class=\"js-read-more product-description__content read-more read-more--truncated\" data-read-more-name=\"description\" style=\"max-height: 500px; overflow: hidden;\">\n<p>Support mobile professionnel pour \u00e9cran TV LCD\/ LED de 37 \u00e0 70 pouces (94 \u00e0 178 cm).<\/p>\n<p>Le support KIMEX 030-1200 est id\u00e9al pour toute application professionnelle. Design et fonctionnel, il permet d&rsquo;orienter votre \u00e9cran comme vous le souhaitez, il est aussi \u00e9quip\u00e9 de 2 \u00e9tag\u00e8res, la sup\u00e9rieure pour accueillir votre cam\u00e9ra, la centrale un appareil annexe, afin de s&rsquo;adapter \u00e0 l&rsquo;ensemble de vos besoins.<\/p>\n<p>Compatibilit\u00e9 VESA: 200 x 200 min, 600 x 400 max.<\/p>\n<p>Hauteur de l&rsquo;\u00e9cran ajustable entre 120 cm et 160 cm (centre \u00e9cran).<\/p>\n<p>Possibilit\u00e9 d&rsquo;incliner l&rsquo;\u00e9cran (+\/-10\u00b0) et de l&rsquo;orienter en mode paysage ou en mode portrait pour s&rsquo;adapter \u00e0 vos besoins.<\/p>\n<p>Support \u00e9quip\u00e9 de 4 roulettes autobloquantes.<\/p>\n<p>Etag\u00e8res montables, d\u00e9montables et r\u00e9glables en hauteur comme vous le souhaitez.<\/p>\n<p>Passage de la connectique \u00e0 l&rsquo;int\u00e9rieur du m\u00e2t.<\/p>\n<p>Dimensions du support au sol (LxP): 91 x 68 cm.<\/p>\n<p>Dimensions \u00e9tag\u00e8re sup\u00e9rieure: 29 x 15 cm.<\/p>\n<p>Dimensions \u00e9tag\u00e8re centrale: 43 x 34 cm.<\/p>\n<p>Poids maximum support\u00e9: 50 kg (\u00e9cran).<\/p>\n<p>Poids maximum support\u00e9 par \u00e9tag\u00e8re: 5 kg.<\/p>\n<p>Poids du support: 20 kg.<\/p>\n<p>Mat\u00e9riau de fabrication: Acier.<\/p>\n<p>Couleur: Noir.<\/p>\n<p>Dimensions de l&#8217;emballage: 118 x 44 x 20 cm.<\/p>\n<p>Livr\u00e9 avec visserie compl\u00e8te.<\/p>\n<p>Garantie: 2 ans.<\/p>\n<\/div>\n<p><bl-button a11yexpanded=\"false\" arialabel=\"Afficher toute la description\" class=\"read-more__btn\" full=\"false\" link=\"true\"><\/bl-button><\/div>","protected":false},"excerpt":{"rendered":"<div class=\"keypoints\">\n<h3 class=\"keypoints__title\">Les points cl\u00e9s<\/h3>\n<ul role=\"list\">\n<li class=\"keypoints__item\" role=\"listitem\">                                        Diagonale TV : de 37 \u00e0 70&Prime;                      <\/li>\n<li class=\"keypoints__item\" role=\"listitem\">                                        Poids support\u00e9 : 50 kg                      <\/li>\n<li class=\"keypoints__item\" role=\"listitem\">                                        Guide c\u00e2bles                      <\/li>\n<\/ul>","protected":false},"featured_media":85722,"template":"","meta":{"_glsr_average":0,"_glsr_ranking":0,"_glsr_reviews":0},"product_cat":[463],"product_tag":[461,464,451],"class_list":{"0":"post-85723","1":"product","2":"type-product","3":"status-publish","4":"has-post-thumbnail","6":"product_cat-support-tv","7":"product_tag-support-meuble","8":"product_tag-support-tv","9":"product_tag-tv-image-son","11":"first","12":"instock","13":"sale","14":"shipping-taxable","15":"purchasable","16":"product-type-simple"},"_links":{"self":[{"href":"https:\/\/electromenagerexpress.com\/en\/wp-json\/wp\/v2\/product\/85723","targetHints":{"allow":["GET"]}}],"collection":[{"href":"https:\/\/electromenagerexpress.com\/en\/wp-json\/wp\/v2\/product"}],"about":[{"href":"https:\/\/electromenagerexpress.com\/en\/wp-json\/wp\/v2\/types\/product"}],"wp:featuredmedia":[{"embeddable":true,"href":"https:\/\/electromenagerexpress.com\/en\/wp-json\/wp\/v2\/media\/85722"}],"wp:attachment":[{"href":"https:\/\/electromenagerexpress.com\/en\/wp-json\/wp\/v2\/media?parent=85723"}],"wp:term":[{"taxonomy":"product_cat","embeddable":true,"href":"https:\/\/electromenagerexpress.com\/en\/wp-json\/wp\/v2\/product_cat?post=85723"},{"taxonomy":"product_tag","embeddable":true,"href":"https:\/\/electromenagerexpress.com\/en\/wp-json\/wp\/v2\/product_tag?post=85723"}],"curies":[{"name":"wp","href":"https:\/\/api.w.org\/{rel}","templated":true}]}}