{"id":85567,"date":"2024-11-24T16:24:12","date_gmt":"2024-11-24T16:24:12","guid":{"rendered":"https:\/\/electromenagerexpress.com\/product\/meuble-tvhelloshop26meuble-tele-buffet-tv-television-design-13\/"},"modified":"2024-11-24T16:24:13","modified_gmt":"2024-11-24T16:24:13","slug":"meuble-tvhelloshop26meuble-tele-buffet-tv-television-design-13","status":"publish","type":"product","link":"https:\/\/electromenagerexpress.com\/en\/product\/meuble-tvhelloshop26meuble-tele-buffet-tv-television-design-13\/","title":{"rendered":"Meuble TV\t\t\t\t\t\t\tHELLOSHOP26\t\t\t\tMeuble t\u00e9l\u00e9 buffet tv t\u00e9l\u00e9vision design"},"content":{"rendered":"<div class=\"product-features__content\">\n<ul role=\"list\">\n<li class=\"product-features__item\" role=\"listitem\">\n<h3 class=\"product-features__label\">Les + de ce mod\u00e8le<\/h3>\n<ul role=\"list\">\n<li class=\"product-features__item-list__item\" role=\"listitem\"><span class=\"is--medium\">Avantages :<\/span> .\t\t\t\t\t<\/li>\n<\/ul>\n<\/li>\n<li class=\"product-features__item\" role=\"listitem\">\n<h3 class=\"product-features__label\">Caract\u00e9ristiques g\u00e9n\u00e9rales<\/h3>\n<ul role=\"list\">\n<li class=\"product-features__item-list__item\" role=\"listitem\"><span class=\"is--medium\">Installation :<\/span> A monter soi-m\u00eame\t\t\t\t\t<\/li>\n<li class=\"product-features__item-list__item\" role=\"listitem\"><span class=\"is--medium\">Forme du meuble :<\/span> Droit\t\t\t\t\t<\/li>\n<li class=\"product-features__item-list__item\" role=\"listitem\"><span class=\"is--medium\">Recommand\u00e9 pour un t\u00e9l\u00e9viseur de :<\/span> jusqu&rsquo;\u00e0 23 pouces\t\t\t\t\t<\/li>\n<li class=\"product-features__item-list__item\" role=\"listitem\"><span class=\"is--medium\">Cache c\u00e2ble :<\/span> Non\t\t\t\t\t<\/li>\n<li class=\"product-features__item-list__item\" role=\"listitem\"><span class=\"is--medium\">Roulettes int\u00e9gr\u00e9es :<\/span> Non\t\t\t\t\t<\/li>\n<li class=\"product-features__item-list__item\" role=\"listitem\"><span class=\"is--medium\">Patins de protection int\u00e9gr\u00e9s :<\/span> Non\t\t\t\t\t<\/li>\n<li class=\"product-features__item-list__item\" role=\"listitem\"><span class=\"is--medium\">Support TV int\u00e9gr\u00e9 :<\/span> Non\t\t\t\t\t<\/li>\n<\/ul>\n<\/li>\n<li class=\"product-features__item\" role=\"listitem\">\n<h3 class=\"product-features__label\">Structure<\/h3>\n<ul role=\"list\">\n<li class=\"product-features__item-list__item\" role=\"listitem\"><span class=\"is--medium\">Mat\u00e9riau :<\/span> Non communiqu\u00e9\t\t\t\t\t<\/li>\n<li class=\"product-features__item-list__item\" role=\"listitem\"><span class=\"is--medium\">Coloris :<\/span> Noir\t\t\t\t\t<\/li>\n<\/ul>\n<\/li>\n<li class=\"product-features__item\" role=\"listitem\">\n<h3 class=\"product-features__label\">Etag\u00e8re principale<\/h3>\n<ul role=\"list\">\n<li class=\"product-features__item-list__item\" role=\"listitem\"><span class=\"is--medium\">Mat\u00e9riau :<\/span> Panneaux de particules\t\t\t\t\t<\/li>\n<li class=\"product-features__item-list__item\" role=\"listitem\"><span class=\"is--medium\">Poids support\u00e9 :<\/span> Non communiqu\u00e9\t\t\t\t\t<\/li>\n<\/ul>\n<\/li>\n<li class=\"product-features__item\" role=\"listitem\">\n<h3 class=\"product-features__label\">Dimensions<\/h3>\n<ul role=\"list\">\n<li class=\"product-features__item-list__item\" role=\"listitem\"><span class=\"is--medium\">LxHxP :<\/span> 30 x 40 x 30 cm\t\t\t\t\t<\/li>\n<li class=\"product-features__item-list__item\" role=\"listitem\"><span class=\"is--medium\">Poids :<\/span> 20,5 kg\t\t\t\t\t<\/li>\n<\/ul>\n<\/li>\n<li class=\"product-features__item\" role=\"listitem\">\n<h3 class=\"product-features__label\">Informations compl\u00e9mentaires<\/h3>\n<ul role=\"list\">\n<li class=\"product-features__item-list__item\" role=\"listitem\"><span class=\"is--medium\">Fabriqu\u00e9 en :<\/span> Chine\t\t\t\t\t<\/li>\n<li class=\"product-features__item-list__item\" role=\"listitem\"><span class=\"is--medium\">Disponibilit\u00e9 des pi\u00e8ces d\u00e9tach\u00e9es (donn\u00e9es fournisseur) :<\/span> Non communiqu\u00e9e\t\t\t\t\t<\/li>\n<li class=\"product-features__item-list__item\" role=\"listitem\"><span class=\"is--medium\">R\u00e9f\u00e9rence constructeur :<\/span> Meuble t\u00e9l\u00e9 buffet tv t\u00e9l\u00e9vision design\t\t\t\t\t<\/li>\n<li class=\"product-features__item-list__item\" role=\"listitem\"><span class=\"is--medium\">Marque :<\/span> HELLOSHOP26\t\t\t\t\t<\/li>\n<\/ul>\n<\/li>\n<\/ul>\n<\/div>\n<div class=\"product__disclosure-content\">\n<div class=\"js-read-more product-description__content read-more read-more--truncated\" data-read-more-name=\"description\" style=\"max-height: 500px; overflow: hidden;\">\n<p>Ce meuble de t\u00e9l\u00e9vision d\u00e9gage un charme rustique. <\/p>\n<p>Il deviendra une pi\u00e8ce de r\u00e9sistance de votre int\u00e9rieur. <\/p>\n<p>Le buffet est en bois massif de Sesham, qui est \u00e9galement connu sous le nom de bois de rose ou palissandre, est un bois dur tropical qui est c\u00e9l\u00e8bre pour ses grains naturels et sa texture lisse. <\/p>\n<p>De plus, il ne se d\u00e9forme pas, ne se fend pas et pr\u00e9sente une r\u00e9sistance naturelle \u00e0 la pourriture. <br \/>&lt; p&gt; <\/p>\n<p>C&rsquo;est pourquoi ce buffet bas superbement con\u00e7u est extr\u00eamement stable, durable et captivant. <\/p>\n<p>La perfection de la fabrication garantit que chaque \u00e9tape du processus est r\u00e9alis\u00e9e avec le plus grand soin, que ce soit le polissage ou le vernissage. <\/p>\n<p>Le meuble st\u00e9r\u00e9o est enti\u00e8rement fabriqu\u00e9 \u00e0 la main et les grains de bois esth\u00e9tiques rendent chaque pi\u00e8ce unique et l\u00e9g\u00e8rement diff\u00e9rente les unes des autres. <\/p>\n<p>Cette armoire HiFi dispose de 2 tiroirs et d&rsquo;1 compartiment, offrant suffisamment d&rsquo;espace pour ranger vos appareils multim\u00e9dia, livres, ainsi que divers autres articles. <\/p>\n<p>Cet article est d\u00e9j\u00e0 assembl\u00e9 ; aucun assemblage n&rsquo;est requis. <\/p>\n<p>Remarque importante : les grains de bois varient d&rsquo;une pi\u00e8ce \u00e0 l&rsquo;autre, rendant chaque pi\u00e8ce unique ; la livraison est al\u00e9atoire.<\/p>\n<p>Mat\u00e9riau : bois de sesham massif<\/p>\n<p>Dimensions : 118 x 30 x 40 cm (l x P x H)<\/p>\n<p>Finition : surface polie et laqu\u00e9e<\/p>\n<p>Avec 2 tiroirs et 1 compartiment<\/p>\n<p>Aucun assemblage requis<br \/>&lt; p&gt;<\/p>\n<\/div>\n<p><bl-button a11yexpanded=\"false\" arialabel=\"Afficher toute la description\" class=\"read-more__btn\" full=\"false\" link=\"true\"><\/bl-button><\/div>","protected":false},"excerpt":{"rendered":"<div class=\"keypoints\">\n<h3 class=\"keypoints__title\">Les points cl\u00e9s<\/h3>\n<ul role=\"list\">\n<li class=\"keypoints__item\" role=\"listitem\">                                        A monter soi-m\u00eame                      <\/li>\n<li class=\"keypoints__item\" role=\"listitem\">                                        LxHxP : 30 x 40 x 30 cm                      <\/li>\n<\/ul>","protected":false},"featured_media":85566,"template":"","meta":{"_glsr_average":0,"_glsr_ranking":0,"_glsr_reviews":0},"product_cat":[460],"product_tag":[462,461,451],"class_list":{"0":"post-85567","1":"product","2":"type-product","3":"status-publish","4":"has-post-thumbnail","6":"product_cat-meuble-tv","7":"product_tag-meuble-tv","8":"product_tag-support-meuble","9":"product_tag-tv-image-son","11":"first","12":"instock","13":"sale","14":"shipping-taxable","15":"purchasable","16":"product-type-simple"},"_links":{"self":[{"href":"https:\/\/electromenagerexpress.com\/en\/wp-json\/wp\/v2\/product\/85567","targetHints":{"allow":["GET"]}}],"collection":[{"href":"https:\/\/electromenagerexpress.com\/en\/wp-json\/wp\/v2\/product"}],"about":[{"href":"https:\/\/electromenagerexpress.com\/en\/wp-json\/wp\/v2\/types\/product"}],"wp:featuredmedia":[{"embeddable":true,"href":"https:\/\/electromenagerexpress.com\/en\/wp-json\/wp\/v2\/media\/85566"}],"wp:attachment":[{"href":"https:\/\/electromenagerexpress.com\/en\/wp-json\/wp\/v2\/media?parent=85567"}],"wp:term":[{"taxonomy":"product_cat","embeddable":true,"href":"https:\/\/electromenagerexpress.com\/en\/wp-json\/wp\/v2\/product_cat?post=85567"},{"taxonomy":"product_tag","embeddable":true,"href":"https:\/\/electromenagerexpress.com\/en\/wp-json\/wp\/v2\/product_tag?post=85567"}],"curies":[{"name":"wp","href":"https:\/\/api.w.org\/{rel}","templated":true}]}}