{"id":85446,"date":"2024-11-24T16:22:18","date_gmt":"2024-11-24T16:22:18","guid":{"rendered":"https:\/\/electromenagerexpress.com\/product\/support-mural-tvkimexsol-plafond-sur-cables-tv-42-75-6m\/"},"modified":"2024-11-24T16:22:23","modified_gmt":"2024-11-24T16:22:23","slug":"support-mural-tvkimexsol-plafond-sur-cables-tv-42-75-6m","status":"publish","type":"product","link":"https:\/\/electromenagerexpress.com\/en\/product\/support-mural-tvkimexsol-plafond-sur-cables-tv-42-75-6m\/","title":{"rendered":"Support mural TV\t\t\t\t\t\t\tKIMEX\t\t\t\tsol-plafond sur c\u00e2bles TV 42&Prime;-75&Prime;, 6m"},"content":{"rendered":"<div class=\"product-features__content\">\n<ul role=\"list\">\n<li class=\"product-features__item\" role=\"listitem\">\n<h3 class=\"product-features__label\">Caract\u00e9ristiques g\u00e9n\u00e9rales<\/h3>\n<ul role=\"list\">\n<li class=\"product-features__item-list__item\" role=\"listitem\"><span class=\"is--medium\">Type :<\/span> Support mural TV\t\t\t\t\t<\/li>\n<li class=\"product-features__item-list__item\" role=\"listitem\"><span class=\"is--medium\">Installation :<\/span> Sur pied\t\t\t\t\t<\/li>\n<li class=\"product-features__item-list__item\" role=\"listitem\"><span class=\"is--medium\">Orientation maximale :<\/span> 0 \u00b0\t\t\t\t\t<\/li>\n<li class=\"product-features__item-list__item\" role=\"listitem\"><span class=\"is--medium\">Inclinaison maximale :<\/span> 0 \u00b0\t\t\t\t\t<\/li>\n<li class=\"product-features__item-list__item\" role=\"listitem\"><span class=\"is--medium\">Mati\u00e8re :<\/span> M\u00e9tal\t\t\t\t\t<\/li>\n<li class=\"product-features__item-list__item\" role=\"listitem\"><span class=\"is--medium\">Coloris :<\/span> Noir \/ Gris\t\t\t\t\t<\/li>\n<li class=\"product-features__item-list__item\" role=\"listitem\"><span class=\"is--medium\">Orientation :<\/span> Fixe\t\t\t\t\t<\/li>\n<\/ul>\n<\/li>\n<li class=\"product-features__item\" role=\"listitem\">\n<h3 class=\"product-features__label\">TV Compatible<\/h3>\n<ul role=\"list\">\n<li class=\"product-features__item-list__item\" role=\"listitem\"><span class=\"is--medium\">Distance min. avec le mur :<\/span> 3,0 m\t\t\t\t\t<\/li>\n<li class=\"product-features__item-list__item\" role=\"listitem\"><span class=\"is--medium\">Poids support\u00e9 :<\/span> 35,0 kg\t\t\t\t\t<\/li>\n<li class=\"product-features__item-list__item\" role=\"listitem\"><span class=\"is--medium\">Diagonale (en cm) :<\/span> Non significatif\t\t\t\t\t<\/li>\n<li class=\"product-features__item-list__item\" role=\"listitem\"><span class=\"is--medium\">Diagonale TV :<\/span> de 42 \u00e0 75\t\t\t\t\t<\/li>\n<\/ul>\n<\/li>\n<li class=\"product-features__item\" role=\"listitem\">\n<h3 class=\"product-features__label\">Compatibilit\u00e9(s) VESA<\/h3>\n<ul role=\"list\">\n<li class=\"product-features__item-list__item\" role=\"listitem\"><span class=\"is--medium\">Compatibilit\u00e9(s) VESA :<\/span> Non concern\u00e9, 600&#215;400\t\t\t\t\t<\/li>\n<\/ul>\n<\/li>\n<li class=\"product-features__item\" role=\"listitem\">\n<h3 class=\"product-features__label\">Option(s)<\/h3>\n<ul role=\"list\">\n<li class=\"product-features__item-list__item\" role=\"listitem\"><span class=\"is--medium\">Cache-c\u00e2ble int\u00e9gr\u00e9 :<\/span> Non\t\t\t\t\t<\/li>\n<li class=\"product-features__item-list__item\" role=\"listitem\"><span class=\"is--medium\">Support motoris\u00e9 :<\/span> Non\t\t\t\t\t<\/li>\n<li class=\"product-features__item-list__item\" role=\"listitem\"><span class=\"is--medium\">Niveau \u00e0 bulle int\u00e9gr\u00e9 :<\/span> Non\t\t\t\t\t<\/li>\n<li class=\"product-features__item-list__item\" role=\"listitem\"><span class=\"is--medium\">Syst\u00e8me anti-vol :<\/span> Non\t\t\t\t\t<\/li>\n<li class=\"product-features__item-list__item\" role=\"listitem\"><span class=\"is--medium\">Support barre de son :<\/span> Non\t\t\t\t\t<\/li>\n<li class=\"product-features__item-list__item\" role=\"listitem\"><span class=\"is--medium\">Tablette(s) :<\/span> Non\t\t\t\t\t<\/li>\n<li class=\"product-features__item-list__item\" role=\"listitem\"><span class=\"is--medium\">Roulettes :<\/span> Non\t\t\t\t\t<\/li>\n<li class=\"product-features__item-list__item\" role=\"listitem\"><span class=\"is--medium\">Plateau tournant :<\/span> Non\t\t\t\t\t<\/li>\n<li class=\"product-features__item-list__item\" role=\"listitem\"><span class=\"is--medium\">Ultra-mince :<\/span> Non\t\t\t\t\t<\/li>\n<li class=\"product-features__item-list__item\" role=\"listitem\"><span class=\"is--medium\">Id\u00e9al pour TV OLED :<\/span> Non\t\t\t\t\t<\/li>\n<\/ul>\n<\/li>\n<li class=\"product-features__item\" role=\"listitem\">\n<h3 class=\"product-features__label\">Informations compl\u00e9mentaires<\/h3>\n<ul role=\"list\">\n<li class=\"product-features__item-list__item\" role=\"listitem\"><span class=\"is--medium\">Disponibilit\u00e9 des pi\u00e8ces d\u00e9tach\u00e9es (donn\u00e9es fournisseur) :<\/span> Non communiqu\u00e9e\t\t\t\t\t<\/li>\n<li class=\"product-features__item-list__item\" role=\"listitem\"><span class=\"is--medium\">R\u00e9f\u00e9rence constructeur :<\/span> sol-plafond sur c\u00e2bles TV 42&Prime;-75&Prime;, 6m\t\t\t\t\t<\/li>\n<li class=\"product-features__item-list__item\" role=\"listitem\"><span class=\"is--medium\">Marque :<\/span> KIMEX\t\t\t\t\t<\/li>\n<\/ul>\n<\/li>\n<\/ul>\n<\/div>\n<div class=\"product__disclosure-content\">\n<div class=\"js-read-more product-description__content read-more read-more--truncated\" data-read-more-name=\"description\" style=\"max-height: 500px; overflow: hidden;\">\n<p>Support sol-plafond sur c\u00e2bles pour \u00e9cran TV 42&Prime;-75&Prime;, Hauteur 6m.<br \/>Le support filaire KIMEX 032-2006 est une solution professionnelle de montage d&rsquo;affichage id\u00e9ale pour les vitrines de magasins. Ce support repose sur un m\u00e9canisme de fixation du sol au plafond sur c\u00e2bles pour \u00e9cran et moniteur de 42&Prime; \u00e0 75&Prime; r\u00e9pondant au standard VESA (100x100mm min, 400x600mm max), jusqu&rsquo;\u00e0 35 Kg.<br \/>Con\u00e7u dans une optique esth\u00e9tique et polyvalente, ce support ing\u00e9nieux est suspendu \u00e0 deux c\u00e2bles robustes et r\u00e9glables en hauteur (600 cm max) pour s&rsquo;adapter \u00e0 son environnement en garantissant une s\u00e9curit\u00e9 parfaite \u00e0 l&rsquo;installation. Ce m\u00e9canisme permet de r\u00e9gler l&rsquo;\u00e9cran en hauteur et de le positionner en mode portrait ou paysage pour s&rsquo;adapter parfaitement \u00e0 votre besoin.<br \/>Ces caract\u00e9ristiques font du support KIMEX 032-2006 un outil de communication professionnel parfaitement adapt\u00e9 \u00e0 un large \u00e9ventail d&rsquo;applications commerciales.<\/p>\n<p>Caract\u00e9ristiques techniques :<br \/>Compatible pour \u00e9crans TV 42&Prime;-75&Prime;.<br \/>Compatibilit\u00e9 VESA : 100&#215;100 mm min, 400&#215;600 mm max.<br \/>Orientation de l&rsquo;\u00e9cran : mode paysage \/ mode portrait.<br \/>Poids maximum autoris\u00e9 : 35 Kg.<br \/>Hauteur sol-plafond : 6m max.<br \/>Possibilit\u00e9 d&rsquo;ajuster la hauteur de l&rsquo;\u00e9cran au niveau d\u00e9sir\u00e9 le long des c\u00e2bles.<br \/>Possibilit\u00e9 de r\u00e9gler le niveau parall\u00e8le de l&rsquo;\u00e9cran pour un r\u00e9sultat esth\u00e9tique parfait.<\/p>\n<p>Diam\u00e8tre des 4 appliques : 9,5 cm.<br \/>Poids du support : 4,6 Kg.<br \/>Livr\u00e9 avec visserie compl\u00e8te.<br \/>Garantie : 3 ans.<\/p>\n<\/div>\n<p><bl-button a11yexpanded=\"false\" arialabel=\"Afficher toute la description\" class=\"read-more__btn\" full=\"false\" link=\"true\"><\/bl-button><\/div>","protected":false},"excerpt":{"rendered":"<div class=\"keypoints\">\n<h3 class=\"keypoints__title\">Les points cl\u00e9s<\/h3>\n<ul role=\"list\">\n<li class=\"keypoints__item\" role=\"listitem\">                                        Diagonale TV : de 42 \u00e0 75                      <\/li>\n<li class=\"keypoints__item\" role=\"listitem\">                          Poids support\u00e9 : 35 kg &#8211;                                                      Fixe                      <\/li>\n<\/ul>","protected":false},"featured_media":85445,"template":"","meta":{"_glsr_average":0,"_glsr_ranking":0,"_glsr_reviews":0},"product_cat":[463],"product_tag":[461,464,451],"class_list":{"0":"post-85446","1":"product","2":"type-product","3":"status-publish","4":"has-post-thumbnail","6":"product_cat-support-tv","7":"product_tag-support-meuble","8":"product_tag-support-tv","9":"product_tag-tv-image-son","11":"first","12":"instock","13":"sale","14":"shipping-taxable","15":"purchasable","16":"product-type-simple"},"_links":{"self":[{"href":"https:\/\/electromenagerexpress.com\/en\/wp-json\/wp\/v2\/product\/85446","targetHints":{"allow":["GET"]}}],"collection":[{"href":"https:\/\/electromenagerexpress.com\/en\/wp-json\/wp\/v2\/product"}],"about":[{"href":"https:\/\/electromenagerexpress.com\/en\/wp-json\/wp\/v2\/types\/product"}],"wp:featuredmedia":[{"embeddable":true,"href":"https:\/\/electromenagerexpress.com\/en\/wp-json\/wp\/v2\/media\/85445"}],"wp:attachment":[{"href":"https:\/\/electromenagerexpress.com\/en\/wp-json\/wp\/v2\/media?parent=85446"}],"wp:term":[{"taxonomy":"product_cat","embeddable":true,"href":"https:\/\/electromenagerexpress.com\/en\/wp-json\/wp\/v2\/product_cat?post=85446"},{"taxonomy":"product_tag","embeddable":true,"href":"https:\/\/electromenagerexpress.com\/en\/wp-json\/wp\/v2\/product_tag?post=85446"}],"curies":[{"name":"wp","href":"https:\/\/api.w.org\/{rel}","templated":true}]}}