{"id":85405,"date":"2024-11-24T16:21:37","date_gmt":"2024-11-24T16:21:37","guid":{"rendered":"https:\/\/electromenagerexpress.com\/product\/pied-denceinteisoacousticsaperta-300-argent-la-piece\/"},"modified":"2024-11-24T16:21:39","modified_gmt":"2024-11-24T16:21:39","slug":"pied-denceinteisoacousticsaperta-300-argent-la-piece","status":"publish","type":"product","link":"https:\/\/electromenagerexpress.com\/en\/product\/pied-denceinteisoacousticsaperta-300-argent-la-piece\/","title":{"rendered":"Pied d&rsquo;enceinte\t\t\t\t\t\t\tISOACOUSTICS\t\t\t\tAperta 300 Argent (la pi\u00e8ce)"},"content":{"rendered":"<div class=\"product-features__content\">\n<ul role=\"list\">\n<li class=\"product-features__item\" role=\"listitem\">\n<h3 class=\"product-features__label\">Caract\u00e9ristiques g\u00e9n\u00e9rales<\/h3>\n<ul role=\"list\">\n<li class=\"product-features__item-list__item\" role=\"listitem\"><span class=\"is--medium\">Type :<\/span> Pied pour enceinte\t\t\t\t\t<\/li>\n<li class=\"product-features__item-list__item\" role=\"listitem\"><span class=\"is--medium\">Compatibilit\u00e9 :<\/span> : universelle\t\t\t\t\t<\/li>\n<li class=\"product-features__item-list__item\" role=\"listitem\"><span class=\"is--medium\">Poids maximum support\u00e9 :<\/span> 27,2 Kg\t\t\t\t\t<\/li>\n<li class=\"product-features__item-list__item\" role=\"listitem\"><span class=\"is--medium\">Coloris :<\/span> Blanc\t\t\t\t\t<\/li>\n<\/ul>\n<\/li>\n<li class=\"product-features__item\" role=\"listitem\">\n<h3 class=\"product-features__label\">Informations compl\u00e9mentaires<\/h3>\n<ul role=\"list\">\n<li class=\"product-features__item-list__item\" role=\"listitem\"><span class=\"is--medium\">R\u00e9f\u00e9rence constructeur :<\/span> Aperta 300 Argent (la pi\u00e8ce)\t\t\t\t\t<\/li>\n<li class=\"product-features__item-list__item\" role=\"listitem\"><span class=\"is--medium\">Marque :<\/span> ISOACOUSTICS\t\t\t\t\t<\/li>\n<li class=\"product-features__item-list__item\" role=\"listitem\"><span class=\"is--medium\">Disponibilit\u00e9 des pi\u00e8ces d\u00e9tach\u00e9es (donn\u00e9es fournisseur) :<\/span> Non communiqu\u00e9e\t\t\t\t\t<\/li>\n<li class=\"product-features__item-list__item\" role=\"listitem\"><span class=\"is--medium\">Fabriqu\u00e9 en :<\/span> Chine\t\t\t\t\t<\/li>\n<\/ul>\n<\/li>\n<\/ul>\n<\/div>\n<div class=\"product__disclosure-content\">\n<div class=\"js-read-more product-description__content\" data-read-more-name=\"description\" style=\"max-height: 500px; overflow: hidden;\">\n<p>IsoAcoustics Aperta 300, un support sur pied consacr\u00e9 aux enceintes sonores<\/p>\n<p>Pied isolant con\u00e7u pour les caissons de basses et les enceintes centrales, l&rsquo;IsoAcoustics Aperta 300 est d\u00e9crit comme un absorbeur acoustique. En effet, son r\u00f4le est de prot\u00e9ger les haut-parleurs des vibrations ou des mauvaises interf\u00e9rences. Gr\u00e2ce \u00e0 son syst\u00e8me d&rsquo;inclinaison int\u00e9gr\u00e9, vous pouvez r\u00e9gler votre \u00e9quipement comme bon vous semble.<\/p>\n<p>L&rsquo;IsoAcoustics Aperta 300, un \u00e9quipement certifi\u00e9<\/p>\n<p>Attest\u00e9 par le CNRC, le Conseil national de recherche du Canada, l&rsquo;IsoAcoustics Aperta 300 est un accessoire qui peut s&rsquo;adapter \u00e0 la majorit\u00e9 des enceintes sur le march\u00e9. Capable de recevoir une charge maximale de 27,2 kg, il adopte une dimension de 300 mm de largeur, 75 mm de hauteur et 200 mm de profondeur.<\/p>\n<p>Le syst\u00e8me d&rsquo;inclinaison de ce support pour enceinte<\/p>\n<p>\u00c0 titre de pr\u00e9cision, ce dispositif int\u00e8gre un syst\u00e8me d&rsquo;inclinaison de 6,5 degr\u00e9s. De ce fait, vous pouvez modifier la direction des tweeters en fonction de l&#8217;emplacement des auditeurs. N\u00e9anmoins, il ne faut pas oublier que cette fonctinnalit\u00e9 permet d&rsquo;all\u00e9ger la r\u00e9fraction des ondes sonores.<\/p>\n<\/div>\n<\/div>","protected":false},"excerpt":{"rendered":"<div class=\"keypoints\">\n<h3 class=\"keypoints__title\">Les points cl\u00e9s<\/h3>\n<ul role=\"list\">\n<li class=\"keypoints__item\" role=\"listitem\">                                        Compatibilit\u00e9 : : universelle                      <\/li>\n<\/ul>","protected":false},"featured_media":85404,"template":"","meta":{"_glsr_average":0,"_glsr_ranking":0,"_glsr_reviews":0},"product_cat":[466,465],"product_tag":[468,467,451],"class_list":{"0":"post-85405","1":"product","2":"type-product","3":"status-publish","4":"has-post-thumbnail","6":"product_cat-support-pied-denceinte","7":"product_cat-support-meuble-tv-image-son","8":"product_tag-support-pied-denceinte","9":"product_tag-support-meuble-2","10":"product_tag-tv-image-son","12":"first","13":"instock","14":"shipping-taxable","15":"purchasable","16":"product-type-simple"},"_links":{"self":[{"href":"https:\/\/electromenagerexpress.com\/en\/wp-json\/wp\/v2\/product\/85405","targetHints":{"allow":["GET"]}}],"collection":[{"href":"https:\/\/electromenagerexpress.com\/en\/wp-json\/wp\/v2\/product"}],"about":[{"href":"https:\/\/electromenagerexpress.com\/en\/wp-json\/wp\/v2\/types\/product"}],"wp:featuredmedia":[{"embeddable":true,"href":"https:\/\/electromenagerexpress.com\/en\/wp-json\/wp\/v2\/media\/85404"}],"wp:attachment":[{"href":"https:\/\/electromenagerexpress.com\/en\/wp-json\/wp\/v2\/media?parent=85405"}],"wp:term":[{"taxonomy":"product_cat","embeddable":true,"href":"https:\/\/electromenagerexpress.com\/en\/wp-json\/wp\/v2\/product_cat?post=85405"},{"taxonomy":"product_tag","embeddable":true,"href":"https:\/\/electromenagerexpress.com\/en\/wp-json\/wp\/v2\/product_tag?post=85405"}],"curies":[{"name":"wp","href":"https:\/\/api.w.org\/{rel}","templated":true}]}}