{"id":85372,"date":"2024-11-24T16:21:05","date_gmt":"2024-11-24T16:21:05","guid":{"rendered":"https:\/\/electromenagerexpress.com\/product\/support-plafond-tvkimexsupport-plafond-3-ecrans-tv-50-55150cm\/"},"modified":"2024-11-24T16:21:09","modified_gmt":"2024-11-24T16:21:09","slug":"support-plafond-tvkimexsupport-plafond-3-ecrans-tv-50-55150cm","status":"publish","type":"product","link":"https:\/\/electromenagerexpress.com\/en\/product\/support-plafond-tvkimexsupport-plafond-3-ecrans-tv-50-55150cm\/","title":{"rendered":"Support plafond TV\t\t\t\t\t\t\tKIMEX\t\t\t\tSupport plafond 3 \u00e9crans TV 50-55&Prime;,150cm"},"content":{"rendered":"<div class=\"product-features__content\">\n<ul role=\"list\">\n<li class=\"product-features__item\" role=\"listitem\">\n<h3 class=\"product-features__label\">Caract\u00e9ristiques g\u00e9n\u00e9rales<\/h3>\n<ul role=\"list\">\n<li class=\"product-features__item-list__item\" role=\"listitem\"><span class=\"is--medium\">Type :<\/span> Support plafond TV\t\t\t\t\t<\/li>\n<li class=\"product-features__item-list__item\" role=\"listitem\"><span class=\"is--medium\">Installation :<\/span> Plafond\t\t\t\t\t<\/li>\n<li class=\"product-features__item-list__item\" role=\"listitem\"><span class=\"is--medium\">Orientation maximale :<\/span> 0 \u00b0\t\t\t\t\t<\/li>\n<li class=\"product-features__item-list__item\" role=\"listitem\"><span class=\"is--medium\">Inclinaison maximale :<\/span> 20 \u00b0\t\t\t\t\t<\/li>\n<li class=\"product-features__item-list__item\" role=\"listitem\"><span class=\"is--medium\">Mati\u00e8re :<\/span> M\u00e9tal\t\t\t\t\t<\/li>\n<li class=\"product-features__item-list__item\" role=\"listitem\"><span class=\"is--medium\">Coloris :<\/span> Noir \/ Gris\t\t\t\t\t<\/li>\n<li class=\"product-features__item-list__item\" role=\"listitem\"><span class=\"is--medium\">Orientation :<\/span> Inclinable et orientable\t\t\t\t\t<\/li>\n<\/ul>\n<\/li>\n<li class=\"product-features__item\" role=\"listitem\">\n<h3 class=\"product-features__label\">TV Compatible<\/h3>\n<ul role=\"list\">\n<li class=\"product-features__item-list__item\" role=\"listitem\"><span class=\"is--medium\">Poids support\u00e9 :<\/span> 0,0 g\t\t\t\t\t<\/li>\n<li class=\"product-features__item-list__item\" role=\"listitem\"><span class=\"is--medium\">Diagonale (en cm) :<\/span> jusqu&rsquo;\u00e0 142 cm\t\t\t\t\t<\/li>\n<li class=\"product-features__item-list__item\" role=\"listitem\"><span class=\"is--medium\">Diagonale TV :<\/span> non concern\u00e9\t\t\t\t\t<\/li>\n<\/ul>\n<\/li>\n<li class=\"product-features__item\" role=\"listitem\">\n<h3 class=\"product-features__label\">Compatibilit\u00e9(s) VESA<\/h3>\n<ul role=\"list\">\n<li class=\"product-features__item-list__item\" role=\"listitem\"><span class=\"is--medium\">Compatibilit\u00e9(s) VESA :<\/span> 200&#215;200, 300&#215;300, 400&#215;300, 400&#215;400, 600&#215;400\t\t\t\t\t<\/li>\n<\/ul>\n<\/li>\n<li class=\"product-features__item\" role=\"listitem\">\n<h3 class=\"product-features__label\">Option(s)<\/h3>\n<ul role=\"list\">\n<li class=\"product-features__item-list__item\" role=\"listitem\"><span class=\"is--medium\">Cache-c\u00e2ble int\u00e9gr\u00e9 :<\/span> Oui\t\t\t\t\t<\/li>\n<li class=\"product-features__item-list__item\" role=\"listitem\"><span class=\"is--medium\">Support motoris\u00e9 :<\/span> Non\t\t\t\t\t<\/li>\n<li class=\"product-features__item-list__item\" role=\"listitem\"><span class=\"is--medium\">Niveau \u00e0 bulle int\u00e9gr\u00e9 :<\/span> Non\t\t\t\t\t<\/li>\n<li class=\"product-features__item-list__item\" role=\"listitem\"><span class=\"is--medium\">Syst\u00e8me anti-vol :<\/span> Non\t\t\t\t\t<\/li>\n<li class=\"product-features__item-list__item\" role=\"listitem\"><span class=\"is--medium\">Support barre de son :<\/span> Non\t\t\t\t\t<\/li>\n<li class=\"product-features__item-list__item\" role=\"listitem\"><span class=\"is--medium\">Tablette(s) :<\/span> Non\t\t\t\t\t<\/li>\n<li class=\"product-features__item-list__item\" role=\"listitem\"><span class=\"is--medium\">Roulettes :<\/span> Non\t\t\t\t\t<\/li>\n<li class=\"product-features__item-list__item\" role=\"listitem\"><span class=\"is--medium\">Plateau tournant :<\/span> Non\t\t\t\t\t<\/li>\n<li class=\"product-features__item-list__item\" role=\"listitem\"><span class=\"is--medium\">Ultra-mince :<\/span> Non\t\t\t\t\t<\/li>\n<li class=\"product-features__item-list__item\" role=\"listitem\"><span class=\"is--medium\">Id\u00e9al pour TV OLED :<\/span> Non\t\t\t\t\t<\/li>\n<\/ul>\n<\/li>\n<li class=\"product-features__item\" role=\"listitem\">\n<h3 class=\"product-features__label\">Informations compl\u00e9mentaires<\/h3>\n<ul role=\"list\">\n<li class=\"product-features__item-list__item\" role=\"listitem\"><span class=\"is--medium\">Fabriqu\u00e9 en :<\/span> Chine\t\t\t\t\t<\/li>\n<li class=\"product-features__item-list__item\" role=\"listitem\"><span class=\"is--medium\">Disponibilit\u00e9 des pi\u00e8ces d\u00e9tach\u00e9es (donn\u00e9es fournisseur) :<\/span> Non communiqu\u00e9e\t\t\t\t\t<\/li>\n<li class=\"product-features__item-list__item\" role=\"listitem\"><span class=\"is--medium\">R\u00e9f\u00e9rence constructeur :<\/span> Support plafond 3 \u00e9crans TV 50-55&Prime;,150cm\t\t\t\t\t<\/li>\n<li class=\"product-features__item-list__item\" role=\"listitem\"><span class=\"is--medium\">Marque :<\/span> KIMEX\t\t\t\t\t<\/li>\n<\/ul>\n<\/li>\n<\/ul>\n<\/div>\n<div class=\"product__disclosure-content\">\n<div class=\"js-read-more product-description__content read-more read-more--truncated\" data-read-more-name=\"description\" style=\"max-height: 500px; overflow: hidden;\">\n<p>Support plafond menu board 3 \u00e9crans TV LCD LED 50&Prime;-55&Prime;, Hauteur 150cm.<br \/>Les menu boards sont tr\u00e8s appr\u00e9ci\u00e9s par les professionnels de l&rsquo;h\u00f4tellerie et de la restauration pour pr\u00e9senter leurs menus, leurs prix et leur information commerciale de fa\u00e7on moderne et impactante.<br \/>Le support KIMEX 031-4300K4 est une solution professionnelle con\u00e7ue pour accueillir 3 \u00e9crans TV ou moniteurs entre 50&Prime; et 55&Prime; dans la configuration 1 x 3 et qui r\u00e9pond parfaitement au besoin des installateurs de solutions d&rsquo;affichage en lieu public. Robuste et fonctionnel, il est compos\u00e9 des accessoires qui permettent un installation rapide et dispose de m\u00e9canismes de r\u00e9glage pour ajuster parfaitement les \u00e9crans.<\/p>\n<p>Compatibilit\u00e9 VESA: 200x200mm min, 600x400mm max.<br \/>Ecrans r\u00e9glables en hauteur et en largeur le long du m\u00e2t de fixation pour un alignement parfait.<br \/>Chaque barre de fixation VESA dispose d&rsquo;une vis de r\u00e9glage actionn\u00e9e par une cl\u00e9 Allen.<br \/>Syst\u00e8me d&rsquo;inclinaison des \u00e9crans professionnel r\u00e9glable par niveau: -5\u00b0 \/ -10\u00b0 \/ -15\u00b0 et -20\u00b0. Il est assur\u00e9 par une goupille sur chaque barre de fixation VESA pour une pr\u00e9cision parfaite.<br \/>Poids maximum autoris\u00e9: 50 Kg \/ \u00e9cran.<br \/>Passage des c\u00e2bles pour le meilleur rendu esth\u00e9tique.<br \/>Syst\u00e8me antivol (cadenas en option).<\/p>\n<p>Syst\u00e8me d&rsquo;installation:<br \/>Le support KIMEX 031-4300K4 est livr\u00e9 avec tous les accessoires de montage pour s&rsquo;adapter parfaitement \u00e0 votre besoin: 2 rails de montage horizontaux, 3 lots de barres VESA inclinables 400mm, 3 colonnes plafond droite 150cm, 3 appliques pour colonne plafond, 3 connecteurs pour colonne plafond.<\/p>\n<p>Dimensions:<br \/>Dimensions totales de l&rsquo;installation (Longueur x Hauteur x Profondeur): 3209 x 1580 mm.<br \/>Largeur entre chaque colonne plafond 1070 mm.<br \/>Dimensions des appliques plafond: 205 x 280 mm.<br \/>Poids total: 43 Kg.<br \/>Coloris: gris et noir.<br \/>Livr\u00e9 avec toute la visserie n\u00e9cessaire.<br \/>Garantie: 3 ans.<\/p>\n<\/div>\n<p><bl-button a11yexpanded=\"false\" arialabel=\"Afficher toute la description\" class=\"read-more__btn\" full=\"false\" link=\"true\"><\/bl-button><\/div>","protected":false},"excerpt":{"rendered":"<div class=\"keypoints\">\n<h3 class=\"keypoints__title\">Les points cl\u00e9s<\/h3>\n<ul role=\"list\">\n<li class=\"keypoints__item\" role=\"listitem\">                                        Diagonale TV : non concern\u00e9                      <\/li>\n<li class=\"keypoints__item\" role=\"listitem\">                          Poids support\u00e9 : Moins de 50 kg &#8211;                                                      Inclinable et orientable                      <\/li>\n<li class=\"keypoints__item\" role=\"listitem\">                                        Guide c\u00e2bles                      <\/li>\n<\/ul>","protected":false},"featured_media":85371,"template":"","meta":{"_glsr_average":0,"_glsr_ranking":0,"_glsr_reviews":0},"product_cat":[463],"product_tag":[461,464,451],"class_list":{"0":"post-85372","1":"product","2":"type-product","3":"status-publish","4":"has-post-thumbnail","6":"product_cat-support-tv","7":"product_tag-support-meuble","8":"product_tag-support-tv","9":"product_tag-tv-image-son","11":"first","12":"instock","13":"sale","14":"shipping-taxable","15":"purchasable","16":"product-type-simple"},"_links":{"self":[{"href":"https:\/\/electromenagerexpress.com\/en\/wp-json\/wp\/v2\/product\/85372","targetHints":{"allow":["GET"]}}],"collection":[{"href":"https:\/\/electromenagerexpress.com\/en\/wp-json\/wp\/v2\/product"}],"about":[{"href":"https:\/\/electromenagerexpress.com\/en\/wp-json\/wp\/v2\/types\/product"}],"wp:featuredmedia":[{"embeddable":true,"href":"https:\/\/electromenagerexpress.com\/en\/wp-json\/wp\/v2\/media\/85371"}],"wp:attachment":[{"href":"https:\/\/electromenagerexpress.com\/en\/wp-json\/wp\/v2\/media?parent=85372"}],"wp:term":[{"taxonomy":"product_cat","embeddable":true,"href":"https:\/\/electromenagerexpress.com\/en\/wp-json\/wp\/v2\/product_cat?post=85372"},{"taxonomy":"product_tag","embeddable":true,"href":"https:\/\/electromenagerexpress.com\/en\/wp-json\/wp\/v2\/product_tag?post=85372"}],"curies":[{"name":"wp","href":"https:\/\/api.w.org\/{rel}","templated":true}]}}