{"id":85244,"date":"2024-11-24T16:19:05","date_gmt":"2024-11-24T16:19:05","guid":{"rendered":"https:\/\/electromenagerexpress.com\/product\/support-mural-tvhamapivot-incli-teles-229cm-90\/"},"modified":"2024-11-24T16:19:13","modified_gmt":"2024-11-24T16:19:13","slug":"support-mural-tvhamapivot-incli-teles-229cm-90","status":"publish","type":"product","link":"https:\/\/electromenagerexpress.com\/en\/product\/support-mural-tvhamapivot-incli-teles-229cm-90\/","title":{"rendered":"Support mural TV\t\t\t\t\t\t\tHAMA\t\t\t\tpivot., incli., t\u00e9les., 229cm (90&Prime;)"},"content":{"rendered":"<div class=\"product-features__content\">\n<ul role=\"list\">\n<li class=\"product-features__item\" role=\"listitem\">\n<h3 class=\"product-features__label\">Caract\u00e9ristiques g\u00e9n\u00e9rales<\/h3>\n<ul role=\"list\">\n<li class=\"product-features__item-list__item\" role=\"listitem\"><span class=\"is--medium\">Type :<\/span> Support mural TV\t\t\t\t\t<\/li>\n<li class=\"product-features__item-list__item\" role=\"listitem\"><span class=\"is--medium\">Installation :<\/span> Murale\t\t\t\t\t<\/li>\n<li class=\"product-features__item-list__item\" role=\"listitem\"><span class=\"is--medium\">Orientation maximale :<\/span> 120 \u00b0\t\t\t\t\t<\/li>\n<li class=\"product-features__item-list__item\" role=\"listitem\"><span class=\"is--medium\">Inclinaison maximale :<\/span> 10 \u00b0\t\t\t\t\t<\/li>\n<li class=\"product-features__item-list__item\" role=\"listitem\"><span class=\"is--medium\">Mati\u00e8re :<\/span> Acier\t\t\t\t\t<\/li>\n<li class=\"product-features__item-list__item\" role=\"listitem\"><span class=\"is--medium\">Format du support :<\/span> Bras articul\u00e9\t\t\t\t\t<\/li>\n<li class=\"product-features__item-list__item\" role=\"listitem\"><span class=\"is--medium\">Sp\u00e9cificit\u00e9s :<\/span> Si le support mural TV est mont\u00e9 de fa\u00e7on l\u00e9g\u00e8rement oblique, la position du t\u00e9l\u00e9viseur peut \u00eatre ult\u00e9rieurement corrig\u00e9e de quelques degr\u00e9s pour qu&rsquo;il soit parfaitement horizontal\t\t\t\t\t<\/li>\n<li class=\"product-features__item-list__item\" role=\"listitem\"><span class=\"is--medium\">Coloris :<\/span> Noir \/ Blanc\t\t\t\t\t<\/li>\n<li class=\"product-features__item-list__item\" role=\"listitem\"><span class=\"is--medium\">Orientation :<\/span> Inclinable et orientable\t\t\t\t\t<\/li>\n<\/ul>\n<\/li>\n<li class=\"product-features__item\" role=\"listitem\">\n<h3 class=\"product-features__label\">TV Compatible<\/h3>\n<ul role=\"list\">\n<li class=\"product-features__item-list__item\" role=\"listitem\"><span class=\"is--medium\">Distance min. avec le mur :<\/span> 5,5 cm\t\t\t\t\t<\/li>\n<li class=\"product-features__item-list__item\" role=\"listitem\"><span class=\"is--medium\">Distance max. avec le mur :<\/span> 44,9 cm\t\t\t\t\t<\/li>\n<li class=\"product-features__item-list__item\" role=\"listitem\"><span class=\"is--medium\">Poids support\u00e9 :<\/span> 75,0 kg\t\t\t\t\t<\/li>\n<li class=\"product-features__item-list__item\" role=\"listitem\"><span class=\"is--medium\">Pr\u00e9cautions :<\/span> Afin de pouvoir profiter pleinement de la mobilit\u00e9, transf\u00e9rez les c\u00e2bles sur le support mural TV compl\u00e8tement d\u00e9pli\u00e9 et assurez-vous qu&rsquo;il existe une marge de manoeuvre suffisante pour les c\u00e2bles.\t\t\t\t\t<\/li>\n<li class=\"product-features__item-list__item\" role=\"listitem\"><span class=\"is--medium\">Diagonale (en cm) :<\/span> de 117 \u00e0 229 cm\t\t\t\t\t<\/li>\n<li class=\"product-features__item-list__item\" role=\"listitem\"><span class=\"is--medium\">Diagonale TV :<\/span> de 46 \u00e0 90&Prime;\t\t\t\t\t<\/li>\n<\/ul>\n<\/li>\n<li class=\"product-features__item\" role=\"listitem\">\n<h3 class=\"product-features__label\">Compatibilit\u00e9(s) VESA<\/h3>\n<ul role=\"list\">\n<li class=\"product-features__item-list__item\" role=\"listitem\"><span class=\"is--medium\">Compatibilit\u00e9(s) VESA :<\/span> 300&#215;100, 300&#215;200, 300&#215;300, 300&#215;400, 400&#215;200, 400&#215;300, 400&#215;400, 500&#215;400, 600&#215;200, 600&#215;300, 600&#215;400, 600&#215;500, 600&#215;600, 800&#215;200, 800&#215;400, 800&#215;600, 800&#215;500\t\t\t\t\t<\/li>\n<\/ul>\n<\/li>\n<li class=\"product-features__item\" role=\"listitem\">\n<h3 class=\"product-features__label\">Option(s)<\/h3>\n<ul role=\"list\">\n<li class=\"product-features__item-list__item\" role=\"listitem\"><span class=\"is--medium\">Cache-c\u00e2ble int\u00e9gr\u00e9 :<\/span> Oui\t\t\t\t\t<\/li>\n<li class=\"product-features__item-list__item\" role=\"listitem\"><span class=\"is--medium\">Support motoris\u00e9 :<\/span> Non\t\t\t\t\t<\/li>\n<li class=\"product-features__item-list__item\" role=\"listitem\"><span class=\"is--medium\">Niveau \u00e0 bulle int\u00e9gr\u00e9 :<\/span> Oui\t\t\t\t\t<\/li>\n<li class=\"product-features__item-list__item\" role=\"listitem\"><span class=\"is--medium\">Syst\u00e8me anti-vol :<\/span> Non\t\t\t\t\t<\/li>\n<li class=\"product-features__item-list__item\" role=\"listitem\"><span class=\"is--medium\">Support barre de son :<\/span> Non\t\t\t\t\t<\/li>\n<li class=\"product-features__item-list__item\" role=\"listitem\"><span class=\"is--medium\">Tablette(s) :<\/span> Non\t\t\t\t\t<\/li>\n<li class=\"product-features__item-list__item\" role=\"listitem\"><span class=\"is--medium\">Roulettes :<\/span> Non\t\t\t\t\t<\/li>\n<li class=\"product-features__item-list__item\" role=\"listitem\"><span class=\"is--medium\">Plateau tournant :<\/span> Non\t\t\t\t\t<\/li>\n<li class=\"product-features__item-list__item\" role=\"listitem\"><span class=\"is--medium\">Ultra-mince :<\/span> Non\t\t\t\t\t<\/li>\n<li class=\"product-features__item-list__item\" role=\"listitem\"><span class=\"is--medium\">Id\u00e9al pour TV OLED :<\/span> Oui\t\t\t\t\t<\/li>\n<\/ul>\n<\/li>\n<li class=\"product-features__item\" role=\"listitem\">\n<h3 class=\"product-features__label\">Dimensions<\/h3>\n<ul role=\"list\">\n<li class=\"product-features__item-list__item\" role=\"listitem\"><span class=\"is--medium\">Poids :<\/span> 11 kg\t\t\t\t\t<\/li>\n<\/ul>\n<\/li>\n<li class=\"product-features__item\" role=\"listitem\">\n<h3 class=\"product-features__label\">Informations compl\u00e9mentaires<\/h3>\n<ul role=\"list\">\n<li class=\"product-features__item-list__item\" role=\"listitem\"><span class=\"is--medium\">Fabriqu\u00e9 en :<\/span> Chine\t\t\t\t\t<\/li>\n<li class=\"product-features__item-list__item\" role=\"listitem\"><span class=\"is--medium\">Disponibilit\u00e9 des pi\u00e8ces d\u00e9tach\u00e9es (donn\u00e9es fournisseur) :<\/span> Pas de pi\u00e8ce disponible\t\t\t\t\t<\/li>\n<li class=\"product-features__item-list__item\" role=\"listitem\"><span class=\"is--medium\">R\u00e9f\u00e9rence constructeur :<\/span> pivot., incli., t\u00e9les., 229cm (90&Prime;)\t\t\t\t\t<\/li>\n<li class=\"product-features__item-list__item\" role=\"listitem\"><span class=\"is--medium\">Marque :<\/span> HAMA\t\t\t\t\t<\/li>\n<\/ul>\n<\/li>\n<\/ul>\n<\/div>\n<div class=\"product__disclosure-content\">\n<div class=\"js-read-more product-description__content read-more read-more--truncated\" data-read-more-name=\"description\" style=\"max-height: 500px; overflow: hidden;\">\n<h3> <img fetchpriority=\"high\" decoding=\"async\" ),=\"\" ,=\"\" 75=\"\" alt=\"Support mural TV, pivotable, inclinable, t\u00e9lescopique, 229cm (90\" class=\"wy_tableau_gauche\" height=\"270\" jus.=\"\" kg\"=\"\" oled=\"\" src=\"https:\/\/fr.hama.com\/bilder\/00220\/dex\/00220838dex4.jpg\" width=\"400\"\/> <\/h3>\n<p> <\/p>\n<p> <\/p>\n<li>   Ne prenez aucun risque avec notre s\u00e9curit\u00e9 contr\u00f4l\u00e9e : des tests exigeants en mati\u00e8re de charge, de solidit\u00e9 et de fonctionnement sont la garantie de normes de qualit\u00e9 \u00e9lev\u00e9es <\/li>\n<p> <\/p>\n<li>  Extr\u00eamement r\u00e9sistant : la conception robuste permet une fixation s\u00fbre des t\u00e9l\u00e9viseurs d&rsquo;un poids allant jusqu&rsquo;\u00e0 75 kg et d&rsquo;une diagonale d&rsquo;\u00e9cran allant jusqu&rsquo;\u00e0 90 pouces <\/li>\n<p> <\/p>\n<li>   Pour un angle de vue parfait : ce support de t\u00e9l\u00e9viseur s&rsquo;adapte \u00e0 vos besoins individuels &#8211; qu&rsquo;il soit pivotant, inclinable, extensible &#8211; pour un home cinema parfait <\/li>\n<p> <\/p>\n<li>  Parfaitement adapt\u00e9 \u00e0 l&rsquo;arri\u00e8re-plan : ce support mural TV avec plaque murale et bras de support en blanc ainsi que plaque de fixation TV en noir s&rsquo;adapte \u00e0 la d\u00e9coration de la pi\u00e8ce et \u00e0 la couleur du t\u00e9l\u00e9viseur <\/li>\n<p> <\/p>\n<li>Amortisseurs de vibrations pour une exp\u00e9rience sonore incroyable <\/li>\n<li> Les cache-c\u00e2bles permettent de mettre de l&rsquo;ordre dans vos c\u00e2bles et \u00e9vitent de les endommager <\/li>\n<p> <\/p>\n<li>     Syst\u00e8me \u00ab\u00a0Easy Fix\u00a0\u00bb permettant de positionner facilement votre t\u00e9l\u00e9viseur <\/li>\n<p> <\/p>\n<li>  Si le support mural TV est mont\u00e9 de fa\u00e7on l\u00e9g\u00e8rement oblique, la position du t\u00e9l\u00e9viseur peut \u00eatre ult\u00e9rieurement corrig\u00e9e de quelques degr\u00e9s pour qu&rsquo;il soit parfaitement horizontal <\/li>\n<p> <\/p>\n<li>    Gr\u00e2ce au gabarit de per\u00e7age, marquage ais\u00e9 de l&#8217;emplacement des trous de per\u00e7age sans n\u00e9cessiter d&rsquo;appliquer le support contre le mur <\/li>\n<p> <\/p>\n<li>    Tout est fourni : gr\u00e2ce aux nombreux accessoires de montage, y compris les chevilles Fischer de qualit\u00e9 sup\u00e9rieure, vous pouvez commencer le montage imm\u00e9diatement <\/li>\n<p> <\/p>\n<li>    Une grande flexibilit\u00e9 pour le home cin\u00e9ma : que ce soit dans leur fauteuil pr\u00e9f\u00e9r\u00e9 ou dans le coin canap\u00e9 &#8211; avec ce support mural enti\u00e8rement mobile pour les \u00e9crans plats grands et lourds, les accros au cin\u00e9ma et aux s\u00e9ries auront toujours l&rsquo;impression d&rsquo;\u00eatre dans le carr\u00e9 VIP, convient pour les \u00e9crans plats d&rsquo;une diagonale d&rsquo;\u00e9cran de 117 \u00e0 229 cm (46&Prime; \u00e0 90&Prime;) <\/li>\n<p> <\/p>\n<li>    Support mural pour TV particuli\u00e8rement adapt\u00e9 pour les t\u00e9l\u00e9viseurs plats et permettant un positionnement optimal de l&rsquo;\u00e9cran plat dans la pi\u00e8ce, id\u00e9al pour les pi\u00e8ces \u00e0 vivre ouvertes <\/li>\n<p> <\/p>\n<li>    Supporte toutes les normes VESA jusqu&rsquo;\u00e0 800 x 600 <\/li>\n<p> <\/p>\n<li>    Inclinable en continu jusqu&rsquo;\u00e0 + +2\u00b0\/- 10\u00b0 <\/li>\n<p> <\/p>\n<li>    Avec 2 bras porteurs doubles et 3 articulations, pivotables jusqu&rsquo;\u00e0 120\u00b0 <\/li>\n<p><\/p>\n<li>Hauteur de la plaque de fixation murale\t: 47.7 cm<\/li>\n<p><\/p>\n<li>Largeur de la plaque de fixation murale\t: 36.1 cm<\/li>\n<p> <\/p>\n<p> <\/p>\n<h3> <img decoding=\"async\" ),=\"\" ,=\"\" 75=\"\" alt=\"Support mural TV, pivotable, inclinable, t\u00e9lescopique, 229cm (90\" class=\"wy_tableau_gauche\" height=\"270\" jus.=\"\" kg\"=\"\" oled=\"\" src=\"https:\/\/fr.hama.com\/bilder\/00220\/dex\/00220838dex8.jpg\" width=\"400\"\/><\/p>\n<p>    Contenu du carton :<br \/> <\/h3>\n<p> <\/p>\n<p> <\/p>\n<li>   1 support mural TV <\/li>\n<p> <\/p>\n<li>Mat\u00e9riel de montage avec chevilles Fischer comprises<\/li>\n<p><\/p>\n<li>1 gabarit de per\u00e7age<\/li>\n<p><\/p>\n<li>1 niveau \u00e0 bulle<\/li>\n<p><\/p>\n<li>1 crayon \u00e0 papier<\/li>\n<p><\/p>\n<li>Serre-c\u00e2ble<\/li>\n<p><\/p>\n<li>1 notice de montage<\/li>\n<p><\/p>\n<\/p>\n<\/div>\n<p><bl-button a11yexpanded=\"false\" arialabel=\"Afficher toute la description\" class=\"read-more__btn\" full=\"false\" link=\"true\">Voir plus<\/bl-button><\/div>","protected":false},"excerpt":{"rendered":"<div class=\"keypoints\">\n<h3 class=\"keypoints__title\">Les points cl\u00e9s<\/h3>\n<ul role=\"list\">\n<li class=\"keypoints__item\" role=\"listitem\">                                        Diagonale TV : de 46 \u00e0 90&Prime;                      <\/li>\n<li class=\"keypoints__item\" role=\"listitem\">                          Poids support\u00e9 : 75 kg &#8211;                                                      Inclinable et orientable                      <\/li>\n<li class=\"keypoints__item\" role=\"listitem\">                                        Niveau \u00e0 bulle, Guide c\u00e2bles, Id\u00e9al pour TV OLED                      <\/li>\n<\/ul>","protected":false},"featured_media":85243,"template":"","meta":{"_glsr_average":0,"_glsr_ranking":0,"_glsr_reviews":0},"product_cat":[463],"product_tag":[461,464,451],"class_list":{"0":"post-85244","1":"product","2":"type-product","3":"status-publish","4":"has-post-thumbnail","6":"product_cat-support-tv","7":"product_tag-support-meuble","8":"product_tag-support-tv","9":"product_tag-tv-image-son","11":"first","12":"instock","13":"sale","14":"shipping-taxable","15":"purchasable","16":"product-type-simple"},"_links":{"self":[{"href":"https:\/\/electromenagerexpress.com\/en\/wp-json\/wp\/v2\/product\/85244","targetHints":{"allow":["GET"]}}],"collection":[{"href":"https:\/\/electromenagerexpress.com\/en\/wp-json\/wp\/v2\/product"}],"about":[{"href":"https:\/\/electromenagerexpress.com\/en\/wp-json\/wp\/v2\/types\/product"}],"wp:featuredmedia":[{"embeddable":true,"href":"https:\/\/electromenagerexpress.com\/en\/wp-json\/wp\/v2\/media\/85243"}],"wp:attachment":[{"href":"https:\/\/electromenagerexpress.com\/en\/wp-json\/wp\/v2\/media?parent=85244"}],"wp:term":[{"taxonomy":"product_cat","embeddable":true,"href":"https:\/\/electromenagerexpress.com\/en\/wp-json\/wp\/v2\/product_cat?post=85244"},{"taxonomy":"product_tag","embeddable":true,"href":"https:\/\/electromenagerexpress.com\/en\/wp-json\/wp\/v2\/product_tag?post=85244"}],"curies":[{"name":"wp","href":"https:\/\/api.w.org\/{rel}","templated":true}]}}