{"id":85216,"date":"2024-11-24T16:18:40","date_gmt":"2024-11-24T16:18:40","guid":{"rendered":"https:\/\/electromenagerexpress.com\/product\/meuble-tvhelloshop26ensemble-meuble-tv-et-2-etageres-180-x-3\/"},"modified":"2024-11-24T16:18:41","modified_gmt":"2024-11-24T16:18:41","slug":"meuble-tvhelloshop26ensemble-meuble-tv-et-2-etageres-180-x-3","status":"publish","type":"product","link":"https:\/\/electromenagerexpress.com\/en\/product\/meuble-tvhelloshop26ensemble-meuble-tv-et-2-etageres-180-x-3\/","title":{"rendered":"Meuble TV\t\t\t\t\t\t\tHELLOSHOP26\t\t\t\tEnsemble meuble TV et 2 \u00e9tag\u00e8res 180 x 3"},"content":{"rendered":"<div class=\"product-features__content\">\n<ul role=\"list\">\n<li class=\"product-features__item\" role=\"listitem\">\n<h3 class=\"product-features__label\">Les + de ce mod\u00e8le<\/h3>\n<ul role=\"list\">\n<li class=\"product-features__item-list__item\" role=\"listitem\"><span class=\"is--medium\">Avantages :<\/span> Montage simple et rapide\t\t\t\t\t<\/li>\n<\/ul>\n<\/li>\n<li class=\"product-features__item\" role=\"listitem\">\n<h3 class=\"product-features__label\">Caract\u00e9ristiques g\u00e9n\u00e9rales<\/h3>\n<ul role=\"list\">\n<li class=\"product-features__item-list__item\" role=\"listitem\"><span class=\"is--medium\">Installation :<\/span> A monter soi-m\u00eame\t\t\t\t\t<\/li>\n<li class=\"product-features__item-list__item\" role=\"listitem\"><span class=\"is--medium\">Forme du meuble :<\/span> Droit\t\t\t\t\t<\/li>\n<li class=\"product-features__item-list__item\" role=\"listitem\"><span class=\"is--medium\">Recommand\u00e9 pour un t\u00e9l\u00e9viseur de :<\/span> jusqu&rsquo;\u00e0 23 pouces\t\t\t\t\t<\/li>\n<li class=\"product-features__item-list__item\" role=\"listitem\"><span class=\"is--medium\">Cache c\u00e2ble :<\/span> Non\t\t\t\t\t<\/li>\n<li class=\"product-features__item-list__item\" role=\"listitem\"><span class=\"is--medium\">Roulettes int\u00e9gr\u00e9es :<\/span> Non\t\t\t\t\t<\/li>\n<li class=\"product-features__item-list__item\" role=\"listitem\"><span class=\"is--medium\">Patins de protection int\u00e9gr\u00e9s :<\/span> Non\t\t\t\t\t<\/li>\n<li class=\"product-features__item-list__item\" role=\"listitem\"><span class=\"is--medium\">Support TV int\u00e9gr\u00e9 :<\/span> Non\t\t\t\t\t<\/li>\n<\/ul>\n<\/li>\n<li class=\"product-features__item\" role=\"listitem\">\n<h3 class=\"product-features__label\">Structure<\/h3>\n<ul role=\"list\">\n<li class=\"product-features__item-list__item\" role=\"listitem\"><span class=\"is--medium\">Mat\u00e9riau :<\/span> Non communiqu\u00e9\t\t\t\t\t<\/li>\n<li class=\"product-features__item-list__item\" role=\"listitem\"><span class=\"is--medium\">Coloris :<\/span> Noir\t\t\t\t\t<\/li>\n<\/ul>\n<\/li>\n<li class=\"product-features__item\" role=\"listitem\">\n<h3 class=\"product-features__label\">Etag\u00e8re principale<\/h3>\n<ul role=\"list\">\n<li class=\"product-features__item-list__item\" role=\"listitem\"><span class=\"is--medium\">Mat\u00e9riau :<\/span> non concern\u00e9\t\t\t\t\t<\/li>\n<li class=\"product-features__item-list__item\" role=\"listitem\"><span class=\"is--medium\">Poids support\u00e9 :<\/span> Non communiqu\u00e9\t\t\t\t\t<\/li>\n<\/ul>\n<\/li>\n<li class=\"product-features__item\" role=\"listitem\">\n<h3 class=\"product-features__label\">Dimensions<\/h3>\n<ul role=\"list\">\n<li class=\"product-features__item-list__item\" role=\"listitem\"><span class=\"is--medium\">LxHxP :<\/span> 31 x 33 x 31 cm\t\t\t\t\t<\/li>\n<li class=\"product-features__item-list__item\" role=\"listitem\"><span class=\"is--medium\">Poids :<\/span> 15,0 kg\t\t\t\t\t<\/li>\n<\/ul>\n<\/li>\n<li class=\"product-features__item\" role=\"listitem\">\n<h3 class=\"product-features__label\">Informations compl\u00e9mentaires<\/h3>\n<ul role=\"list\">\n<li class=\"product-features__item-list__item\" role=\"listitem\"><span class=\"is--medium\">Fabriqu\u00e9 en :<\/span> Chine\t\t\t\t\t<\/li>\n<li class=\"product-features__item-list__item\" role=\"listitem\"><span class=\"is--medium\">Disponibilit\u00e9 des pi\u00e8ces d\u00e9tach\u00e9es (donn\u00e9es fournisseur) :<\/span> Non communiqu\u00e9e\t\t\t\t\t<\/li>\n<li class=\"product-features__item-list__item\" role=\"listitem\"><span class=\"is--medium\">R\u00e9f\u00e9rence constructeur :<\/span> Ensemble meuble TV et 2 \u00e9tag\u00e8res 180 x 3\t\t\t\t\t<\/li>\n<li class=\"product-features__item-list__item\" role=\"listitem\"><span class=\"is--medium\">Marque :<\/span> HELLOSHOP26\t\t\t\t\t<\/li>\n<\/ul>\n<\/li>\n<\/ul>\n<\/div>\n<div class=\"product__disclosure-content\">\n<div class=\"js-read-more product-description__content read-more read-more--truncated\" data-read-more-name=\"description\" style=\"max-height: 500px; overflow: hidden;\">\n<p>Ensemble Banc TV et 2 \u00e9tag\u00e8res&lt; p&gt; <\/p>\n<p>Notre ensemble de meubles de salon \u00e9l\u00e9gant et pratique s&rsquo;adapte parfaitement \u00e0 tous les espaces de votre maison. Il se compose d&rsquo;une table de t\u00e9l\u00e9vision et de deux \u00e9tag\u00e8res murales aux couleurs assorties. Les 2 compartiments ferm\u00e9s du banc TV offrent un espace de rangement suppl\u00e9mentaire pour garder votre int\u00e9rieur bien organis\u00e9. Les deux \u00e9tag\u00e8res murales fournies offrent un espace de rangement suppl\u00e9mentaire et des possibilit\u00e9s de d\u00e9coration.&lt; p&gt; <\/p>\n<p>Description :&lt; p&gt; <\/p>\n<p>&#8211; ensemble de meubles de salon aux lignes \u00e9pur\u00e9es<br \/>&#8211; 2 compartiments ferm\u00e9s <br \/>&#8211; pieds de meuble robustes pour une stabilit\u00e9 optimale<br \/>&#8211; montage simple et rapide<br \/>&#8211; peu encombrant et facile \u00e0 entretenir&lt; p&gt; <\/p>\n<p>Capacit\u00e9 de charge :&lt; p&gt; <\/p>\n<p>&#8211; table de t\u00e9l\u00e9vision : 40 kg<br \/>&#8211; grande \u00e9tag\u00e8re murale : 5 kg<br \/>&#8211; petite \u00e9tag\u00e8re murale : 3 kg&lt; p&gt; <\/p>\n<p>Dimensions :&lt; p&gt; <\/p>\n<p>Table de t\u00e9l\u00e9vision :<br \/>&#8211; totales (largeur x profondeur x hauteur) : 180 x 31 x 33 cm<br \/>&#8211; int\u00e9rieur du compartiment ferm\u00e9 (l x p x h) : 87 x 29,5 x 17 cm<br \/>&#8211; fa\u00e7ade de la porte (l x h) : 90 x 21 cm&lt; p&gt; <\/p>\n<p>Grande \u00e9tag\u00e8re murale :<br \/>&#8211; totales (l x p x h) : 60 x 16 x 14,5 cm<br \/>&#8211; surface de rangement (l x p) : 60 x 14,5 cm&lt; p&gt; <\/p>\n<p>Petite \u00e9tag\u00e8re murale :<br \/>&#8211; totales (l x p x h) : 40 x 16 x 14,5 cm<br \/>&#8211; surface de rangement (l x p) : 40 x 14,5 cm&lt; p&gt; <\/p>\n<p>Mati\u00e8re :&lt; p&gt; <\/p>\n<p>panneau de particules de 18 mm&lt; p&gt; <\/p>\n<p>Couleur :&lt; p&gt; <\/p>\n<p>noir&lt; p&gt; <\/p>\n<p>Contenu de la livraison :&lt; p&gt; <\/p>\n<p>&#8211; 1 x ensemble meuble TV avec 2 \u00e9tag\u00e8res, kit de montage inclus&lt; p&gt; <\/p>\n<p> &lt; p&gt;<\/p>\n<\/div>\n<p><bl-button a11yexpanded=\"false\" arialabel=\"Afficher toute la description\" class=\"read-more__btn\" full=\"false\" link=\"true\"><\/bl-button><\/div>","protected":false},"excerpt":{"rendered":"<div class=\"keypoints\">\n<h3 class=\"keypoints__title\">Les points cl\u00e9s<\/h3>\n<ul role=\"list\">\n<li class=\"keypoints__item\" role=\"listitem\">                                        A monter soi-m\u00eame                      <\/li>\n<li class=\"keypoints__item\" role=\"listitem\">                                        LxHxP : 31 x 33 x 31 cm                      <\/li>\n<\/ul>","protected":false},"featured_media":85215,"template":"","meta":{"_glsr_average":0,"_glsr_ranking":0,"_glsr_reviews":0},"product_cat":[460],"product_tag":[462,461,451],"class_list":{"0":"post-85216","1":"product","2":"type-product","3":"status-publish","4":"has-post-thumbnail","6":"product_cat-meuble-tv","7":"product_tag-meuble-tv","8":"product_tag-support-meuble","9":"product_tag-tv-image-son","11":"first","12":"instock","13":"sale","14":"shipping-taxable","15":"purchasable","16":"product-type-simple"},"_links":{"self":[{"href":"https:\/\/electromenagerexpress.com\/en\/wp-json\/wp\/v2\/product\/85216","targetHints":{"allow":["GET"]}}],"collection":[{"href":"https:\/\/electromenagerexpress.com\/en\/wp-json\/wp\/v2\/product"}],"about":[{"href":"https:\/\/electromenagerexpress.com\/en\/wp-json\/wp\/v2\/types\/product"}],"wp:featuredmedia":[{"embeddable":true,"href":"https:\/\/electromenagerexpress.com\/en\/wp-json\/wp\/v2\/media\/85215"}],"wp:attachment":[{"href":"https:\/\/electromenagerexpress.com\/en\/wp-json\/wp\/v2\/media?parent=85216"}],"wp:term":[{"taxonomy":"product_cat","embeddable":true,"href":"https:\/\/electromenagerexpress.com\/en\/wp-json\/wp\/v2\/product_cat?post=85216"},{"taxonomy":"product_tag","embeddable":true,"href":"https:\/\/electromenagerexpress.com\/en\/wp-json\/wp\/v2\/product_tag?post=85216"}],"curies":[{"name":"wp","href":"https:\/\/api.w.org\/{rel}","templated":true}]}}