{"id":85196,"date":"2024-11-24T16:18:20","date_gmt":"2024-11-24T16:18:20","guid":{"rendered":"https:\/\/electromenagerexpress.com\/product\/support-mural-tvkimexsupport-ascenseur-moteur-ecran-tv-32-48\/"},"modified":"2024-11-24T16:18:27","modified_gmt":"2024-11-24T16:18:27","slug":"support-mural-tvkimexsupport-ascenseur-moteur-ecran-tv-32-48","status":"publish","type":"product","link":"https:\/\/electromenagerexpress.com\/en\/product\/support-mural-tvkimexsupport-ascenseur-moteur-ecran-tv-32-48\/","title":{"rendered":"Support mural TV\t\t\t\t\t\t\tKIMEX\t\t\t\tSupport Ascenseur moteur \u00e9cran TV 32-48&Prime;"},"content":{"rendered":"<div class=\"product-features__content\">\n<ul role=\"list\">\n<li class=\"product-features__item\" role=\"listitem\">\n<h3 class=\"product-features__label\">Caract\u00e9ristiques g\u00e9n\u00e9rales<\/h3>\n<ul role=\"list\">\n<li class=\"product-features__item-list__item\" role=\"listitem\"><span class=\"is--medium\">Type :<\/span> Support mural TV\t\t\t\t\t<\/li>\n<li class=\"product-features__item-list__item\" role=\"listitem\"><span class=\"is--medium\">Installation :<\/span> Murale\t\t\t\t\t<\/li>\n<li class=\"product-features__item-list__item\" role=\"listitem\"><span class=\"is--medium\">Orientation maximale :<\/span> 0 \u00b0\t\t\t\t\t<\/li>\n<li class=\"product-features__item-list__item\" role=\"listitem\"><span class=\"is--medium\">Inclinaison maximale :<\/span> 0 \u00b0\t\t\t\t\t<\/li>\n<li class=\"product-features__item-list__item\" role=\"listitem\"><span class=\"is--medium\">Mati\u00e8re :<\/span> M\u00e9tal\t\t\t\t\t<\/li>\n<li class=\"product-features__item-list__item\" role=\"listitem\"><span class=\"is--medium\">Coloris :<\/span> Noir\t\t\t\t\t<\/li>\n<li class=\"product-features__item-list__item\" role=\"listitem\"><span class=\"is--medium\">Orientation :<\/span> Fixe\t\t\t\t\t<\/li>\n<\/ul>\n<\/li>\n<li class=\"product-features__item\" role=\"listitem\">\n<h3 class=\"product-features__label\">TV Compatible<\/h3>\n<ul role=\"list\">\n<li class=\"product-features__item-list__item\" role=\"listitem\"><span class=\"is--medium\">Poids support\u00e9 :<\/span> 0,0 g\t\t\t\t\t<\/li>\n<li class=\"product-features__item-list__item\" role=\"listitem\"><span class=\"is--medium\">Diagonale (en cm) :<\/span> Non significatif\t\t\t\t\t<\/li>\n<li class=\"product-features__item-list__item\" role=\"listitem\"><span class=\"is--medium\">Diagonale TV :<\/span> non concern\u00e9\t\t\t\t\t<\/li>\n<\/ul>\n<\/li>\n<li class=\"product-features__item\" role=\"listitem\">\n<h3 class=\"product-features__label\">Compatibilit\u00e9(s) VESA<\/h3>\n<ul role=\"list\">\n<li class=\"product-features__item-list__item\" role=\"listitem\"><span class=\"is--medium\">Compatibilit\u00e9(s) VESA :<\/span> Non concern\u00e9\t\t\t\t\t<\/li>\n<\/ul>\n<\/li>\n<li class=\"product-features__item\" role=\"listitem\">\n<h3 class=\"product-features__label\">Option(s)<\/h3>\n<ul role=\"list\">\n<li class=\"product-features__item-list__item\" role=\"listitem\"><span class=\"is--medium\">Cache-c\u00e2ble int\u00e9gr\u00e9 :<\/span> Non\t\t\t\t\t<\/li>\n<li class=\"product-features__item-list__item\" role=\"listitem\"><span class=\"is--medium\">Support motoris\u00e9 :<\/span> Non\t\t\t\t\t<\/li>\n<li class=\"product-features__item-list__item\" role=\"listitem\"><span class=\"is--medium\">Niveau \u00e0 bulle int\u00e9gr\u00e9 :<\/span> Non\t\t\t\t\t<\/li>\n<li class=\"product-features__item-list__item\" role=\"listitem\"><span class=\"is--medium\">Syst\u00e8me anti-vol :<\/span> Non\t\t\t\t\t<\/li>\n<li class=\"product-features__item-list__item\" role=\"listitem\"><span class=\"is--medium\">Support barre de son :<\/span> Non\t\t\t\t\t<\/li>\n<li class=\"product-features__item-list__item\" role=\"listitem\"><span class=\"is--medium\">Tablette(s) :<\/span> Non\t\t\t\t\t<\/li>\n<li class=\"product-features__item-list__item\" role=\"listitem\"><span class=\"is--medium\">Roulettes :<\/span> Non\t\t\t\t\t<\/li>\n<li class=\"product-features__item-list__item\" role=\"listitem\"><span class=\"is--medium\">Plateau tournant :<\/span> Non\t\t\t\t\t<\/li>\n<li class=\"product-features__item-list__item\" role=\"listitem\"><span class=\"is--medium\">Ultra-mince :<\/span> Non\t\t\t\t\t<\/li>\n<li class=\"product-features__item-list__item\" role=\"listitem\"><span class=\"is--medium\">Id\u00e9al pour TV OLED :<\/span> Non\t\t\t\t\t<\/li>\n<\/ul>\n<\/li>\n<li class=\"product-features__item\" role=\"listitem\">\n<h3 class=\"product-features__label\">Dimensions<\/h3>\n<ul role=\"list\">\n<li class=\"product-features__item-list__item\" role=\"listitem\"><span class=\"is--medium\">Hauteur produit (cm) :<\/span> 123\t\t\t\t\t<\/li>\n<li class=\"product-features__item-list__item\" role=\"listitem\"><span class=\"is--medium\">Largeur produit (cm) :<\/span> 45\t\t\t\t\t<\/li>\n<li class=\"product-features__item-list__item\" role=\"listitem\"><span class=\"is--medium\">Profondeur produit (cm) :<\/span> 11.5\t\t\t\t\t<\/li>\n<li class=\"product-features__item-list__item\" role=\"listitem\"><span class=\"is--medium\">Poids :<\/span> 15 kg\t\t\t\t\t<\/li>\n<\/ul>\n<\/li>\n<li class=\"product-features__item\" role=\"listitem\">\n<h3 class=\"product-features__label\">Informations compl\u00e9mentaires<\/h3>\n<ul role=\"list\">\n<li class=\"product-features__item-list__item\" role=\"listitem\"><span class=\"is--medium\">Disponibilit\u00e9 des pi\u00e8ces d\u00e9tach\u00e9es (donn\u00e9es fournisseur) :<\/span> Non communiqu\u00e9e\t\t\t\t\t<\/li>\n<li class=\"product-features__item-list__item\" role=\"listitem\"><span class=\"is--medium\">R\u00e9f\u00e9rence constructeur :<\/span> Support Ascenseur moteur \u00e9cran TV 32-48&Prime;\t\t\t\t\t<\/li>\n<li class=\"product-features__item-list__item\" role=\"listitem\"><span class=\"is--medium\">Marque :<\/span> KIMEX\t\t\t\t\t<\/li>\n<\/ul>\n<\/li>\n<\/ul>\n<\/div>\n<div class=\"product__disclosure-content\">\n<div class=\"js-read-more product-description__content read-more read-more--truncated\" data-read-more-name=\"description\" style=\"max-height: 500px; overflow: hidden;\">\n<p>Support ascenseur motoris\u00e9 pour \u00e9cran TV LCD LED 32&Prime;-48&Prime;<\/p>\n<p>Le support motoris\u00e9 de sol KIMEX 018-6044 est un ascenseur pour \u00e9cran de t\u00e9l\u00e9vision de 32 \u00e0 48 pouces r\u00e9pondant aux standards VESA (200&#215;200 min, 400&#215;400 max), jusqu&rsquo;\u00e0 50 kg.<\/p>\n<p>Con\u00e7u comme une solution moderne d&rsquo;int\u00e9gration novatrice, ce support \u00e9l\u00e9vateur est destin\u00e9 \u00e0 \u00eatre install\u00e9, au sol ou au plafond, dans un meuble pour faire sortir votre t\u00e9l\u00e9viseur et le ranger apr\u00e8s utilisation gr\u00e2ce \u00e0 sa t\u00e9l\u00e9commande.<\/p>\n<p>Pour son installation, il dispose de trois emplacements de fixation, l&rsquo;une au sol, les deux autres \u00e0 l&rsquo;arri\u00e8re de la colonne, qui lui garantissent le maximum de s\u00e9curit\u00e9. Posez ensuite l&rsquo;\u00e9cran sur le support en toute simplicit\u00e9 sans avoir \u00e0 utiliser aucun outil de montage, son maintien est assur\u00e9 gr\u00e2ce \u00e0 deux solides vis anti-d\u00e9crochement. La plaque sup\u00e9rieure de recouvrement fournie en compl\u00e9ment du support vous permet quant \u00e0 elle de fixer une trappe de finition pour le meilleur rendu esth\u00e9tique.<\/p>\n<p>Une fois install\u00e9, actionnez votre \u00e9cran jusqu&rsquo;au niveau souhait\u00e9 gr\u00e2ce \u00e0 la t\u00e9l\u00e9commande puis refermez-le apr\u00e8s utilisation. Pour un confort optimal, ce support vous permet de r\u00e9gler et de m\u00e9moriser le niveau d&rsquo;arr\u00eat du moteur, l&rsquo;\u00e9cran s&rsquo;arr\u00eate ainsi \u00e0 la position d\u00e9termin\u00e9e \u00e0 chaque utilisation.<\/p>\n<p>Avec ces carat\u00e9ristiques, le support motoris\u00e9 KIMEX 018-6044 se r\u00e9v\u00e8le comme une solution novatrice et fonctionnelle recommand\u00e9e pour les particuliers ainsi que pour les professionnels de l&rsquo;int\u00e9gration audiovisuelle et de l&rsquo;h\u00f4tellerie.<\/p>\n<p>Caract\u00e9ristiques techniques :<\/p>\n<p>Installation au sol ou au plafond,<\/p>\n<p>Hauteur r\u00e9glable de 58 cm (position basse) \u00e0 123 cm (position haute),<\/p>\n<p>Longueur de course du moteur: 65 cm,<\/p>\n<p>Dur\u00e9e du cycle du moteur: 30 secondes,<\/p>\n<p>R\u00e9glage des but\u00e9es du moteur depuis la t\u00e9l\u00e9commande,<\/p>\n<p>Longueur du c\u00e2ble d&rsquo;alimentation \u00e9lectrique: 1,80 m.<\/p>\n<p>Plaque de fixation sol: 19,1 x 20,5 cm,<\/p>\n<p>Trois points de fixation au sol de chaque c\u00f4t\u00e9 de la plaque,<\/p>\n<p>4 pattes de fixation murale: espacement de gauche \u00e0 droite, 13 cm \/ espacement de haut en bas, 40 cm,<\/p>\n<p>Distance entre le mur et l&rsquo;\u00e9cran: 11,5 cm.<\/p>\n<p>Possibilit\u00e9 de fixer une trappe d&rsquo;habillage sur le support situ\u00e9 au-dessus de l&rsquo;\u00e9cran pour la finition esth\u00e9tique,<\/p>\n<p>Ce support est r\u00e9glable en hauteur gr\u00e2ce \u00e0 ses deux bras pour s&rsquo;adapter \u00e0 la taille de l&rsquo;\u00e9cran et \u00e0 votre configuration,<\/p>\n<p>Dimensions du support sup\u00e9rieur de recouvrement: 50 x 7 cm.<\/p>\n<p><video class=\"s7Video\" controls=\"\" controlslist=\"nodownload\" poster=\"https:\/\/boulanger.scene7.com\/is\/image\/Boulanger\/3700685412354_v_0?scl=1\" preload=\"metadata\" src=\"https:\/\/boulanger.scene7.com\/is\/content\/Boulanger\/3700685412354_v_0\" width=\"100%\"><\/video><\/p>\n<\/div>\n<p><bl-button a11yexpanded=\"false\" arialabel=\"Afficher toute la description\" class=\"read-more__btn\" full=\"false\" link=\"true\"><\/bl-button><\/div>","protected":false},"excerpt":{"rendered":"<div class=\"keypoints\">\n<h3 class=\"keypoints__title\">Les points cl\u00e9s<\/h3>\n<ul role=\"list\">\n<li class=\"keypoints__item\" role=\"listitem\">                                        Diagonale TV : non concern\u00e9                      <\/li>\n<li class=\"keypoints__item\" role=\"listitem\">                          Poids support\u00e9 : Moins de 50 kg &#8211;                                                      Fixe                      <\/li>\n<\/ul>","protected":false},"featured_media":85195,"template":"","meta":{"_glsr_average":0,"_glsr_ranking":0,"_glsr_reviews":0},"product_cat":[463],"product_tag":[461,464,451],"class_list":{"0":"post-85196","1":"product","2":"type-product","3":"status-publish","4":"has-post-thumbnail","6":"product_cat-support-tv","7":"product_tag-support-meuble","8":"product_tag-support-tv","9":"product_tag-tv-image-son","11":"first","12":"instock","13":"sale","14":"shipping-taxable","15":"purchasable","16":"product-type-simple"},"_links":{"self":[{"href":"https:\/\/electromenagerexpress.com\/en\/wp-json\/wp\/v2\/product\/85196","targetHints":{"allow":["GET"]}}],"collection":[{"href":"https:\/\/electromenagerexpress.com\/en\/wp-json\/wp\/v2\/product"}],"about":[{"href":"https:\/\/electromenagerexpress.com\/en\/wp-json\/wp\/v2\/types\/product"}],"wp:featuredmedia":[{"embeddable":true,"href":"https:\/\/electromenagerexpress.com\/en\/wp-json\/wp\/v2\/media\/85195"}],"wp:attachment":[{"href":"https:\/\/electromenagerexpress.com\/en\/wp-json\/wp\/v2\/media?parent=85196"}],"wp:term":[{"taxonomy":"product_cat","embeddable":true,"href":"https:\/\/electromenagerexpress.com\/en\/wp-json\/wp\/v2\/product_cat?post=85196"},{"taxonomy":"product_tag","embeddable":true,"href":"https:\/\/electromenagerexpress.com\/en\/wp-json\/wp\/v2\/product_tag?post=85196"}],"curies":[{"name":"wp","href":"https:\/\/api.w.org\/{rel}","templated":true}]}}