{"id":85191,"date":"2024-11-24T16:18:14","date_gmt":"2024-11-24T16:18:14","guid":{"rendered":"https:\/\/electromenagerexpress.com\/product\/meuble-tvhelloshop26meuble-tv-avec-eclairage-led-multicolore\/"},"modified":"2024-11-24T16:18:17","modified_gmt":"2024-11-24T16:18:17","slug":"meuble-tvhelloshop26meuble-tv-avec-eclairage-led-multicolore","status":"publish","type":"product","link":"https:\/\/electromenagerexpress.com\/en\/product\/meuble-tvhelloshop26meuble-tv-avec-eclairage-led-multicolore\/","title":{"rendered":"Meuble TV\t\t\t\t\t\t\tHELLOSHOP26\t\t\t\tMeuble TV avec \u00e9clairage LED multicolore"},"content":{"rendered":"<div class=\"product-features__content\">\n<ul role=\"list\">\n<li class=\"product-features__item\" role=\"listitem\">\n<h3 class=\"product-features__label\">Les + de ce mod\u00e8le<\/h3>\n<ul role=\"list\">\n<li class=\"product-features__item-list__item\" role=\"listitem\"><span class=\"is--medium\">Avantages :<\/span> .\t\t\t\t\t<\/li>\n<\/ul>\n<\/li>\n<li class=\"product-features__item\" role=\"listitem\">\n<h3 class=\"product-features__label\">Caract\u00e9ristiques g\u00e9n\u00e9rales<\/h3>\n<ul role=\"list\">\n<li class=\"product-features__item-list__item\" role=\"listitem\"><span class=\"is--medium\">Installation :<\/span> A monter soi-m\u00eame\t\t\t\t\t<\/li>\n<li class=\"product-features__item-list__item\" role=\"listitem\"><span class=\"is--medium\">Forme du meuble :<\/span> Droit\t\t\t\t\t<\/li>\n<li class=\"product-features__item-list__item\" role=\"listitem\"><span class=\"is--medium\">Recommand\u00e9 pour un t\u00e9l\u00e9viseur de :<\/span> jusqu&rsquo;\u00e0 23 pouces\t\t\t\t\t<\/li>\n<li class=\"product-features__item-list__item\" role=\"listitem\"><span class=\"is--medium\">Cache c\u00e2ble :<\/span> Non\t\t\t\t\t<\/li>\n<li class=\"product-features__item-list__item\" role=\"listitem\"><span class=\"is--medium\">Roulettes int\u00e9gr\u00e9es :<\/span> Non\t\t\t\t\t<\/li>\n<li class=\"product-features__item-list__item\" role=\"listitem\"><span class=\"is--medium\">Patins de protection int\u00e9gr\u00e9s :<\/span> Non\t\t\t\t\t<\/li>\n<li class=\"product-features__item-list__item\" role=\"listitem\"><span class=\"is--medium\">Support TV int\u00e9gr\u00e9 :<\/span> Non\t\t\t\t\t<\/li>\n<\/ul>\n<\/li>\n<li class=\"product-features__item\" role=\"listitem\">\n<h3 class=\"product-features__label\">Structure<\/h3>\n<ul role=\"list\">\n<li class=\"product-features__item-list__item\" role=\"listitem\"><span class=\"is--medium\">Mat\u00e9riau :<\/span> Non communiqu\u00e9\t\t\t\t\t<\/li>\n<li class=\"product-features__item-list__item\" role=\"listitem\"><span class=\"is--medium\">Coloris :<\/span> Blanc\t\t\t\t\t<\/li>\n<\/ul>\n<\/li>\n<li class=\"product-features__item\" role=\"listitem\">\n<h3 class=\"product-features__label\">Etag\u00e8re principale<\/h3>\n<ul role=\"list\">\n<li class=\"product-features__item-list__item\" role=\"listitem\"><span class=\"is--medium\">Mat\u00e9riau :<\/span> Panneaux de particules\t\t\t\t\t<\/li>\n<li class=\"product-features__item-list__item\" role=\"listitem\"><span class=\"is--medium\">Poids support\u00e9 :<\/span> Non communiqu\u00e9\t\t\t\t\t<\/li>\n<\/ul>\n<\/li>\n<li class=\"product-features__item\" role=\"listitem\">\n<h3 class=\"product-features__label\">Dimensions<\/h3>\n<ul role=\"list\">\n<li class=\"product-features__item-list__item\" role=\"listitem\"><span class=\"is--medium\">LxHxP :<\/span> 35 x 45 x 35 cm\t\t\t\t\t<\/li>\n<li class=\"product-features__item-list__item\" role=\"listitem\"><span class=\"is--medium\">Poids :<\/span> 15,0 kg\t\t\t\t\t<\/li>\n<\/ul>\n<\/li>\n<li class=\"product-features__item\" role=\"listitem\">\n<h3 class=\"product-features__label\">Informations compl\u00e9mentaires<\/h3>\n<ul role=\"list\">\n<li class=\"product-features__item-list__item\" role=\"listitem\"><span class=\"is--medium\">Fabriqu\u00e9 en :<\/span> Chine\t\t\t\t\t<\/li>\n<li class=\"product-features__item-list__item\" role=\"listitem\"><span class=\"is--medium\">Disponibilit\u00e9 des pi\u00e8ces d\u00e9tach\u00e9es (donn\u00e9es fournisseur) :<\/span> Non communiqu\u00e9e\t\t\t\t\t<\/li>\n<li class=\"product-features__item-list__item\" role=\"listitem\"><span class=\"is--medium\">R\u00e9f\u00e9rence constructeur :<\/span> Meuble TV avec \u00e9clairage LED multicolore\t\t\t\t\t<\/li>\n<li class=\"product-features__item-list__item\" role=\"listitem\"><span class=\"is--medium\">Marque :<\/span> HELLOSHOP26\t\t\t\t\t<\/li>\n<\/ul>\n<\/li>\n<\/ul>\n<\/div>\n<div class=\"product__disclosure-content\">\n<div class=\"js-read-more product-description__content read-more read-more--truncated\" data-read-more-name=\"description\" style=\"max-height: 500px; overflow: hidden;\">\n<p>Meuble TV avec \u00e9clairage LED multicolore<br \/>&lt; p&gt; <\/p>\n<p>Ce meuble modern et d\u00e9coratif met non seulement votre t\u00e9l\u00e9 en valeur, mais vous permet de personnaliser l&rsquo;ambiance de votre environnement gr\u00e2ce \u00e0 l&rsquo;\u00e9clairage LED int\u00e9gr\u00e9. Vous pourrez changer de la couleur de l&rsquo;\u00e9clairage avec la t\u00e9l\u00e9commande. Le banc est muni de plusieurs surface de stockage et d&rsquo;un tiroir.&lt; p&gt; <\/p>\n<p>Description :&lt; p&gt; <\/p>\n<p>&#8211; support moderne pour TV avec \u00e9clairage LED RGB multicolore<br \/> &#8211; la couleur de l&rsquo;\u00e9clairage est r\u00e9glable \u00e0 l&rsquo;aide de la t\u00e9l\u00e9commande<br \/> &#8211; apparance d\u00e9corative gr\u00e2ce aux deux \u00e9tag\u00e8res de verre design et l&rsquo;\u00e9tag\u00e8re centrale<br \/> &#8211; espace de rangement compl\u00e9mentaire gr\u00e2ce au tiroir<br \/> &#8211; capacit\u00e9 de charge de la plaque de verre : jusqu&rsquo;\u00e0 5 kg chacune&lt; p&gt; <\/p>\n<p>Mati\u00e8re :&lt; p&gt; <\/p>\n<p>&#8211; panneaux de particules avec rev\u00eatement m\u00e9lamin\u00e9<br \/> &#8211; \u00e9tag\u00e8res : verre&lt; p&gt; <\/p>\n<p>Couleur :&lt; p&gt; <\/p>\n<p>&#8211; structure : blanc<br \/> &#8211; fa\u00e7ade du tiroir : blanc brillant&lt; p&gt; <\/p>\n<p>Dimensions :&lt; p&gt; <\/p>\n<p>&#8211; dimensions totales (longueur x largeur x hauteur) : 130 x 35 x 45 cm<br \/> &#8211; fa\u00e7ade du tiroir (hauteur x largeur) : 25 x 70 cm<br \/> &#8211; \u00e9tag\u00e8re en verre (longueur x largeur) : 28 x 33 cm chacune<br \/> &#8211; surface de rangement centrale (longueur x largeur x hauteur) : 40,5 x 33,5 x 10 cm<br \/> &#8211; surface de stockage lat\u00e9rale des deux c\u00f4t\u00e9s de la planche centrale (longueur x largeur) : 13,2 x 33,5 cm chacune<br \/> &#8211; distance entre l&rsquo;\u00e9tag\u00e8re de verre et le dessous de la planche sup\u00e9rieure : 17,5 cm des deux c\u00f4t\u00e9s&lt; p&gt; <\/p>\n<p>Contenu de la livraison :&lt; p&gt; <\/p>\n<p>1 x meuble TV avec \u00e9clairage LED<br \/>1 x t\u00e9l\u00e9commande&lt; p&gt; <\/p>\n<p>&lt; p&gt;<\/p>\n<\/div>\n<p><bl-button a11yexpanded=\"false\" arialabel=\"Afficher toute la description\" class=\"read-more__btn\" full=\"false\" link=\"true\"><\/bl-button><\/div>","protected":false},"excerpt":{"rendered":"<div class=\"keypoints\">\n<h3 class=\"keypoints__title\">Les points cl\u00e9s<\/h3>\n<ul role=\"list\">\n<li class=\"keypoints__item\" role=\"listitem\">                                        A monter soi-m\u00eame                      <\/li>\n<li class=\"keypoints__item\" role=\"listitem\">                                        LxHxP : 35 x 45 x 35 cm                      <\/li>\n<\/ul>","protected":false},"featured_media":85190,"template":"","meta":{"_glsr_average":0,"_glsr_ranking":0,"_glsr_reviews":0},"product_cat":[460],"product_tag":[462,461,451],"class_list":{"0":"post-85191","1":"product","2":"type-product","3":"status-publish","4":"has-post-thumbnail","6":"product_cat-meuble-tv","7":"product_tag-meuble-tv","8":"product_tag-support-meuble","9":"product_tag-tv-image-son","11":"first","12":"instock","13":"sale","14":"shipping-taxable","15":"purchasable","16":"product-type-simple"},"_links":{"self":[{"href":"https:\/\/electromenagerexpress.com\/en\/wp-json\/wp\/v2\/product\/85191","targetHints":{"allow":["GET"]}}],"collection":[{"href":"https:\/\/electromenagerexpress.com\/en\/wp-json\/wp\/v2\/product"}],"about":[{"href":"https:\/\/electromenagerexpress.com\/en\/wp-json\/wp\/v2\/types\/product"}],"wp:featuredmedia":[{"embeddable":true,"href":"https:\/\/electromenagerexpress.com\/en\/wp-json\/wp\/v2\/media\/85190"}],"wp:attachment":[{"href":"https:\/\/electromenagerexpress.com\/en\/wp-json\/wp\/v2\/media?parent=85191"}],"wp:term":[{"taxonomy":"product_cat","embeddable":true,"href":"https:\/\/electromenagerexpress.com\/en\/wp-json\/wp\/v2\/product_cat?post=85191"},{"taxonomy":"product_tag","embeddable":true,"href":"https:\/\/electromenagerexpress.com\/en\/wp-json\/wp\/v2\/product_tag?post=85191"}],"curies":[{"name":"wp","href":"https:\/\/api.w.org\/{rel}","templated":true}]}}