{"id":85155,"date":"2024-11-24T16:17:42","date_gmt":"2024-11-24T16:17:42","guid":{"rendered":"https:\/\/electromenagerexpress.com\/product\/pied-denceintecabassepour-the-pearl-akoya-blanc\/"},"modified":"2024-11-24T16:17:44","modified_gmt":"2024-11-24T16:17:44","slug":"pied-denceintecabassepour-the-pearl-akoya-blanc","status":"publish","type":"product","link":"https:\/\/electromenagerexpress.com\/en\/product\/pied-denceintecabassepour-the-pearl-akoya-blanc\/","title":{"rendered":"Pied d&rsquo;enceinte\t\t\t\t\t\t\tCABASSE\t\t\t\tpour The Pearl Akoya blanc"},"content":{"rendered":"<div class=\"product-features__content\">\n<ul role=\"list\">\n<li class=\"product-features__item\" role=\"listitem\">\n<h3 class=\"product-features__label\">Les + de ce mod\u00e8le<\/h3>\n<ul role=\"list\">\n<li class=\"product-features__item-list__item\" role=\"listitem\"><span class=\"is--medium\">Avantages :<\/span> Design fran\u00e7ais The PearL Floorstand associe perfection acoustique et int\u00e9gration esth\u00e9tique. Ses structures verticales sont parall\u00e8les, minimisant les diffractions pour une transparence acoustique maximale.\t\t\t\t\t<\/li>\n<\/ul>\n<\/li>\n<li class=\"product-features__item\" role=\"listitem\">\n<h3 class=\"product-features__label\">Caract\u00e9ristiques g\u00e9n\u00e9rales<\/h3>\n<ul role=\"list\">\n<li class=\"product-features__item-list__item\" role=\"listitem\"><span class=\"is--medium\">Type :<\/span> Pied enceinte\t\t\t\t\t<\/li>\n<li class=\"product-features__item-list__item\" role=\"listitem\"><span class=\"is--medium\">Compatibilit\u00e9 :<\/span> : \u00e0 la marque\t\t\t\t\t<\/li>\n<li class=\"product-features__item-list__item\" role=\"listitem\"><span class=\"is--medium\">Sp\u00e9cificit\u00e9s :<\/span> Pour profiter pleinement des performances acoustiques de The Pearl sur son pied, les acousticiens Cabasse sugg\u00e8rent de la positionner \u00e0 une distance maximale de 40 cm du mur arri\u00e8re.\t\t\t\t\t<\/li>\n<li class=\"product-features__item-list__item\" role=\"listitem\"><span class=\"is--medium\">Produit Compatibilite :<\/span> The pear Akoya\t\t\t\t\t<\/li>\n<li class=\"product-features__item-list__item\" role=\"listitem\"><span class=\"is--medium\">Coloris :<\/span> Blanc\t\t\t\t\t<\/li>\n<\/ul>\n<\/li>\n<li class=\"product-features__item\" role=\"listitem\">\n<h3 class=\"product-features__label\">Dimensions<\/h3>\n<ul role=\"list\">\n<li class=\"product-features__item-list__item\" role=\"listitem\"><span class=\"is--medium\">Dimensions l x h x p :<\/span> NC x 70 x 25 cm\t\t\t\t\t<\/li>\n<li class=\"product-features__item-list__item\" role=\"listitem\"><span class=\"is--medium\">Poids :<\/span> 6 kg\t\t\t\t\t<\/li>\n<li class=\"product-features__item-list__item\" role=\"listitem\"><span class=\"is--medium\">Poids Brut (kg) :<\/span> 7.7\t\t\t\t\t<\/li>\n<\/ul>\n<\/li>\n<li class=\"product-features__item\" role=\"listitem\">\n<h3 class=\"product-features__label\">Informations compl\u00e9mentaires<\/h3>\n<ul role=\"list\">\n<li class=\"product-features__item-list__item\" role=\"listitem\"><span class=\"is--medium\">R\u00e9f\u00e9rence constructeur :<\/span> pour The Pearl Akoya blanc\t\t\t\t\t<\/li>\n<li class=\"product-features__item-list__item\" role=\"listitem\"><span class=\"is--medium\">Marque :<\/span> CABASSE\t\t\t\t\t<\/li>\n<li class=\"product-features__item-list__item\" role=\"listitem\"><span class=\"is--medium\">Garantie :<\/span> 2 ans\t\t\t\t\t<\/li>\n<li class=\"product-features__item-list__item\" role=\"listitem\"><span class=\"is--medium\">Disponibilit\u00e9 des pi\u00e8ces d\u00e9tach\u00e9es (donn\u00e9es fournisseur) :<\/span> Pendant 2 ans, \u00e0 compter de la date fin de fabrication\t\t\t\t\t<\/li>\n<li class=\"product-features__item-list__item\" role=\"listitem\"><span class=\"is--medium\">Fabriqu\u00e9 en :<\/span> Chine\t\t\t\t\t<\/li>\n<\/ul>\n<\/li>\n<\/ul>\n<\/div>\n<div class=\"product__disclosure-content\">\n<div class=\"js-read-more product-description__content read-more read-more--truncated\" data-read-more-name=\"description\" style=\"max-height: 500px; overflow: hidden;\">\n<div class=\"product__description-content read-more\" style=\"\">\n<p>\u00c9l\u00e9gance et Performance Acoustique avec le Pied d&rsquo;Enceinte Cabasse pour The Pearl Akoya<\/p>\n<h3> <img fetchpriority=\"high\" decoding=\"async\" ,=\"\" alt=\"Pied d'enceinte CABASSE pour The Pearl Akoya blanc\" class=\"wy_tableau_gauche\" height=\"270\" src=\"https:\/\/boulanger.scene7.com\/is\/image\/Boulanger\/3700035114952_h_f_l_0?wid=400&amp;hei=270\" width=\"400\"\/>Design Sophistiqu\u00e9 et Int\u00e9gration Esth\u00e9tique                    <\/h3>\n<p>                        Le Pied d&rsquo;enceinte Cabasse pour The Pearl Akoya incarne l&rsquo;harmonie parfaite entre esth\u00e9tique et fonctionnalit\u00e9. Con\u00e7u en France, ce support est sp\u00e9cialement fabriqu\u00e9 pour s&rsquo;associer \u00e0 l&rsquo;enceinte active connect\u00e9e haute d\u00e9finition The Pearl Akoya, offrant ainsi une int\u00e9gration visuelle sans faille. Avec ses structures verticales parall\u00e8les, il r\u00e9duit au minimum les diffractions, garantissant une transparence acoustique exceptionnelle. Disponible en noir mat ou blanc nacr\u00e9, il compl\u00e8te l&rsquo;enceinte avec une pr\u00e9sence \u00e0 la fois discr\u00e8te et marquante, promettant une exp\u00e9rience visuelle et sonore in\u00e9gal\u00e9e. La position optimale sugg\u00e9r\u00e9e par les acousticiens Cabasse est \u00e0 une distance maximale de 40 cm du mur arri\u00e8re, \u00e9vitant ainsi l&rsquo;exag\u00e9ration des graves due \u00e0 un placement trop proche des angles.                    <\/p>\n<\/p>\n<h3> <img decoding=\"async\" ,=\"\" alt=\"Pied d'enceinte CABASSE pour The Pearl Akoya blanc\" class=\"wy_tableau_right\" height=\"270\" src=\"https:\/\/boulanger.scene7.com\/is\/image\/Boulanger\/3700035114952_h_f_l_1?wid=400&amp;hei=270\" width=\"400\"\/>Confort d&rsquo;\u00c9coute et Installation Facile                    <\/h3>\n<p>                        Le Pied d&rsquo;enceinte Cabasse pour The Pearl Akoya est con\u00e7u pour pr\u00e9server tous les avantages de la technologie point source de Cabasse. Il positionne le tweeter \u00e0 la hauteur id\u00e9ale pour un auditeur assis, assurant ainsi une \u00e9coute claire et pr\u00e9cise, sans att\u00e9nuation des fr\u00e9quences aigu\u00ebs. Livr\u00e9 pr\u00eat \u00e0 monter, le pied int\u00e8gre un passage pour le c\u00e2ble secteur, pr\u00e9servant l&rsquo;esth\u00e9tique et la simplicit\u00e9 de l&rsquo;installation. Pour une stabilit\u00e9 accrue, des pointes-v\u00e9rins sont recommand\u00e9es sur moquette, tandis que des d\u00f4mes-v\u00e9rins conviennent mieux aux surfaces dures ou fragiles. Avec des dimensions de 25 x 70 cm et un poids de 6,4 kg, ce pied d&rsquo;enceinte allie robustesse et \u00e9l\u00e9gance, en parfaite ad\u00e9quation avec les finitions noir mat ou blanc nacr\u00e9 de The Pearl Akoya.                    <\/p>\n<\/p><\/div>\n<\/p>\n<\/div>\n<p><bl-button a11yexpanded=\"false\" arialabel=\"Afficher toute la description\" class=\"read-more__btn\" full=\"false\" link=\"true\"><\/bl-button><\/div>","protected":false},"excerpt":{"rendered":"<div class=\"keypoints\">\n<h3 class=\"keypoints__title\">Les points cl\u00e9s<\/h3>\n<ul role=\"list\">\n<li class=\"keypoints__item\" role=\"listitem\">                                        Compatibilit\u00e9 : : \u00e0 la marque                      <\/li>\n<li class=\"keypoints__item\" role=\"listitem\">                                        Produit Compatibilite : The pear Akoya                      <\/li>\n<li class=\"keypoints__item\" role=\"listitem\">                          Hauteur produit (cm) : 70 &#8211;                                                      6 kg                      <\/li>\n<li class=\"keypoints__item keypoints__item--advantage\" role=\"listitem\"><strong>Le + :<\/strong> L&rsquo;esth\u00e9tique et les jambes creuses qui dissimulent les c\u00e2bles      <\/li>\n<\/ul>","protected":false},"featured_media":85154,"template":"","meta":{"_glsr_average":0,"_glsr_ranking":0,"_glsr_reviews":0},"product_cat":[466,465],"product_tag":[468,467,451],"class_list":{"0":"post-85155","1":"product","2":"type-product","3":"status-publish","4":"has-post-thumbnail","6":"product_cat-support-pied-denceinte","7":"product_cat-support-meuble-tv-image-son","8":"product_tag-support-pied-denceinte","9":"product_tag-support-meuble-2","10":"product_tag-tv-image-son","12":"first","13":"instock","14":"sale","15":"shipping-taxable","16":"purchasable","17":"product-type-simple"},"_links":{"self":[{"href":"https:\/\/electromenagerexpress.com\/en\/wp-json\/wp\/v2\/product\/85155","targetHints":{"allow":["GET"]}}],"collection":[{"href":"https:\/\/electromenagerexpress.com\/en\/wp-json\/wp\/v2\/product"}],"about":[{"href":"https:\/\/electromenagerexpress.com\/en\/wp-json\/wp\/v2\/types\/product"}],"wp:featuredmedia":[{"embeddable":true,"href":"https:\/\/electromenagerexpress.com\/en\/wp-json\/wp\/v2\/media\/85154"}],"wp:attachment":[{"href":"https:\/\/electromenagerexpress.com\/en\/wp-json\/wp\/v2\/media?parent=85155"}],"wp:term":[{"taxonomy":"product_cat","embeddable":true,"href":"https:\/\/electromenagerexpress.com\/en\/wp-json\/wp\/v2\/product_cat?post=85155"},{"taxonomy":"product_tag","embeddable":true,"href":"https:\/\/electromenagerexpress.com\/en\/wp-json\/wp\/v2\/product_tag?post=85155"}],"curies":[{"name":"wp","href":"https:\/\/api.w.org\/{rel}","templated":true}]}}