{"id":85149,"date":"2024-11-24T16:17:37","date_gmt":"2024-11-24T16:17:37","guid":{"rendered":"https:\/\/electromenagerexpress.com\/product\/support-mural-tvsanustv-mural-vlf728\/"},"modified":"2024-11-24T16:17:40","modified_gmt":"2024-11-24T16:17:40","slug":"support-mural-tvsanustv-mural-vlf728","status":"publish","type":"product","link":"https:\/\/electromenagerexpress.com\/en\/product\/support-mural-tvsanustv-mural-vlf728\/","title":{"rendered":"Support mural TV\t\t\t\t\t\t\tSANUS\t\t\t\tTV mural VLF728"},"content":{"rendered":"<div class=\"product-features__content\">\n<ul role=\"list\">\n<li class=\"product-features__item\" role=\"listitem\">\n<h3 class=\"product-features__label\">Caract\u00e9ristiques g\u00e9n\u00e9rales<\/h3>\n<ul role=\"list\">\n<li class=\"product-features__item-list__item\" role=\"listitem\"><span class=\"is--medium\">Type :<\/span> Support mural TV\t\t\t\t\t<\/li>\n<li class=\"product-features__item-list__item\" role=\"listitem\"><span class=\"is--medium\">Installation :<\/span> Murale\t\t\t\t\t<\/li>\n<li class=\"product-features__item-list__item\" role=\"listitem\"><span class=\"is--medium\">Orientation maximale :<\/span> 57 \u00b0\t\t\t\t\t<\/li>\n<li class=\"product-features__item-list__item\" role=\"listitem\"><span class=\"is--medium\">Inclinaison maximale :<\/span> 15 \u00b0\t\t\t\t\t<\/li>\n<li class=\"product-features__item-list__item\" role=\"listitem\"><span class=\"is--medium\">Mati\u00e8re :<\/span> M\u00e9tal\t\t\t\t\t<\/li>\n<li class=\"product-features__item-list__item\" role=\"listitem\"><span class=\"is--medium\">Format du support :<\/span> Bras articul\u00e9\t\t\t\t\t<\/li>\n<li class=\"product-features__item-list__item\" role=\"listitem\"><span class=\"is--medium\">Coloris :<\/span> Noir\t\t\t\t\t<\/li>\n<li class=\"product-features__item-list__item\" role=\"listitem\"><span class=\"is--medium\">Orientation :<\/span> Inclinable et orientable\t\t\t\t\t<\/li>\n<\/ul>\n<\/li>\n<li class=\"product-features__item\" role=\"listitem\">\n<h3 class=\"product-features__label\">TV Compatible<\/h3>\n<ul role=\"list\">\n<li class=\"product-features__item-list__item\" role=\"listitem\"><span class=\"is--medium\">Distance min. avec le mur :<\/span> 5,5 cm\t\t\t\t\t<\/li>\n<li class=\"product-features__item-list__item\" role=\"listitem\"><span class=\"is--medium\">Distance max. avec le mur :<\/span> 71,1 cm\t\t\t\t\t<\/li>\n<li class=\"product-features__item-list__item\" role=\"listitem\"><span class=\"is--medium\">Poids support\u00e9 :<\/span> 57,0 kg\t\t\t\t\t<\/li>\n<li class=\"product-features__item-list__item\" role=\"listitem\"><span class=\"is--medium\">Diagonale (en cm) :<\/span> de 106 \u00e0 228 cm\t\t\t\t\t<\/li>\n<li class=\"product-features__item-list__item\" role=\"listitem\"><span class=\"is--medium\">Diagonale TV :<\/span> de 42 \u00e0 90&Prime;\t\t\t\t\t<\/li>\n<\/ul>\n<\/li>\n<li class=\"product-features__item\" role=\"listitem\">\n<h3 class=\"product-features__label\">Compatibilit\u00e9(s) VESA<\/h3>\n<ul role=\"list\">\n<li class=\"product-features__item-list__item\" role=\"listitem\"><span class=\"is--medium\">Compatibilit\u00e9(s) VESA :<\/span> 100&#215;200, 200&#215;200, 200&#215;300, 200&#215;400, 300&#215;200, 300&#215;300, 300&#215;400, 400&#215;200, 400&#215;300, 400&#215;400, 500&#215;200, 500&#215;300, 500&#215;400, 600&#215;200, 600&#215;400\t\t\t\t\t<\/li>\n<\/ul>\n<\/li>\n<li class=\"product-features__item\" role=\"listitem\">\n<h3 class=\"product-features__label\">Option(s)<\/h3>\n<ul role=\"list\">\n<li class=\"product-features__item-list__item\" role=\"listitem\"><span class=\"is--medium\">Cache-c\u00e2ble int\u00e9gr\u00e9 :<\/span> Oui\t\t\t\t\t<\/li>\n<li class=\"product-features__item-list__item\" role=\"listitem\"><span class=\"is--medium\">Support motoris\u00e9 :<\/span> Non\t\t\t\t\t<\/li>\n<li class=\"product-features__item-list__item\" role=\"listitem\"><span class=\"is--medium\">Niveau \u00e0 bulle int\u00e9gr\u00e9 :<\/span> Non\t\t\t\t\t<\/li>\n<li class=\"product-features__item-list__item\" role=\"listitem\"><span class=\"is--medium\">Syst\u00e8me anti-vol :<\/span> Non\t\t\t\t\t<\/li>\n<li class=\"product-features__item-list__item\" role=\"listitem\"><span class=\"is--medium\">Support barre de son :<\/span> Non\t\t\t\t\t<\/li>\n<li class=\"product-features__item-list__item\" role=\"listitem\"><span class=\"is--medium\">Tablette(s) :<\/span> Non\t\t\t\t\t<\/li>\n<li class=\"product-features__item-list__item\" role=\"listitem\"><span class=\"is--medium\">Roulettes :<\/span> Non\t\t\t\t\t<\/li>\n<li class=\"product-features__item-list__item\" role=\"listitem\"><span class=\"is--medium\">Plateau tournant :<\/span> Non\t\t\t\t\t<\/li>\n<li class=\"product-features__item-list__item\" role=\"listitem\"><span class=\"is--medium\">Ultra-mince :<\/span> Non\t\t\t\t\t<\/li>\n<li class=\"product-features__item-list__item\" role=\"listitem\"><span class=\"is--medium\">Id\u00e9al pour TV OLED :<\/span> Non\t\t\t\t\t<\/li>\n<\/ul>\n<\/li>\n<li class=\"product-features__item\" role=\"listitem\">\n<h3 class=\"product-features__label\">Informations compl\u00e9mentaires<\/h3>\n<ul role=\"list\">\n<li class=\"product-features__item-list__item\" role=\"listitem\"><span class=\"is--medium\">Fabriqu\u00e9 en :<\/span> Chine\t\t\t\t\t<\/li>\n<li class=\"product-features__item-list__item\" role=\"listitem\"><span class=\"is--medium\">Dur\u00e9e de la garantie (Pi\u00e8ces et main d&rsquo;oeuvre pour un produit neuf vendu par Boulanger) :<\/span> 2 ans\t\t\t\t\t<\/li>\n<li class=\"product-features__item-list__item\" role=\"listitem\"><span class=\"is--medium\">Disponibilit\u00e9 des pi\u00e8ces d\u00e9tach\u00e9es (donn\u00e9es fournisseur) :<\/span> Pas de pi\u00e8ce disponible\t\t\t\t\t<\/li>\n<li class=\"product-features__item-list__item\" role=\"listitem\"><span class=\"is--medium\">R\u00e9f\u00e9rence constructeur :<\/span> TV mural VLF728\t\t\t\t\t<\/li>\n<li class=\"product-features__item-list__item\" role=\"listitem\"><span class=\"is--medium\">Marque :<\/span> SANUS\t\t\t\t\t<\/li>\n<\/ul>\n<\/li>\n<\/ul>\n<\/div>\n<div class=\"product__disclosure-content\">\n<div class=\"js-read-more product-description__content read-more read-more--truncated\" data-read-more-name=\"description\" style=\"max-height: 500px; overflow: hidden;\">\n<p>Profitez de votre t\u00e9l\u00e9vision sous tous les angles avec le Support mural SANUS TV\u00a0VLF728. Facile et rapide \u00e0 installer, il s&rsquo;int\u00e8gre parfaitement \u00e0 la d\u00e9coration de votre int\u00e9rieur.<\/p>\n<h3><img fetchpriority=\"high\" decoding=\"async\" ,=\"\" alt=\"Support mural SANUS TV mural VLF728\" class=\"wy_tableau_gauche\" height=\"270\" src=\"https:\/\/boulanger.scene7.com\/is\/image\/Boulanger\/0793795533616_h_f_l_0?wid=400&amp;hei=270\" width=\"400\"\/>Un design moderne et \u00e9pur\u00e9<\/h3>\n<p>Vous ne voulez pas que votre t\u00e9l\u00e9vision prenne toute la place dans votre salon?? Le Support mural SANUS TV\u00a0VLF728 r\u00e9pond \u00e0 vos besoins. Il brille par sa discr\u00e9tion gr\u00e2ce \u00e0 son <b>cadre \u00e9l\u00e9gant en acier bross\u00e9<\/b>. Pour s&rsquo;adapter \u00e0 vos pr\u00e9f\u00e9rences, il se pr\u00e9sente en <b>2 finitions sobres<\/b>\u00a0: noire \u00e0 d\u00e9tails gris anthracite et argent\u00e9 \u00e0 d\u00e9tails noirs. <\/p>\n<p>Dites adieu aux c\u00e2bles HDMI disgracieux avec le Support mural SANUS TV\u00a0VLF728. En plus d&rsquo;adopter un style contemporain, il se d\u00e9cline dans un <b>mat\u00e9riau ultra-r\u00e9sistant<\/b> qui maintient parfaitement le t\u00e9l\u00e9viseur en place. Vous pourrez lui donner un aspect minimaliste en le fixant contre le mur, ou le tourner dans votre direction pour personnaliser votre exp\u00e9rience.<\/p>\n<h3><img decoding=\"async\" ,=\"\" alt=\"Support mural SANUS TV mural VLF728\" class=\"wy_tableau_right\" height=\"270\" src=\"https:\/\/boulanger.scene7.com\/is\/image\/Boulanger\/0793795533616_h_f_l_1?wid=400&amp;hei=270\" width=\"400\"\/>Un syst\u00e8me flexible qui se pr\u00eate \u00e0 votre utilisation<\/h3>\n<p>Adapt\u00e9 aux t\u00e9l\u00e9viseurs <b>de 42 \u00e0 90\u00a0pouces<\/b>, ce Support mural SANUS TV\u00a0VLF728 vous offre un visionnage tout confort. Son <b>syst\u00e8me FluidMotion<\/b> permet une utilisation d&rsquo;une fluidit\u00e9 unique\u00a0: il peut s&rsquo;incliner jusqu&rsquo;\u00e0 15\u00a0degr\u00e9s et pivoter \u00e0 gauche jusqu&rsquo;\u00e0 57\u00a0degr\u00e9s. L&rsquo;image reste optimale, dans toutes les positions?!<\/p>\n<p>Gr\u00e2ce \u00e0 son manuel joint et son design ultra-simple, l&rsquo;installation du Support mural SANUS TV\u00a0VLF728 est <b>r\u00e9alisable en 30\u00a0minutes<\/b>. Sa <b>fonction Steady Set<\/b> garde le t\u00e9l\u00e9viseur stabilis\u00e9 en toute circonstance, pour qu&rsquo;il reste dans la direction choisie. Quels que soient l&rsquo;\u00e9paisseur et le poids de votre appareil, il s&rsquo;y adapte sans effort.<\/p>\n<\/p>\n<\/div>\n<p><bl-button a11yexpanded=\"false\" arialabel=\"Afficher toute la description\" class=\"read-more__btn\" full=\"false\" link=\"true\"><\/bl-button><\/div>","protected":false},"excerpt":{"rendered":"<div class=\"keypoints\">\n<h3 class=\"keypoints__title\">Les points cl\u00e9s<\/h3>\n<ul role=\"list\">\n<li class=\"keypoints__item\" role=\"listitem\">                                        Diagonale TV : de 42 \u00e0 90&Prime;                      <\/li>\n<li class=\"keypoints__item\" role=\"listitem\">                          Poids support\u00e9 : 57 kg &#8211;                                                      Inclinable et orientable                      <\/li>\n<li class=\"keypoints__item\" role=\"listitem\">                                        Guide c\u00e2bles                      <\/li>\n<li class=\"keypoints__item keypoints__item--advantage\" role=\"listitem\"><strong>Le + :<\/strong> Totalement orientable pour une vision parfaite      <\/li>\n<\/ul>","protected":false},"featured_media":85148,"template":"","meta":{"_glsr_average":0,"_glsr_ranking":0,"_glsr_reviews":0},"product_cat":[463],"product_tag":[461,464,451],"class_list":{"0":"post-85149","1":"product","2":"type-product","3":"status-publish","4":"has-post-thumbnail","6":"product_cat-support-tv","7":"product_tag-support-meuble","8":"product_tag-support-tv","9":"product_tag-tv-image-son","11":"first","12":"instock","13":"sale","14":"shipping-taxable","15":"purchasable","16":"product-type-simple"},"_links":{"self":[{"href":"https:\/\/electromenagerexpress.com\/en\/wp-json\/wp\/v2\/product\/85149","targetHints":{"allow":["GET"]}}],"collection":[{"href":"https:\/\/electromenagerexpress.com\/en\/wp-json\/wp\/v2\/product"}],"about":[{"href":"https:\/\/electromenagerexpress.com\/en\/wp-json\/wp\/v2\/types\/product"}],"wp:featuredmedia":[{"embeddable":true,"href":"https:\/\/electromenagerexpress.com\/en\/wp-json\/wp\/v2\/media\/85148"}],"wp:attachment":[{"href":"https:\/\/electromenagerexpress.com\/en\/wp-json\/wp\/v2\/media?parent=85149"}],"wp:term":[{"taxonomy":"product_cat","embeddable":true,"href":"https:\/\/electromenagerexpress.com\/en\/wp-json\/wp\/v2\/product_cat?post=85149"},{"taxonomy":"product_tag","embeddable":true,"href":"https:\/\/electromenagerexpress.com\/en\/wp-json\/wp\/v2\/product_tag?post=85149"}],"curies":[{"name":"wp","href":"https:\/\/api.w.org\/{rel}","templated":true}]}}