{"id":85134,"date":"2024-11-24T16:17:24","date_gmt":"2024-11-24T16:17:24","guid":{"rendered":"https:\/\/electromenagerexpress.com\/product\/meuble-tvsonoroustv-porte-centrale-metal-perfore-blanche\/"},"modified":"2024-11-24T16:17:26","modified_gmt":"2024-11-24T16:17:26","slug":"meuble-tvsonoroustv-porte-centrale-metal-perfore-blanche","status":"publish","type":"product","link":"https:\/\/electromenagerexpress.com\/en\/product\/meuble-tvsonoroustv-porte-centrale-metal-perfore-blanche\/","title":{"rendered":"Meuble TV\t\t\t\t\t\t\tSONOROUS\t\t\t\tTV porte centrale metal perfore blanche"},"content":{"rendered":"<div class=\"product-features__content\">\n<ul role=\"list\">\n<li class=\"product-features__item\" role=\"listitem\">\n<h3 class=\"product-features__label\">Les + de ce mod\u00e8le<\/h3>\n<ul role=\"list\">\n<li class=\"product-features__item-list__item\" role=\"listitem\"><span class=\"is--medium\">Avantages :<\/span> La porte centrale en m\u00e9tal perfor\u00e9 permet de piloter vos appareils et \u00e9coutez votre musique \u00e0 travers la porte. Elle est Id\u00e9ale pour camoufler une barre de son.\t\t\t\t\t<\/li>\n<\/ul>\n<\/li>\n<li class=\"product-features__item\" role=\"listitem\">\n<h3 class=\"product-features__label\">Caract\u00e9ristiques g\u00e9n\u00e9rales<\/h3>\n<ul role=\"list\">\n<li class=\"product-features__item-list__item\" role=\"listitem\"><span class=\"is--medium\">Installation :<\/span> D\u00e9j\u00e0 mont\u00e9\t\t\t\t\t<\/li>\n<li class=\"product-features__item-list__item\" role=\"listitem\"><span class=\"is--medium\">Forme du meuble :<\/span> Droit\t\t\t\t\t<\/li>\n<li class=\"product-features__item-list__item\" role=\"listitem\"><span class=\"is--medium\">Recommand\u00e9 pour un t\u00e9l\u00e9viseur de :<\/span> jusqu&rsquo;\u00e0 85 pouces\t\t\t\t\t<\/li>\n<li class=\"product-features__item-list__item\" role=\"listitem\"><span class=\"is--medium\">Cache c\u00e2ble :<\/span> Non\t\t\t\t\t<\/li>\n<li class=\"product-features__item-list__item\" role=\"listitem\"><span class=\"is--medium\">Roulettes int\u00e9gr\u00e9es :<\/span> Oui\t\t\t\t\t<\/li>\n<li class=\"product-features__item-list__item\" role=\"listitem\"><span class=\"is--medium\">Patins de protection int\u00e9gr\u00e9s :<\/span> Non\t\t\t\t\t<\/li>\n<li class=\"product-features__item-list__item\" role=\"listitem\"><span class=\"is--medium\">Support TV int\u00e9gr\u00e9 :<\/span> Non\t\t\t\t\t<\/li>\n<\/ul>\n<\/li>\n<li class=\"product-features__item\" role=\"listitem\">\n<h3 class=\"product-features__label\">Structure<\/h3>\n<ul role=\"list\">\n<li class=\"product-features__item-list__item\" role=\"listitem\"><span class=\"is--medium\">Mat\u00e9riau :<\/span> Fibre de bois\t\t\t\t\t<\/li>\n<li class=\"product-features__item-list__item\" role=\"listitem\"><span class=\"is--medium\">Coloris :<\/span> Ch\u00eane clair\t\t\t\t\t<\/li>\n<\/ul>\n<\/li>\n<li class=\"product-features__item\" role=\"listitem\">\n<h3 class=\"product-features__label\">Etag\u00e8re principale<\/h3>\n<ul role=\"list\">\n<li class=\"product-features__item-list__item\" role=\"listitem\"><span class=\"is--medium\">Mat\u00e9riau :<\/span> non concern\u00e9\t\t\t\t\t<\/li>\n<li class=\"product-features__item-list__item\" role=\"listitem\"><span class=\"is--medium\">Poids support\u00e9 :<\/span> Non communiqu\u00e9\t\t\t\t\t<\/li>\n<\/ul>\n<\/li>\n<li class=\"product-features__item\" role=\"listitem\">\n<h3 class=\"product-features__label\">Dimensions<\/h3>\n<ul role=\"list\">\n<li class=\"product-features__item-list__item\" role=\"listitem\"><span class=\"is--medium\">LxHxP :<\/span> 200 x 38.8 x 45 cm\t\t\t\t\t<\/li>\n<li class=\"product-features__item-list__item\" role=\"listitem\"><span class=\"is--medium\">Poids :<\/span> 68,5 kg\t\t\t\t\t<\/li>\n<\/ul>\n<\/li>\n<li class=\"product-features__item\" role=\"listitem\">\n<h3 class=\"product-features__label\">Informations compl\u00e9mentaires<\/h3>\n<ul role=\"list\">\n<li class=\"product-features__item-list__item\" role=\"listitem\"><span class=\"is--medium\">Fabriqu\u00e9 en :<\/span> Turquie\t\t\t\t\t<\/li>\n<li class=\"product-features__item-list__item\" role=\"listitem\"><span class=\"is--medium\">Garantie :<\/span> 2 ans\t\t\t\t\t<\/li>\n<li class=\"product-features__item-list__item\" role=\"listitem\"><span class=\"is--medium\">Disponibilit\u00e9 des pi\u00e8ces d\u00e9tach\u00e9es (donn\u00e9es fournisseur) :<\/span> Pas de pi\u00e8ce disponible\t\t\t\t\t<\/li>\n<li class=\"product-features__item-list__item\" role=\"listitem\"><span class=\"is--medium\">R\u00e9f\u00e9rence constructeur :<\/span> TV porte centrale metal perfore blanche\t\t\t\t\t<\/li>\n<li class=\"product-features__item-list__item\" role=\"listitem\"><span class=\"is--medium\">Marque :<\/span> SONOROUS\t\t\t\t\t<\/li>\n<\/ul>\n<\/li>\n<\/ul>\n<\/div>\n<div class=\"product__disclosure-content\">\n<div class=\"js-read-more product-description__content read-more read-more--truncated\" data-read-more-name=\"description\" style=\"max-height: 500px; overflow: hidden;\">\n<div class=\"product__description-content read-more\" style=\"\">\n<p>Meuble TV SONOROUS avec Porte Centrale en M\u00e9tal Perfor\u00e9 Blanche : \u00c9l\u00e9gance et Fonctionnalit\u00e9<\/p>\n<h3> <img fetchpriority=\"high\" decoding=\"async\" ,=\"\" alt=\"Meuble TV SONOROUS TV porte centrale metal perfore blanche\" class=\"wy_tableau_gauche\" height=\"270\" src=\"https:\/\/boulanger.scene7.com\/is\/image\/Boulanger\/8699273542663_h_f_l_0?wid=400&amp;hei=270\" width=\"400\"\/>Design Sophistiqu\u00e9 et Gestion Pratique des C\u00e2bles                    <\/h3>\n<p>                        Le Meuble TV SONOROUS STA200PNOAKWHTBS allie esth\u00e9tique et praticit\u00e9 pour s&rsquo;int\u00e9grer harmonieusement dans tout int\u00e9rieur moderne. Avec ses dimensions g\u00e9n\u00e9reuses de 200 x 45 x 35 cm, ce meuble est con\u00e7u en MDF \u00e0 l&rsquo;aspect bois raffin\u00e9, offrant une touche de chaleur et d&rsquo;\u00e9l\u00e9gance. La gestion des c\u00e2bles est pens\u00e9e pour un espace de vie ordonn\u00e9 : les cloisons int\u00e9rieures, munies de trous, permettent de dissimuler les c\u00e2bles, \u00e9vitant ainsi l&rsquo;encombrement et pr\u00e9servant l&rsquo;esth\u00e9tique du meuble.                    <\/p>\n<\/p>\n<h3> <img decoding=\"async\" ,=\"\" alt=\"Meuble TV SONOROUS TV porte centrale metal perfore blanche\" class=\"wy_tableau_right\" height=\"270\" src=\"https:\/\/boulanger.scene7.com\/is\/image\/Boulanger\/8699273542663_h_r_l_0?wid=400&amp;hei=270\" width=\"400\"\/>Rangement Optimis\u00e9 et Facilit\u00e9 de D\u00e9placement                    <\/h3>\n<p>                        Le meuble dispose de 7 espaces de rangement, avec des portes lat\u00e9rales finition bois et une porte centrale abattante en m\u00e9tal perfor\u00e9 de couleur blanche, id\u00e9ale pour les barres de son (98,5 x 18,5 x 17 cm). Les \u00e9tag\u00e8res lat\u00e9rales sont r\u00e9glables en hauteur, s&rsquo;adaptant \u00e0 vos besoins. La porte centrale s&rsquo;ouvre par une simple pression, gr\u00e2ce \u00e0 un syst\u00e8me aimant\u00e9, permettant de contr\u00f4ler les appareils sans ouvrir la porte. Les roulettes int\u00e9gr\u00e9es, con\u00e7ues pour prot\u00e9ger le sol, rendent le d\u00e9placement du meuble ais\u00e9. Avec une capacit\u00e9 de charge de 100 kg et adapt\u00e9 pour des \u00e9crans jusqu&rsquo;\u00e0 85 pouces, ce meuble TV est un choix robuste et \u00e9l\u00e9gant pour votre salon.                    <\/p>\n<\/p><\/div>\n<\/p>\n<\/div>\n<p><bl-button a11yexpanded=\"false\" arialabel=\"Afficher toute la description\" class=\"read-more__btn\" full=\"false\" link=\"true\"><\/bl-button><\/div>","protected":false},"excerpt":{"rendered":"<div class=\"keypoints\">\n<h3 class=\"keypoints__title\">Les points cl\u00e9s<\/h3>\n<ul role=\"list\">\n<li class=\"keypoints__item\" role=\"listitem\">                                        Garantie : 2 ans                      <\/li>\n<li class=\"keypoints__item\" role=\"listitem\">                                        D\u00e9j\u00e0 mont\u00e9                      <\/li>\n<li class=\"keypoints__item\" role=\"listitem\">                                        LxHxP : 200 x 38.8 x 45 cm                      <\/li>\n<li class=\"keypoints__item\" role=\"listitem\">                                        Bois                      <\/li>\n<li class=\"keypoints__item keypoints__item--advantage\" role=\"listitem\"><strong>Le + :<\/strong> Cloisons int\u00e9rieures \u00e9quip\u00e9es de trous permettant le passage des c\u00e2bles      <\/li>\n<\/ul>","protected":false},"featured_media":85133,"template":"","meta":{"_glsr_average":0,"_glsr_ranking":0,"_glsr_reviews":0},"product_cat":[460],"product_tag":[462,461,451],"class_list":{"0":"post-85134","1":"product","2":"type-product","3":"status-publish","4":"has-post-thumbnail","6":"product_cat-meuble-tv","7":"product_tag-meuble-tv","8":"product_tag-support-meuble","9":"product_tag-tv-image-son","11":"first","12":"instock","13":"sale","14":"shipping-taxable","15":"purchasable","16":"product-type-simple"},"_links":{"self":[{"href":"https:\/\/electromenagerexpress.com\/en\/wp-json\/wp\/v2\/product\/85134","targetHints":{"allow":["GET"]}}],"collection":[{"href":"https:\/\/electromenagerexpress.com\/en\/wp-json\/wp\/v2\/product"}],"about":[{"href":"https:\/\/electromenagerexpress.com\/en\/wp-json\/wp\/v2\/types\/product"}],"wp:featuredmedia":[{"embeddable":true,"href":"https:\/\/electromenagerexpress.com\/en\/wp-json\/wp\/v2\/media\/85133"}],"wp:attachment":[{"href":"https:\/\/electromenagerexpress.com\/en\/wp-json\/wp\/v2\/media?parent=85134"}],"wp:term":[{"taxonomy":"product_cat","embeddable":true,"href":"https:\/\/electromenagerexpress.com\/en\/wp-json\/wp\/v2\/product_cat?post=85134"},{"taxonomy":"product_tag","embeddable":true,"href":"https:\/\/electromenagerexpress.com\/en\/wp-json\/wp\/v2\/product_tag?post=85134"}],"curies":[{"name":"wp","href":"https:\/\/api.w.org\/{rel}","templated":true}]}}