{"id":85125,"date":"2024-11-24T16:17:16","date_gmt":"2024-11-24T16:17:16","guid":{"rendered":"https:\/\/electromenagerexpress.com\/product\/pied-tvlgsq-g2st97\/"},"modified":"2024-11-24T16:17:22","modified_gmt":"2024-11-24T16:17:22","slug":"pied-tvlgsq-g2st97","status":"publish","type":"product","link":"https:\/\/electromenagerexpress.com\/en\/product\/pied-tvlgsq-g2st97\/","title":{"rendered":"Pied TV\t\t\t\t\t\t\tLG\t\t\t\tSQ-G2ST97"},"content":{"rendered":"<div class=\"product-features__content\">\n<ul role=\"list\">\n<li class=\"product-features__item\" role=\"listitem\">\n<h3 class=\"product-features__label\">Caract\u00e9ristiques g\u00e9n\u00e9rales<\/h3>\n<ul role=\"list\">\n<li class=\"product-features__item-list__item\" role=\"listitem\"><span class=\"is--medium\">Type :<\/span> Pied\t\t\t\t\t<\/li>\n<li class=\"product-features__item-list__item\" role=\"listitem\"><span class=\"is--medium\">Installation :<\/span> Sur pied\t\t\t\t\t<\/li>\n<li class=\"product-features__item-list__item\" role=\"listitem\"><span class=\"is--medium\">Orientation maximale :<\/span> 0 \u00b0\t\t\t\t\t<\/li>\n<li class=\"product-features__item-list__item\" role=\"listitem\"><span class=\"is--medium\">Inclinaison maximale :<\/span> 0 \u00b0\t\t\t\t\t<\/li>\n<li class=\"product-features__item-list__item\" role=\"listitem\"><span class=\"is--medium\">Mati\u00e8re :<\/span> Aluminium\t\t\t\t\t<\/li>\n<li class=\"product-features__item-list__item\" role=\"listitem\"><span class=\"is--medium\">Sp\u00e9cificit\u00e9s :<\/span> Ce support, compos\u00e9 de 2 pieds en aluminium, est sp\u00e9cialement con\u00e7u pour le TV LG OLED97G2. Les pieds du TV se posent directement au sol pour un int\u00e9rieur \u00e9l\u00e9gant et \u00e9pur\u00e9.\t\t\t\t\t<\/li>\n<li class=\"product-features__item-list__item\" role=\"listitem\"><span class=\"is--medium\">Coloris :<\/span> Gris\t\t\t\t\t<\/li>\n<li class=\"product-features__item-list__item\" role=\"listitem\"><span class=\"is--medium\">Orientation :<\/span> Fixe\t\t\t\t\t<\/li>\n<\/ul>\n<\/li>\n<li class=\"product-features__item\" role=\"listitem\">\n<h3 class=\"product-features__label\">TV Compatible<\/h3>\n<ul role=\"list\">\n<li class=\"product-features__item-list__item\" role=\"listitem\"><span class=\"is--medium\">Poids support\u00e9 :<\/span> 57,0 kg\t\t\t\t\t<\/li>\n<li class=\"product-features__item-list__item\" role=\"listitem\"><span class=\"is--medium\">Diagonale (en cm) :<\/span> de 190 \u00e0 254 cm\t\t\t\t\t<\/li>\n<li class=\"product-features__item-list__item\" role=\"listitem\"><span class=\"is--medium\">Diagonale TV :<\/span> de 70 \u00e0 100&Prime;\t\t\t\t\t<\/li>\n<\/ul>\n<\/li>\n<li class=\"product-features__item\" role=\"listitem\">\n<h3 class=\"product-features__label\">Compatibilit\u00e9(s) VESA<\/h3>\n<ul role=\"list\">\n<li class=\"product-features__item-list__item\" role=\"listitem\"><span class=\"is--medium\">Compatibilit\u00e9(s) VESA :<\/span> Non concern\u00e9\t\t\t\t\t<\/li>\n<\/ul>\n<\/li>\n<li class=\"product-features__item\" role=\"listitem\">\n<h3 class=\"product-features__label\">Option(s)<\/h3>\n<ul role=\"list\">\n<li class=\"product-features__item-list__item\" role=\"listitem\"><span class=\"is--medium\">Cache-c\u00e2ble int\u00e9gr\u00e9 :<\/span> Oui\t\t\t\t\t<\/li>\n<li class=\"product-features__item-list__item\" role=\"listitem\"><span class=\"is--medium\">Support motoris\u00e9 :<\/span> Non\t\t\t\t\t<\/li>\n<li class=\"product-features__item-list__item\" role=\"listitem\"><span class=\"is--medium\">Niveau \u00e0 bulle int\u00e9gr\u00e9 :<\/span> Non\t\t\t\t\t<\/li>\n<li class=\"product-features__item-list__item\" role=\"listitem\"><span class=\"is--medium\">Syst\u00e8me anti-vol :<\/span> Non\t\t\t\t\t<\/li>\n<li class=\"product-features__item-list__item\" role=\"listitem\"><span class=\"is--medium\">Support barre de son :<\/span> Non\t\t\t\t\t<\/li>\n<li class=\"product-features__item-list__item\" role=\"listitem\"><span class=\"is--medium\">Tablette(s) :<\/span> Non\t\t\t\t\t<\/li>\n<li class=\"product-features__item-list__item\" role=\"listitem\"><span class=\"is--medium\">Roulettes :<\/span> Non\t\t\t\t\t<\/li>\n<li class=\"product-features__item-list__item\" role=\"listitem\"><span class=\"is--medium\">Plateau tournant :<\/span> Non\t\t\t\t\t<\/li>\n<li class=\"product-features__item-list__item\" role=\"listitem\"><span class=\"is--medium\">Ultra-mince :<\/span> Non\t\t\t\t\t<\/li>\n<li class=\"product-features__item-list__item\" role=\"listitem\"><span class=\"is--medium\">Id\u00e9al pour TV OLED :<\/span> Oui\t\t\t\t\t<\/li>\n<\/ul>\n<\/li>\n<li class=\"product-features__item\" role=\"listitem\">\n<h3 class=\"product-features__label\">Dimensions<\/h3>\n<ul role=\"list\">\n<li class=\"product-features__item-list__item\" role=\"listitem\"><span class=\"is--medium\">Hauteur produit (cm) :<\/span> 64\t\t\t\t\t<\/li>\n<li class=\"product-features__item-list__item\" role=\"listitem\"><span class=\"is--medium\">Largeur produit (cm) :<\/span> 2.8\t\t\t\t\t<\/li>\n<li class=\"product-features__item-list__item\" role=\"listitem\"><span class=\"is--medium\">Profondeur produit (cm) :<\/span> 58\t\t\t\t\t<\/li>\n<li class=\"product-features__item-list__item\" role=\"listitem\"><span class=\"is--medium\">Poids :<\/span> 7 kg\t\t\t\t\t<\/li>\n<\/ul>\n<\/li>\n<li class=\"product-features__item\" role=\"listitem\">\n<h3 class=\"product-features__label\">Informations compl\u00e9mentaires<\/h3>\n<ul role=\"list\">\n<li class=\"product-features__item-list__item\" role=\"listitem\"><span class=\"is--medium\">Fabriqu\u00e9 en :<\/span> Cor\u00e9e du Sud\t\t\t\t\t<\/li>\n<li class=\"product-features__item-list__item\" role=\"listitem\"><span class=\"is--medium\">Dur\u00e9e de la garantie (Pi\u00e8ces et main d&rsquo;oeuvre pour un produit neuf vendu par Boulanger) :<\/span> 2 ans\t\t\t\t\t<\/li>\n<li class=\"product-features__item-list__item\" role=\"listitem\"><span class=\"is--medium\">Disponibilit\u00e9 des pi\u00e8ces d\u00e9tach\u00e9es (donn\u00e9es fournisseur) :<\/span> Pas de pi\u00e8ce disponible\t\t\t\t\t<\/li>\n<li class=\"product-features__item-list__item\" role=\"listitem\"><span class=\"is--medium\">R\u00e9f\u00e9rence constructeur :<\/span> SQ-G2ST97\t\t\t\t\t<\/li>\n<li class=\"product-features__item-list__item\" role=\"listitem\"><span class=\"is--medium\">Marque :<\/span> LG\t\t\t\t\t<\/li>\n<\/ul>\n<\/li>\n<\/ul>\n<\/div>\n<div class=\"product__disclosure-content\">\n<div class=\"js-read-more product-description__content read-more read-more--truncated\" data-read-more-name=\"description\" style=\"max-height: 500px; overflow: hidden;\">\n<p>Tout bon t\u00e9l\u00e9viseur doit pouvoir compter sur un support de qualit\u00e9. Compl\u00e9tez votre t\u00e9l\u00e9vision LG avec le Support Accessoire LG SQ-G2ST97 pens\u00e9 pour la sur\u00e9lever.<\/p>\n<h3><img fetchpriority=\"high\" decoding=\"async\" ,=\"\" alt=\"Accessoire LG SQ-G2ST97\" class=\"wy_tableau_gauche\" height=\"270\" src=\"https:\/\/boulanger.scene7.com\/is\/image\/Boulanger\/8806091917515_h_f_l_0?wid=400&amp;hei=270\" width=\"400\"\/>Un support solide<\/h3>\n<p>Initialement con\u00e7u pour le t\u00e9l\u00e9viseur LG OLED97G2, le Support Accessoire LG SQ-G2ST97 est un <b>pied haut de gamme aux qualit\u00e9s uniques<\/b>. Nul besoin de meuble suppl\u00e9mentaire, vous pourrez <b>poser votre t\u00e9l\u00e9vision directement au sol<\/b>. Ce <b>support d&rsquo;orientation fixe<\/b> sur\u00e9l\u00e8vera assez votre t\u00e9l\u00e9vision pour qu&rsquo;elle soit \u00e0 hauteur de vue sans encombrer la pi\u00e8ce.<\/p>\n<p>Vous cherchez de quoi <b>remplacer les supports en plastique int\u00e9gr\u00e9s<\/b> \u00e0 votre t\u00e9l\u00e9viseur LG ? Le Support Accessoire LG SQ-G2ST97 affiche une qualit\u00e9 sup\u00e9rieure dont <b>la solidit\u00e9 n&rsquo;a d&rsquo;\u00e9gal que l&rsquo;\u00e9l\u00e9gance<\/b>. Sa conception <b>int\u00e9gralement compos\u00e9e d&rsquo;aluminium<\/b> a le double avantage de r\u00e9sister \u00e0 l&rsquo;usure du temps et de mieux soutenir votre t\u00e9l\u00e9vision.<\/p>\n<h3><img decoding=\"async\" ,=\"\" alt=\"Accessoire LG SQ-G2ST97\" class=\"wy_tableau_right\" height=\"270\" src=\"https:\/\/boulanger.scene7.com\/is\/image\/Boulanger\/8806091917515_h_f_l_1?wid=400&amp;hei=270\" width=\"400\"\/>En toute discr\u00e9tion<\/h3>\n<p>M\u00eame si vous disposez d&rsquo;un grand \u00e9cran, le Support Accessoire LG SQ-G2ST97 r\u00e9pondra \u00e0 vos attentes et \u00e0 vos besoins. Son format lui permettra d&rsquo;accueillir de <b>tr\u00e8s grandes t\u00e9l\u00e9visions<\/b> dont la <b>diagonale peut varier de 70 \u00e0 100 po (soit 180 \u00e0 254 cm)<\/b>. Ainsi, quelles que soient vos pr\u00e9f\u00e9rences, ce support pourra <b>sur\u00e9lever votre \u00e9cran<\/b>.<\/p>\n<p>Quand on recherche un support TV, c&rsquo;est principalement pour <b>conserver un int\u00e9rieur \u00e9pur\u00e9<\/b>. Si vous avez besoin d&rsquo;un support afin de conserver un salon propre, le Support Accessoire LG SQ-G2ST97 est fait pour vous puisqu&rsquo;il dispose d&rsquo;un <b>guide de c\u00e2bles<\/b>. Vous pourrez ainsi <b>cacher les c\u00e2bles<\/b> disgracieux pour que votre pi\u00e8ce soit toujours impeccable.<\/p>\n<\/p>\n<\/div>\n<p><bl-button a11yexpanded=\"false\" arialabel=\"Afficher toute la description\" class=\"read-more__btn\" full=\"false\" link=\"true\"><\/bl-button><\/div>","protected":false},"excerpt":{"rendered":"<div class=\"keypoints\">\n<h3 class=\"keypoints__title\">Les points cl\u00e9s<\/h3>\n<ul role=\"list\">\n<li class=\"keypoints__item\" role=\"listitem\">                                        Diagonale TV : de 70 \u00e0 100&Prime;                      <\/li>\n<li class=\"keypoints__item\" role=\"listitem\">                          Poids support\u00e9 : 57 kg &#8211;                                                      Fixe                      <\/li>\n<li class=\"keypoints__item\" role=\"listitem\">                                        Guide c\u00e2bles, Id\u00e9al pour TV OLED                      <\/li>\n<li class=\"keypoints__item keypoints__item--advantage\" role=\"listitem\"><strong>Le + :<\/strong> Sp\u00e9cialement con\u00e7u pour le t\u00e9l\u00e9viseur LG OLED97G2      <\/li>\n<\/ul>","protected":false},"featured_media":85124,"template":"","meta":{"_glsr_average":0,"_glsr_ranking":0,"_glsr_reviews":0},"product_cat":[463],"product_tag":[461,464,451],"class_list":{"0":"post-85125","1":"product","2":"type-product","3":"status-publish","4":"has-post-thumbnail","6":"product_cat-support-tv","7":"product_tag-support-meuble","8":"product_tag-support-tv","9":"product_tag-tv-image-son","11":"first","12":"instock","13":"sale","14":"shipping-taxable","15":"purchasable","16":"product-type-simple"},"_links":{"self":[{"href":"https:\/\/electromenagerexpress.com\/en\/wp-json\/wp\/v2\/product\/85125","targetHints":{"allow":["GET"]}}],"collection":[{"href":"https:\/\/electromenagerexpress.com\/en\/wp-json\/wp\/v2\/product"}],"about":[{"href":"https:\/\/electromenagerexpress.com\/en\/wp-json\/wp\/v2\/types\/product"}],"wp:featuredmedia":[{"embeddable":true,"href":"https:\/\/electromenagerexpress.com\/en\/wp-json\/wp\/v2\/media\/85124"}],"wp:attachment":[{"href":"https:\/\/electromenagerexpress.com\/en\/wp-json\/wp\/v2\/media?parent=85125"}],"wp:term":[{"taxonomy":"product_cat","embeddable":true,"href":"https:\/\/electromenagerexpress.com\/en\/wp-json\/wp\/v2\/product_cat?post=85125"},{"taxonomy":"product_tag","embeddable":true,"href":"https:\/\/electromenagerexpress.com\/en\/wp-json\/wp\/v2\/product_tag?post=85125"}],"curies":[{"name":"wp","href":"https:\/\/api.w.org\/{rel}","templated":true}]}}