{"id":84862,"date":"2024-11-24T16:13:05","date_gmt":"2024-11-24T16:13:05","guid":{"rendered":"https:\/\/electromenagerexpress.com\/product\/meuble-tvmeliconiseville-120-cm-bois-clair\/"},"modified":"2024-11-24T16:13:14","modified_gmt":"2024-11-24T16:13:14","slug":"meuble-tvmeliconiseville-120-cm-bois-clair","status":"publish","type":"product","link":"https:\/\/electromenagerexpress.com\/en\/product\/meuble-tvmeliconiseville-120-cm-bois-clair\/","title":{"rendered":"Meuble TV\t\t\t\t\t\t\tMELICONI\t\t\t\tSeville 120 cm bois clair"},"content":{"rendered":"<div class=\"product-features__content\">\n<ul role=\"list\">\n<li class=\"product-features__item\" role=\"listitem\">\n<h3 class=\"product-features__label\">Les + de ce mod\u00e8le<\/h3>\n<ul role=\"list\">\n<li class=\"product-features__item-list__item\" role=\"listitem\"><span class=\"is--medium\">Avantages :<\/span> \u00ab\u00a0&#8211; Meuble TV avec porte abattante en verre infrarouge laissant passer les signaux de vos t\u00e9l\u00e9commandes. &#8211; Colonne TV rotative (\u00e0 +\/-24\u00b0) et cache-c\u00e2ble.- Ouvertures \u00e0 l&rsquo;arri\u00e8re pour une dissipation optimale de la chaleur des appareils audio-vid\u00e9o.\u00a0\u00bb\t\t\t\t\t<\/li>\n<\/ul>\n<\/li>\n<li class=\"product-features__item\" role=\"listitem\">\n<h3 class=\"product-features__label\">Caract\u00e9ristiques g\u00e9n\u00e9rales<\/h3>\n<ul role=\"list\">\n<li class=\"product-features__item-list__item\" role=\"listitem\"><span class=\"is--medium\">Installation :<\/span> A monter soi-m\u00eame\t\t\t\t\t<\/li>\n<li class=\"product-features__item-list__item\" role=\"listitem\"><span class=\"is--medium\">Forme du meuble :<\/span> Droit\t\t\t\t\t<\/li>\n<li class=\"product-features__item-list__item\" role=\"listitem\"><span class=\"is--medium\">Recommand\u00e9 pour un t\u00e9l\u00e9viseur de :<\/span> jusqu&rsquo;\u00e0 44 pouces\t\t\t\t\t<\/li>\n<li class=\"product-features__item-list__item\" role=\"listitem\"><span class=\"is--medium\">Cache c\u00e2ble :<\/span> Oui\t\t\t\t\t<\/li>\n<li class=\"product-features__item-list__item\" role=\"listitem\"><span class=\"is--medium\">Roulettes int\u00e9gr\u00e9es :<\/span> Non\t\t\t\t\t<\/li>\n<li class=\"product-features__item-list__item\" role=\"listitem\"><span class=\"is--medium\">Patins de protection int\u00e9gr\u00e9s :<\/span> Oui\t\t\t\t\t<\/li>\n<li class=\"product-features__item-list__item\" role=\"listitem\"><span class=\"is--medium\">Support TV int\u00e9gr\u00e9 :<\/span> Oui\t\t\t\t\t<\/li>\n<\/ul>\n<\/li>\n<li class=\"product-features__item\" role=\"listitem\">\n<h3 class=\"product-features__label\">Structure<\/h3>\n<ul role=\"list\">\n<li class=\"product-features__item-list__item\" role=\"listitem\"><span class=\"is--medium\">Mat\u00e9riau :<\/span> Panneaux de particules et M\u00e9dium (MDF)\t\t\t\t\t<\/li>\n<li class=\"product-features__item-list__item\" role=\"listitem\"><span class=\"is--medium\">Finition :<\/span> Bois\t\t\t\t\t<\/li>\n<li class=\"product-features__item-list__item\" role=\"listitem\"><span class=\"is--medium\">Coloris :<\/span> Bois\t\t\t\t\t<\/li>\n<\/ul>\n<\/li>\n<li class=\"product-features__item\" role=\"listitem\">\n<h3 class=\"product-features__label\">Etag\u00e8re principale<\/h3>\n<ul role=\"list\">\n<li class=\"product-features__item-list__item\" role=\"listitem\"><span class=\"is--medium\">Mat\u00e9riau :<\/span> non concern\u00e9\t\t\t\t\t<\/li>\n<li class=\"product-features__item-list__item\" role=\"listitem\"><span class=\"is--medium\">Poids support\u00e9 :<\/span> Non communiqu\u00e9\t\t\t\t\t<\/li>\n<\/ul>\n<\/li>\n<li class=\"product-features__item\" role=\"listitem\">\n<h3 class=\"product-features__label\">Tiroir<\/h3>\n<ul role=\"list\">\n<li class=\"product-features__item-list__item\" role=\"listitem\"><span class=\"is--medium\">Nombre :<\/span> Aucun\t\t\t\t\t<\/li>\n<li class=\"product-features__item-list__item\" role=\"listitem\"><span class=\"is--medium\">Syst\u00e8me d&rsquo;ouverture :<\/span> Ouverture par pression avec aimant poussoir\t\t\t\t\t<\/li>\n<\/ul>\n<\/li>\n<li class=\"product-features__item\" role=\"listitem\">\n<h3 class=\"product-features__label\">Abattant<\/h3>\n<ul role=\"list\">\n<li class=\"product-features__item-list__item\" role=\"listitem\"><span class=\"is--medium\">Nombre :<\/span> 1\t\t\t\t\t<\/li>\n<li class=\"product-features__item-list__item\" role=\"listitem\"><span class=\"is--medium\">Mat\u00e9riau :<\/span> Verre s\u00e9curit\t\t\t\t\t<\/li>\n<li class=\"product-features__item-list__item\" role=\"listitem\"><span class=\"is--medium\">Coloris :<\/span> Noir\t\t\t\t\t<\/li>\n<\/ul>\n<\/li>\n<li class=\"product-features__item\" role=\"listitem\">\n<h3 class=\"product-features__label\">Porte<\/h3>\n<ul role=\"list\">\n<li class=\"product-features__item-list__item\" role=\"listitem\"><span class=\"is--medium\">Type de porte :<\/span> Porte abattante en verre opaque infrarouge\t\t\t\t\t<\/li>\n<li class=\"product-features__item-list__item\" role=\"listitem\"><span class=\"is--medium\">Permet de d\u00e9tecter le signal de la t\u00e9l\u00e9commande :<\/span> Oui\t\t\t\t\t<\/li>\n<\/ul>\n<\/li>\n<li class=\"product-features__item\" role=\"listitem\">\n<h3 class=\"product-features__label\">Dimensions<\/h3>\n<ul role=\"list\">\n<li class=\"product-features__item-list__item\" role=\"listitem\"><span class=\"is--medium\">LxHxP :<\/span> 120 x 30 x 40 cm\t\t\t\t\t<\/li>\n<\/ul>\n<\/li>\n<li class=\"product-features__item\" role=\"listitem\">\n<h3 class=\"product-features__label\">Informations compl\u00e9mentaires<\/h3>\n<ul role=\"list\">\n<li class=\"product-features__item-list__item\" role=\"listitem\"><span class=\"is--medium\">Fabriqu\u00e9 en :<\/span> Chine\t\t\t\t\t<\/li>\n<li class=\"product-features__item-list__item\" role=\"listitem\"><span class=\"is--medium\">Garantie :<\/span> 2 ans\t\t\t\t\t<\/li>\n<li class=\"product-features__item-list__item\" role=\"listitem\"><span class=\"is--medium\">Disponibilit\u00e9 des pi\u00e8ces d\u00e9tach\u00e9es (donn\u00e9es fournisseur) :<\/span> Pas de pi\u00e8ce disponible\t\t\t\t\t<\/li>\n<li class=\"product-features__item-list__item\" role=\"listitem\"><span class=\"is--medium\">R\u00e9f\u00e9rence constructeur :<\/span> Seville 120 cm bois clair\t\t\t\t\t<\/li>\n<li class=\"product-features__item-list__item\" role=\"listitem\"><span class=\"is--medium\">Marque :<\/span> MELICONI\t\t\t\t\t<\/li>\n<\/ul>\n<\/li>\n<\/ul>\n<\/div>\n<div class=\"product__disclosure-content\">\n<div class=\"js-read-more product-description__content read-more read-more--truncated\" data-read-more-name=\"description\" style=\"max-height: 500px; overflow: hidden;\">\n<p>Meuble TV avec porte en verre opaque infrarougeSEVILLE 120 offre des solutions de gestion des c\u00e2bles et d&rsquo;a\u00e9ration pour vos \u00e9quipements audio-vid\u00e9o.Caisson en bois m\u00e9lamin\u00e9 de couleur bois clair.2 configurations int\u00e9rieures disponibles (le choix se fait lors du montage du meuble) : version standard avec 4 compartiments et version sp\u00e9ciale barre de son avec 3 compartimentsPorte abattante en verre opaque infrarouge de couleur noire pour t\u00e9l\u00e9commander vos p\u00e9riph\u00e9riques sans ouvrir la porte. Ouverture par pression avec aimant poussoir.Pieds design de couleur noire.Fixation TV rotative \u00e0 24\u00b0 avec colonne cache c\u00e2ble noire en aluminium. Poids max TV 35 kg (la fixation s&rsquo;assemble sur la partie sup\u00e9rieur du meuble). Vesa 200 300 400 600Meubles livr\u00e9s non mont\u00e9s avec notice et visserie.Garantie 2 ans.Meuble TV avec porte en verre opaque infrarougeSEVILLE 120 offre des solutions de gestion des c\u00e2bles et d&rsquo;a\u00e9ration pour vos \u00e9quipements audio-vid\u00e9o.Caisson en bois m\u00e9lamin\u00e9 de couleur bois clair.2 configurations int\u00e9rieures disponibles (le choix se fait lors du montage du meuble) : version standard avec 4 compartiments et version sp\u00e9ciale barre de son avec 3 compartimentsPorte abattante en verre opaque infrarouge de couleur noire pour t\u00e9l\u00e9commander vos p\u00e9riph\u00e9riques sans ouvrir la porte. Ouverture par pression avec aimant poussoir.Pieds design de couleur noire.Fixation TV rotative \u00e0 24\u00b0 avec colonne cache c\u00e2ble noire en aluminium. Poids max TV 35 kg (la fixation s&rsquo;assemble sur la partie sup\u00e9rieur du meuble). Vesa 200 300 400 600Meubles livr\u00e9s non mont\u00e9s avec notice et visserie.Garantie 2 ans.<\/p>\n<p><a href=\"https:\/\/www.boulanger.com\/evenement\/meuble-sur-mesure\" rel=\"noopener\" target=\"_blank\" title=\"Cliquez pour en sa\"><img fetchpriority=\"high\" decoding=\"async\" alt=\"URL SCENE7\" height=\"170\" src=\"https:\/\/boulanger.scene7.com\/is\/image\/Boulanger\/surmesureTV_fixe?wid=1000\" width=\"1000\"\/><\/a><\/p>\n<hr\/>\n<\/div>\n<p><bl-button a11yexpanded=\"false\" arialabel=\"Afficher toute la description\" class=\"read-more__btn\" full=\"false\" link=\"true\"><\/bl-button><\/div>","protected":false},"excerpt":{"rendered":"<div class=\"keypoints\">\n<h3 class=\"keypoints__title\">Les points cl\u00e9s<\/h3>\n<ul role=\"list\">\n<li class=\"keypoints__item\" role=\"listitem\">                                        Garantie : 2 ans                      <\/li>\n<li class=\"keypoints__item\" role=\"listitem\">                                        A monter soi-m\u00eame                      <\/li>\n<li class=\"keypoints__item\" role=\"listitem\">                                        LxHxP : 120 x 30 x 40 cm                      <\/li>\n<li class=\"keypoints__item\" role=\"listitem\">                                        Bois                      <\/li>\n<li class=\"keypoints__item keypoints__item--advantage\" role=\"listitem\"><strong>Le + :<\/strong> Meuble TV avec porte en verre opaque infrarouge      <\/li>\n<\/ul>","protected":false},"featured_media":84861,"template":"","meta":{"_glsr_average":0,"_glsr_ranking":0,"_glsr_reviews":0},"product_cat":[460],"product_tag":[462,461,451],"class_list":{"0":"post-84862","1":"product","2":"type-product","3":"status-publish","4":"has-post-thumbnail","6":"product_cat-meuble-tv","7":"product_tag-meuble-tv","8":"product_tag-support-meuble","9":"product_tag-tv-image-son","11":"first","12":"instock","13":"sale","14":"shipping-taxable","15":"purchasable","16":"product-type-simple"},"_links":{"self":[{"href":"https:\/\/electromenagerexpress.com\/en\/wp-json\/wp\/v2\/product\/84862","targetHints":{"allow":["GET"]}}],"collection":[{"href":"https:\/\/electromenagerexpress.com\/en\/wp-json\/wp\/v2\/product"}],"about":[{"href":"https:\/\/electromenagerexpress.com\/en\/wp-json\/wp\/v2\/types\/product"}],"wp:featuredmedia":[{"embeddable":true,"href":"https:\/\/electromenagerexpress.com\/en\/wp-json\/wp\/v2\/media\/84861"}],"wp:attachment":[{"href":"https:\/\/electromenagerexpress.com\/en\/wp-json\/wp\/v2\/media?parent=84862"}],"wp:term":[{"taxonomy":"product_cat","embeddable":true,"href":"https:\/\/electromenagerexpress.com\/en\/wp-json\/wp\/v2\/product_cat?post=84862"},{"taxonomy":"product_tag","embeddable":true,"href":"https:\/\/electromenagerexpress.com\/en\/wp-json\/wp\/v2\/product_tag?post=84862"}],"curies":[{"name":"wp","href":"https:\/\/api.w.org\/{rel}","templated":true}]}}