{"id":84832,"date":"2024-11-24T16:12:37","date_gmt":"2024-11-24T16:12:37","guid":{"rendered":"https:\/\/electromenagerexpress.com\/product\/meuble-tverardnaga-1400-nordic\/"},"modified":"2024-11-24T16:12:38","modified_gmt":"2024-11-24T16:12:38","slug":"meuble-tverardnaga-1400-nordic","status":"publish","type":"product","link":"https:\/\/electromenagerexpress.com\/en\/product\/meuble-tverardnaga-1400-nordic\/","title":{"rendered":"Meuble TV\t\t\t\t\t\t\tERARD\t\t\t\tNAGA 1400 Nordic"},"content":{"rendered":"<div class=\"product-features__content\">\n<ul role=\"list\">\n<li class=\"product-features__item\" role=\"listitem\">\n<h3 class=\"product-features__label\">Les + de ce mod\u00e8le<\/h3>\n<ul role=\"list\">\n<li class=\"product-features__item-list__item\" role=\"listitem\"><span class=\"is--medium\">Avantages :<\/span> Panneaux bois m\u00e9lamin\u00e9 de qualit\u00e9 issus des fournisseurs des plus grandes marques de meubles de cuisine et de bureaux &#8211; Porte abattante en verre tremp\u00e9 s\u00e9rigraphi\u00e9 noir\t\t\t\t\t<\/li>\n<\/ul>\n<\/li>\n<li class=\"product-features__item\" role=\"listitem\">\n<h3 class=\"product-features__label\">Caract\u00e9ristiques g\u00e9n\u00e9rales<\/h3>\n<ul role=\"list\">\n<li class=\"product-features__item-list__item\" role=\"listitem\"><span class=\"is--medium\">Installation :<\/span> A monter soi-m\u00eame\t\t\t\t\t<\/li>\n<li class=\"product-features__item-list__item\" role=\"listitem\"><span class=\"is--medium\">Forme du meuble :<\/span> Droit\t\t\t\t\t<\/li>\n<li class=\"product-features__item-list__item\" role=\"listitem\"><span class=\"is--medium\">Recommand\u00e9 pour un t\u00e9l\u00e9viseur de :<\/span> jusqu&rsquo;\u00e0 55 pouces\t\t\t\t\t<\/li>\n<li class=\"product-features__item-list__item\" role=\"listitem\"><span class=\"is--medium\">Cache c\u00e2ble :<\/span> Oui\t\t\t\t\t<\/li>\n<li class=\"product-features__item-list__item\" role=\"listitem\"><span class=\"is--medium\">Support TV int\u00e9gr\u00e9 :<\/span> Non\t\t\t\t\t<\/li>\n<\/ul>\n<\/li>\n<li class=\"product-features__item\" role=\"listitem\">\n<h3 class=\"product-features__label\">Structure<\/h3>\n<ul role=\"list\">\n<li class=\"product-features__item-list__item\" role=\"listitem\"><span class=\"is--medium\">Mat\u00e9riau :<\/span> Bois \/ Verre\t\t\t\t\t<\/li>\n<li class=\"product-features__item-list__item\" role=\"listitem\"><span class=\"is--medium\">Finition :<\/span> Bois\t\t\t\t\t<\/li>\n<li class=\"product-features__item-list__item\" role=\"listitem\"><span class=\"is--medium\">Coloris :<\/span> Bois\t\t\t\t\t<\/li>\n<\/ul>\n<\/li>\n<li class=\"product-features__item\" role=\"listitem\">\n<h3 class=\"product-features__label\">Etag\u00e8re principale<\/h3>\n<ul role=\"list\">\n<li class=\"product-features__item-list__item\" role=\"listitem\"><span class=\"is--medium\">Mat\u00e9riau :<\/span> Bois\t\t\t\t\t<\/li>\n<li class=\"product-features__item-list__item\" role=\"listitem\"><span class=\"is--medium\">Poids support\u00e9 :<\/span> 50 kg\t\t\t\t\t<\/li>\n<\/ul>\n<\/li>\n<li class=\"product-features__item\" role=\"listitem\">\n<h3 class=\"product-features__label\">Abattant<\/h3>\n<ul role=\"list\">\n<li class=\"product-features__item-list__item\" role=\"listitem\"><span class=\"is--medium\">Nombre :<\/span> 1\t\t\t\t\t<\/li>\n<li class=\"product-features__item-list__item\" role=\"listitem\"><span class=\"is--medium\">Mat\u00e9riau :<\/span> Bois et verre\t\t\t\t\t<\/li>\n<li class=\"product-features__item-list__item\" role=\"listitem\"><span class=\"is--medium\">Coloris :<\/span> Noir\t\t\t\t\t<\/li>\n<\/ul>\n<\/li>\n<li class=\"product-features__item\" role=\"listitem\">\n<h3 class=\"product-features__label\">Dimensions<\/h3>\n<ul role=\"list\">\n<li class=\"product-features__item-list__item\" role=\"listitem\"><span class=\"is--medium\">LxHxP :<\/span> 140 x 45 x 48 cm\t\t\t\t\t<\/li>\n<\/ul>\n<\/li>\n<li class=\"product-features__item\" role=\"listitem\">\n<h3 class=\"product-features__label\">Informations compl\u00e9mentaires<\/h3>\n<ul role=\"list\">\n<li class=\"product-features__item-list__item\" role=\"listitem\"><span class=\"is--medium\">Fabriqu\u00e9 en :<\/span> France\t\t\t\t\t<\/li>\n<li class=\"product-features__item-list__item\" role=\"listitem\"><span class=\"is--medium\">Garantie :<\/span> 2 ans\t\t\t\t\t<\/li>\n<li class=\"product-features__item-list__item\" role=\"listitem\"><span class=\"is--medium\">Disponibilit\u00e9 des pi\u00e8ces d\u00e9tach\u00e9es (donn\u00e9es fournisseur) :<\/span> Pas de pi\u00e8ce disponible\t\t\t\t\t<\/li>\n<li class=\"product-features__item-list__item\" role=\"listitem\"><span class=\"is--medium\">R\u00e9f\u00e9rence constructeur :<\/span> NAGA 1400 Nordic\t\t\t\t\t<\/li>\n<li class=\"product-features__item-list__item\" role=\"listitem\"><span class=\"is--medium\">Marque :<\/span> ERARD\t\t\t\t\t<\/li>\n<\/ul>\n<\/li>\n<\/ul>\n<\/div>\n<div class=\"product__disclosure-content\">\n<div class=\"js-read-more product-description__content read-more read-more--truncated\" data-read-more-name=\"description\" style=\"max-height: 500px; overflow: hidden;\">\n<p>Un meuble unique pour soutenir votre \u00e9cran de t\u00e9l\u00e9vision ainsi que votre syst\u00e8me son, c&rsquo;est la promesse d&rsquo;Erard et son meuble NAGA 1400 Nordic.<\/p>\n<h3><img fetchpriority=\"high\" decoding=\"async\" ,=\"\" alt=\"Meuble ERARD NAGA 1400 Nordic\" class=\"wy_tableau_gauche\" height=\"270\" src=\"https:\/\/boulanger.scene7.com\/is\/image\/Boulanger\/3185280374007_h_f_l_0?wid=400&amp;hei=270\" width=\"400\"\/>Un design sobre et malin<\/h3>\n<p>Installez votre t\u00e9l\u00e9viseur et votre installation audiovisuelle sur un meuble solide et \u00e9l\u00e9gant sign\u00e9 Erard. Avec le caisson NAGA 1400 et ses nombreux rangements, vous pouvez dissimuler les c\u00e2bles disgracieux d&rsquo;alimentation de tous vos appareils : t\u00e9l\u00e9viseur, syst\u00e8me son, box internet, barre de son ou encore chargeurs. La trappe de rangement du NAGA 1400 s&rsquo;adapte \u00e0 tous vos besoins.<\/p>\n<p>Gr\u00e2ce \u00e0 une \u00e9l\u00e9gante porte s\u00e9rigraphi\u00e9e qui laisse passer les signaux de vos t\u00e9l\u00e9commandes, le meuble NAGA 1400 d&rsquo;Erard se plie \u00e0 vos besoins. Ouvert sur l&rsquo;arri\u00e8re, il laisse vos appareils respirer pour un meilleur fonctionnement et \u00e9vite ainsi la surchauffe : profitez de vos divertissements autant que vous le souhaitez gr\u00e2ce \u00e0 la conception pointue des meubles Erard.<\/p>\n<h3><img decoding=\"async\" ,=\"\" alt=\"Meuble ERARD NAGA 1400 Nordic\" class=\"wy_tableau_right\" height=\"270\" src=\"https:\/\/boulanger.scene7.com\/is\/image\/Boulanger\/3185280374007_h_f_l_1?wid=400&amp;hei=270\" width=\"400\"\/>Une conception z\u00e9ro d\u00e9faut<\/h3>\n<p>Gr\u00e2ce \u00e0 l&rsquo;excellence et l&rsquo;expertise d&rsquo;Erard, le meuble NAGA 1400 vous apporte confort et intuitivit\u00e9 au quotidien : sa porte qui s&rsquo;abat en verre tremp\u00e9 sombre est fix\u00e9e sur des triples charni\u00e8res encastr\u00e9es pour un design chic et lisse, tandis que le syst\u00e8me d&rsquo;ouverture \u00e0 v\u00e9rins \u00e0 gaz garantit une maniabilit\u00e9 douce et une fermeture silencieuse qui prot\u00e8ge vos \u00e9quipements.<\/p>\n<p>Des dimensions compactes et solides dotent le NAGA 1400 d&rsquo;une compatibilit\u00e9 \u00e0 toute \u00e9preuve : il accueille jusqu&rsquo;\u00e0 50 kilos d&rsquo;\u00e9quipements sans effort, tandis que ses pieds sont ajustables en hauteur pour s&rsquo;adapter \u00e0 votre int\u00e9rieur. Enfin, son panneau en bois m\u00e9lamin\u00e9 apporte une touche scandinave au design du NAGA 1400, qui ravira les amateurs de beaux objets.<\/p>\n<\/p>\n<\/div>\n<p><bl-button a11yexpanded=\"false\" arialabel=\"Afficher toute la description\" class=\"read-more__btn\" full=\"false\" link=\"true\"><\/bl-button><\/div>","protected":false},"excerpt":{"rendered":"<div class=\"keypoints\">\n<h3 class=\"keypoints__title\">Les points cl\u00e9s<\/h3>\n<ul role=\"list\">\n<li class=\"keypoints__item\" role=\"listitem\">                                        Garantie : 2 ans                      <\/li>\n<li class=\"keypoints__item\" role=\"listitem\">                                        A monter soi-m\u00eame                      <\/li>\n<li class=\"keypoints__item\" role=\"listitem\">                                        LxHxP : 140 x 45 x 48 cm                      <\/li>\n<li class=\"keypoints__item\" role=\"listitem\">                                        Bois                      <\/li>\n<li class=\"keypoints__item keypoints__item--advantage\" role=\"listitem\"><strong>Le + :<\/strong> Caisson technique de gestion des c\u00e2bles d&rsquo;alimentation Trappe de rangement      <\/li>\n<\/ul>","protected":false},"featured_media":84831,"template":"","meta":{"_glsr_average":0,"_glsr_ranking":0,"_glsr_reviews":0},"product_cat":[460],"product_tag":[462,461,451],"class_list":{"0":"post-84832","1":"product","2":"type-product","3":"status-publish","4":"has-post-thumbnail","6":"product_cat-meuble-tv","7":"product_tag-meuble-tv","8":"product_tag-support-meuble","9":"product_tag-tv-image-son","11":"first","12":"instock","13":"sale","14":"shipping-taxable","15":"purchasable","16":"product-type-simple"},"_links":{"self":[{"href":"https:\/\/electromenagerexpress.com\/en\/wp-json\/wp\/v2\/product\/84832","targetHints":{"allow":["GET"]}}],"collection":[{"href":"https:\/\/electromenagerexpress.com\/en\/wp-json\/wp\/v2\/product"}],"about":[{"href":"https:\/\/electromenagerexpress.com\/en\/wp-json\/wp\/v2\/types\/product"}],"wp:featuredmedia":[{"embeddable":true,"href":"https:\/\/electromenagerexpress.com\/en\/wp-json\/wp\/v2\/media\/84831"}],"wp:attachment":[{"href":"https:\/\/electromenagerexpress.com\/en\/wp-json\/wp\/v2\/media?parent=84832"}],"wp:term":[{"taxonomy":"product_cat","embeddable":true,"href":"https:\/\/electromenagerexpress.com\/en\/wp-json\/wp\/v2\/product_cat?post=84832"},{"taxonomy":"product_tag","embeddable":true,"href":"https:\/\/electromenagerexpress.com\/en\/wp-json\/wp\/v2\/product_tag?post=84832"}],"curies":[{"name":"wp","href":"https:\/\/api.w.org\/{rel}","templated":true}]}}