{"id":84718,"date":"2024-11-24T16:10:45","date_gmt":"2024-11-24T16:10:45","guid":{"rendered":"https:\/\/electromenagerexpress.com\/product\/meuble-tvmeliconimenphis-160\/"},"modified":"2024-11-24T16:10:50","modified_gmt":"2024-11-24T16:10:50","slug":"meuble-tvmeliconimenphis-160","status":"publish","type":"product","link":"https:\/\/electromenagerexpress.com\/en\/product\/meuble-tvmeliconimenphis-160\/","title":{"rendered":"Meuble TV\t\t\t\t\t\t\tMELICONI\t\t\t\tMENPHIS 160"},"content":{"rendered":"<div class=\"product-features__content\">\n<ul role=\"list\">\n<li class=\"product-features__item\" role=\"listitem\">\n<h3 class=\"product-features__label\">Les + de ce mod\u00e8le<\/h3>\n<ul role=\"list\">\n<li class=\"product-features__item-list__item\" role=\"listitem\"><span class=\"is--medium\">Avantages :<\/span> 2 possibilit\u00e9s pour l&rsquo;am\u00e9nagement int\u00e9rieur du caisson : version standard avec 6 compartiments et version sp\u00e9ciale barre de son avec 4 \u00e0 5 compartiments\t\t\t\t\t<\/li>\n<\/ul>\n<\/li>\n<li class=\"product-features__item\" role=\"listitem\">\n<h3 class=\"product-features__label\">Caract\u00e9ristiques g\u00e9n\u00e9rales<\/h3>\n<ul role=\"list\">\n<li class=\"product-features__item-list__item\" role=\"listitem\"><span class=\"is--medium\">Installation :<\/span> A monter soi-m\u00eame\t\t\t\t\t<\/li>\n<li class=\"product-features__item-list__item\" role=\"listitem\"><span class=\"is--medium\">Forme du meuble :<\/span> Droit\t\t\t\t\t<\/li>\n<li class=\"product-features__item-list__item\" role=\"listitem\"><span class=\"is--medium\">Recommand\u00e9 pour un t\u00e9l\u00e9viseur de :<\/span> jusqu&rsquo;\u00e0 60 pouces\t\t\t\t\t<\/li>\n<li class=\"product-features__item-list__item\" role=\"listitem\"><span class=\"is--medium\">Cache c\u00e2ble :<\/span> Non\t\t\t\t\t<\/li>\n<li class=\"product-features__item-list__item\" role=\"listitem\"><span class=\"is--medium\">Roulettes int\u00e9gr\u00e9es :<\/span> Non\t\t\t\t\t<\/li>\n<li class=\"product-features__item-list__item\" role=\"listitem\"><span class=\"is--medium\">Patins de protection int\u00e9gr\u00e9s :<\/span> Oui\t\t\t\t\t<\/li>\n<li class=\"product-features__item-list__item\" role=\"listitem\"><span class=\"is--medium\">Support TV int\u00e9gr\u00e9 :<\/span> Non\t\t\t\t\t<\/li>\n<\/ul>\n<\/li>\n<li class=\"product-features__item\" role=\"listitem\">\n<h3 class=\"product-features__label\">Structure<\/h3>\n<ul role=\"list\">\n<li class=\"product-features__item-list__item\" role=\"listitem\"><span class=\"is--medium\">Mat\u00e9riau :<\/span> Non communiqu\u00e9\t\t\t\t\t<\/li>\n<li class=\"product-features__item-list__item\" role=\"listitem\"><span class=\"is--medium\">Coloris :<\/span> Noir\t\t\t\t\t<\/li>\n<\/ul>\n<\/li>\n<li class=\"product-features__item\" role=\"listitem\">\n<h3 class=\"product-features__label\">Etag\u00e8re principale<\/h3>\n<ul role=\"list\">\n<li class=\"product-features__item-list__item\" role=\"listitem\"><span class=\"is--medium\">Mat\u00e9riau :<\/span> Bois m\u00e9lamin\u00e9\t\t\t\t\t<\/li>\n<li class=\"product-features__item-list__item\" role=\"listitem\"><span class=\"is--medium\">Poids support\u00e9 :<\/span> 35 kg\t\t\t\t\t<\/li>\n<\/ul>\n<\/li>\n<li class=\"product-features__item\" role=\"listitem\">\n<h3 class=\"product-features__label\">Dimensions<\/h3>\n<ul role=\"list\">\n<li class=\"product-features__item-list__item\" role=\"listitem\"><span class=\"is--medium\">LxHxP :<\/span> 160 x 30 x 40 cm\t\t\t\t\t<\/li>\n<li class=\"product-features__item-list__item\" role=\"listitem\"><span class=\"is--medium\">Poids :<\/span> 32,5 kg\t\t\t\t\t<\/li>\n<\/ul>\n<\/li>\n<li class=\"product-features__item\" role=\"listitem\">\n<h3 class=\"product-features__label\">Informations compl\u00e9mentaires<\/h3>\n<ul role=\"list\">\n<li class=\"product-features__item-list__item\" role=\"listitem\"><span class=\"is--medium\">Fabriqu\u00e9 en :<\/span> Turquie\t\t\t\t\t<\/li>\n<li class=\"product-features__item-list__item\" role=\"listitem\"><span class=\"is--medium\">Garantie :<\/span> 2 ans\t\t\t\t\t<\/li>\n<li class=\"product-features__item-list__item\" role=\"listitem\"><span class=\"is--medium\">Disponibilit\u00e9 des pi\u00e8ces d\u00e9tach\u00e9es (donn\u00e9es fournisseur) :<\/span> Pas de pi\u00e8ce disponible\t\t\t\t\t<\/li>\n<li class=\"product-features__item-list__item\" role=\"listitem\"><span class=\"is--medium\">R\u00e9f\u00e9rence constructeur :<\/span> MENPHIS 160\t\t\t\t\t<\/li>\n<li class=\"product-features__item-list__item\" role=\"listitem\"><span class=\"is--medium\">Marque :<\/span> MELICONI\t\t\t\t\t<\/li>\n<\/ul>\n<\/li>\n<\/ul>\n<\/div>\n<div class=\"product__disclosure-content\">\n<div class=\"js-read-more product-description__content read-more read-more--truncated\" data-read-more-name=\"description\" style=\"max-height: 500px; overflow: hidden;\">\n<div class=\"product__description-content read-more\" style=\"\">\n<p>Meuble TV MELICONI MENPHIS 160 : \u00c9l\u00e9gance et Fonctionnalit\u00e9<\/p>\n<h3> <img fetchpriority=\"high\" decoding=\"async\" ,=\"\" alt=\"Meuble TV MELICONI MENPHIS 160\" class=\"wy_tableau_gauche\" height=\"270\" src=\"https:\/\/boulanger.scene7.com\/is\/image\/Boulanger\/3760053242464_h_f_l_0?wid=400&amp;hei=270\" width=\"400\"\/>Design et Organisation Optimale                    <\/h3>\n<p>                        Le Meuble TV MELICONI MENPHIS 160, avec sa largeur de 160 cm, est la quintessence de l&rsquo;\u00e9l\u00e9gance alli\u00e9e \u00e0 la praticit\u00e9. Con\u00e7u en bois m\u00e9lamin\u00e9 de couleur noire, ce meuble s&rsquo;int\u00e8gre harmonieusement dans tout int\u00e9rieur moderne. Dot\u00e9 d&rsquo;une porte abattante en verre infrarouge, il permet de t\u00e9l\u00e9commander vos appareils sans avoir \u00e0 ouvrir la porte, pr\u00e9servant ainsi l&rsquo;esth\u00e9tique \u00e9pur\u00e9e de votre espace. L&rsquo;int\u00e9rieur du caisson, disponible en version standard avec six compartiments ou en version sp\u00e9ciale barre de son avec quatre \u00e0 cinq compartiments, offre des solutions de rangement ing\u00e9nieuses pour vos c\u00e2bles, appareils audio-vid\u00e9o et accessoires tels que CD, DVD ou manettes de jeux vid\u00e9o.                    <\/p>\n<\/p>\n<h3> <img decoding=\"async\" ,=\"\" alt=\"Meuble TV MELICONI MENPHIS 160\" class=\"wy_tableau_right\" height=\"270\" src=\"https:\/\/boulanger.scene7.com\/is\/image\/Boulanger\/3760053242464_h_r_l_0?wid=400&amp;hei=270\" width=\"400\"\/>Accessoires Compl\u00e9mentaires et Installation                    <\/h3>\n<p>                        Pour une exp\u00e9rience utilisateur compl\u00e8te, le MENPHIS 160 peut \u00eatre agr\u00e9ment\u00e9 d&rsquo;accessoires tels que des fixations TV rotatives avec colonne cache-c\u00e2bles ou des supports TV muraux avec goulotte cache-c\u00e2bles, disponibles en noir ou en blanc pour s&rsquo;adapter \u00e0 votre d\u00e9coration. Ces ajouts facilitent la gestion des c\u00e2bles et renforcent l&rsquo;aspect ordonn\u00e9 de votre installation multim\u00e9dia. Les patins fournis assurent une stabilit\u00e9 accrue, tandis que le meuble, livr\u00e9 d\u00e9mont\u00e9, peut \u00eatre assembl\u00e9 ais\u00e9ment gr\u00e2ce \u00e0 la notice et la visserie incluses. Avec le MENPHIS 160, b\u00e9n\u00e9ficiez d&rsquo;un meuble TV \u00e0 la fois esth\u00e9tique et fonctionnel, con\u00e7u pour sublimer et organiser votre espace de divertissement.                    <\/p>\n<\/p><\/div>\n<\/p>\n<\/div>\n<p><bl-button a11yexpanded=\"false\" arialabel=\"Afficher toute la description\" class=\"read-more__btn\" full=\"false\" link=\"true\"><\/bl-button><\/div>","protected":false},"excerpt":{"rendered":"<div class=\"keypoints\">\n<h3 class=\"keypoints__title\">Les points cl\u00e9s<\/h3>\n<ul role=\"list\">\n<li class=\"keypoints__item\" role=\"listitem\">                                        Garantie : 2 ans                      <\/li>\n<li class=\"keypoints__item\" role=\"listitem\">                                        A monter soi-m\u00eame                      <\/li>\n<li class=\"keypoints__item\" role=\"listitem\">                                        LxHxP : 160 x 30 x 40 cm                      <\/li>\n<li class=\"keypoints__item keypoints__item--advantage\" role=\"listitem\"><strong>Le + :<\/strong> Solutions de rangement de c\u00e2bles et d\u2019a\u00e9ration pour vos \u00e9quipements audio-vid\u00e9o      <\/li>\n<\/ul>","protected":false},"featured_media":84717,"template":"","meta":{"_glsr_average":0,"_glsr_ranking":0,"_glsr_reviews":0},"product_cat":[460],"product_tag":[462,461,451],"class_list":{"0":"post-84718","1":"product","2":"type-product","3":"status-publish","4":"has-post-thumbnail","6":"product_cat-meuble-tv","7":"product_tag-meuble-tv","8":"product_tag-support-meuble","9":"product_tag-tv-image-son","11":"first","12":"instock","13":"sale","14":"shipping-taxable","15":"purchasable","16":"product-type-simple"},"_links":{"self":[{"href":"https:\/\/electromenagerexpress.com\/en\/wp-json\/wp\/v2\/product\/84718","targetHints":{"allow":["GET"]}}],"collection":[{"href":"https:\/\/electromenagerexpress.com\/en\/wp-json\/wp\/v2\/product"}],"about":[{"href":"https:\/\/electromenagerexpress.com\/en\/wp-json\/wp\/v2\/types\/product"}],"wp:featuredmedia":[{"embeddable":true,"href":"https:\/\/electromenagerexpress.com\/en\/wp-json\/wp\/v2\/media\/84717"}],"wp:attachment":[{"href":"https:\/\/electromenagerexpress.com\/en\/wp-json\/wp\/v2\/media?parent=84718"}],"wp:term":[{"taxonomy":"product_cat","embeddable":true,"href":"https:\/\/electromenagerexpress.com\/en\/wp-json\/wp\/v2\/product_cat?post=84718"},{"taxonomy":"product_tag","embeddable":true,"href":"https:\/\/electromenagerexpress.com\/en\/wp-json\/wp\/v2\/product_tag?post=84718"}],"curies":[{"name":"wp","href":"https:\/\/api.w.org\/{rel}","templated":true}]}}