{"id":84385,"date":"2024-11-24T16:05:28","date_gmt":"2024-11-24T16:05:28","guid":{"rendered":"https:\/\/electromenagerexpress.com\/product\/meuble-tvmeliconibinjai-160\/"},"modified":"2024-11-24T16:05:34","modified_gmt":"2024-11-24T16:05:34","slug":"meuble-tvmeliconibinjai-160","status":"publish","type":"product","link":"https:\/\/electromenagerexpress.com\/en\/product\/meuble-tvmeliconibinjai-160\/","title":{"rendered":"Meuble TV\t\t\t\t\t\t\tMELICONI\t\t\t\tBINJAI 160"},"content":{"rendered":"<div class=\"product-features__content\">\n<ul role=\"list\">\n<li class=\"product-features__item\" role=\"listitem\">\n<h3 class=\"product-features__label\">Les + de ce mod\u00e8le<\/h3>\n<ul role=\"list\">\n<li class=\"product-features__item-list__item\" role=\"listitem\"><span class=\"is--medium\">Avantages :<\/span> Ouvertures \u00e0 l&rsquo;arri\u00e8re pour une dissipation optimale de la chaleur des appareils audio-vid\u00e9o\t\t\t\t\t<\/li>\n<\/ul>\n<\/li>\n<li class=\"product-features__item\" role=\"listitem\">\n<h3 class=\"product-features__label\">Caract\u00e9ristiques g\u00e9n\u00e9rales<\/h3>\n<ul role=\"list\">\n<li class=\"product-features__item-list__item\" role=\"listitem\"><span class=\"is--medium\">Installation :<\/span> A monter soi-m\u00eame\t\t\t\t\t<\/li>\n<li class=\"product-features__item-list__item\" role=\"listitem\"><span class=\"is--medium\">Forme du meuble :<\/span> Droit\t\t\t\t\t<\/li>\n<li class=\"product-features__item-list__item\" role=\"listitem\"><span class=\"is--medium\">Recommand\u00e9 pour un t\u00e9l\u00e9viseur de :<\/span> jusqu&rsquo;\u00e0 65 pouces\t\t\t\t\t<\/li>\n<li class=\"product-features__item-list__item\" role=\"listitem\"><span class=\"is--medium\">Cache c\u00e2ble :<\/span> Oui\t\t\t\t\t<\/li>\n<li class=\"product-features__item-list__item\" role=\"listitem\"><span class=\"is--medium\">Roulettes int\u00e9gr\u00e9es :<\/span> Non\t\t\t\t\t<\/li>\n<li class=\"product-features__item-list__item\" role=\"listitem\"><span class=\"is--medium\">Patins de protection int\u00e9gr\u00e9s :<\/span> Non\t\t\t\t\t<\/li>\n<li class=\"product-features__item-list__item\" role=\"listitem\"><span class=\"is--medium\">Support TV int\u00e9gr\u00e9 :<\/span> Oui\t\t\t\t\t<\/li>\n<\/ul>\n<\/li>\n<li class=\"product-features__item\" role=\"listitem\">\n<h3 class=\"product-features__label\">Structure<\/h3>\n<ul role=\"list\">\n<li class=\"product-features__item-list__item\" role=\"listitem\"><span class=\"is--medium\">Mat\u00e9riau :<\/span> Bois\t\t\t\t\t<\/li>\n<li class=\"product-features__item-list__item\" role=\"listitem\"><span class=\"is--medium\">Coloris :<\/span> Bois\t\t\t\t\t<\/li>\n<\/ul>\n<\/li>\n<li class=\"product-features__item\" role=\"listitem\">\n<h3 class=\"product-features__label\">Etag\u00e8re principale<\/h3>\n<ul role=\"list\">\n<li class=\"product-features__item-list__item\" role=\"listitem\"><span class=\"is--medium\">Mat\u00e9riau :<\/span> Bois m\u00e9lamin\u00e9\t\t\t\t\t<\/li>\n<li class=\"product-features__item-list__item\" role=\"listitem\"><span class=\"is--medium\">Poids support\u00e9 :<\/span> 35 kg\t\t\t\t\t<\/li>\n<\/ul>\n<\/li>\n<li class=\"product-features__item\" role=\"listitem\">\n<h3 class=\"product-features__label\">Dimensions<\/h3>\n<ul role=\"list\">\n<li class=\"product-features__item-list__item\" role=\"listitem\"><span class=\"is--medium\">LxHxP :<\/span> 160 x 50 x 40 cm\t\t\t\t\t<\/li>\n<li class=\"product-features__item-list__item\" role=\"listitem\"><span class=\"is--medium\">Poids :<\/span> 36,2 kg\t\t\t\t\t<\/li>\n<\/ul>\n<\/li>\n<li class=\"product-features__item\" role=\"listitem\">\n<h3 class=\"product-features__label\">Informations compl\u00e9mentaires<\/h3>\n<ul role=\"list\">\n<li class=\"product-features__item-list__item\" role=\"listitem\"><span class=\"is--medium\">Fabriqu\u00e9 en :<\/span> Turquie\t\t\t\t\t<\/li>\n<li class=\"product-features__item-list__item\" role=\"listitem\"><span class=\"is--medium\">Garantie :<\/span> 2 ans\t\t\t\t\t<\/li>\n<li class=\"product-features__item-list__item\" role=\"listitem\"><span class=\"is--medium\">Disponibilit\u00e9 des pi\u00e8ces d\u00e9tach\u00e9es (donn\u00e9es fournisseur) :<\/span> Pas de pi\u00e8ce disponible\t\t\t\t\t<\/li>\n<li class=\"product-features__item-list__item\" role=\"listitem\"><span class=\"is--medium\">R\u00e9f\u00e9rence constructeur :<\/span> BINJAI 160\t\t\t\t\t<\/li>\n<li class=\"product-features__item-list__item\" role=\"listitem\"><span class=\"is--medium\">Marque :<\/span> MELICONI\t\t\t\t\t<\/li>\n<\/ul>\n<\/li>\n<\/ul>\n<\/div>\n<div class=\"product__disclosure-content\">\n<div class=\"js-read-more product-description__content read-more read-more--truncated\" data-read-more-name=\"description\" style=\"max-height: 500px; overflow: hidden;\">\n<div class=\"product__description-content read-more\" style=\"\">\n<p>\u00c9l\u00e9gance et Fonctionnalit\u00e9 avec le Meuble TV MELICONI BINJAI 160<\/p>\n<h3> <img fetchpriority=\"high\" decoding=\"async\" ,=\"\" alt=\"Meuble TV MELICONI BINJAI 160\" class=\"wy_tableau_gauche\" height=\"270\" src=\"https:\/\/boulanger.scene7.com\/is\/image\/Boulanger\/3558107010240_h_f_l_0?wid=400&amp;hei=270\" width=\"400\"\/>Design Industriel et Solutions de Rangement Astucieuses                    <\/h3>\n<p>                        Le Meuble TV MELICONI BINJAI 160, con\u00e7u avec une finition bois fonc\u00e9 et des pieds vintage silver, incarne parfaitement le style industriel recherch\u00e9 dans les int\u00e9rieurs modernes. Sa structure en bois m\u00e9lamin\u00e9, compl\u00e9t\u00e9e par une porte en textile acoustique noire, ne se contente pas d&rsquo;\u00eatre esth\u00e9tique ; elle dissimule habilement vos \u00e9quipements audio-vid\u00e9o tout en permettant le passage du son et des signaux infrarouges. Avec ses dimensions de 160x40x50 cm et sa capacit\u00e9 \u00e0 supporter jusqu&rsquo;\u00e0 85 kg, ce meuble offre une organisation interne flexible, permettant de choisir entre une configuration standard ou une configuration d\u00e9di\u00e9e aux barres de son lors du montage. Les ouvertures \u00e0 l&rsquo;arri\u00e8re et entre les cloisons internes assurent une dissipation optimale de la chaleur et une connexion ais\u00e9e entre vos appareils.                    <\/p>\n<\/p>\n<h3> <img decoding=\"async\" ,=\"\" alt=\"Meuble TV MELICONI BINJAI 160\" class=\"wy_tableau_right\" height=\"270\" src=\"https:\/\/boulanger.scene7.com\/is\/image\/Boulanger\/3558107010240_h_r_l_0?wid=400&amp;hei=270\" width=\"400\"\/>Confort Visuel et Accessibilit\u00e9                    <\/h3>\n<p>                        La colonne TV rotative noire en aluminium, ajustable sur trois niveaux de hauteur, supporte des \u00e9crans de 32 \u00e0 65 pouces et jusqu&rsquo;\u00e0 35 kg, offrant un angle de vue optimal gr\u00e2ce \u00e0 sa rotation de +\/-24\u00b0. Cette fonctionnalit\u00e9, alli\u00e9e \u00e0 la gestion des c\u00e2bles et \u00e0 la possibilit\u00e9 de fixer la colonne \u00e0 l&rsquo;arri\u00e8re du meuble, garantit un espace de visionnage \u00e9pur\u00e9 et confortable. La porte abattante s&rsquo;ouvre par simple pression, gr\u00e2ce \u00e0 un syst\u00e8me d&rsquo;aimant poussoir, pour une utilisation fluide et pratique. Fabriqu\u00e9 en Turquie, le meuble BINJAI 160 est livr\u00e9 avec une notice et la visserie n\u00e9cessaire au montage, et il est soutenu par une garantie de 2 ans, t\u00e9moignant de l&rsquo;engagement de Meliconi envers la qualit\u00e9 et la satisfaction client.                    <\/p>\n<\/p><\/div>\n<\/p>\n<\/div>\n<p><bl-button a11yexpanded=\"false\" arialabel=\"Afficher toute la description\" class=\"read-more__btn\" full=\"false\" link=\"true\"><\/bl-button><\/div>","protected":false},"excerpt":{"rendered":"<div class=\"keypoints\">\n<h3 class=\"keypoints__title\">Les points cl\u00e9s<\/h3>\n<ul role=\"list\">\n<li class=\"keypoints__item\" role=\"listitem\">                                        Garantie : 2 ans                      <\/li>\n<li class=\"keypoints__item\" role=\"listitem\">                                        A monter soi-m\u00eame                      <\/li>\n<li class=\"keypoints__item\" role=\"listitem\">                                        LxHxP : 160 x 50 x 40 cm                      <\/li>\n<li class=\"keypoints__item\" role=\"listitem\">                                        Bois                      <\/li>\n<li class=\"keypoints__item keypoints__item--advantage\" role=\"listitem\"><strong>Le + :<\/strong> Porte en textile acoustique et infrarouge laissant passer le son et les signaux des t\u00e9l\u00e9commandes      <\/li>\n<\/ul>","protected":false},"featured_media":84384,"template":"","meta":{"_glsr_average":0,"_glsr_ranking":0,"_glsr_reviews":0},"product_cat":[460],"product_tag":[462,461,451],"class_list":{"0":"post-84385","1":"product","2":"type-product","3":"status-publish","4":"has-post-thumbnail","6":"product_cat-meuble-tv","7":"product_tag-meuble-tv","8":"product_tag-support-meuble","9":"product_tag-tv-image-son","11":"first","12":"instock","13":"sale","14":"shipping-taxable","15":"purchasable","16":"product-type-simple"},"_links":{"self":[{"href":"https:\/\/electromenagerexpress.com\/en\/wp-json\/wp\/v2\/product\/84385","targetHints":{"allow":["GET"]}}],"collection":[{"href":"https:\/\/electromenagerexpress.com\/en\/wp-json\/wp\/v2\/product"}],"about":[{"href":"https:\/\/electromenagerexpress.com\/en\/wp-json\/wp\/v2\/types\/product"}],"wp:featuredmedia":[{"embeddable":true,"href":"https:\/\/electromenagerexpress.com\/en\/wp-json\/wp\/v2\/media\/84384"}],"wp:attachment":[{"href":"https:\/\/electromenagerexpress.com\/en\/wp-json\/wp\/v2\/media?parent=84385"}],"wp:term":[{"taxonomy":"product_cat","embeddable":true,"href":"https:\/\/electromenagerexpress.com\/en\/wp-json\/wp\/v2\/product_cat?post=84385"},{"taxonomy":"product_tag","embeddable":true,"href":"https:\/\/electromenagerexpress.com\/en\/wp-json\/wp\/v2\/product_tag?post=84385"}],"curies":[{"name":"wp","href":"https:\/\/api.w.org\/{rel}","templated":true}]}}