{"id":84205,"date":"2024-11-24T16:02:39","date_gmt":"2024-11-24T16:02:39","guid":{"rendered":"https:\/\/electromenagerexpress.com\/product\/meuble-tvmeliconiweru-160\/"},"modified":"2024-11-24T16:02:46","modified_gmt":"2024-11-24T16:02:46","slug":"meuble-tvmeliconiweru-160","status":"publish","type":"product","link":"https:\/\/electromenagerexpress.com\/en\/product\/meuble-tvmeliconiweru-160\/","title":{"rendered":"Meuble TV\t\t\t\t\t\t\tMELICONI\t\t\t\tWERU 160"},"content":{"rendered":"<div class=\"product-features__content\">\n<ul role=\"list\">\n<li class=\"product-features__item\" role=\"listitem\">\n<h3 class=\"product-features__label\">Les + de ce mod\u00e8le<\/h3>\n<ul role=\"list\">\n<li class=\"product-features__item-list__item\" role=\"listitem\"><span class=\"is--medium\">Avantages :<\/span> Ouvertures \u00e0 l&rsquo;arri\u00e8re pour une dissipation optimale de la chaleur des appareils audio-vid\u00e9o\t\t\t\t\t<\/li>\n<\/ul>\n<\/li>\n<li class=\"product-features__item\" role=\"listitem\">\n<h3 class=\"product-features__label\">Caract\u00e9ristiques g\u00e9n\u00e9rales<\/h3>\n<ul role=\"list\">\n<li class=\"product-features__item-list__item\" role=\"listitem\"><span class=\"is--medium\">Installation :<\/span> A monter soi-m\u00eame\t\t\t\t\t<\/li>\n<li class=\"product-features__item-list__item\" role=\"listitem\"><span class=\"is--medium\">Forme du meuble :<\/span> Droit\t\t\t\t\t<\/li>\n<li class=\"product-features__item-list__item\" role=\"listitem\"><span class=\"is--medium\">Recommand\u00e9 pour un t\u00e9l\u00e9viseur de :<\/span> jusqu&rsquo;\u00e0 65 pouces\t\t\t\t\t<\/li>\n<li class=\"product-features__item-list__item\" role=\"listitem\"><span class=\"is--medium\">Cache c\u00e2ble :<\/span> Oui\t\t\t\t\t<\/li>\n<li class=\"product-features__item-list__item\" role=\"listitem\"><span class=\"is--medium\">Roulettes int\u00e9gr\u00e9es :<\/span> Non\t\t\t\t\t<\/li>\n<li class=\"product-features__item-list__item\" role=\"listitem\"><span class=\"is--medium\">Patins de protection int\u00e9gr\u00e9s :<\/span> Non\t\t\t\t\t<\/li>\n<li class=\"product-features__item-list__item\" role=\"listitem\"><span class=\"is--medium\">Support TV int\u00e9gr\u00e9 :<\/span> Oui\t\t\t\t\t<\/li>\n<\/ul>\n<\/li>\n<li class=\"product-features__item\" role=\"listitem\">\n<h3 class=\"product-features__label\">Structure<\/h3>\n<ul role=\"list\">\n<li class=\"product-features__item-list__item\" role=\"listitem\"><span class=\"is--medium\">Mat\u00e9riau :<\/span> Bois\t\t\t\t\t<\/li>\n<li class=\"product-features__item-list__item\" role=\"listitem\"><span class=\"is--medium\">Coloris :<\/span> Noir\t\t\t\t\t<\/li>\n<\/ul>\n<\/li>\n<li class=\"product-features__item\" role=\"listitem\">\n<h3 class=\"product-features__label\">Etag\u00e8re principale<\/h3>\n<ul role=\"list\">\n<li class=\"product-features__item-list__item\" role=\"listitem\"><span class=\"is--medium\">Mat\u00e9riau :<\/span> Bois m\u00e9lamin\u00e9\t\t\t\t\t<\/li>\n<li class=\"product-features__item-list__item\" role=\"listitem\"><span class=\"is--medium\">Poids support\u00e9 :<\/span> 35 kg\t\t\t\t\t<\/li>\n<\/ul>\n<\/li>\n<li class=\"product-features__item\" role=\"listitem\">\n<h3 class=\"product-features__label\">Dimensions<\/h3>\n<ul role=\"list\">\n<li class=\"product-features__item-list__item\" role=\"listitem\"><span class=\"is--medium\">LxHxP :<\/span> 160 x 50 x 40 cm\t\t\t\t\t<\/li>\n<li class=\"product-features__item-list__item\" role=\"listitem\"><span class=\"is--medium\">Poids :<\/span> 35,3 kg\t\t\t\t\t<\/li>\n<\/ul>\n<\/li>\n<li class=\"product-features__item\" role=\"listitem\">\n<h3 class=\"product-features__label\">Informations compl\u00e9mentaires<\/h3>\n<ul role=\"list\">\n<li class=\"product-features__item-list__item\" role=\"listitem\"><span class=\"is--medium\">Fabriqu\u00e9 en :<\/span> Turquie\t\t\t\t\t<\/li>\n<li class=\"product-features__item-list__item\" role=\"listitem\"><span class=\"is--medium\">Garantie :<\/span> 2 ans\t\t\t\t\t<\/li>\n<li class=\"product-features__item-list__item\" role=\"listitem\"><span class=\"is--medium\">Disponibilit\u00e9 des pi\u00e8ces d\u00e9tach\u00e9es (donn\u00e9es fournisseur) :<\/span> Pas de pi\u00e8ce disponible\t\t\t\t\t<\/li>\n<li class=\"product-features__item-list__item\" role=\"listitem\"><span class=\"is--medium\">R\u00e9f\u00e9rence constructeur :<\/span> WERU 160\t\t\t\t\t<\/li>\n<li class=\"product-features__item-list__item\" role=\"listitem\"><span class=\"is--medium\">Marque :<\/span> MELICONI\t\t\t\t\t<\/li>\n<\/ul>\n<\/li>\n<\/ul>\n<\/div>\n<div class=\"product__disclosure-content\">\n<div class=\"js-read-more product-description__content read-more read-more--truncated\" data-read-more-name=\"description\" style=\"max-height: 500px; overflow: hidden;\">\n<div class=\"product__description-content read-more\" style=\"\">\n<p>Meuble TV MELICONI WERU 160 : \u00c9l\u00e9gance et Fonctionnalit\u00e9<\/p>\n<h3> <img fetchpriority=\"high\" decoding=\"async\" ,=\"\" alt=\"Meuble TV MELICONI WERU 160\" class=\"wy_tableau_gauche\" height=\"270\" src=\"https:\/\/boulanger.scene7.com\/is\/image\/Boulanger\/3558107010127_h_f_l_0?wid=400&amp;hei=270\" width=\"400\"\/>Design Scandinave et Modularit\u00e9                    <\/h3>\n<p>                        Le Meuble TV MELICONI WERU 160, avec son style scandinave \u00e9pur\u00e9, apporte une touche d&rsquo;\u00e9l\u00e9gance intemporelle \u00e0 tout int\u00e9rieur. Con\u00e7u en bois m\u00e9lamin\u00e9 de couleur noire Vulcano et dot\u00e9 de pieds scandinaves en bois de 20 cm de hauteur, ce meuble allie robustesse et esth\u00e9tique. La modularit\u00e9 est au coeur de sa conception, offrant le choix entre deux configurations int\u00e9rieures lors du montage : une version standard ou une version sp\u00e9cialement pens\u00e9e pour int\u00e9grer une barre de son. La demi-porte abattante noire permet une utilisation pratique des appareils tout en conservant un design harmonieux. La colonne TV en aluminium noir, ajustable et rotative \u00e0 +\/-24\u00b0, supporte des \u00e9crans de 32 \u00e0 65 pouces et jusqu&rsquo;\u00e0 35 kg, garantissant ainsi un angle de vue optimal et une gestion discr\u00e8te des c\u00e2bles.                    <\/p>\n<\/p>\n<h3> <img decoding=\"async\" ,=\"\" alt=\"Meuble TV MELICONI WERU 160\" class=\"wy_tableau_right\" height=\"270\" src=\"https:\/\/boulanger.scene7.com\/is\/image\/Boulanger\/3558107010127_h_r_l_0?wid=400&amp;hei=270\" width=\"400\"\/>Fonctionnalit\u00e9s Innovantes pour un Confort Accru                    <\/h3>\n<p>                        Le MELICONI WERU 160 ne se contente pas d&rsquo;\u00eatre esth\u00e9tique, il est \u00e9galement pens\u00e9 pour le confort d&rsquo;utilisation. Les ouvertures \u00e0 l&rsquo;arri\u00e8re et les cloisons internes facilitent la connexion des appareils et assurent une dissipation optimale de la chaleur, prolongeant ainsi la dur\u00e9e de vie de vos \u00e9quipements audio-vid\u00e9o. Avec un poids net de 35,26 kg et une capacit\u00e9 de charge totale de 85 kg, ce meuble est \u00e0 la fois stable et durable. Les rangements, pouvant accueillir de 4 \u00e0 6 niches, offrent un espace g\u00e9n\u00e9reux pour organiser vos accessoires tels que CD, DVD ou manettes de jeux. Livr\u00e9 avec une notice et la visserie n\u00e9cessaire, le montage de ce meuble fabriqu\u00e9 en Turquie est simplifi\u00e9 pour une mise en place rapide et efficace dans votre salon.                    <\/p>\n<\/p><\/div>\n<\/p>\n<\/div>\n<p><bl-button a11yexpanded=\"false\" arialabel=\"Afficher toute la description\" class=\"read-more__btn\" full=\"false\" link=\"true\"><\/bl-button><\/div>","protected":false},"excerpt":{"rendered":"<div class=\"keypoints\">\n<h3 class=\"keypoints__title\">Les points cl\u00e9s<\/h3>\n<ul role=\"list\">\n<li class=\"keypoints__item\" role=\"listitem\">                                        Garantie : 2 ans                      <\/li>\n<li class=\"keypoints__item\" role=\"listitem\">                                        A monter soi-m\u00eame                      <\/li>\n<li class=\"keypoints__item\" role=\"listitem\">                                        LxHxP : 160 x 50 x 40 cm                      <\/li>\n<li class=\"keypoints__item\" role=\"listitem\">                                        Bois                      <\/li>\n<li class=\"keypoints__item keypoints__item--advantage\" role=\"listitem\"><strong>Le + :<\/strong> Connexion des appareils entre eux facilit\u00e9e gr\u00e2ce aux ouvertures des cloisons internes      <\/li>\n<\/ul>","protected":false},"featured_media":84204,"template":"","meta":{"_glsr_average":0,"_glsr_ranking":0,"_glsr_reviews":0},"product_cat":[460],"product_tag":[462,461,451],"class_list":{"0":"post-84205","1":"product","2":"type-product","3":"status-publish","4":"has-post-thumbnail","6":"product_cat-meuble-tv","7":"product_tag-meuble-tv","8":"product_tag-support-meuble","9":"product_tag-tv-image-son","11":"first","12":"instock","13":"sale","14":"shipping-taxable","15":"purchasable","16":"product-type-simple"},"_links":{"self":[{"href":"https:\/\/electromenagerexpress.com\/en\/wp-json\/wp\/v2\/product\/84205","targetHints":{"allow":["GET"]}}],"collection":[{"href":"https:\/\/electromenagerexpress.com\/en\/wp-json\/wp\/v2\/product"}],"about":[{"href":"https:\/\/electromenagerexpress.com\/en\/wp-json\/wp\/v2\/types\/product"}],"wp:featuredmedia":[{"embeddable":true,"href":"https:\/\/electromenagerexpress.com\/en\/wp-json\/wp\/v2\/media\/84204"}],"wp:attachment":[{"href":"https:\/\/electromenagerexpress.com\/en\/wp-json\/wp\/v2\/media?parent=84205"}],"wp:term":[{"taxonomy":"product_cat","embeddable":true,"href":"https:\/\/electromenagerexpress.com\/en\/wp-json\/wp\/v2\/product_cat?post=84205"},{"taxonomy":"product_tag","embeddable":true,"href":"https:\/\/electromenagerexpress.com\/en\/wp-json\/wp\/v2\/product_tag?post=84205"}],"curies":[{"name":"wp","href":"https:\/\/api.w.org\/{rel}","templated":true}]}}