{"id":84140,"date":"2024-11-24T16:01:39","date_gmt":"2024-11-24T16:01:39","guid":{"rendered":"https:\/\/electromenagerexpress.com\/product\/pied-denceintecabassepieds-bibliotheque-noir-x-2\/"},"modified":"2024-11-24T16:01:42","modified_gmt":"2024-11-24T16:01:42","slug":"pied-denceintecabassepieds-bibliotheque-noir-x-2","status":"publish","type":"product","link":"https:\/\/electromenagerexpress.com\/en\/product\/pied-denceintecabassepieds-bibliotheque-noir-x-2\/","title":{"rendered":"Pied d&rsquo;enceinte\t\t\t\t\t\t\tCABASSE\t\t\t\tPieds Bibliotheque Noir x 2"},"content":{"rendered":"<div class=\"product-features__content\">\n<ul role=\"list\">\n<li class=\"product-features__item\" role=\"listitem\">\n<h3 class=\"product-features__label\">Caract\u00e9ristiques g\u00e9n\u00e9rales<\/h3>\n<ul role=\"list\">\n<li class=\"product-features__item-list__item\" role=\"listitem\"><span class=\"is--medium\">Type :<\/span> Pied pour enceinte\t\t\t\t\t<\/li>\n<li class=\"product-features__item-list__item\" role=\"listitem\"><span class=\"is--medium\">Compatibilit\u00e9 :<\/span> : \u00e0 la marque\t\t\t\t\t<\/li>\n<li class=\"product-features__item-list__item\" role=\"listitem\"><span class=\"is--medium\">Poids maximum support\u00e9 :<\/span> 50 kg\t\t\t\t\t<\/li>\n<li class=\"product-features__item-list__item\" role=\"listitem\"><span class=\"is--medium\">Ajustable en hauteur :<\/span> Non\t\t\t\t\t<\/li>\n<\/ul>\n<\/li>\n<li class=\"product-features__item\" role=\"listitem\">\n<h3 class=\"product-features__label\">Dimensions<\/h3>\n<ul role=\"list\">\n<li class=\"product-features__item-list__item\" role=\"listitem\"><span class=\"is--medium\">Poids :<\/span> 9 kg\t\t\t\t\t<\/li>\n<li class=\"product-features__item-list__item\" role=\"listitem\"><span class=\"is--medium\">Poids Brut (kg) :<\/span> 10.5\t\t\t\t\t<\/li>\n<\/ul>\n<\/li>\n<li class=\"product-features__item\" role=\"listitem\">\n<h3 class=\"product-features__label\">Informations compl\u00e9mentaires<\/h3>\n<ul role=\"list\">\n<li class=\"product-features__item-list__item\" role=\"listitem\"><span class=\"is--medium\">R\u00e9f\u00e9rence constructeur :<\/span> Pieds Bibliotheque Noir x 2\t\t\t\t\t<\/li>\n<li class=\"product-features__item-list__item\" role=\"listitem\"><span class=\"is--medium\">Marque :<\/span> CABASSE\t\t\t\t\t<\/li>\n<li class=\"product-features__item-list__item\" role=\"listitem\"><span class=\"is--medium\">Garantie :<\/span> 2 ans\t\t\t\t\t<\/li>\n<li class=\"product-features__item-list__item\" role=\"listitem\"><span class=\"is--medium\">Disponibilit\u00e9 des pi\u00e8ces d\u00e9tach\u00e9es (donn\u00e9es fournisseur) :<\/span> Pendant 2 ans, \u00e0 compter de la date de fabrication\t\t\t\t\t<\/li>\n<li class=\"product-features__item-list__item\" role=\"listitem\"><span class=\"is--medium\">Fabriqu\u00e9 en :<\/span> Chine\t\t\t\t\t<\/li>\n<\/ul>\n<\/li>\n<\/ul>\n<\/div>\n<div class=\"product__disclosure-content\">\n<div class=\"js-read-more product-description__content read-more read-more--truncated\" data-read-more-name=\"description\" style=\"max-height: 500px; overflow: hidden;\">\n<div class=\"product__description-content read-more\" style=\"\">\n<p>Pieds d&rsquo;enceinte Cabasse : l&rsquo;\u00e9l\u00e9gance et la performance au service de votre \u00e9coute<\/p>\n<h3> <img fetchpriority=\"high\" decoding=\"async\" ,=\"\" alt=\"Pied d'enceinte CABASSE Pieds Bibliotheque Noir x 2\" class=\"wy_tableau_gauche\" height=\"270\" src=\"https:\/\/boulanger.scene7.com\/is\/image\/Boulanger\/3700035116741_h_f_l_0?wid=400&amp;hei=270\" width=\"400\"\/>Design et technologie : l&rsquo;alliance parfaite                    <\/h3>\n<p>                        Les Pieds d&rsquo;enceinte Cabasse incarnent la rencontre entre esth\u00e9tique et innovation technologique. Inspir\u00e9s du pont Rialto, symbole v\u00e9nitien d&rsquo;union entre tradition et modernit\u00e9, ces pieds pour enceintes biblioth\u00e8que sont con\u00e7us pour s&rsquo;int\u00e9grer harmonieusement dans tout int\u00e9rieur. Leur finition en Noir Satin ou Blanc Satin, associ\u00e9e \u00e0 des lignes douces et arrondies, rappelle le design raffin\u00e9 des enceintes Murano. Ces supports \u00e9l\u00e9gants ne se contentent pas de sublimer votre espace : ils sont \u00e9galement le gage d&rsquo;une acoustique optimis\u00e9e gr\u00e2ce \u00e0 leur capacit\u00e9 \u00e0 accueillir les enceintes RIALTO, dot\u00e9es de haut-parleurs de graves brevet\u00e9s HELD et d&rsquo;une synergie parfaite entre amplification et haut-parleurs.                    <\/p>\n<\/p>\n<h3> <img decoding=\"async\" ,=\"\" alt=\"Pied d'enceinte CABASSE Pieds Bibliotheque Noir x 2\" class=\"wy_tableau_right\" height=\"270\" src=\"https:\/\/boulanger.scene7.com\/is\/image\/Boulanger\/3700035116741_h_f_l_1?wid=400&amp;hei=270\" width=\"400\"\/>Une exp\u00e9rience sonore sur-mesure                    <\/h3>\n<p>                        Les Pieds d&rsquo;enceinte Cabasse ne se limitent pas \u00e0 leur aspect visuel. Ils sont le socle d&rsquo;une exp\u00e9rience auditive sans pr\u00e9c\u00e9dent. Avec une capacit\u00e9 \u00e0 diffuser un son d&rsquo;une dynamique et pr\u00e9sence \u00e9tonnante pour une enceinte biblioth\u00e8que, ces pieds supportent des enceintes capables de d\u00e9livrer un volume sonore max de 121 dB cr\u00eate st\u00e9r\u00e9o et une bande passante de 30 &#8211; 27 000 Hz. Leur conception permet une int\u00e9gration parfaite avec les syst\u00e8mes connect\u00e9s Cabasse, offrant ainsi la possibilit\u00e9 de cr\u00e9er des zones d&rsquo;\u00e9coute personnalis\u00e9es dans toute la maison. De plus, la calibration automatique de salle brevet\u00e9e Cabasse assure une qualit\u00e9 d&rsquo;\u00e9coute optimale, adapt\u00e9e \u00e0 chaque int\u00e9rieur. Ces pieds d&rsquo;enceinte sont donc l&rsquo;accessoire id\u00e9al pour ceux qui cherchent \u00e0 allier design sophistiqu\u00e9 et performance acoustique de haut niveau.                    <\/p>\n<\/p><\/div>\n<\/p>\n<\/div>\n<p><bl-button a11yexpanded=\"false\" arialabel=\"Afficher toute la description\" class=\"read-more__btn\" full=\"false\" link=\"true\"><\/bl-button><\/div>","protected":false},"excerpt":{"rendered":"<div class=\"keypoints\">\n<h3 class=\"keypoints__title\">Les points cl\u00e9s<\/h3>\n<ul role=\"list\">\n<li class=\"keypoints__item\" role=\"listitem\">                                        Compatibilit\u00e9 : : \u00e0 la marque                      <\/li>\n<li class=\"keypoints__item\" role=\"listitem\">                                        9 kg                      <\/li>\n<li class=\"keypoints__item keypoints__item--advantage\" role=\"listitem\"><strong>Le + :<\/strong> Les 4 pointes de d\u00e9couplage et le syst\u00e8me passe-c\u00e2bles pour une int\u00e9gration harmonieuse      <\/li>\n<\/ul>","protected":false},"featured_media":84139,"template":"","meta":{"_glsr_average":0,"_glsr_ranking":0,"_glsr_reviews":0},"product_cat":[466,465],"product_tag":[468,467,451],"class_list":{"0":"post-84140","1":"product","2":"type-product","3":"status-publish","4":"has-post-thumbnail","6":"product_cat-support-pied-denceinte","7":"product_cat-support-meuble-tv-image-son","8":"product_tag-support-pied-denceinte","9":"product_tag-support-meuble-2","10":"product_tag-tv-image-son","12":"first","13":"instock","14":"sale","15":"shipping-taxable","16":"purchasable","17":"product-type-simple"},"_links":{"self":[{"href":"https:\/\/electromenagerexpress.com\/en\/wp-json\/wp\/v2\/product\/84140","targetHints":{"allow":["GET"]}}],"collection":[{"href":"https:\/\/electromenagerexpress.com\/en\/wp-json\/wp\/v2\/product"}],"about":[{"href":"https:\/\/electromenagerexpress.com\/en\/wp-json\/wp\/v2\/types\/product"}],"wp:featuredmedia":[{"embeddable":true,"href":"https:\/\/electromenagerexpress.com\/en\/wp-json\/wp\/v2\/media\/84139"}],"wp:attachment":[{"href":"https:\/\/electromenagerexpress.com\/en\/wp-json\/wp\/v2\/media?parent=84140"}],"wp:term":[{"taxonomy":"product_cat","embeddable":true,"href":"https:\/\/electromenagerexpress.com\/en\/wp-json\/wp\/v2\/product_cat?post=84140"},{"taxonomy":"product_tag","embeddable":true,"href":"https:\/\/electromenagerexpress.com\/en\/wp-json\/wp\/v2\/product_tag?post=84140"}],"curies":[{"name":"wp","href":"https:\/\/api.w.org\/{rel}","templated":true}]}}