{"id":83978,"date":"2024-11-24T15:58:49","date_gmt":"2024-11-24T15:58:49","guid":{"rendered":"https:\/\/electromenagerexpress.com\/product\/pied-tvone-for-allwm7481-32-70-pouces-noyer-metal-dore\/"},"modified":"2024-11-24T15:58:53","modified_gmt":"2024-11-24T15:58:53","slug":"pied-tvone-for-allwm7481-32-70-pouces-noyer-metal-dore","status":"publish","type":"product","link":"https:\/\/electromenagerexpress.com\/en\/product\/pied-tvone-for-allwm7481-32-70-pouces-noyer-metal-dore\/","title":{"rendered":"Pied TV\t\t\t\t\t\t\tONE FOR ALL\t\t\t\tWM7481 32-70 pouces noyer &#8211; m\u00e9tal dor\u00e9"},"content":{"rendered":"<div class=\"product-features__content\">\n<ul role=\"list\">\n<li class=\"product-features__item\" role=\"listitem\">\n<h3 class=\"product-features__label\">Caract\u00e9ristiques g\u00e9n\u00e9rales<\/h3>\n<ul role=\"list\">\n<li class=\"product-features__item-list__item\" role=\"listitem\"><span class=\"is--medium\">Type :<\/span> Pied\t\t\t\t\t<\/li>\n<li class=\"product-features__item-list__item\" role=\"listitem\"><span class=\"is--medium\">Installation :<\/span> A poser\t\t\t\t\t<\/li>\n<li class=\"product-features__item-list__item\" role=\"listitem\"><span class=\"is--medium\">Orientation maximale :<\/span> 0 \u00b0\t\t\t\t\t<\/li>\n<li class=\"product-features__item-list__item\" role=\"listitem\"><span class=\"is--medium\">Inclinaison maximale :<\/span> 0 \u00b0\t\t\t\t\t<\/li>\n<li class=\"product-features__item-list__item\" role=\"listitem\"><span class=\"is--medium\">Mati\u00e8re :<\/span> M\u00e9tal\t\t\t\t\t<\/li>\n<li class=\"product-features__item-list__item\" role=\"listitem\"><span class=\"is--medium\">Sp\u00e9cificit\u00e9s :<\/span> Support de t\u00e9l\u00e9viseur universel pour t\u00e9l\u00e9viseurs QLED, OLED, LED jusqu&rsquo;\u00e0 70&Prime;. Dissimulez vos \u00e9quipements derri\u00e8re l&rsquo;\u00e9l\u00e9gante paroi magn\u00e9tique en tissus. Support de barre de son universel inclus. Mati\u00e8res bois et m\u00e9tal. Garantie \u00e0 vie.\t\t\t\t\t<\/li>\n<li class=\"product-features__item-list__item\" role=\"listitem\"><span class=\"is--medium\">Coloris :<\/span> Noyer\t\t\t\t\t<\/li>\n<li class=\"product-features__item-list__item\" role=\"listitem\"><span class=\"is--medium\">Orientation :<\/span> Fixe\t\t\t\t\t<\/li>\n<\/ul>\n<\/li>\n<li class=\"product-features__item\" role=\"listitem\">\n<h3 class=\"product-features__label\">TV Compatible<\/h3>\n<ul role=\"list\">\n<li class=\"product-features__item-list__item\" role=\"listitem\"><span class=\"is--medium\">Poids support\u00e9 :<\/span> 50,0 kg\t\t\t\t\t<\/li>\n<li class=\"product-features__item-list__item\" role=\"listitem\"><span class=\"is--medium\">Diagonale (en cm) :<\/span> de 81 \u00e0 178 cm\t\t\t\t\t<\/li>\n<li class=\"product-features__item-list__item\" role=\"listitem\"><span class=\"is--medium\">Diagonale TV :<\/span> de 32 \u00e0 70&Prime;\t\t\t\t\t<\/li>\n<\/ul>\n<\/li>\n<li class=\"product-features__item\" role=\"listitem\">\n<h3 class=\"product-features__label\">Compatibilit\u00e9(s) VESA<\/h3>\n<ul role=\"list\">\n<li class=\"product-features__item-list__item\" role=\"listitem\"><span class=\"is--medium\">Compatibilit\u00e9(s) VESA :<\/span> 200&#215;100, 200&#215;200, 300&#215;200, 300&#215;300, 400&#215;200, 400&#215;300, 400&#215;400\t\t\t\t\t<\/li>\n<\/ul>\n<\/li>\n<li class=\"product-features__item\" role=\"listitem\">\n<h3 class=\"product-features__label\">Option(s)<\/h3>\n<ul role=\"list\">\n<li class=\"product-features__item-list__item\" role=\"listitem\"><span class=\"is--medium\">Cache-c\u00e2ble int\u00e9gr\u00e9 :<\/span> Oui\t\t\t\t\t<\/li>\n<li class=\"product-features__item-list__item\" role=\"listitem\"><span class=\"is--medium\">Support motoris\u00e9 :<\/span> Non\t\t\t\t\t<\/li>\n<li class=\"product-features__item-list__item\" role=\"listitem\"><span class=\"is--medium\">Niveau \u00e0 bulle int\u00e9gr\u00e9 :<\/span> Non\t\t\t\t\t<\/li>\n<li class=\"product-features__item-list__item\" role=\"listitem\"><span class=\"is--medium\">Syst\u00e8me anti-vol :<\/span> Non\t\t\t\t\t<\/li>\n<li class=\"product-features__item-list__item\" role=\"listitem\"><span class=\"is--medium\">Support barre de son :<\/span> Oui\t\t\t\t\t<\/li>\n<li class=\"product-features__item-list__item\" role=\"listitem\"><span class=\"is--medium\">Tablette(s) :<\/span> Non\t\t\t\t\t<\/li>\n<li class=\"product-features__item-list__item\" role=\"listitem\"><span class=\"is--medium\">Roulettes :<\/span> Non\t\t\t\t\t<\/li>\n<li class=\"product-features__item-list__item\" role=\"listitem\"><span class=\"is--medium\">Plateau tournant :<\/span> Non\t\t\t\t\t<\/li>\n<li class=\"product-features__item-list__item\" role=\"listitem\"><span class=\"is--medium\">Ultra-mince :<\/span> Non\t\t\t\t\t<\/li>\n<li class=\"product-features__item-list__item\" role=\"listitem\"><span class=\"is--medium\">Id\u00e9al pour TV OLED :<\/span> Oui\t\t\t\t\t<\/li>\n<\/ul>\n<\/li>\n<li class=\"product-features__item\" role=\"listitem\">\n<h3 class=\"product-features__label\">Dimensions<\/h3>\n<ul role=\"list\">\n<li class=\"product-features__item-list__item\" role=\"listitem\"><span class=\"is--medium\">Hauteur produit (cm) :<\/span> 87.3\t\t\t\t\t<\/li>\n<li class=\"product-features__item-list__item\" role=\"listitem\"><span class=\"is--medium\">Largeur produit (cm) :<\/span> 138.5\t\t\t\t\t<\/li>\n<li class=\"product-features__item-list__item\" role=\"listitem\"><span class=\"is--medium\">Profondeur produit (cm) :<\/span> 42\t\t\t\t\t<\/li>\n<li class=\"product-features__item-list__item\" role=\"listitem\"><span class=\"is--medium\">Poids :<\/span> 8 kg\t\t\t\t\t<\/li>\n<\/ul>\n<\/li>\n<li class=\"product-features__item\" role=\"listitem\">\n<h3 class=\"product-features__label\">Informations compl\u00e9mentaires<\/h3>\n<ul role=\"list\">\n<li class=\"product-features__item-list__item\" role=\"listitem\"><span class=\"is--medium\">Fabriqu\u00e9 en :<\/span> Chine\t\t\t\t\t<\/li>\n<li class=\"product-features__item-list__item\" role=\"listitem\"><span class=\"is--medium\">Dur\u00e9e de la garantie (Pi\u00e8ces et main d&rsquo;oeuvre pour un produit neuf vendu par Boulanger) :<\/span> 2 ans\t\t\t\t\t<\/li>\n<li class=\"product-features__item-list__item\" role=\"listitem\"><span class=\"is--medium\">Disponibilit\u00e9 des pi\u00e8ces d\u00e9tach\u00e9es (donn\u00e9es fournisseur) :<\/span> Pas de pi\u00e8ce disponible\t\t\t\t\t<\/li>\n<li class=\"product-features__item-list__item\" role=\"listitem\"><span class=\"is--medium\">R\u00e9f\u00e9rence constructeur :<\/span> WM7481 32-70 pouces noyer &#8211; m\u00e9tal dor\u00e9\t\t\t\t\t<\/li>\n<li class=\"product-features__item-list__item\" role=\"listitem\"><span class=\"is--medium\">Marque :<\/span> ONE FOR ALL\t\t\t\t\t<\/li>\n<\/ul>\n<\/li>\n<\/ul>\n<\/div>\n<div class=\"product__disclosure-content\">\n<div class=\"js-read-more product-description__content read-more read-more--truncated\" data-read-more-name=\"description\" style=\"max-height: 500px; overflow: hidden;\">\n<p>Un meuble unique pour soutenir votre \u00e9cran de t\u00e9l\u00e9vision mais aussi votre syst\u00e8me son, c&rsquo;est possible gr\u00e2ce au pied de sol Falcon de One For All.<\/p>\n<h3><img fetchpriority=\"high\" decoding=\"async\" ,=\"\" alt=\"Pied de sol ONE FOR ALL WM7481 32-70 pou\" class=\"wy_tableau_gauche\" height=\"270\" src=\"https:\/\/boulanger.scene7.com\/is\/image\/Boulanger\/8716184072260_h_f_l_0?wid=400&amp;hei=270\" width=\"400\"\/>Pratique et astucieux<\/h3>\n<p>Gr\u00e2ce \u00e0 un design hors pair, le pied de sol Falcon de One For All <b>supporte votre t\u00e9l\u00e9viseur quelle que soit sa taille, jusqu&rsquo;aux \u00e9crans les plus larges<\/b> (jusqu&rsquo;\u00e0 70 pouces, soit 178 cm). Une <b>\u00e9l\u00e9gante paroi tapiss\u00e9e d&rsquo;un tissu doux et chic <\/b>s&rsquo;occupe de soutenir votre \u00e9cran et de dissimuler vos \u00e9quipements et vos c\u00e2bles, pour faire place nette dans votre int\u00e9rieur.<\/p>\n<p>Gr\u00e2ce \u00e0 de solides pieds en ch\u00eane, votre pied de sol Falcon de One For All supporte jusqu&rsquo;\u00e0 50 kilos de mat\u00e9riel audiovisuel pour vous assurer un confort et une allure hors pair. Le plus : <b>votre pied de sol falcon dispose d&rsquo;un support pour barre de son int\u00e9gr\u00e9<\/b>. R\u00e9sultat, profitez d&rsquo;une <b>immersion totale dans votre film ou votre divertissement<\/b> tout en \u00e9vitant le d\u00e9sordre des c\u00e2bles apparents.<\/p>\n<h3><img decoding=\"async\" ,=\"\" alt=\"Pied de sol ONE FOR ALL WM7481 32-70 pou\" class=\"wy_tableau_right\" height=\"270\" src=\"https:\/\/boulanger.scene7.com\/is\/image\/Boulanger\/8716184072260_h_f_l_1?wid=400&amp;hei=270\" width=\"400\"\/>Une intuitivit\u00e9 au service de l&rsquo;\u00e9l\u00e9gance<\/h3>\n<p>Gr\u00e2ce \u00e0 des crochets et des espaces sp\u00e9cialement pens\u00e9s pour faire passer discr\u00e8tement les c\u00e2bles de votre t\u00e9l\u00e9viseur, le pied de sol Falcon int\u00e8gre toute l&rsquo;innovation de One For All pour <b>dissimuler les c\u00e2bles disgracieux<\/b> : ils disparaissent derri\u00e8re sa paroi en tissu et se faufilent derri\u00e8re ses pieds, pour vous offrir un r\u00e9sultat net et styl\u00e9.<\/p>\n<p>C\u00f4t\u00e9 design, One For All signe avec ce support Falcon <b>un meuble tendance et \u00e9l\u00e9gant gr\u00e2ce \u00e0 des mat\u00e9riaux nobles et des couleurs neutres<\/b> qui apporteront une atmosph\u00e8re chaleureuse \u00e0 votre int\u00e9rieur. La paroi en tissu qui supporte votre \u00e9cran dispose quant \u00e0 elle de la <b>norme VESA pour le montage de votre t\u00e9l\u00e9viseur<\/b> : c&rsquo;est la garantie d&rsquo;une tenue longue dur\u00e9e et performante.<\/p>\n<\/p>\n<\/div>\n<p><bl-button a11yexpanded=\"false\" arialabel=\"Afficher toute la description\" class=\"read-more__btn\" full=\"false\" link=\"true\"><\/bl-button><\/div>","protected":false},"excerpt":{"rendered":"<div class=\"keypoints\">\n<h3 class=\"keypoints__title\">Les points cl\u00e9s<\/h3>\n<ul role=\"list\">\n<li class=\"keypoints__item\" role=\"listitem\">                                        Diagonale TV : de 32 \u00e0 70&Prime;                      <\/li>\n<li class=\"keypoints__item\" role=\"listitem\">                          Poids support\u00e9 : 50 kg &#8211;                                                      Fixe                      <\/li>\n<li class=\"keypoints__item\" role=\"listitem\">                                        Guide c\u00e2bles, Support barre de son, Id\u00e9al pour TV OLED                      <\/li>\n<li class=\"keypoints__item keypoints__item--advantage\" role=\"listitem\"><strong>Le + :<\/strong> Compatible QLED \/ OLED \/ LED jusqu&rsquo;\u00e0 70 \u00a0\u00bb      <\/li>\n<\/ul>","protected":false},"featured_media":83977,"template":"","meta":{"_glsr_average":0,"_glsr_ranking":0,"_glsr_reviews":0},"product_cat":[463],"product_tag":[461,464,451],"class_list":{"0":"post-83978","1":"product","2":"type-product","3":"status-publish","4":"has-post-thumbnail","6":"product_cat-support-tv","7":"product_tag-support-meuble","8":"product_tag-support-tv","9":"product_tag-tv-image-son","11":"first","12":"instock","13":"sale","14":"shipping-taxable","15":"purchasable","16":"product-type-simple"},"_links":{"self":[{"href":"https:\/\/electromenagerexpress.com\/en\/wp-json\/wp\/v2\/product\/83978","targetHints":{"allow":["GET"]}}],"collection":[{"href":"https:\/\/electromenagerexpress.com\/en\/wp-json\/wp\/v2\/product"}],"about":[{"href":"https:\/\/electromenagerexpress.com\/en\/wp-json\/wp\/v2\/types\/product"}],"wp:featuredmedia":[{"embeddable":true,"href":"https:\/\/electromenagerexpress.com\/en\/wp-json\/wp\/v2\/media\/83977"}],"wp:attachment":[{"href":"https:\/\/electromenagerexpress.com\/en\/wp-json\/wp\/v2\/media?parent=83978"}],"wp:term":[{"taxonomy":"product_cat","embeddable":true,"href":"https:\/\/electromenagerexpress.com\/en\/wp-json\/wp\/v2\/product_cat?post=83978"},{"taxonomy":"product_tag","embeddable":true,"href":"https:\/\/electromenagerexpress.com\/en\/wp-json\/wp\/v2\/product_tag?post=83978"}],"curies":[{"name":"wp","href":"https:\/\/api.w.org\/{rel}","templated":true}]}}