{"id":83973,"date":"2024-11-24T15:58:43","date_gmt":"2024-11-24T15:58:43","guid":{"rendered":"https:\/\/electromenagerexpress.com\/product\/pied-tverardkana1400xl-bois-40-a-80-pouces\/"},"modified":"2024-11-24T15:58:46","modified_gmt":"2024-11-24T15:58:46","slug":"pied-tverardkana1400xl-bois-40-a-80-pouces","status":"publish","type":"product","link":"https:\/\/electromenagerexpress.com\/en\/product\/pied-tverardkana1400xl-bois-40-a-80-pouces\/","title":{"rendered":"Pied TV\t\t\t\t\t\t\tERARD\t\t\t\tKANA1400XL BOIS 40 \u00e0 80 pouces"},"content":{"rendered":"<div class=\"product-features__content\">\n<ul role=\"list\">\n<li class=\"product-features__item\" role=\"listitem\">\n<h3 class=\"product-features__label\">Caract\u00e9ristiques g\u00e9n\u00e9rales<\/h3>\n<ul role=\"list\">\n<li class=\"product-features__item-list__item\" role=\"listitem\"><span class=\"is--medium\">Type :<\/span> Pied\t\t\t\t\t<\/li>\n<li class=\"product-features__item-list__item\" role=\"listitem\"><span class=\"is--medium\">Installation :<\/span> Sur pied\t\t\t\t\t<\/li>\n<li class=\"product-features__item-list__item\" role=\"listitem\"><span class=\"is--medium\">Orientation maximale :<\/span> 360 \u00b0\t\t\t\t\t<\/li>\n<li class=\"product-features__item-list__item\" role=\"listitem\"><span class=\"is--medium\">Inclinaison maximale :<\/span> 0 \u00b0\t\t\t\t\t<\/li>\n<li class=\"product-features__item-list__item\" role=\"listitem\"><span class=\"is--medium\">Mati\u00e8re :<\/span> Bois\t\t\t\t\t<\/li>\n<li class=\"product-features__item-list__item\" role=\"listitem\"><span class=\"is--medium\">Coloris :<\/span> Ch\u00eane clair\t\t\t\t\t<\/li>\n<li class=\"product-features__item-list__item\" role=\"listitem\"><span class=\"is--medium\">Orientation :<\/span> R\u00e9glable en hauteur\t\t\t\t\t<\/li>\n<\/ul>\n<\/li>\n<li class=\"product-features__item\" role=\"listitem\">\n<h3 class=\"product-features__label\">TV Compatible<\/h3>\n<ul role=\"list\">\n<li class=\"product-features__item-list__item\" role=\"listitem\"><span class=\"is--medium\">Poids support\u00e9 :<\/span> 50,0 kg\t\t\t\t\t<\/li>\n<li class=\"product-features__item-list__item\" role=\"listitem\"><span class=\"is--medium\">Diagonale (en cm) :<\/span> de 102 \u00e0 203 cm\t\t\t\t\t<\/li>\n<li class=\"product-features__item-list__item\" role=\"listitem\"><span class=\"is--medium\">Diagonale TV :<\/span> de 40 \u00e0 80&Prime;\t\t\t\t\t<\/li>\n<\/ul>\n<\/li>\n<li class=\"product-features__item\" role=\"listitem\">\n<h3 class=\"product-features__label\">Compatibilit\u00e9(s) VESA<\/h3>\n<ul role=\"list\">\n<li class=\"product-features__item-list__item\" role=\"listitem\"><span class=\"is--medium\">Compatibilit\u00e9(s) VESA :<\/span> 200&#215;200, 200&#215;300, 200&#215;400, 300&#215;200, 300&#215;300, 300&#215;400, 400&#215;200, 400&#215;300, 400&#215;400, 500&#215;200, 500&#215;300, 500&#215;400, 600&#215;200, 600&#215;300, 600&#215;400\t\t\t\t\t<\/li>\n<\/ul>\n<\/li>\n<li class=\"product-features__item\" role=\"listitem\">\n<h3 class=\"product-features__label\">Option(s)<\/h3>\n<ul role=\"list\">\n<li class=\"product-features__item-list__item\" role=\"listitem\"><span class=\"is--medium\">Cache-c\u00e2ble int\u00e9gr\u00e9 :<\/span> Oui\t\t\t\t\t<\/li>\n<li class=\"product-features__item-list__item\" role=\"listitem\"><span class=\"is--medium\">Support motoris\u00e9 :<\/span> Non\t\t\t\t\t<\/li>\n<li class=\"product-features__item-list__item\" role=\"listitem\"><span class=\"is--medium\">Niveau \u00e0 bulle int\u00e9gr\u00e9 :<\/span> Non\t\t\t\t\t<\/li>\n<li class=\"product-features__item-list__item\" role=\"listitem\"><span class=\"is--medium\">Syst\u00e8me anti-vol :<\/span> Non\t\t\t\t\t<\/li>\n<li class=\"product-features__item-list__item\" role=\"listitem\"><span class=\"is--medium\">Support barre de son :<\/span> Non\t\t\t\t\t<\/li>\n<li class=\"product-features__item-list__item\" role=\"listitem\"><span class=\"is--medium\">Tablette(s) :<\/span> Non\t\t\t\t\t<\/li>\n<li class=\"product-features__item-list__item\" role=\"listitem\"><span class=\"is--medium\">Roulettes :<\/span> Oui\t\t\t\t\t<\/li>\n<li class=\"product-features__item-list__item\" role=\"listitem\"><span class=\"is--medium\">Plateau tournant :<\/span> Non\t\t\t\t\t<\/li>\n<li class=\"product-features__item-list__item\" role=\"listitem\"><span class=\"is--medium\">Ultra-mince :<\/span> Non\t\t\t\t\t<\/li>\n<li class=\"product-features__item-list__item\" role=\"listitem\"><span class=\"is--medium\">Id\u00e9al pour TV OLED :<\/span> Non\t\t\t\t\t<\/li>\n<\/ul>\n<\/li>\n<li class=\"product-features__item\" role=\"listitem\">\n<h3 class=\"product-features__label\">Dimensions<\/h3>\n<ul role=\"list\">\n<li class=\"product-features__item-list__item\" role=\"listitem\"><span class=\"is--medium\">Hauteur produit (cm) :<\/span> 127\t\t\t\t\t<\/li>\n<li class=\"product-features__item-list__item\" role=\"listitem\"><span class=\"is--medium\">Largeur produit (cm) :<\/span> 63.7\t\t\t\t\t<\/li>\n<li class=\"product-features__item-list__item\" role=\"listitem\"><span class=\"is--medium\">Profondeur produit (cm) :<\/span> 50.4\t\t\t\t\t<\/li>\n<li class=\"product-features__item-list__item\" role=\"listitem\"><span class=\"is--medium\">Poids :<\/span> 9 kg\t\t\t\t\t<\/li>\n<\/ul>\n<\/li>\n<li class=\"product-features__item\" role=\"listitem\">\n<h3 class=\"product-features__label\">Informations compl\u00e9mentaires<\/h3>\n<ul role=\"list\">\n<li class=\"product-features__item-list__item\" role=\"listitem\"><span class=\"is--medium\">Fabriqu\u00e9 en :<\/span> France\t\t\t\t\t<\/li>\n<li class=\"product-features__item-list__item\" role=\"listitem\"><span class=\"is--medium\">Dur\u00e9e de la garantie (Pi\u00e8ces et main d&rsquo;oeuvre pour un produit neuf vendu par Boulanger) :<\/span> 2 ans\t\t\t\t\t<\/li>\n<li class=\"product-features__item-list__item\" role=\"listitem\"><span class=\"is--medium\">Disponibilit\u00e9 des pi\u00e8ces d\u00e9tach\u00e9es (donn\u00e9es fournisseur) :<\/span> Pas de pi\u00e8ce disponible\t\t\t\t\t<\/li>\n<li class=\"product-features__item-list__item\" role=\"listitem\"><span class=\"is--medium\">R\u00e9f\u00e9rence constructeur :<\/span> KANA1400XL BOIS 40 \u00e0 80 pouces\t\t\t\t\t<\/li>\n<li class=\"product-features__item-list__item\" role=\"listitem\"><span class=\"is--medium\">Marque :<\/span> ERARD\t\t\t\t\t<\/li>\n<\/ul>\n<\/li>\n<\/ul>\n<\/div>\n<div class=\"product__disclosure-content\">\n<div class=\"js-read-more product-description__content read-more read-more--truncated\" data-read-more-name=\"description\" style=\"max-height: 500px; overflow: hidden;\">\n<div class=\"product__description-content read-more\" style=\"\">\n<p>Pied TV ERARD KANA1400XL BOIS : L&rsquo;\u00e9l\u00e9gance et la fonctionnalit\u00e9 pour votre \u00e9cran<\/p>\n<h3> <img fetchpriority=\"high\" decoding=\"async\" ,=\"\" alt=\"Pied TV ERARD KANA1400XL BOIS 40 \u00e0 80 pouces\" class=\"wy_tableau_gauche\" height=\"270\" src=\"https:\/\/boulanger.scene7.com\/is\/image\/Boulanger\/3185280393404_h_f_l_0?wid=400&amp;hei=270\" width=\"400\"\/>Design raffin\u00e9 et compatibilit\u00e9 universelle                    <\/h3>\n<p>                        Le Pied TV ERARD KANA1400XL BOIS se distingue par son esth\u00e9tique soign\u00e9e, avec une colonne en h\u00eatre contre coll\u00e9 massif, d&rsquo;une \u00e9paisseur de 52 mm et finie avec un vernis polyur\u00e9thane couleur ch\u00eane clair, qui apporte une touche chaleureuse \u00e0 tout int\u00e9rieur. Les pieds robustes en acier, d&rsquo;une \u00e9paisseur de 6 mm et rev\u00eatus d&rsquo;une peinture \u00e9poxy noire, garantissent une stabilit\u00e9 optimale. Con\u00e7u pour accueillir des \u00e9crans de 40 \u00e0 80 pouces (101 cm \u00e0 203 cm) et d&rsquo;une \u00e9paisseur maximale de 100 mm, ce pied TV est compatible avec une large gamme de standards VESA, allant de 200&#215;200 \u00e0 600&#215;400, assurant ainsi une compatibilit\u00e9 universelle avec les \u00e9crans LCD, LED, QLED, OLED et miniLED.                    <\/p>\n<\/p>\n<h3> <img decoding=\"async\" ,=\"\" alt=\"Pied TV ERARD KANA1400XL BOIS 40 \u00e0 80 pouces\" class=\"wy_tableau_right\" height=\"270\" src=\"https:\/\/boulanger.scene7.com\/is\/image\/Boulanger\/3185280393404_h_r_l_0?wid=400&amp;hei=270\" width=\"400\"\/>Flexibilit\u00e9 et gestion pratique des c\u00e2bles                    <\/h3>\n<p>                        Le KANA1400XL offre une flexibilit\u00e9 d&rsquo;utilisation gr\u00e2ce \u00e0 ses 4 roulettes multidirectionnelles en nylon de diam\u00e8tre 65 mm avec bandes de roulement en \u00e9lastom\u00e8re, et ses 4 patins fixes en polypropyl\u00e8ne de diam\u00e8tre 57 mm, ajustables en hauteur. Ces options permettent de choisir entre une solution mobile ou fixe selon les besoins. La gestion des c\u00e2bles est simplifi\u00e9e par une goulotte pleine hauteur \u00e0 l&rsquo;arri\u00e8re de la colonne, maintenant l&rsquo;ordre et l&rsquo;esth\u00e9tique de l&rsquo;espace. Le montage est accessible \u00e0 une personne et peut \u00eatre r\u00e9alis\u00e9 en 30 minutes, avec une visserie adapt\u00e9e aux \u00e9crans OLED et un syst\u00e8me de s\u00e9curit\u00e9 anti-d\u00e9crochement. De plus, le pied peut \u00eatre personnalis\u00e9 avec des accessoires optionnels tels que KANA Tablette, KANA Sound et KANA Player, pour une exp\u00e9rience audiovisuelle encore plus compl\u00e8te.                    <\/p>\n<\/p><\/div>\n<\/p>\n<\/div>\n<p><bl-button a11yexpanded=\"false\" arialabel=\"Afficher toute la description\" class=\"read-more__btn\" full=\"false\" link=\"true\"><\/bl-button><\/div>","protected":false},"excerpt":{"rendered":"<div class=\"keypoints\">\n<h3 class=\"keypoints__title\">Les points cl\u00e9s<\/h3>\n<ul role=\"list\">\n<li class=\"keypoints__item\" role=\"listitem\">                                        Diagonale TV : de 40 \u00e0 80&Prime;                      <\/li>\n<li class=\"keypoints__item\" role=\"listitem\">                          Poids support\u00e9 : 50 kg &#8211;                                                      R\u00e9glable en hauteur                      <\/li>\n<li class=\"keypoints__item\" role=\"listitem\">                                        Guide c\u00e2bles, \u00c0 roulettes                      <\/li>\n<li class=\"keypoints__item keypoints__item--advantage\" role=\"listitem\"><strong>Le + :<\/strong> R\u00e9glage de la hauteur de l&rsquo;\u00e9cran sur toute la longueur de la colonne      <\/li>\n<\/ul>","protected":false},"featured_media":83972,"template":"","meta":{"_glsr_average":0,"_glsr_ranking":0,"_glsr_reviews":0},"product_cat":[463],"product_tag":[461,464,451],"class_list":{"0":"post-83973","1":"product","2":"type-product","3":"status-publish","4":"has-post-thumbnail","6":"product_cat-support-tv","7":"product_tag-support-meuble","8":"product_tag-support-tv","9":"product_tag-tv-image-son","11":"first","12":"instock","13":"sale","14":"shipping-taxable","15":"purchasable","16":"product-type-simple"},"_links":{"self":[{"href":"https:\/\/electromenagerexpress.com\/en\/wp-json\/wp\/v2\/product\/83973","targetHints":{"allow":["GET"]}}],"collection":[{"href":"https:\/\/electromenagerexpress.com\/en\/wp-json\/wp\/v2\/product"}],"about":[{"href":"https:\/\/electromenagerexpress.com\/en\/wp-json\/wp\/v2\/types\/product"}],"wp:featuredmedia":[{"embeddable":true,"href":"https:\/\/electromenagerexpress.com\/en\/wp-json\/wp\/v2\/media\/83972"}],"wp:attachment":[{"href":"https:\/\/electromenagerexpress.com\/en\/wp-json\/wp\/v2\/media?parent=83973"}],"wp:term":[{"taxonomy":"product_cat","embeddable":true,"href":"https:\/\/electromenagerexpress.com\/en\/wp-json\/wp\/v2\/product_cat?post=83973"},{"taxonomy":"product_tag","embeddable":true,"href":"https:\/\/electromenagerexpress.com\/en\/wp-json\/wp\/v2\/product_tag?post=83973"}],"curies":[{"name":"wp","href":"https:\/\/api.w.org\/{rel}","templated":true}]}}