{"id":83967,"date":"2024-11-24T15:58:38","date_gmt":"2024-11-24T15:58:38","guid":{"rendered":"https:\/\/electromenagerexpress.com\/product\/pied-denceintesonospied-pour-sonos-era-100-blanc-x2\/"},"modified":"2024-11-24T15:58:38","modified_gmt":"2024-11-24T15:58:38","slug":"pied-denceintesonospied-pour-sonos-era-100-blanc-x2","status":"publish","type":"product","link":"https:\/\/electromenagerexpress.com\/en\/product\/pied-denceintesonospied-pour-sonos-era-100-blanc-x2\/","title":{"rendered":"Pied d&rsquo;enceinte\t\t\t\t\t\t\tSONOS\t\t\t\tPied pour Sonos Era 100 Blanc x2"},"content":{"rendered":"<div class=\"product-features__content\">\n<ul role=\"list\">\n<li class=\"product-features__item\" role=\"listitem\">\n<h3 class=\"product-features__label\">Caract\u00e9ristiques g\u00e9n\u00e9rales<\/h3>\n<ul role=\"list\">\n<li class=\"product-features__item-list__item\" role=\"listitem\"><span class=\"is--medium\">Type :<\/span> Pied pour enceinte\t\t\t\t\t<\/li>\n<li class=\"product-features__item-list__item\" role=\"listitem\"><span class=\"is--medium\">Compatibilit\u00e9 :<\/span> : \u00e0 la marque\t\t\t\t\t<\/li>\n<li class=\"product-features__item-list__item\" role=\"listitem\"><span class=\"is--medium\">Sp\u00e9cificit\u00e9s :<\/span> Un passe-c\u00e2ble int\u00e9gr\u00e9 au montant du pied dissimule le c\u00e2ble d&rsquo;alimentation de l&rsquo;enceinte afin de faciliter la gestion des c\u00e2bles\t\t\t\t\t<\/li>\n<li class=\"product-features__item-list__item\" role=\"listitem\"><span class=\"is--medium\">Produit Compatibilite :<\/span> Sonos Era 100\t\t\t\t\t<\/li>\n<\/ul>\n<\/li>\n<li class=\"product-features__item\" role=\"listitem\">\n<h3 class=\"product-features__label\">Dimensions<\/h3>\n<ul role=\"list\">\n<li class=\"product-features__item-list__item\" role=\"listitem\"><span class=\"is--medium\">Poids :<\/span> 9 kg\t\t\t\t\t<\/li>\n<\/ul>\n<\/li>\n<li class=\"product-features__item\" role=\"listitem\">\n<h3 class=\"product-features__label\">Informations compl\u00e9mentaires<\/h3>\n<ul role=\"list\">\n<li class=\"product-features__item-list__item\" role=\"listitem\"><span class=\"is--medium\">R\u00e9f\u00e9rence constructeur :<\/span> Pied pour Sonos Era 100 Blanc x2\t\t\t\t\t<\/li>\n<li class=\"product-features__item-list__item\" role=\"listitem\"><span class=\"is--medium\">Marque :<\/span> SONOS\t\t\t\t\t<\/li>\n<li class=\"product-features__item-list__item\" role=\"listitem\"><span class=\"is--medium\">Garantie :<\/span> 2 ans\t\t\t\t\t<\/li>\n<li class=\"product-features__item-list__item\" role=\"listitem\"><span class=\"is--medium\">Disponibilit\u00e9 des pi\u00e8ces d\u00e9tach\u00e9es (donn\u00e9es fournisseur) :<\/span> Pas de pi\u00e8ce disponible\t\t\t\t\t<\/li>\n<li class=\"product-features__item-list__item\" role=\"listitem\"><span class=\"is--medium\">Fabriqu\u00e9 en :<\/span> Chine\t\t\t\t\t<\/li>\n<\/ul>\n<\/li>\n<\/ul>\n<\/div>","protected":false},"excerpt":{"rendered":"<div class=\"keypoints\">\n<h3 class=\"keypoints__title\">Les points cl\u00e9s<\/h3>\n<ul role=\"list\">\n<li class=\"keypoints__item\" role=\"listitem\">                                        Compatibilit\u00e9 : : \u00e0 la marque                      <\/li>\n<li class=\"keypoints__item\" role=\"listitem\">                                        Produit Compatibilite : Sonos Era 100                      <\/li>\n<li class=\"keypoints__item\" role=\"listitem\">                                        9 kg                      <\/li>\n<li class=\"keypoints__item keypoints__item--advantage\" role=\"listitem\"><strong>Le + :<\/strong> Optimiser le placement de vos enceintes pour une \u00e9coute st\u00e9r\u00e9o ou un son surround      <\/li>\n<\/ul>","protected":false},"featured_media":83966,"template":"","meta":{"_glsr_average":0,"_glsr_ranking":0,"_glsr_reviews":0},"product_cat":[466,465],"product_tag":[468,467,451],"class_list":{"0":"post-83967","1":"product","2":"type-product","3":"status-publish","4":"has-post-thumbnail","6":"product_cat-support-pied-denceinte","7":"product_cat-support-meuble-tv-image-son","8":"product_tag-support-pied-denceinte","9":"product_tag-support-meuble-2","10":"product_tag-tv-image-son","12":"first","13":"instock","14":"sale","15":"shipping-taxable","16":"purchasable","17":"product-type-simple"},"_links":{"self":[{"href":"https:\/\/electromenagerexpress.com\/en\/wp-json\/wp\/v2\/product\/83967","targetHints":{"allow":["GET"]}}],"collection":[{"href":"https:\/\/electromenagerexpress.com\/en\/wp-json\/wp\/v2\/product"}],"about":[{"href":"https:\/\/electromenagerexpress.com\/en\/wp-json\/wp\/v2\/types\/product"}],"wp:featuredmedia":[{"embeddable":true,"href":"https:\/\/electromenagerexpress.com\/en\/wp-json\/wp\/v2\/media\/83966"}],"wp:attachment":[{"href":"https:\/\/electromenagerexpress.com\/en\/wp-json\/wp\/v2\/media?parent=83967"}],"wp:term":[{"taxonomy":"product_cat","embeddable":true,"href":"https:\/\/electromenagerexpress.com\/en\/wp-json\/wp\/v2\/product_cat?post=83967"},{"taxonomy":"product_tag","embeddable":true,"href":"https:\/\/electromenagerexpress.com\/en\/wp-json\/wp\/v2\/product_tag?post=83967"}],"curies":[{"name":"wp","href":"https:\/\/api.w.org\/{rel}","templated":true}]}}