{"id":83943,"date":"2024-11-24T15:58:13","date_gmt":"2024-11-24T15:58:13","guid":{"rendered":"https:\/\/electromenagerexpress.com\/product\/support-mural-tvvogelselite-tvm-5855-55-100\/"},"modified":"2024-11-24T15:58:20","modified_gmt":"2024-11-24T15:58:20","slug":"support-mural-tvvogelselite-tvm-5855-55-100","status":"publish","type":"product","link":"https:\/\/electromenagerexpress.com\/en\/product\/support-mural-tvvogelselite-tvm-5855-55-100\/","title":{"rendered":"Support mural TV\t\t\t\t\t\t\tVOGEL&rsquo;S\t\t\t\tELITE TVM 5855 55-100\u00a0\u00bb"},"content":{"rendered":"<div class=\"product-features__content\">\n<ul role=\"list\">\n<li class=\"product-features__item\" role=\"listitem\">\n<h3 class=\"product-features__label\">Caract\u00e9ristiques g\u00e9n\u00e9rales<\/h3>\n<ul role=\"list\">\n<li class=\"product-features__item-list__item\" role=\"listitem\"><span class=\"is--medium\">Type :<\/span> Support mural TV\t\t\t\t\t<\/li>\n<li class=\"product-features__item-list__item\" role=\"listitem\"><span class=\"is--medium\">Installation :<\/span> Murale\t\t\t\t\t<\/li>\n<li class=\"product-features__item-list__item\" role=\"listitem\"><span class=\"is--medium\">Orientation maximale :<\/span> 120 \u00b0\t\t\t\t\t<\/li>\n<li class=\"product-features__item-list__item\" role=\"listitem\"><span class=\"is--medium\">Inclinaison maximale :<\/span> 0 \u00b0\t\t\t\t\t<\/li>\n<li class=\"product-features__item-list__item\" role=\"listitem\"><span class=\"is--medium\">Mati\u00e8re :<\/span> Acier et Aluminium\t\t\t\t\t<\/li>\n<li class=\"product-features__item-list__item\" role=\"listitem\"><span class=\"is--medium\">Format du support :<\/span> Bras articul\u00e9\t\t\t\t\t<\/li>\n<li class=\"product-features__item-list__item\" role=\"listitem\"><span class=\"is--medium\">Coloris :<\/span> Noir\t\t\t\t\t<\/li>\n<li class=\"product-features__item-list__item\" role=\"listitem\"><span class=\"is--medium\">Orientation :<\/span> Orientable\t\t\t\t\t<\/li>\n<\/ul>\n<\/li>\n<li class=\"product-features__item\" role=\"listitem\">\n<h3 class=\"product-features__label\">TV Compatible<\/h3>\n<ul role=\"list\">\n<li class=\"product-features__item-list__item\" role=\"listitem\"><span class=\"is--medium\">Distance min. avec le mur :<\/span> 4,5 cm\t\t\t\t\t<\/li>\n<li class=\"product-features__item-list__item\" role=\"listitem\"><span class=\"is--medium\">Poids support\u00e9 :<\/span> 75,0 kg\t\t\t\t\t<\/li>\n<li class=\"product-features__item-list__item\" role=\"listitem\"><span class=\"is--medium\">Diagonale (en cm) :<\/span> de 140 \u00e0 254 cm\t\t\t\t\t<\/li>\n<li class=\"product-features__item-list__item\" role=\"listitem\"><span class=\"is--medium\">Diagonale TV :<\/span> de 55 \u00e0 100&Prime;\t\t\t\t\t<\/li>\n<\/ul>\n<\/li>\n<li class=\"product-features__item\" role=\"listitem\">\n<h3 class=\"product-features__label\">Compatibilit\u00e9(s) VESA<\/h3>\n<ul role=\"list\">\n<li class=\"product-features__item-list__item\" role=\"listitem\"><span class=\"is--medium\">Compatibilit\u00e9(s) VESA :<\/span> 200&#215;200, 300&#215;200, 300&#215;300, 400&#215;200, 400&#215;300, 400&#215;400, 500&#215;200, 500&#215;300, 500&#215;400, 600&#215;200, 600&#215;300, 600&#215;400\t\t\t\t\t<\/li>\n<\/ul>\n<\/li>\n<li class=\"product-features__item\" role=\"listitem\">\n<h3 class=\"product-features__label\">Option(s)<\/h3>\n<ul role=\"list\">\n<li class=\"product-features__item-list__item\" role=\"listitem\"><span class=\"is--medium\">Cache-c\u00e2ble int\u00e9gr\u00e9 :<\/span> Oui\t\t\t\t\t<\/li>\n<li class=\"product-features__item-list__item\" role=\"listitem\"><span class=\"is--medium\">Support motoris\u00e9 :<\/span> Non\t\t\t\t\t<\/li>\n<li class=\"product-features__item-list__item\" role=\"listitem\"><span class=\"is--medium\">Niveau \u00e0 bulle int\u00e9gr\u00e9 :<\/span> Oui\t\t\t\t\t<\/li>\n<li class=\"product-features__item-list__item\" role=\"listitem\"><span class=\"is--medium\">Syst\u00e8me anti-vol :<\/span> Non\t\t\t\t\t<\/li>\n<li class=\"product-features__item-list__item\" role=\"listitem\"><span class=\"is--medium\">Support barre de son :<\/span> Non\t\t\t\t\t<\/li>\n<li class=\"product-features__item-list__item\" role=\"listitem\"><span class=\"is--medium\">Tablette(s) :<\/span> Non\t\t\t\t\t<\/li>\n<li class=\"product-features__item-list__item\" role=\"listitem\"><span class=\"is--medium\">Roulettes :<\/span> Non\t\t\t\t\t<\/li>\n<li class=\"product-features__item-list__item\" role=\"listitem\"><span class=\"is--medium\">Plateau tournant :<\/span> Non\t\t\t\t\t<\/li>\n<li class=\"product-features__item-list__item\" role=\"listitem\"><span class=\"is--medium\">Ultra-mince :<\/span> Oui\t\t\t\t\t<\/li>\n<li class=\"product-features__item-list__item\" role=\"listitem\"><span class=\"is--medium\">Id\u00e9al pour TV OLED :<\/span> Oui\t\t\t\t\t<\/li>\n<\/ul>\n<\/li>\n<li class=\"product-features__item\" role=\"listitem\">\n<h3 class=\"product-features__label\">Dimensions<\/h3>\n<ul role=\"list\">\n<li class=\"product-features__item-list__item\" role=\"listitem\"><span class=\"is--medium\">Hauteur produit (cm) :<\/span> 47.5\t\t\t\t\t<\/li>\n<li class=\"product-features__item-list__item\" role=\"listitem\"><span class=\"is--medium\">Largeur produit (cm) :<\/span> 87\t\t\t\t\t<\/li>\n<li class=\"product-features__item-list__item\" role=\"listitem\"><span class=\"is--medium\">Profondeur produit (cm) :<\/span> 5.8\t\t\t\t\t<\/li>\n<li class=\"product-features__item-list__item\" role=\"listitem\"><span class=\"is--medium\">Poids :<\/span> 11 kg\t\t\t\t\t<\/li>\n<\/ul>\n<\/li>\n<li class=\"product-features__item\" role=\"listitem\">\n<h3 class=\"product-features__label\">Informations compl\u00e9mentaires<\/h3>\n<ul role=\"list\">\n<li class=\"product-features__item-list__item\" role=\"listitem\"><span class=\"is--medium\">Fabriqu\u00e9 en :<\/span> Chine\t\t\t\t\t<\/li>\n<li class=\"product-features__item-list__item\" role=\"listitem\"><span class=\"is--medium\">Dur\u00e9e de la garantie (Pi\u00e8ces et main d&rsquo;oeuvre pour un produit neuf vendu par Boulanger) :<\/span> 2 ans\t\t\t\t\t<\/li>\n<li class=\"product-features__item-list__item\" role=\"listitem\"><span class=\"is--medium\">Disponibilit\u00e9 des pi\u00e8ces d\u00e9tach\u00e9es (donn\u00e9es fournisseur) :<\/span> Pas de pi\u00e8ce disponible\t\t\t\t\t<\/li>\n<li class=\"product-features__item-list__item\" role=\"listitem\"><span class=\"is--medium\">R\u00e9f\u00e9rence constructeur :<\/span> ELITE TVM 5855 55-100\u00a0\u00bb\t\t\t\t\t<\/li>\n<li class=\"product-features__item-list__item\" role=\"listitem\"><span class=\"is--medium\">Marque :<\/span> VOGEL&rsquo;S\t\t\t\t\t<\/li>\n<\/ul>\n<\/li>\n<\/ul>\n<\/div>\n<div class=\"product__disclosure-content\">\n<div class=\"js-read-more product-description__content read-more read-more--truncated\" data-read-more-name=\"description\" style=\"max-height: 500px; overflow: hidden;\">\n<p>Offrez \u00e0 votre \u00e9cran de t\u00e9l\u00e9vision haut de gamme un meuble discret pour le soutenir et le faire pivoter selon vos envies, avec le support mural TVM 5855 de Vogel&rsquo;s.<\/p>\n<h3><img fetchpriority=\"high\" decoding=\"async\" ,=\"\" alt=\"Support mural VOGEL'S ELITE TVM 5855 55-\" class=\"wy_tableau_gauche\" height=\"270\" src=\"https:\/\/boulanger.scene7.com\/is\/image\/Boulanger\/8712285354809_h_f_l_0?wid=400&amp;hei=270\" width=\"400\"\/>\u00c9l\u00e9gance et performance<\/h3>\n<p>Gr\u00e2ce \u00e0 un design ultra-fin et \u00e9l\u00e9gant, le support mural TV Full-Motion+ int\u00e8gre toute l&rsquo;innovation de Vogel&rsquo;s pour <b>installer votre \u00e9cran \u00e0 seulement 4 cm du mur<\/b> pour un gain de place hors pair et une \u00e9l\u00e9gance imbattable ; des patchs souples prot\u00e8gent l&rsquo;arri\u00e8re de votre \u00e9cran tandis que la mise \u00e0 niveau intuitive gr\u00e2ce \u00e0 un niveau \u00e0 bulle vous garantit un angle parfait.<\/p>\n<p>C\u00f4t\u00e9 design, Vogel&rsquo;s signe avec ce support TVM 5855 <b>un meuble discret et \u00e9l\u00e9gant gr\u00e2ce \u00e0 des mat\u00e9riaux nobles et des finitions m\u00e9talliques sombres<\/b> qui apportent une atmosph\u00e8re chaleureuse \u00e0 votre int\u00e9rieur. C&rsquo;est la garantie d&rsquo;une tenue longue dur\u00e9e et performante et l&rsquo;id\u00e9al pour les amateurs de design.<\/p>\n<h3><img decoding=\"async\" ,=\"\" alt=\"Support mural VOGEL'S ELITE TVM 5855 55-\" class=\"wy_tableau_right\" height=\"270\" src=\"https:\/\/boulanger.scene7.com\/is\/image\/Boulanger\/8712285354809_h_f_l_1?wid=400&amp;hei=270\" width=\"400\"\/>Performance et confort au quotidien<\/h3>\n<p>Gr\u00e2ce \u00e0 un design hors pair, le support mural TVM 5855 de Vogel&rsquo;s <b>supporte votre t\u00e9l\u00e9viseur quelle que soit sa taille, jusqu&rsquo;aux \u00e9crans les plus lourds pesant jusqu&rsquo;\u00e0 75 kilos<\/b>. Une <b>solide structure en acier<\/b> s&rsquo;occupe de soutenir votre installation et de <b>faire pivoter votre \u00e9cran jusqu&rsquo;\u00e0 180\u00b0<\/b> d&rsquo;un simple mouvement du doigt gr\u00e2ce aux roulements du mouvement fluide OneFinger.<\/p>\n<p>Gr\u00e2ce \u00e0 une solide structure en acier robuste, votre support mural TVM 5855 de Vogel&rsquo;s supporte jusqu&rsquo;\u00e0 75 kilos de mat\u00e9riel audiovisuel et les \u00e9crans haut de gamme OLED \/ QLED de 55 \u00e0 100 pouces pour vous assurer un confort et une allure hors pair. Profitez d&rsquo;une <b>immersion totale dans votre divertissement<\/b> depuis tous les angles de votre pi\u00e8ce.<\/p>\n<\/p>\n<\/div>\n<p><bl-button a11yexpanded=\"false\" arialabel=\"Afficher toute la description\" class=\"read-more__btn\" full=\"false\" link=\"true\"><\/bl-button><\/div>","protected":false},"excerpt":{"rendered":"<div class=\"keypoints\">\n<h3 class=\"keypoints__title\">Les points cl\u00e9s<\/h3>\n<ul role=\"list\">\n<li class=\"keypoints__item\" role=\"listitem\">                                        Diagonale TV : de 55 \u00e0 100&Prime;                      <\/li>\n<li class=\"keypoints__item\" role=\"listitem\">                          Poids support\u00e9 : 75 kg &#8211;                                                      Orientable                      <\/li>\n<li class=\"keypoints__item\" role=\"listitem\">                                        Niveau \u00e0 bulle, Guide c\u00e2bles, Ultra-mince, Id\u00e9al pour TV OLED                      <\/li>\n<li class=\"keypoints__item keypoints__item--advantage\" role=\"listitem\"><strong>Le + :<\/strong> ultra mince et solide : id\u00e9al pour les grands t\u00e9l\u00e9viseurs OLED\/QLED      <\/li>\n<\/ul>","protected":false},"featured_media":83942,"template":"","meta":{"_glsr_average":0,"_glsr_ranking":0,"_glsr_reviews":0},"product_cat":[463],"product_tag":[461,464,451],"class_list":{"0":"post-83943","1":"product","2":"type-product","3":"status-publish","4":"has-post-thumbnail","6":"product_cat-support-tv","7":"product_tag-support-meuble","8":"product_tag-support-tv","9":"product_tag-tv-image-son","11":"first","12":"instock","13":"sale","14":"shipping-taxable","15":"purchasable","16":"product-type-simple"},"_links":{"self":[{"href":"https:\/\/electromenagerexpress.com\/en\/wp-json\/wp\/v2\/product\/83943","targetHints":{"allow":["GET"]}}],"collection":[{"href":"https:\/\/electromenagerexpress.com\/en\/wp-json\/wp\/v2\/product"}],"about":[{"href":"https:\/\/electromenagerexpress.com\/en\/wp-json\/wp\/v2\/types\/product"}],"wp:featuredmedia":[{"embeddable":true,"href":"https:\/\/electromenagerexpress.com\/en\/wp-json\/wp\/v2\/media\/83942"}],"wp:attachment":[{"href":"https:\/\/electromenagerexpress.com\/en\/wp-json\/wp\/v2\/media?parent=83943"}],"wp:term":[{"taxonomy":"product_cat","embeddable":true,"href":"https:\/\/electromenagerexpress.com\/en\/wp-json\/wp\/v2\/product_cat?post=83943"},{"taxonomy":"product_tag","embeddable":true,"href":"https:\/\/electromenagerexpress.com\/en\/wp-json\/wp\/v2\/product_tag?post=83943"}],"curies":[{"name":"wp","href":"https:\/\/api.w.org\/{rel}","templated":true}]}}