{"id":83848,"date":"2024-11-24T15:56:44","date_gmt":"2024-11-24T15:56:44","guid":{"rendered":"https:\/\/electromenagerexpress.com\/product\/meuble-tvnorstoneesse-curve-noir-laque-noir-32-60-p\/"},"modified":"2024-11-24T15:56:50","modified_gmt":"2024-11-24T15:56:50","slug":"meuble-tvnorstoneesse-curve-noir-laque-noir-32-60-p","status":"publish","type":"product","link":"https:\/\/electromenagerexpress.com\/en\/product\/meuble-tvnorstoneesse-curve-noir-laque-noir-32-60-p\/","title":{"rendered":"Meuble TV\t\t\t\t\t\t\tNORSTONE\t\t\t\tEsse Curve noir laqu\u00e9\/noir 32-60 P"},"content":{"rendered":"<div class=\"product-features__content\">\n<ul role=\"list\">\n<li class=\"product-features__item\" role=\"listitem\">\n<h3 class=\"product-features__label\">Les + de ce mod\u00e8le<\/h3>\n<ul role=\"list\">\n<li class=\"product-features__item-list__item\" role=\"listitem\"><span class=\"is--medium\">Avantages :<\/span> Sp\u00e9cialement con\u00e7u pour les \u00e9crans incurv\u00e9s\t\t\t\t\t<\/li>\n<\/ul>\n<\/li>\n<li class=\"product-features__item\" role=\"listitem\">\n<h3 class=\"product-features__label\">Caract\u00e9ristiques g\u00e9n\u00e9rales<\/h3>\n<ul role=\"list\">\n<li class=\"product-features__item-list__item\" role=\"listitem\"><span class=\"is--medium\">Installation :<\/span> A monter soi-m\u00eame\t\t\t\t\t<\/li>\n<li class=\"product-features__item-list__item\" role=\"listitem\"><span class=\"is--medium\">Forme du meuble :<\/span> Droit\t\t\t\t\t<\/li>\n<li class=\"product-features__item-list__item\" role=\"listitem\"><span class=\"is--medium\">Recommand\u00e9 pour un t\u00e9l\u00e9viseur de :<\/span> jusqu&rsquo;\u00e0 60 pouces\t\t\t\t\t<\/li>\n<li class=\"product-features__item-list__item\" role=\"listitem\"><span class=\"is--medium\">Cache c\u00e2ble :<\/span> Non\t\t\t\t\t<\/li>\n<li class=\"product-features__item-list__item\" role=\"listitem\"><span class=\"is--medium\">Roulettes int\u00e9gr\u00e9es :<\/span> Non\t\t\t\t\t<\/li>\n<li class=\"product-features__item-list__item\" role=\"listitem\"><span class=\"is--medium\">Support TV int\u00e9gr\u00e9 :<\/span> Non\t\t\t\t\t<\/li>\n<\/ul>\n<\/li>\n<li class=\"product-features__item\" role=\"listitem\">\n<h3 class=\"product-features__label\">Structure<\/h3>\n<ul role=\"list\">\n<li class=\"product-features__item-list__item\" role=\"listitem\"><span class=\"is--medium\">Mat\u00e9riau :<\/span> Acier\t\t\t\t\t<\/li>\n<li class=\"product-features__item-list__item\" role=\"listitem\"><span class=\"is--medium\">Coloris :<\/span> Noir\t\t\t\t\t<\/li>\n<li class=\"product-features__item-list__item\" role=\"listitem\"><span class=\"is--medium\">Commentaire :<\/span> Laqu\u00e9 \u00e9poxy noir brillant\t\t\t\t\t<\/li>\n<\/ul>\n<\/li>\n<li class=\"product-features__item\" role=\"listitem\">\n<h3 class=\"product-features__label\">Etag\u00e8re principale<\/h3>\n<ul role=\"list\">\n<li class=\"product-features__item-list__item\" role=\"listitem\"><span class=\"is--medium\">Mat\u00e9riau :<\/span> Verre tremp\u00e9\t\t\t\t\t<\/li>\n<li class=\"product-features__item-list__item\" role=\"listitem\"><span class=\"is--medium\">Coloris :<\/span> Noir\t\t\t\t\t<\/li>\n<li class=\"product-features__item-list__item\" role=\"listitem\"><span class=\"is--medium\">Poids support\u00e9 :<\/span> 80 kg\t\t\t\t\t<\/li>\n<\/ul>\n<\/li>\n<li class=\"product-features__item\" role=\"listitem\">\n<h3 class=\"product-features__label\">Etag\u00e8re(s) secondaire(s)<\/h3>\n<ul role=\"list\">\n<li class=\"product-features__item-list__item\" role=\"listitem\"><span class=\"is--medium\">Nombre :<\/span> 2\t\t\t\t\t<\/li>\n<li class=\"product-features__item-list__item\" role=\"listitem\"><span class=\"is--medium\">Mat\u00e9riau :<\/span> Verre\t\t\t\t\t<\/li>\n<li class=\"product-features__item-list__item\" role=\"listitem\"><span class=\"is--medium\">Coloris :<\/span> Noir\t\t\t\t\t<\/li>\n<li class=\"product-features__item-list__item\" role=\"listitem\"><span class=\"is--medium\">Poids support\u00e9(s) :<\/span> 50 kg\t\t\t\t\t<\/li>\n<\/ul>\n<\/li>\n<li class=\"product-features__item\" role=\"listitem\">\n<h3 class=\"product-features__label\">Dimensions<\/h3>\n<ul role=\"list\">\n<li class=\"product-features__item-list__item\" role=\"listitem\"><span class=\"is--medium\">LxHxP :<\/span> 150 x 52.9 x 46 cm\t\t\t\t\t<\/li>\n<li class=\"product-features__item-list__item\" role=\"listitem\"><span class=\"is--medium\">Poids :<\/span> 42,5 kg\t\t\t\t\t<\/li>\n<\/ul>\n<\/li>\n<li class=\"product-features__item\" role=\"listitem\">\n<h3 class=\"product-features__label\">Informations compl\u00e9mentaires<\/h3>\n<ul role=\"list\">\n<li class=\"product-features__item-list__item\" role=\"listitem\"><span class=\"is--medium\">Fabriqu\u00e9 en :<\/span> France\t\t\t\t\t<\/li>\n<li class=\"product-features__item-list__item\" role=\"listitem\"><span class=\"is--medium\">Garantie :<\/span> 2 ans\t\t\t\t\t<\/li>\n<li class=\"product-features__item-list__item\" role=\"listitem\"><span class=\"is--medium\">Disponibilit\u00e9 des pi\u00e8ces d\u00e9tach\u00e9es (donn\u00e9es fournisseur) :<\/span> Pas de pi\u00e8ce disponible\t\t\t\t\t<\/li>\n<li class=\"product-features__item-list__item\" role=\"listitem\"><span class=\"is--medium\">R\u00e9f\u00e9rence constructeur :<\/span> ESSE CURVE NOIR LAQUE\/NOIR 1.5M 32-60P\t\t\t\t\t<\/li>\n<li class=\"product-features__item-list__item\" role=\"listitem\"><span class=\"is--medium\">Marque :<\/span> NORSTONE\t\t\t\t\t<\/li>\n<\/ul>\n<\/li>\n<\/ul>\n<\/div>\n<div class=\"product__disclosure-content\">\n<div class=\"js-read-more product-description__content read-more read-more--truncated\" data-read-more-name=\"description\" style=\"max-height: 500px; overflow: hidden;\">\n<div class=\"product__description-content read-more\" style=\"\">\n<p>Meuble TV NORSTONE Esse Curve noir laqu\u00e9\/noir 32-60 P : L&rsquo;\u00e9l\u00e9gance au service de la technologie<\/p>\n<h3> <img fetchpriority=\"high\" decoding=\"async\" ,=\"\" alt=\"Meuble TV NORSTONE Esse Curve noir laqu\u00e9\/noir 32-60 P\" class=\"wy_tableau_gauche\" height=\"270\" src=\"https:\/\/boulanger.scene7.com\/is\/image\/Boulanger\/3760221803145_h_f_l_0?wid=400&amp;hei=270\" width=\"400\"\/>Design contemporain et robustesse                    <\/h3>\n<p>                        Le Meuble TV NORSTONE Esse Curve, avec sa finition noire brillante et sa structure en acier laqu\u00e9 \u00e9poxy, est le compagnon id\u00e9al pour les \u00e9crans incurv\u00e9s de derni\u00e8re g\u00e9n\u00e9ration. Sa conception sp\u00e9cifique r\u00e9pond aux besoins des utilisateurs en qu\u00eate d&rsquo;un meuble alliant esth\u00e9tique et fonctionnalit\u00e9. Les \u00e9tag\u00e8res en verre tremp\u00e9 noir, non seulement ajoutent une touche d&rsquo;\u00e9l\u00e9gance, mais offrent \u00e9galement une solidit\u00e9 \u00e0 toute \u00e9preuve, avec une charge maximale de 80 kg sur l&rsquo;\u00e9tag\u00e8re sup\u00e9rieure et de 50 kg sur les \u00e9tag\u00e8res internes. Les dimensions g\u00e9n\u00e9reuses de 1500 x 529 x 460 mm assurent un espace optimal pour accueillir des \u00e9crans allant jusqu&rsquo;\u00e0 60 pouces, tandis que la hauteur entre les \u00e9tag\u00e8res de 189,5 mm permet d&rsquo;int\u00e9grer ais\u00e9ment vos appareils audio-vid\u00e9o.                    <\/p>\n<\/p>\n<h3> <img decoding=\"async\" ,=\"\" alt=\"Meuble TV NORSTONE Esse Curve noir laqu\u00e9\/noir 32-60 P\" class=\"wy_tableau_right\" height=\"270\" src=\"https:\/\/boulanger.scene7.com\/is\/image\/Boulanger\/3760221803145_h_f_l_1?wid=400&amp;hei=270\" width=\"400\"\/>Facilit\u00e9 de montage et compatibilit\u00e9                    <\/h3>\n<p>                        Livr\u00e9 d\u00e9mont\u00e9, le Meuble TV NORSTONE Esse Curve est con\u00e7u pour une installation ais\u00e9e gr\u00e2ce \u00e0 la visserie, au plan et \u00e0 l&rsquo;outillage fournis. Les dimensions du carton de 1530 x 155 x 550 mm et un poids brut de 46,9 kg garantissent un transport s\u00e9curis\u00e9 jusqu&rsquo;\u00e0 votre domicile. Le code SKU NORESSCURBKBK et le code EAN 3760221803138 facilitent l&rsquo;identification du produit. Ce meuble TV est \u00e9galement compatible avec d&rsquo;autres \u00e9l\u00e9ments de la gamme NORSTONE, tels que l&rsquo;ESSE Mini, l&rsquo;ESSE Stand, l&rsquo;ESSE Hifi et l&rsquo;ESSE VINYL, permettant ainsi de cr\u00e9er un ensemble harmonieux et fonctionnel pour votre espace home-cinema.                    <\/p>\n<\/p><\/div>\n<\/p>\n<\/div>\n<p><bl-button a11yexpanded=\"false\" arialabel=\"Afficher toute la description\" class=\"read-more__btn\" full=\"false\" link=\"true\"><\/bl-button><\/div>","protected":false},"excerpt":{"rendered":"<div class=\"keypoints\">\n<h3 class=\"keypoints__title\">Les points cl\u00e9s<\/h3>\n<ul role=\"list\">\n<li class=\"keypoints__item\" role=\"listitem\">                                        Garantie : 2 ans                      <\/li>\n<li class=\"keypoints__item\" role=\"listitem\">                                        A monter soi-m\u00eame                      <\/li>\n<li class=\"keypoints__item\" role=\"listitem\">                                        LxHxP : 150 x 52.9 x 46 cm                      <\/li>\n<li class=\"keypoints__item\" role=\"listitem\">                                        M\u00e9tal                      <\/li>\n<li class=\"keypoints__item keypoints__item--advantage\" role=\"listitem\"><strong>Le + :<\/strong> Sp\u00e9cialement con\u00e7u pour les \u00e9crans incurv\u00e9s      <\/li>\n<\/ul>","protected":false},"featured_media":83847,"template":"","meta":{"_glsr_average":0,"_glsr_ranking":0,"_glsr_reviews":0},"product_cat":[460],"product_tag":[462,461,451],"class_list":{"0":"post-83848","1":"product","2":"type-product","3":"status-publish","4":"has-post-thumbnail","6":"product_cat-meuble-tv","7":"product_tag-meuble-tv","8":"product_tag-support-meuble","9":"product_tag-tv-image-son","11":"first","12":"instock","13":"sale","14":"shipping-taxable","15":"purchasable","16":"product-type-simple"},"_links":{"self":[{"href":"https:\/\/electromenagerexpress.com\/en\/wp-json\/wp\/v2\/product\/83848","targetHints":{"allow":["GET"]}}],"collection":[{"href":"https:\/\/electromenagerexpress.com\/en\/wp-json\/wp\/v2\/product"}],"about":[{"href":"https:\/\/electromenagerexpress.com\/en\/wp-json\/wp\/v2\/types\/product"}],"wp:featuredmedia":[{"embeddable":true,"href":"https:\/\/electromenagerexpress.com\/en\/wp-json\/wp\/v2\/media\/83847"}],"wp:attachment":[{"href":"https:\/\/electromenagerexpress.com\/en\/wp-json\/wp\/v2\/media?parent=83848"}],"wp:term":[{"taxonomy":"product_cat","embeddable":true,"href":"https:\/\/electromenagerexpress.com\/en\/wp-json\/wp\/v2\/product_cat?post=83848"},{"taxonomy":"product_tag","embeddable":true,"href":"https:\/\/electromenagerexpress.com\/en\/wp-json\/wp\/v2\/product_tag?post=83848"}],"curies":[{"name":"wp","href":"https:\/\/api.w.org\/{rel}","templated":true}]}}