{"id":83766,"date":"2024-11-24T15:55:20","date_gmt":"2024-11-24T15:55:20","guid":{"rendered":"https:\/\/electromenagerexpress.com\/product\/meuble-tvsonorousstudio-sta-200-blanc-gris-porte-textile\/"},"modified":"2024-11-24T15:55:21","modified_gmt":"2024-11-24T15:55:21","slug":"meuble-tvsonorousstudio-sta-200-blanc-gris-porte-textile","status":"publish","type":"product","link":"https:\/\/electromenagerexpress.com\/en\/product\/meuble-tvsonorousstudio-sta-200-blanc-gris-porte-textile\/","title":{"rendered":"Meuble TV\t\t\t\t\t\t\tSONOROUS\t\t\t\tStudio STA 200 Blanc-Gris Porte Textile"},"content":{"rendered":"<div class=\"product-features__content\">\n<ul role=\"list\">\n<li class=\"product-features__item\" role=\"listitem\">\n<h3 class=\"product-features__label\">Les + de ce mod\u00e8le<\/h3>\n<ul role=\"list\">\n<li class=\"product-features__item-list__item\" role=\"listitem\"><span class=\"is--medium\">Avantages :<\/span> Plateau sup\u00e9rieur et portes lat\u00e9rales en verre tremp\u00e9. Porte centrale abattante en textile acoustique pour piloter vos appareils et \u00e9coutez votre musique \u00e0 travers la porte. Espace d\u00e9di\u00e9 \u00e0 une barre de son. Roulettes int\u00e9gr\u00e9es.\t\t\t\t\t<\/li>\n<\/ul>\n<\/li>\n<li class=\"product-features__item\" role=\"listitem\">\n<h3 class=\"product-features__label\">Caract\u00e9ristiques g\u00e9n\u00e9rales<\/h3>\n<ul role=\"list\">\n<li class=\"product-features__item-list__item\" role=\"listitem\"><span class=\"is--medium\">Installation :<\/span> D\u00e9j\u00e0 mont\u00e9\t\t\t\t\t<\/li>\n<li class=\"product-features__item-list__item\" role=\"listitem\"><span class=\"is--medium\">Forme du meuble :<\/span> Droit\t\t\t\t\t<\/li>\n<li class=\"product-features__item-list__item\" role=\"listitem\"><span class=\"is--medium\">Recommand\u00e9 pour un t\u00e9l\u00e9viseur de :<\/span> jusqu&rsquo;\u00e0 85 pouces\t\t\t\t\t<\/li>\n<li class=\"product-features__item-list__item\" role=\"listitem\"><span class=\"is--medium\">Cache c\u00e2ble :<\/span> Oui\t\t\t\t\t<\/li>\n<li class=\"product-features__item-list__item\" role=\"listitem\"><span class=\"is--medium\">Roulettes int\u00e9gr\u00e9es :<\/span> Oui\t\t\t\t\t<\/li>\n<li class=\"product-features__item-list__item\" role=\"listitem\"><span class=\"is--medium\">Patins de protection int\u00e9gr\u00e9s :<\/span> Oui\t\t\t\t\t<\/li>\n<li class=\"product-features__item-list__item\" role=\"listitem\"><span class=\"is--medium\">Support TV int\u00e9gr\u00e9 :<\/span> Non\t\t\t\t\t<\/li>\n<\/ul>\n<\/li>\n<li class=\"product-features__item\" role=\"listitem\">\n<h3 class=\"product-features__label\">Structure<\/h3>\n<ul role=\"list\">\n<li class=\"product-features__item-list__item\" role=\"listitem\"><span class=\"is--medium\">Mat\u00e9riau :<\/span> Panneaux de particules et M\u00e9dium (MDF)\t\t\t\t\t<\/li>\n<li class=\"product-features__item-list__item\" role=\"listitem\"><span class=\"is--medium\">Proc\u00e9d\u00e9 :<\/span> M\u00e9lamin\u00e9\t\t\t\t\t<\/li>\n<li class=\"product-features__item-list__item\" role=\"listitem\"><span class=\"is--medium\">Coloris :<\/span> Blanc\t\t\t\t\t<\/li>\n<li class=\"product-features__item-list__item\" role=\"listitem\"><span class=\"is--medium\">Commentaire :<\/span> Porte centrale en textile acoustique grise.\t\t\t\t\t<\/li>\n<\/ul>\n<\/li>\n<li class=\"product-features__item\" role=\"listitem\">\n<h3 class=\"product-features__label\">Etag\u00e8re principale<\/h3>\n<ul role=\"list\">\n<li class=\"product-features__item-list__item\" role=\"listitem\"><span class=\"is--medium\">Mat\u00e9riau :<\/span> Bois\t\t\t\t\t<\/li>\n<li class=\"product-features__item-list__item\" role=\"listitem\"><span class=\"is--medium\">Poids support\u00e9 :<\/span> 25 kg\t\t\t\t\t<\/li>\n<\/ul>\n<\/li>\n<li class=\"product-features__item\" role=\"listitem\">\n<h3 class=\"product-features__label\">Porte<\/h3>\n<ul role=\"list\">\n<li class=\"product-features__item-list__item\" role=\"listitem\"><span class=\"is--medium\">Nombre :<\/span> 3\t\t\t\t\t<\/li>\n<li class=\"product-features__item-list__item\" role=\"listitem\"><span class=\"is--medium\">Mat\u00e9riau :<\/span> Tissu acoustique\t\t\t\t\t<\/li>\n<li class=\"product-features__item-list__item\" role=\"listitem\"><span class=\"is--medium\">Coloris :<\/span> Blanc\t\t\t\t\t<\/li>\n<li class=\"product-features__item-list__item\" role=\"listitem\"><span class=\"is--medium\">Commentaire :<\/span> Portes lat\u00e9rales en verre tremp\u00e9. Ouverture sur le cot\u00e9. Porte centrale abattante en textile acoustique pour piloter vos appareils et \u00e9coutez votre musique \u00e0 travers la porte.\t\t\t\t\t<\/li>\n<li class=\"product-features__item-list__item\" role=\"listitem\"><span class=\"is--medium\">Type de porte :<\/span> Ouverture par pression avec aimant poussoir\t\t\t\t\t<\/li>\n<li class=\"product-features__item-list__item\" role=\"listitem\"><span class=\"is--medium\">Permet de d\u00e9tecter le signal de la t\u00e9l\u00e9commande :<\/span> Oui\t\t\t\t\t<\/li>\n<\/ul>\n<\/li>\n<li class=\"product-features__item\" role=\"listitem\">\n<h3 class=\"product-features__label\">Dimensions<\/h3>\n<ul role=\"list\">\n<li class=\"product-features__item-list__item\" role=\"listitem\"><span class=\"is--medium\">LxHxP :<\/span> 200 x 39 x 45 cm\t\t\t\t\t<\/li>\n<li class=\"product-features__item-list__item\" role=\"listitem\"><span class=\"is--medium\">Poids :<\/span> 67,0 kg\t\t\t\t\t<\/li>\n<\/ul>\n<\/li>\n<li class=\"product-features__item\" role=\"listitem\">\n<h3 class=\"product-features__label\">Informations compl\u00e9mentaires<\/h3>\n<ul role=\"list\">\n<li class=\"product-features__item-list__item\" role=\"listitem\"><span class=\"is--medium\">Fabriqu\u00e9 en :<\/span> Turquie\t\t\t\t\t<\/li>\n<li class=\"product-features__item-list__item\" role=\"listitem\"><span class=\"is--medium\">Garantie :<\/span> 2 ans\t\t\t\t\t<\/li>\n<li class=\"product-features__item-list__item\" role=\"listitem\"><span class=\"is--medium\">Disponibilit\u00e9 des pi\u00e8ces d\u00e9tach\u00e9es (donn\u00e9es fournisseur) :<\/span> Pas de pi\u00e8ce disponible\t\t\t\t\t<\/li>\n<li class=\"product-features__item-list__item\" role=\"listitem\"><span class=\"is--medium\">R\u00e9f\u00e9rence constructeur :<\/span> Studio STA 200 Blanc-Gris Porte Textile\t\t\t\t\t<\/li>\n<li class=\"product-features__item-list__item\" role=\"listitem\"><span class=\"is--medium\">Marque :<\/span> SONOROUS\t\t\t\t\t<\/li>\n<\/ul>\n<\/li>\n<\/ul>\n<\/div>\n<div class=\"product__disclosure-content\">\n<div class=\"js-read-more product-description__content read-more read-more--truncated\" data-read-more-name=\"description\" style=\"max-height: 500px; overflow: hidden;\">\n<p>\u00c9purez votre int\u00e9rieur en toute simplicit\u00e9 avec le Meuble SONOROUS Studio STA 200, un meuble TV avec emplacement pour barre de son.<\/p>\n<h3><img fetchpriority=\"high\" decoding=\"async\" alt=\"Meuble SONOROUS Studio STA 200 Noir Port\" class=\"wy_tableau_gauche\" height=\"270\" src=\"https:\/\/boulanger.scene7.com\/is\/image\/Boulanger\/8699273500748_h_f_l_0?wid=400&amp;hei=270\" width=\"400\"\/>Une structure solide<\/h3>\n<p>En optant pour le Meuble SONOROUS Studio STA 200, vous ferez le choix de l&rsquo;\u00e9l\u00e9gance. Sa <strong>structure en bois MDF<\/strong> vous garantira une solidit\u00e9 sans faille. Le <strong>bois est recouvert de m\u00e9lamin\u00e9 mat<\/strong> qui ne marquera pas et se fondra dans tous les styles de d\u00e9corations. Ce bois est aussi <strong>plus facile \u00e0 nettoyer qu&rsquo;un bois brillant<\/strong>, un petit plus sur le plan de l&rsquo;entretien.<\/p>\n<p>Le Meuble SONOROUS Studio STA 200 est \u00e9quip\u00e9 d&rsquo;un <strong>plateau sup\u00e9rieur en verre tremp\u00e9<\/strong>. Ce plateau soutiendra parfaitement votre t\u00e9l\u00e9viseur tout en prot\u00e9geant la structure de votre meuble. La finition brillante du plateau incarne, quant \u00e0 elle, la petite touche de classe en plus. Et, gr\u00e2ce aux <strong>cloisons int\u00e9rieures avec trous<\/strong>, vous b\u00e9n\u00e9ficierez d&rsquo;un <strong>passage facile et d&rsquo;une gestion simplifi\u00e9e des c\u00e2bles<\/strong>.<\/p>\n<h3><img decoding=\"async\" alt=\"Meuble SONOROUS Studio STA 200 Noir Port\" class=\"wy_tableau_right\" height=\"270\" src=\"https:\/\/boulanger.scene7.com\/is\/image\/Boulanger\/8699273500748_h_f_l_1?wid=400&amp;hei=270\" width=\"400\"\/>Tout en praticit\u00e9<\/h3>\n<p>Pratique en tous points, le Meuble SONOROUS Studio STA 200 est livr\u00e9 d\u00e9j\u00e0 mont\u00e9, parfait pour les personnes qui n&rsquo;aiment pas bricoler. Au total, vous pourrez compter sur <strong>7 espaces de rangement<\/strong> dont un <strong>espace con\u00e7u sp\u00e9cifiquement pour la barre de son<\/strong>. \u00c0 l&rsquo;int\u00e9rieur du meuble, les <strong>\u00e9tag\u00e8res sont r\u00e9glables en hauteur<\/strong>, l&rsquo;id\u00e9al pour ajuster l&rsquo;espace en fonction de vos besoins.<\/p>\n<p>La <strong>double porte centrale abattante en textile acoustique<\/strong> favorisera la <strong>bonne diffusion du son<\/strong>. La porte du Meuble SONOROUS Studio STA 200 s&rsquo;ouvre par une simple pression et vous offrira un acc\u00e8s simplifi\u00e9 \u00e0 l&rsquo;int\u00e9rieur du meuble. Et, les <strong>roulettes int\u00e9gr\u00e9es<\/strong> sont con\u00e7ues pour ne pas marquer le sol tout en vous permettant de bouger le meuble facilement.<\/p>\n<\/p>\n<\/div>\n<p><bl-button a11yexpanded=\"false\" arialabel=\"Afficher toute la description\" class=\"read-more__btn\" full=\"false\" link=\"true\"><\/bl-button><\/div>","protected":false},"excerpt":{"rendered":"<div class=\"keypoints\">\n<h3 class=\"keypoints__title\">Les points cl\u00e9s<\/h3>\n<ul role=\"list\">\n<li class=\"keypoints__item\" role=\"listitem\">                                        Garantie : 2 ans                      <\/li>\n<li class=\"keypoints__item\" role=\"listitem\">                                        D\u00e9j\u00e0 mont\u00e9                      <\/li>\n<li class=\"keypoints__item\" role=\"listitem\">                                        LxHxP : 200 x 39 x 45 cm                      <\/li>\n<li class=\"keypoints__item\" role=\"listitem\">                                        Bois                      <\/li>\n<li class=\"keypoints__item keypoints__item--advantage\" role=\"listitem\"><strong>Le + :<\/strong> Un espace d\u00e9di\u00e9 \u00e0 une barre de son.      <\/li>\n<\/ul>","protected":false},"featured_media":83765,"template":"","meta":{"_glsr_average":0,"_glsr_ranking":0,"_glsr_reviews":0},"product_cat":[460],"product_tag":[462,461,451],"class_list":{"0":"post-83766","1":"product","2":"type-product","3":"status-publish","4":"has-post-thumbnail","6":"product_cat-meuble-tv","7":"product_tag-meuble-tv","8":"product_tag-support-meuble","9":"product_tag-tv-image-son","11":"first","12":"instock","13":"sale","14":"shipping-taxable","15":"purchasable","16":"product-type-simple"},"_links":{"self":[{"href":"https:\/\/electromenagerexpress.com\/en\/wp-json\/wp\/v2\/product\/83766","targetHints":{"allow":["GET"]}}],"collection":[{"href":"https:\/\/electromenagerexpress.com\/en\/wp-json\/wp\/v2\/product"}],"about":[{"href":"https:\/\/electromenagerexpress.com\/en\/wp-json\/wp\/v2\/types\/product"}],"wp:featuredmedia":[{"embeddable":true,"href":"https:\/\/electromenagerexpress.com\/en\/wp-json\/wp\/v2\/media\/83765"}],"wp:attachment":[{"href":"https:\/\/electromenagerexpress.com\/en\/wp-json\/wp\/v2\/media?parent=83766"}],"wp:term":[{"taxonomy":"product_cat","embeddable":true,"href":"https:\/\/electromenagerexpress.com\/en\/wp-json\/wp\/v2\/product_cat?post=83766"},{"taxonomy":"product_tag","embeddable":true,"href":"https:\/\/electromenagerexpress.com\/en\/wp-json\/wp\/v2\/product_tag?post=83766"}],"curies":[{"name":"wp","href":"https:\/\/api.w.org\/{rel}","templated":true}]}}