{"id":83760,"date":"2024-11-24T15:55:13","date_gmt":"2024-11-24T15:55:13","guid":{"rendered":"https:\/\/electromenagerexpress.com\/product\/meuble-tvsonorousstudio-sta-200-noir\/"},"modified":"2024-11-24T15:55:14","modified_gmt":"2024-11-24T15:55:14","slug":"meuble-tvsonorousstudio-sta-200-noir","status":"publish","type":"product","link":"https:\/\/electromenagerexpress.com\/en\/product\/meuble-tvsonorousstudio-sta-200-noir\/","title":{"rendered":"Meuble TV\t\t\t\t\t\t\tSONOROUS\t\t\t\tStudio STA 200 Noir"},"content":{"rendered":"<div class=\"product-features__content\">\n<ul role=\"list\">\n<li class=\"product-features__item\" role=\"listitem\">\n<h3 class=\"product-features__label\">Les + de ce mod\u00e8le<\/h3>\n<ul role=\"list\">\n<li class=\"product-features__item-list__item\" role=\"listitem\"><span class=\"is--medium\">Avantages :<\/span> Cloisons int\u00e9rieures \u00e9quip\u00e9es de trous permettant le passage des c\u00e2bles. Ouverture par pression avec aimant poussoir (valable pour les 2 types de portes). Espace d\u00e9di\u00e9 \u00e0 une barre de son.\t\t\t\t\t<\/li>\n<\/ul>\n<\/li>\n<li class=\"product-features__item\" role=\"listitem\">\n<h3 class=\"product-features__label\">Caract\u00e9ristiques g\u00e9n\u00e9rales<\/h3>\n<ul role=\"list\">\n<li class=\"product-features__item-list__item\" role=\"listitem\"><span class=\"is--medium\">Installation :<\/span> D\u00e9j\u00e0 mont\u00e9\t\t\t\t\t<\/li>\n<li class=\"product-features__item-list__item\" role=\"listitem\"><span class=\"is--medium\">Forme du meuble :<\/span> Droit\t\t\t\t\t<\/li>\n<li class=\"product-features__item-list__item\" role=\"listitem\"><span class=\"is--medium\">Recommand\u00e9 pour un t\u00e9l\u00e9viseur de :<\/span> jusqu&rsquo;\u00e0 85 pouces\t\t\t\t\t<\/li>\n<li class=\"product-features__item-list__item\" role=\"listitem\"><span class=\"is--medium\">Cache c\u00e2ble :<\/span> Oui\t\t\t\t\t<\/li>\n<li class=\"product-features__item-list__item\" role=\"listitem\"><span class=\"is--medium\">Roulettes int\u00e9gr\u00e9es :<\/span> Oui\t\t\t\t\t<\/li>\n<li class=\"product-features__item-list__item\" role=\"listitem\"><span class=\"is--medium\">Patins de protection int\u00e9gr\u00e9s :<\/span> Oui\t\t\t\t\t<\/li>\n<li class=\"product-features__item-list__item\" role=\"listitem\"><span class=\"is--medium\">Support TV int\u00e9gr\u00e9 :<\/span> Non\t\t\t\t\t<\/li>\n<\/ul>\n<\/li>\n<li class=\"product-features__item\" role=\"listitem\">\n<h3 class=\"product-features__label\">Structure<\/h3>\n<ul role=\"list\">\n<li class=\"product-features__item-list__item\" role=\"listitem\"><span class=\"is--medium\">Mat\u00e9riau :<\/span> Panneaux de particules m\u00e9lamin\u00e9s\t\t\t\t\t<\/li>\n<li class=\"product-features__item-list__item\" role=\"listitem\"><span class=\"is--medium\">Coloris :<\/span> Noir\t\t\t\t\t<\/li>\n<\/ul>\n<\/li>\n<li class=\"product-features__item\" role=\"listitem\">\n<h3 class=\"product-features__label\">Etag\u00e8re principale<\/h3>\n<ul role=\"list\">\n<li class=\"product-features__item-list__item\" role=\"listitem\"><span class=\"is--medium\">Mat\u00e9riau :<\/span> Verre\t\t\t\t\t<\/li>\n<li class=\"product-features__item-list__item\" role=\"listitem\"><span class=\"is--medium\">Poids support\u00e9 :<\/span> 25 kg\t\t\t\t\t<\/li>\n<\/ul>\n<\/li>\n<li class=\"product-features__item\" role=\"listitem\">\n<h3 class=\"product-features__label\">Porte<\/h3>\n<ul role=\"list\">\n<li class=\"product-features__item-list__item\" role=\"listitem\"><span class=\"is--medium\">Nombre :<\/span> 3\t\t\t\t\t<\/li>\n<li class=\"product-features__item-list__item\" role=\"listitem\"><span class=\"is--medium\">Mat\u00e9riau :<\/span> Verre tremp\u00e9\t\t\t\t\t<\/li>\n<li class=\"product-features__item-list__item\" role=\"listitem\"><span class=\"is--medium\">Coloris :<\/span> Noir\t\t\t\t\t<\/li>\n<li class=\"product-features__item-list__item\" role=\"listitem\"><span class=\"is--medium\">Commentaire :<\/span> Porte centrale abattante en bois de couleur blanche et \u00e9quip\u00e9e d&rsquo;un syst\u00e8me de r\u00e9p\u00e9teur infrarouge dissimul\u00e9, permettant de piloter les appareils porte ferm\u00e9e.\t\t\t\t\t<\/li>\n<li class=\"product-features__item-list__item\" role=\"listitem\"><span class=\"is--medium\">Type de porte :<\/span> Ouverture par pression avec aimant poussoir (valable pour les 2 types de portes).\t\t\t\t\t<\/li>\n<li class=\"product-features__item-list__item\" role=\"listitem\"><span class=\"is--medium\">Permet de d\u00e9tecter le signal de la t\u00e9l\u00e9commande :<\/span> Oui\t\t\t\t\t<\/li>\n<\/ul>\n<\/li>\n<li class=\"product-features__item\" role=\"listitem\">\n<h3 class=\"product-features__label\">Dimensions<\/h3>\n<ul role=\"list\">\n<li class=\"product-features__item-list__item\" role=\"listitem\"><span class=\"is--medium\">LxHxP :<\/span> 200 x 39 x 45 cm\t\t\t\t\t<\/li>\n<li class=\"product-features__item-list__item\" role=\"listitem\"><span class=\"is--medium\">Poids :<\/span> 69,0 kg\t\t\t\t\t<\/li>\n<\/ul>\n<\/li>\n<li class=\"product-features__item\" role=\"listitem\">\n<h3 class=\"product-features__label\">Informations compl\u00e9mentaires<\/h3>\n<ul role=\"list\">\n<li class=\"product-features__item-list__item\" role=\"listitem\"><span class=\"is--medium\">Fabriqu\u00e9 en :<\/span> Turquie\t\t\t\t\t<\/li>\n<li class=\"product-features__item-list__item\" role=\"listitem\"><span class=\"is--medium\">Garantie :<\/span> 2 ans\t\t\t\t\t<\/li>\n<li class=\"product-features__item-list__item\" role=\"listitem\"><span class=\"is--medium\">Disponibilit\u00e9 des pi\u00e8ces d\u00e9tach\u00e9es (donn\u00e9es fournisseur) :<\/span> Pas de pi\u00e8ce disponible\t\t\t\t\t<\/li>\n<li class=\"product-features__item-list__item\" role=\"listitem\"><span class=\"is--medium\">R\u00e9f\u00e9rence constructeur :<\/span> Studio STA 200 Noir\t\t\t\t\t<\/li>\n<li class=\"product-features__item-list__item\" role=\"listitem\"><span class=\"is--medium\">Marque :<\/span> SONOROUS\t\t\t\t\t<\/li>\n<\/ul>\n<\/li>\n<\/ul>\n<\/div>\n<div class=\"product__disclosure-content\">\n<div class=\"js-read-more product-description__content read-more read-more--truncated\" data-read-more-name=\"description\" style=\"max-height: 500px; overflow: hidden;\">\n<p>Vous pourrez installer votre t\u00e9l\u00e9vision avec style gr\u00e2ce au Meuble SONOROUS Studio STA 200, un meuble complet pens\u00e9 pour tous vos accessoires.<\/p>\n<h3><img fetchpriority=\"high\" decoding=\"async\" ,=\"\" alt=\"Meuble SONOROUS Studio STA 200 Noir\" class=\"wy_tableau_gauche\" height=\"270\" src=\"https:\/\/boulanger.scene7.com\/is\/image\/Boulanger\/8699273498977_h_f_l_0?wid=400&amp;hei=270\" width=\"400\"\/>Un int\u00e9rieur \u00e9pur\u00e9<\/h3>\n<p>Dans toutes ses caract\u00e9ristiques, le Meuble TV SONOROUS Studio STA 200 vous permettra de conserver un int\u00e9rieur \u00e9pur\u00e9 et sans fioritures. Ce <b>meuble TV<\/b> d\u00e9j\u00e0 mont\u00e9 se compose d&rsquo;un bois robuste qui lui permettra de <b>supporter jusqu&rsquo;\u00e0 100 kg<\/b>. Le <b>plateau en verre tremp\u00e9 noir<\/b> apportera une touche \u00e9l\u00e9gante \u00e0 votre salon.<\/p>\n<p>Les c\u00e2bles qui trainent peuvent parfois \u00eatre g\u00eanants, tant sur le plan du style que pour faire le m\u00e9nage. Pour que votre salon soit toujours bien rang\u00e9, le Meuble TV SONOROUS Studio STA 200 est pourvu de <b>cloisons int\u00e9rieures avec trous<\/b>. Ainsi, vous pourrez <b>faire passer les c\u00e2bles pour les dissimuler<\/b>, pratique quand on a des animaux susceptibles de les abimer.<\/p>\n<h3><img decoding=\"async\" ,=\"\" alt=\"Meuble SONOROUS Studio STA 200 Noir\" class=\"wy_tableau_right\" height=\"270\" src=\"https:\/\/boulanger.scene7.com\/is\/image\/Boulanger\/8699273498977_h_f_l_1?wid=400&amp;hei=270\" width=\"400\"\/>Un rangement pour tout<\/h3>\n<p>Le Meuble TV SONOROUS Studio STA 200 dispose d&rsquo;une porte avec <b>syst\u00e8me de r\u00e9p\u00e9teur infrarouge<\/b>. Ce syst\u00e8me novateur permet de <b>piloter les appareils rang\u00e9s au sein du meuble m\u00eame avec la porte ferm\u00e9e<\/b>. Ces portes sont d\u00e9pourvues de poign\u00e9es pour un <b>look ultra sobre<\/b> et pourront s&rsquo;ouvrir d&rsquo;une simple pression par aimant poussoir.<\/p>\n<p>Au total, vous pourrez compter sur <b>7 espaces de rangement<\/b> au sein du Meuble TV SONOROUS Studio STA 200. Vous appr\u00e9cierez notamment l&rsquo;espace r\u00e9serv\u00e9 \u00e0 la barre de son. Les <b>\u00e9tag\u00e8res int\u00e9rieures sont r\u00e9glables en hauteur<\/b>, tandis que les <b>roulettes int\u00e9gr\u00e9es<\/b> vous permettront de d\u00e9placer le meuble facilement sans marquer le sol.<\/p>\n<\/p>\n<\/div>\n<p><bl-button a11yexpanded=\"false\" arialabel=\"Afficher toute la description\" class=\"read-more__btn\" full=\"false\" link=\"true\"><\/bl-button><\/div>","protected":false},"excerpt":{"rendered":"<div class=\"keypoints\">\n<h3 class=\"keypoints__title\">Les points cl\u00e9s<\/h3>\n<ul role=\"list\">\n<li class=\"keypoints__item\" role=\"listitem\">                                        Garantie : 2 ans                      <\/li>\n<li class=\"keypoints__item\" role=\"listitem\">                                        D\u00e9j\u00e0 mont\u00e9                      <\/li>\n<li class=\"keypoints__item\" role=\"listitem\">                                        LxHxP : 200 x 39 x 45 cm                      <\/li>\n<li class=\"keypoints__item\" role=\"listitem\">                                        Bois                      <\/li>\n<li class=\"keypoints__item keypoints__item--advantage\" role=\"listitem\"><strong>Le + :<\/strong> Porte \u00e9quip\u00e9e d&rsquo;un syst\u00e8me de r\u00e9p\u00e9teur infrarouge, permettant de piloter les appareils porteferm\u00e9e      <\/li>\n<\/ul>","protected":false},"featured_media":83759,"template":"","meta":{"_glsr_average":0,"_glsr_ranking":0,"_glsr_reviews":0},"product_cat":[460],"product_tag":[462,461,451],"class_list":{"0":"post-83760","1":"product","2":"type-product","3":"status-publish","4":"has-post-thumbnail","6":"product_cat-meuble-tv","7":"product_tag-meuble-tv","8":"product_tag-support-meuble","9":"product_tag-tv-image-son","11":"first","12":"instock","13":"sale","14":"shipping-taxable","15":"purchasable","16":"product-type-simple"},"_links":{"self":[{"href":"https:\/\/electromenagerexpress.com\/en\/wp-json\/wp\/v2\/product\/83760","targetHints":{"allow":["GET"]}}],"collection":[{"href":"https:\/\/electromenagerexpress.com\/en\/wp-json\/wp\/v2\/product"}],"about":[{"href":"https:\/\/electromenagerexpress.com\/en\/wp-json\/wp\/v2\/types\/product"}],"wp:featuredmedia":[{"embeddable":true,"href":"https:\/\/electromenagerexpress.com\/en\/wp-json\/wp\/v2\/media\/83759"}],"wp:attachment":[{"href":"https:\/\/electromenagerexpress.com\/en\/wp-json\/wp\/v2\/media?parent=83760"}],"wp:term":[{"taxonomy":"product_cat","embeddable":true,"href":"https:\/\/electromenagerexpress.com\/en\/wp-json\/wp\/v2\/product_cat?post=83760"},{"taxonomy":"product_tag","embeddable":true,"href":"https:\/\/electromenagerexpress.com\/en\/wp-json\/wp\/v2\/product_tag?post=83760"}],"curies":[{"name":"wp","href":"https:\/\/api.w.org\/{rel}","templated":true}]}}