{"id":83719,"date":"2024-11-24T15:54:32","date_gmt":"2024-11-24T15:54:32","guid":{"rendered":"https:\/\/electromenagerexpress.com\/product\/barre-de-sonsamsung-hw-q995d-bf\/"},"modified":"2024-11-24T15:54:32","modified_gmt":"2024-11-24T15:54:32","slug":"barre-de-sonsamsung-hw-q995d-bf","status":"publish","type":"product","link":"https:\/\/electromenagerexpress.com\/en\/product\/barre-de-sonsamsung-hw-q995d-bf\/","title":{"rendered":"Barre de son\t\t\t\t\t\t\tSAMSUNG \t\t\t\tHW-Q995D-BF"},"content":{"rendered":"<div class=\"product-features__content\">\n<ul role=\"list\">\n<li class=\"product-features__item\" role=\"listitem\">\n<h3 class=\"product-features__label\">Son<\/h3>\n<ul role=\"list\">\n<li class=\"product-features__item-list__item\" role=\"listitem\"><span class=\"is--medium\">Puissance :<\/span> Non communiqu\u00e9e\t\t\t\t\t<\/li>\n<li class=\"product-features__item-list__item\" role=\"listitem\"><span class=\"is--medium\">Nombre de haut-parleur :<\/span> 22\t\t\t\t\t<\/li>\n<li class=\"product-features__item-list__item\" role=\"listitem\"><span class=\"is--medium\">Traitement du son :<\/span> Dolby Atmos, DTS X\t\t\t\t\t<\/li>\n<li class=\"product-features__item-list__item\" role=\"listitem\"><span class=\"is--medium\">Dolby Atmos :<\/span> le Dolby atmos est un syst\u00e8me d&rsquo;enceintes r\u00e9fl\u00e9chissant le son sur le plafond et les murs pour des effets sonores 3D afin de vous plonger au coeur de l&rsquo;action\t\t\t\t\t<\/li>\n<li class=\"product-features__item-list__item\" role=\"listitem\"><span class=\"is--medium\">DTS X :<\/span> le DTS-X est un mode de traitement du son qui permet de restituer chez soi un effet sonore en trois dimensions\t\t\t\t\t<\/li>\n<li class=\"product-features__item-list__item\" role=\"listitem\"><span class=\"is--medium\">Q symphony :<\/span> oui, synchroniser les hauts parleurs de votre t\u00e9l\u00e9vision compatible avec ceux de votre barre de son et vivez une exp\u00e9rience plus immersive\t\t\t\t\t<\/li>\n<li class=\"product-features__item-list__item\" role=\"listitem\"><span class=\"is--medium\">Calibrage automatique :<\/span> non\t\t\t\t\t<\/li>\n<\/ul>\n<\/li>\n<li class=\"product-features__item\" role=\"listitem\">\n<h3 class=\"product-features__label\">Equipement<\/h3>\n<ul role=\"list\">\n<li class=\"product-features__item-list__item\" role=\"listitem\"><span class=\"is--medium\">Typologie :<\/span> barre de son avec caisson sans fil, sert \u00e0 am\u00e9liorer le son de la t\u00e9l\u00e9 et restituer les sons les plus graves\t\t\t\t\t<\/li>\n<li class=\"product-features__item-list__item\" role=\"listitem\"><span class=\"is--medium\">Enceintes arri\u00e8res :<\/span> incluse\t\t\t\t\t<\/li>\n<li class=\"product-features__item-list__item\" role=\"listitem\"><span class=\"is--medium\">Le saviez-vous :<\/span> \u00e9quiper sa barre de son avec des enceintes arri\u00e8res permet d&rsquo;am\u00e9liorer l&rsquo;immersion sonore\t\t\t\t\t<\/li>\n<\/ul>\n<\/li>\n<li class=\"product-features__item\" role=\"listitem\">\n<h3 class=\"product-features__label\">Connectiques<\/h3>\n<ul role=\"list\">\n<li class=\"product-features__item-list__item\" role=\"listitem\"><span class=\"is--medium\">HDMI CEC :<\/span> oui, permet d&rsquo;utiliser la t\u00e9l\u00e9commande de votre TV pour piloter tous vos appareils branch\u00e9s en HDMI disposant de la m\u00eame norme CEC\t\t\t\t\t<\/li>\n<li class=\"product-features__item-list__item\" role=\"listitem\"><span class=\"is--medium\">HDMI Arc :<\/span> oui, permet de simplifier les branchements entre une TV et une barre de son et de limiter le nombre de c\u00e2bles utilis\u00e9s\t\t\t\t\t<\/li>\n<li class=\"product-features__item-list__item\" role=\"listitem\"><span class=\"is--medium\">Entr\u00e9e Optique :<\/span> oui, permet d&rsquo;envoyer le son de sa TV vers une barre de son en num\u00e9rique, ou un casque TV avec un c\u00e2ble optique\t\t\t\t\t<\/li>\n<li class=\"product-features__item-list__item\" role=\"listitem\"><span class=\"is--medium\">Entr\u00e9e auxiliaire :<\/span> 0\t\t\t\t\t<\/li>\n<li class=\"product-features__item-list__item\" role=\"listitem\"><span class=\"is--medium\">Port USB :<\/span> USB de service, permet de faire les mise \u00e0 jour du produit\t\t\t\t\t<\/li>\n<li class=\"product-features__item-list__item\" role=\"listitem\"><span class=\"is--medium\">Entr\u00e9e HDMI :<\/span> 2\t\t\t\t\t<\/li>\n<li class=\"product-features__item-list__item\" role=\"listitem\"><span class=\"is--medium\">Sortie HDMI :<\/span> 1\t\t\t\t\t<\/li>\n<li class=\"product-features__item-list__item\" role=\"listitem\"><span class=\"is--medium\">HDMI eArc :<\/span> oui, permet d&rsquo;avoir sur la barre de son les signaux sonores comme le Dolby Digital Plus avec Atmos, le Dolby True HD avec Atmos, le DTS HD et le DTS X\t\t\t\t\t<\/li>\n<\/ul>\n<\/li>\n<li class=\"product-features__item\" role=\"listitem\">\n<h3 class=\"product-features__label\">Connectivit\u00e9<\/h3>\n<ul role=\"list\">\n<li class=\"product-features__item-list__item\" role=\"listitem\"><span class=\"is--medium\">AirPlay :<\/span> oui, une technologie Apple qui permet de partager sans connectique des contenus multim\u00e9dias ( vid\u00e9os, photos, musiques) sur le t\u00e9l\u00e9viseur\t\t\t\t\t<\/li>\n<li class=\"product-features__item-list__item\" role=\"listitem\"><span class=\"is--medium\">Bluetooth :<\/span> oui, permet de connecter votre t\u00e9l\u00e9viseur compatible ou vos appareils mobiles pour profiter du son sans fil\t\t\t\t\t<\/li>\n<li class=\"product-features__item-list__item\" role=\"listitem\"><span class=\"is--medium\">Wi-Fi :<\/span> Oui\t\t\t\t\t<\/li>\n<li class=\"product-features__item-list__item\" role=\"listitem\"><span class=\"is--medium\">Chromecast :<\/span> Oui\t\t\t\t\t<\/li>\n<li class=\"product-features__item-list__item\" role=\"listitem\"><span class=\"is--medium\">Assistant vocal :<\/span> assistant vocal int\u00e9gr\u00e9\t\t\t\t\t<\/li>\n<\/ul>\n<\/li>\n<li class=\"product-features__item\" role=\"listitem\">\n<h3 class=\"product-features__label\">Consommation<\/h3>\n<ul role=\"list\">\n<li class=\"product-features__item-list__item\" role=\"listitem\"><span class=\"is--medium\">Consommation de la barre :<\/span> 41,0 W\t\t\t\t\t<\/li>\n<li class=\"product-features__item-list__item\" role=\"listitem\"><span class=\"is--medium\">Consommation de la barre en veille :<\/span> 0,5 W\t\t\t\t\t<\/li>\n<li class=\"product-features__item-list__item\" role=\"listitem\"><span class=\"is--medium\">Consommation du caisson :<\/span> 26,0 W\t\t\t\t\t<\/li>\n<li class=\"product-features__item-list__item\" role=\"listitem\"><span class=\"is--medium\">Consommation du caisson en veille :<\/span> 0,5 W\t\t\t\t\t<\/li>\n<\/ul>\n<\/li>\n<li class=\"product-features__item\" role=\"listitem\">\n<h3 class=\"product-features__label\">Dimensions<\/h3>\n<ul role=\"list\">\n<li class=\"product-features__item-list__item\" role=\"listitem\"><span class=\"is--medium\">LxHxP enceinte :<\/span> 123.2 x 6.9 x 13.8 cm\t\t\t\t\t<\/li>\n<li class=\"product-features__item-list__item\" role=\"listitem\"><span class=\"is--medium\">Poids de l&rsquo;enceinte :<\/span> 7,7 kg\t\t\t\t\t<\/li>\n<li class=\"product-features__item-list__item\" role=\"listitem\"><span class=\"is--medium\">Dimensions caisson l x h x p :<\/span> 22 x 41.3 x 41 cm\t\t\t\t\t<\/li>\n<li class=\"product-features__item-list__item\" role=\"listitem\"><span class=\"is--medium\">Poids du caisson :<\/span> 11,7 kg\t\t\t\t\t<\/li>\n<\/ul>\n<\/li>\n<li class=\"product-features__item\" role=\"listitem\">\n<h3 class=\"product-features__label\">Informations compl\u00e9mentaires<\/h3>\n<ul role=\"list\">\n<li class=\"product-features__item-list__item\" role=\"listitem\"><span class=\"is--medium\">Garantie :<\/span> 2 ans\t\t\t\t\t<\/li>\n<li class=\"product-features__item-list__item\" role=\"listitem\"><span class=\"is--medium\">Fabriqu\u00e9 en :<\/span> Vi\u00eat Nam\t\t\t\t\t<\/li>\n<li class=\"product-features__item-list__item\" role=\"listitem\"><span class=\"is--medium\">Disponibilit\u00e9 des pi\u00e8ces d\u00e9tach\u00e9es (donn\u00e9es fournisseur) :<\/span> Pendant 4 ans, \u00e0 compter de la date d&rsquo;achat\t\t\t\t\t<\/li>\n<\/ul>\n<\/li>\n<\/ul>\n<\/div>\n<div class=\"product__disclosure-content\">\n<div class=\"js-read-more product-description__content read-more read-more--truncated\" data-read-more-name=\"description\" style=\"max-height: 500px; overflow: hidden;\">\n<p>Avec son syst\u00e8me 11.1.4Ch, la barre de son HW-Q995D de Samsung vous plonge dans une immersion sonore compl\u00e8te gr\u00e2ce aux technologies Dolby Atmos sans fil, SpaceFit Sound et Q-Symphony. Elle int\u00e8gre les derni\u00e8res innovations Samsung en mati\u00e8re d&rsquo;acoustique et de connectivit\u00e9, pour vous offrir un son \u00e0 360<\/p>\n<h3><strong>Barre de son Q-Series <\/strong><\/h3>\n<p>Avec sa gamme Q-Series, les barres de son Samsung offrent une exp\u00e9rience sonore ultime en parfaite harmonie avec les t\u00e9l\u00e9viseurs Samsung.<\/p>\n<h3><strong>Qualit\u00e9 sonore immersive<\/strong><\/h3>\n<p>Un son infini<\/p>\n<p>La barre de son Samsung HW-Q995D est dot\u00e9e de 22 haut-parleurs incluant un haut-parleur central, quatre haut-parleurs verticaux, quatre lat\u00e9raux et deux coins. Elle vous offre une exp\u00e9rience sonore riche et d\u00e9taill\u00e9e. Cette configuration assure une immersion sonore exceptionnelle, vous plongeant au coeur de l&rsquo;action.<\/p>\n<p>Syst\u00e8me home cinema avec enceintes arri\u00e8re<\/p>\n<p>Le caisson de basse 8 pouces sans fil et les enceintes arri\u00e8re de la barre de son Samsung HW-Q935D en font un v\u00e9ritable syst\u00e8me home-cinema. Ils enrichissent votre exp\u00e9rience sonore avec des basses et des effets surround d&rsquo;une profondeur saisissante. Con\u00e7us pour intensifier vos moments de cin\u00e9ma, ils ajoutent une dimension vibrante \u00e0 chaque bande-son.<\/p>\n<p>Un son 3D surround<\/p>\n<p>Vivez une exp\u00e9rience sonore en 3 dimensions gr\u00e2ce aux technologies Dolby Atmos\u00ae et DTS:X. Ces technologies de pointe cr\u00e9ent un champ sonore enveloppant qui vous transportent directement au coeur de l&rsquo;action. De plus, profitez du son Dolby Atmos\u00ae sans fil, via Wi-Fi.\u00a0 D\u00eetes adieu au c\u00e2ble HDMI.<\/p>\n<p>SpaceFit Sound<\/p>\n<p>Avec la technologie SpaceFit Sound, votre barre de son Samsung analyse la taille et l&rsquo;am\u00e9nagement de votre pi\u00e8ce pour s&rsquo;y adapter. Le son est calibr\u00e9 sp\u00e9cifiquement pour votre espace de vie. Cette fonctionnalit\u00e9 garantit un son personnalis\u00e9, offrant une qualit\u00e9 audio optimale en fonction de votre int\u00e9rieur.<\/p>\n<h3><strong>Synergie avec le t\u00e9l\u00e9viseur <\/strong><\/h3>\n<p>Synchronisation parfaite avec le son de votre t\u00e9l\u00e9viseur<\/p>\n<p>Gr\u00e2ce \u00e0 Q-Symphony, les haut-parleurs de votre t\u00e9l\u00e9viseur sont synchronis\u00e9s avec ceux de la barre de son Samsung. Les sons des deux appareils sont combin\u00e9s pour cr\u00e9er une immersion sonore \u00e0 360 degr\u00e9s. Avec un son immersif, vous profitez de votre contenu comme jamais auparavant.<\/p>\n<p>Connexion sans fil \u00e0 votre t\u00e9l\u00e9viseur<\/p>\n<p>Finis les c\u00e2bles encombrants et disgracieux ! Votre barre de son Samsung se connecte tr\u00e8s facilement via Bluetooth et Wi-Fi. L&rsquo;installation est simplifi\u00e9e, la connexion est fluide, pour une exp\u00e9rience efficace et \u00e9l\u00e9gante.<\/p>\n<p>Exp\u00e9rience audio optimale<\/p>\n<p>Le HDMI 2.1\/4K 120Hz assure une exp\u00e9rience de jeu extr\u00eamement fluide, avec un son synchronis\u00e9 sans aucun d\u00e9calage. Cette technologie amplifie votre immersion dans le jeu et transforme chaque action en mouvement instantan\u00e9 et pr\u00e9cis.<\/p>\n<p>T\u00e9l\u00e9commande universelle<\/p>\n<p>La t\u00e9l\u00e9commande unique de votre t\u00e9l\u00e9viseur Samsung vous offre un contr\u00f4le int\u00e9gr\u00e9 de votre syst\u00e8me audiovisuel. Simplifiez votre exp\u00e9rience de divertissement en g\u00e9rant \u00e0 la fois la barre de son et le t\u00e9l\u00e9viseur avec un seul dispositif.<\/p>\n<h3><strong>Connectivit\u00e9 &amp; performance <\/strong><\/h3>\n<p>Chromecast et Airplay 2 int\u00e9gr\u00e9s<\/p>\n<p>Int\u00e9grant Chromecast et Airplay 2, la barre de son Samsung facilite le partage de votre musique pr\u00e9f\u00e9r\u00e9e en conservant une excellente qualit\u00e9 sonore. Vous pouvez envoyer de la musique sur votre barre de son directement depuis votre smartphone ou tablette.<\/p>\n<p>Exp\u00e9rience musicale de haute qualit\u00e9<\/p>\n<p>La barre de son Samsung prend en charge l&rsquo;application Roon Tested, permettant aux m\u00e9lomanes et \u00e0 ceux qui recherchent une qualit\u00e9 sonore exceptionnelle de diffuser leur musique pr\u00e9f\u00e9r\u00e9e via Cast, HDMI, ou Bluetooth. Ainsi, les passionn\u00e9s de musique en tout genre b\u00e9n\u00e9ficient d&rsquo;une exp\u00e9rience auditive de haute qualit\u00e9.<\/p>\n<p>Contr\u00f4le vocal avec Alexa<\/p>\n<p>Activez et g\u00e9rez facilement votre barre de son sans lever le petit doigt, en employant simplement votre voix. Gr\u00e2ce \u00e0 l&rsquo;assistant Alexa int\u00e9gr\u00e9, vos commandes vocales se transforment en action. Que vous souhaitiez ajuster le volume, changer de piste ou s\u00e9lectionner une playlist, faites-le ais\u00e9ment et rapidement gr\u00e2ce \u00e0 la simplicit\u00e9 du contr\u00f4le vocal.<\/p>\n<p>Contr\u00f4lez vos appareils domestiques via SmartThings<\/p>\n<p>Transformez votre foyer en maison intelligente gr\u00e2ce au SmartThings\u2122 Hub int\u00e9gr\u00e9 dans votre barre de son. Connectez et contr\u00f4lez facilement vos appareils connect\u00e9s compatibles, via Wi-Fi ou Zigbee. Ainsi, vous pouvez g\u00e9rer vos appareils \u00e9lectrom\u00e9nagers, chauffages ou \u00e9clairages depuis un seul point.<\/p>\n<p>\u00a0<\/p>\n<\/p>\n<\/div>\n<p><bl-button a11yexpanded=\"false\" arialabel=\"Afficher toute la description\" class=\"read-more__btn\" full=\"false\" link=\"true\">Voir plus<\/bl-button><\/div>","protected":false},"excerpt":{"rendered":"<div class=\"keypoints\">\n<h3 class=\"keypoints__title\">Les points cl\u00e9s<\/h3>\n<ul role=\"list\">\n<li class=\"keypoints__item\" role=\"listitem\">                                        Barre de son avec caisson sans fil                      <\/li>\n<li class=\"keypoints__item\" role=\"listitem\">                          Dolby Atmos, DTS X &#8211;                                                      HDMI CEC, HDMI Arc, HDMI eArc :, Entr\u00e9e Optique                      <\/li>\n<li class=\"keypoints__item\" role=\"listitem\">                                        LxHxP enceinte : 123.2 x 6.9 x 13.8 cm                      <\/li>\n<li class=\"keypoints__item keypoints__item--advantage\" role=\"listitem\"><strong>Le + :<\/strong> Une exp\u00e9rience home-cin\u00e9ma en Dolby Atmos avec caisson de basse et enceintes arri\u00e8re incluses      <\/li>\n<\/ul>","protected":false},"featured_media":83718,"template":"","meta":{"_glsr_average":0,"_glsr_ranking":0,"_glsr_reviews":0},"product_cat":[453],"product_tag":[454,451],"class_list":{"0":"post-83719","1":"product","2":"type-product","3":"status-publish","4":"has-post-thumbnail","6":"product_cat-barre-de-son","7":"product_tag-barre-de-son","8":"product_tag-tv-image-son","10":"first","11":"instock","12":"sale","13":"shipping-taxable","14":"purchasable","15":"product-type-simple"},"_links":{"self":[{"href":"https:\/\/electromenagerexpress.com\/en\/wp-json\/wp\/v2\/product\/83719","targetHints":{"allow":["GET"]}}],"collection":[{"href":"https:\/\/electromenagerexpress.com\/en\/wp-json\/wp\/v2\/product"}],"about":[{"href":"https:\/\/electromenagerexpress.com\/en\/wp-json\/wp\/v2\/types\/product"}],"wp:featuredmedia":[{"embeddable":true,"href":"https:\/\/electromenagerexpress.com\/en\/wp-json\/wp\/v2\/media\/83718"}],"wp:attachment":[{"href":"https:\/\/electromenagerexpress.com\/en\/wp-json\/wp\/v2\/media?parent=83719"}],"wp:term":[{"taxonomy":"product_cat","embeddable":true,"href":"https:\/\/electromenagerexpress.com\/en\/wp-json\/wp\/v2\/product_cat?post=83719"},{"taxonomy":"product_tag","embeddable":true,"href":"https:\/\/electromenagerexpress.com\/en\/wp-json\/wp\/v2\/product_tag?post=83719"}],"curies":[{"name":"wp","href":"https:\/\/api.w.org\/{rel}","templated":true}]}}