{"id":83710,"date":"2024-11-24T15:54:24","date_gmt":"2024-11-24T15:54:24","guid":{"rendered":"https:\/\/electromenagerexpress.com\/product\/barre-de-sonsamsung-hw-q80r-reconditionne\/"},"modified":"2024-11-24T15:54:30","modified_gmt":"2024-11-24T15:54:30","slug":"barre-de-sonsamsung-hw-q80r-reconditionne","status":"publish","type":"product","link":"https:\/\/electromenagerexpress.com\/en\/product\/barre-de-sonsamsung-hw-q80r-reconditionne\/","title":{"rendered":"Barre de son\t\t\t\t\t\t\tSAMSUNG \t\t\t\tHW-Q80R Reconditionn\u00e9"},"content":{"rendered":"<div class=\"product-features__content\">\n<ul role=\"list\">\n<li class=\"product-features__item\" role=\"listitem\">\n<h3 class=\"product-features__label\">Son<\/h3>\n<ul role=\"list\">\n<li class=\"product-features__item-list__item\" role=\"listitem\"><span class=\"is--medium\">Puissance :<\/span> 370 Watts RMS\t\t\t\t\t<\/li>\n<li class=\"product-features__item-list__item\" role=\"listitem\"><span class=\"is--medium\">Comprendre les watts RMS :<\/span> ce sont les watts r\u00e9ellement utils\u00e9s pour d\u00e9livrer la puissance de l&rsquo;enceinte\t\t\t\t\t<\/li>\n<li class=\"product-features__item-list__item\" role=\"listitem\"><span class=\"is--medium\">Nombre de haut-parleur :<\/span> 13\t\t\t\t\t<\/li>\n<li class=\"product-features__item-list__item\" role=\"listitem\"><span class=\"is--medium\">Traitement du son :<\/span> Dolby Atmos, DTS, DTS X\t\t\t\t\t<\/li>\n<li class=\"product-features__item-list__item\" role=\"listitem\"><span class=\"is--medium\">Dolby Atmos :<\/span> le Dolby atmos est un syst\u00e8me d&rsquo;enceintes r\u00e9fl\u00e9chissant le son sur le plafond et les murs pour des effets sonores 3D afin de vous plonger au coeur de l&rsquo;action\t\t\t\t\t<\/li>\n<li class=\"product-features__item-list__item\" role=\"listitem\"><span class=\"is--medium\">DTS X :<\/span> le DTS-X est un mode de traitement du son qui permet de restituer chez soi un effet sonore en trois dimensions\t\t\t\t\t<\/li>\n<li class=\"product-features__item-list__item\" role=\"listitem\"><span class=\"is--medium\">Calibrage automatique :<\/span> non\t\t\t\t\t<\/li>\n<\/ul>\n<\/li>\n<li class=\"product-features__item\" role=\"listitem\">\n<h3 class=\"product-features__label\">Equipement<\/h3>\n<ul role=\"list\">\n<li class=\"product-features__item-list__item\" role=\"listitem\"><span class=\"is--medium\">Typologie :<\/span> barre de son avec caisson sans fil, sert \u00e0 am\u00e9liorer le son de la t\u00e9l\u00e9 et restituer les sons les plus graves\t\t\t\t\t<\/li>\n<li class=\"product-features__item-list__item\" role=\"listitem\"><span class=\"is--medium\">Enceintes arri\u00e8res :<\/span> en option\t\t\t\t\t<\/li>\n<li class=\"product-features__item-list__item\" role=\"listitem\"><span class=\"is--medium\">Le saviez-vous :<\/span> \u00e9quiper sa barre de son avec des enceintes arri\u00e8res permet d&rsquo;am\u00e9liorer l&rsquo;immersion sonore\t\t\t\t\t<\/li>\n<li class=\"product-features__item-list__item\" role=\"listitem\"><span class=\"is--medium\">Kit de fixation de barre de son au mur :<\/span> fourni\t\t\t\t\t<\/li>\n<\/ul>\n<\/li>\n<li class=\"product-features__item\" role=\"listitem\">\n<h3 class=\"product-features__label\">Connectiques<\/h3>\n<ul role=\"list\">\n<li class=\"product-features__item-list__item\" role=\"listitem\"><span class=\"is--medium\">HDMI CEC :<\/span> oui, permet d&rsquo;utiliser la t\u00e9l\u00e9commande de votre TV pour piloter tous vos appareils branch\u00e9s en HDMI disposant de la m\u00eame norme CEC\t\t\t\t\t<\/li>\n<li class=\"product-features__item-list__item\" role=\"listitem\"><span class=\"is--medium\">HDMI Arc :<\/span> oui, permet de simplifier les branchements entre une TV et une barre de son et de limiter le nombre de c\u00e2bles utilis\u00e9s\t\t\t\t\t<\/li>\n<li class=\"product-features__item-list__item\" role=\"listitem\"><span class=\"is--medium\">Entr\u00e9e Optique :<\/span> oui, permet d&rsquo;envoyer le son de sa TV vers une barre de son en num\u00e9rique, ou un casque TV avec un c\u00e2ble optique\t\t\t\t\t<\/li>\n<li class=\"product-features__item-list__item\" role=\"listitem\"><span class=\"is--medium\">Entr\u00e9e auxiliaire :<\/span> 0\t\t\t\t\t<\/li>\n<li class=\"product-features__item-list__item\" role=\"listitem\"><span class=\"is--medium\">Entr\u00e9e HDMI :<\/span> 1\t\t\t\t\t<\/li>\n<li class=\"product-features__item-list__item\" role=\"listitem\"><span class=\"is--medium\">Sortie HDMI :<\/span> 1\t\t\t\t\t<\/li>\n<\/ul>\n<\/li>\n<li class=\"product-features__item\" role=\"listitem\">\n<h3 class=\"product-features__label\">Connectivit\u00e9<\/h3>\n<ul role=\"list\">\n<li class=\"product-features__item-list__item\" role=\"listitem\"><span class=\"is--medium\">Bluetooth :<\/span> oui, permet de connecter votre t\u00e9l\u00e9viseur compatible ou vos appareils mobiles pour profiter du son sans fil\t\t\t\t\t<\/li>\n<li class=\"product-features__item-list__item\" role=\"listitem\"><span class=\"is--medium\">DLNA :<\/span> non\t\t\t\t\t<\/li>\n<li class=\"product-features__item-list__item\" role=\"listitem\"><span class=\"is--medium\">Wi-Fi :<\/span> Oui\t\t\t\t\t<\/li>\n<li class=\"product-features__item-list__item\" role=\"listitem\"><span class=\"is--medium\">Chromecast :<\/span> Non\t\t\t\t\t<\/li>\n<li class=\"product-features__item-list__item\" role=\"listitem\"><span class=\"is--medium\">Assistant vocal :<\/span> non concern\u00e9\t\t\t\t\t<\/li>\n<\/ul>\n<\/li>\n<li class=\"product-features__item\" role=\"listitem\">\n<h3 class=\"product-features__label\">Consommation<\/h3>\n<ul role=\"list\">\n<li class=\"product-features__item-list__item\" role=\"listitem\"><span class=\"is--medium\">Consommation de la barre :<\/span> 35,0 W\t\t\t\t\t<\/li>\n<li class=\"product-features__item-list__item\" role=\"listitem\"><span class=\"is--medium\">Consommation de la barre en veille :<\/span> 4,5 W\t\t\t\t\t<\/li>\n<li class=\"product-features__item-list__item\" role=\"listitem\"><span class=\"is--medium\">Consommation du caisson :<\/span> 28,0 W\t\t\t\t\t<\/li>\n<li class=\"product-features__item-list__item\" role=\"listitem\"><span class=\"is--medium\">Consommation du caisson en veille :<\/span> 0,5 W\t\t\t\t\t<\/li>\n<\/ul>\n<\/li>\n<li class=\"product-features__item\" role=\"listitem\">\n<h3 class=\"product-features__label\">Dimensions<\/h3>\n<ul role=\"list\">\n<li class=\"product-features__item-list__item\" role=\"listitem\"><span class=\"is--medium\">LxHxP enceinte :<\/span> 122.5 x 8.3 x 13.7 cm\t\t\t\t\t<\/li>\n<li class=\"product-features__item-list__item\" role=\"listitem\"><span class=\"is--medium\">Poids de l&rsquo;enceinte :<\/span> 8,5 kg\t\t\t\t\t<\/li>\n<\/ul>\n<\/li>\n<li class=\"product-features__item\" role=\"listitem\">\n<h3 class=\"product-features__label\">Informations compl\u00e9mentaires<\/h3>\n<ul role=\"list\">\n<li class=\"product-features__item-list__item\" role=\"listitem\"><span class=\"is--medium\">Fabriqu\u00e9 en :<\/span> Chine\t\t\t\t\t<\/li>\n<\/ul>\n<\/li>\n<\/ul>\n<\/div>\n<div class=\"product__disclosure-content\">\n<div class=\"js-read-more product-description__content read-more read-more--truncated\" data-read-more-name=\"description\" style=\"max-height: 500px; overflow: hidden;\">\n<p>Parfait syst\u00e8me audio pour les amateurs de divertissement et de cin\u00e9ma, <strong>la barre de son Samsung Q80R<\/strong>\u00a0repr\u00e9sente une nouvelle prouesse en termes <strong>d&rsquo;avanc\u00e9es technologiques<\/strong> et d&rsquo;innovations acoustiques pour vous proposer la plus parfaite des immersions. <strong>Le son en mouvement<\/strong> et la <strong>nouvelle dimension verticale dans le champ sonore<\/strong> combleront sans faille vos attentes. Samsung, en s&rsquo;associant \u00e0 l&rsquo;expertise de <strong>Harman Kardon<\/strong> dans le domaine de l&rsquo;audio, vous permet de vivre une exp\u00e9rience sonore ultime en d\u00e9livrant un <strong>son plus que parfait.<\/strong><\/p>\n<p>\u00a0<\/p>\n<p><center><img decoding=\"async\" alt=\"arre-de-son-samsung-q80r-caisson-de-basse\" src=\"https:\/\/boulanger.scene7.com\/is\/image\/Boulanger\/8801643885113_h_f_l_0?wid=1000\" width=\"700\"\/><\/center><\/p>\n<p>\u00a0<\/p>\n<p><strong>Barre de son Samsung Q80R des sensations garanties\u00a0!<\/strong><\/p>\n<p>Fruit d&rsquo;une collaboration entre<strong> Samsung<\/strong> et <strong>Harman Kardon<\/strong>, la <strong>barre de son Samsung Q80R<\/strong> r\u00e9unit le savoir de Samsung dans le domaine du divertissement et les 65 ann\u00e9es d&rsquo;expertise dans l&rsquo;univers audio d&rsquo;Harman kardon afin de vous offrir une exp\u00e9rience sonore in\u00e9dite.<\/p>\n<p>La barre de son Samsung <strong>Q80R<\/strong>, co-brand\u00e9e Samsung Harman Kardon, vous permet de profiter <strong>d&rsquo;un son harmonieux<\/strong> et <strong>optimis\u00e9<\/strong>, o\u00f9 que vous soyez dans la pi\u00e8ce. Avec la<strong> technologie Adaptive Sound<\/strong>, le signal sonore de chaque sc\u00e8ne est analys\u00e9 de mani\u00e8re automatique afin d&rsquo;optimiser l&rsquo;effet sonore sc\u00e8ne par sc\u00e8ne.<\/p>\n<p>Entrez \u00e9galement dans une nouvelle dimension sonore gr\u00e2ce \u00e0 la <strong>compatibilit\u00e9 Dolby Atmos<\/strong>. Le son en mouvement, autour et au-dessus de vous, retranscrit un r\u00e9alisme \u00e9poustouflant pour vous permettre de faire partie int\u00e9grante d&rsquo;une sc\u00e8ne de film ou de votre s\u00e9rie favorite.<\/p>\n<p>Avec <strong>l&rsquo;optimisation<\/strong> <strong>du volume sonore<\/strong>, profitez d&rsquo;un <strong>son pur<\/strong> et d&rsquo;une <strong>clart\u00e9 des voix<\/strong>, m\u00eame lorsque vous augmentez le son, afin de sublimer les meilleures sc\u00e8nes de vos contenus. Profitez \u00e9galement de <strong>basses ultra puissantes<\/strong> gr\u00e2ce au <strong>caisson de basse sans fil<\/strong> de la barre de son Samsung\u00a0!<\/p>\n<p>Enfin, avec le <strong>son tridimensionnel<\/strong> de <strong>la barre de son 5.1.2ch<\/strong> et sa <strong>puissance sonore exceptionnelle<\/strong> de <strong>370 Watts<\/strong>, plongez-vous au coeur de l&rsquo;action gr\u00e2ce <strong>aux haut-parleurs verticaux et lat\u00e9raux<\/strong> qui lui conf\u00e8rent un <strong>son exceptionnellement enveloppant et saisissant.<\/strong> Devenez le nouvel acteur principal des contenus que vous affectionnez particuli\u00e8rement !<\/p>\n<p>\u00a0<\/p>\n<p><center><img decoding=\"async\" alt=\"Barre de son q80\" src=\"https:\/\/boulanger.scene7.com\/is\/image\/Boulanger\/8801643885113_h_f_l_1?wid=1000\" width=\"700\"\/><\/center><\/p>\n<p>\u00a0<\/p>\n<p>\u00a0<\/p>\n<p><strong>La barre de son Samsung Q80R, une exp\u00e9rience Gaming hors du commun\u00a0!<\/strong><\/p>\n<p>Les passionn\u00e9s de jeux vid\u00e9o verront en la barre de son Samsung Q80R un compagnon de tous les instants. Une fois la console de jeu connect\u00e9e au TV, celle-ci active automatiquement le <strong>Mode Gaming Pro<\/strong>. Et les r\u00e9glages automatiques vous permettent de profiter d&rsquo;une exp\u00e9rience Gaming ultime\u00a0!<\/p>\n<p>Pour un confort toujours plus accru, avec<strong> la fonctionnalit\u00e9 4K Pass-Through<\/strong>, conservez la qualit\u00e9 d&rsquo;image 4K\/UHD en connectant vos lecteurs Blu-Ray 4K, Box TV et console de jeux directement \u00e0 la barre de son. Celle-ci fonctionne aussi avec <strong>les sources HDR 10+<\/strong> et une seule <strong>connexion HDMI<\/strong> suffit. La combinaison id\u00e9ale pour profiter de la meilleure qualit\u00e9 pour vos contenus et divertissements pr\u00e9f\u00e9r\u00e9s\u00a0!<\/p>\n<p>\u00a0<\/p>\n<p><center><img decoding=\"async\" alt=\"barre-de-son-samsung-salon\" src=\"https:\/\/boulanger.scene7.com\/is\/image\/Boulanger\/8801643885113_h_f_l_6?wid=1000\" width=\"700\"\/><\/center><\/p>\n<p>\u00a0<\/p>\n<p><strong>Une exp\u00e9rience sans fil, pour une libert\u00e9 d&rsquo;action totale\u00a0!<\/strong><\/p>\n<p>Avec la barre de son connect\u00e9e Samsung, acc\u00e9dez \u00e0 tous vos contenus musicaux, en quelques instants, depuis votre <strong>TV, smartphone et tablette<\/strong> par le biais des fonctions Bluetooth ou WiFi.<\/p>\n<p>Pour toujours plus de praticit\u00e9, int\u00e9grez la barre de son au sein de votre maison connect\u00e9e et pilotez l&rsquo;ensemble de vos appareils avec l&rsquo;application sp\u00e9cialement d\u00e9di\u00e9e <strong>SmartThings<\/strong>. De plus, contr\u00f4lez simplement par la voix votre barre de son avec les assistants vocaux <strong>Bixby<\/strong>* ou <strong>Alexa<\/strong>**\u00a0!<\/p>\n<p>Et pour prolonger votre exp\u00e9rience au sein de <strong>l&rsquo;\u00e9cosyst\u00e8me Samsung<\/strong>, contr\u00f4lez-la ainsi que votre t\u00e9l\u00e9viseur Samsung et l&rsquo;ensemble de vos appareils avec <strong>une seule et m\u00eame t\u00e9l\u00e9commande<\/strong>. Pratique en toute circonstance\u00a0!<\/p>\n<p>\u00a0<\/p>\n<p><center><img decoding=\"async\" alt=\"barre-de-son&lt;\/p&gt;&lt;p&gt;&lt;video class=\" controls=\"\" controlslist=\"nodownload\" poster=\"https:\/\/boulanger.scene7.com\/is\/image\/Boulanger\/8801643885113_v_0?scl=1\" preload=\"metadata\" s7video\"=\"\" src=\"https:\/\/boulanger.scene7.com\/is\/content\/Boulanger\/8801643885113_v_0\" width=\"100%\"\/>Barre de son\u00a0\u00bb data-pimId=\u00a0\u00bb000000000001127691&Prime;&gt;                                                                                          <\/center><\/div>\n<p><bl-button a11yexpanded=\"false\" arialabel=\"Afficher toute la description\" class=\"read-more__btn\" full=\"false\" link=\"true\">Voir plus<\/bl-button><\/div>","protected":false},"excerpt":{"rendered":"<div class=\"keypoints\">\n<h3 class=\"keypoints__title\">Les points cl\u00e9s<\/h3>\n<ul role=\"list\">\n<li class=\"keypoints__item\" role=\"listitem\">                                        Barre de son avec caisson sans fil                      <\/li>\n<li class=\"keypoints__item\" role=\"listitem\">                                        370 Watts RMS : id\u00e9al pour une pi\u00e8ce de 40m2 et +                      <\/li>\n<li class=\"keypoints__item\" role=\"listitem\">                          Dolby Atmos, DTS, DTS X &#8211;                                                      HDMI CEC, HDMI Arc, Entr\u00e9e Optique                      <\/li>\n<li class=\"keypoints__item\" role=\"listitem\">                                        LxHxP enceinte : 122.5 x 8.3 x 13.7 cm                      <\/li>\n<li class=\"keypoints__item keypoints__item--advantage\" role=\"listitem\"><strong>Le + :<\/strong> Son Dolby Atmos &#8211; Bluetooth &#8211; wifi      <\/li>\n<\/ul>","protected":false},"featured_media":83709,"template":"","meta":{"_glsr_average":0,"_glsr_ranking":0,"_glsr_reviews":0},"product_cat":[453],"product_tag":[454,451],"class_list":{"0":"post-83710","1":"product","2":"type-product","3":"status-publish","4":"has-post-thumbnail","6":"product_cat-barre-de-son","7":"product_tag-barre-de-son","8":"product_tag-tv-image-son","10":"first","11":"instock","12":"sale","13":"shipping-taxable","14":"purchasable","15":"product-type-simple"},"_links":{"self":[{"href":"https:\/\/electromenagerexpress.com\/en\/wp-json\/wp\/v2\/product\/83710","targetHints":{"allow":["GET"]}}],"collection":[{"href":"https:\/\/electromenagerexpress.com\/en\/wp-json\/wp\/v2\/product"}],"about":[{"href":"https:\/\/electromenagerexpress.com\/en\/wp-json\/wp\/v2\/types\/product"}],"wp:featuredmedia":[{"embeddable":true,"href":"https:\/\/electromenagerexpress.com\/en\/wp-json\/wp\/v2\/media\/83709"}],"wp:attachment":[{"href":"https:\/\/electromenagerexpress.com\/en\/wp-json\/wp\/v2\/media?parent=83710"}],"wp:term":[{"taxonomy":"product_cat","embeddable":true,"href":"https:\/\/electromenagerexpress.com\/en\/wp-json\/wp\/v2\/product_cat?post=83710"},{"taxonomy":"product_tag","embeddable":true,"href":"https:\/\/electromenagerexpress.com\/en\/wp-json\/wp\/v2\/product_tag?post=83710"}],"curies":[{"name":"wp","href":"https:\/\/api.w.org\/{rel}","templated":true}]}}